{"id":15899,"date":"2026-04-27T16:36:04","date_gmt":"2026-04-27T16:36:04","guid":{"rendered":"https:\/\/bilasmidurinn.is\/?post_type=product&#038;p=15899"},"modified":"2026-04-28T16:53:17","modified_gmt":"2026-04-28T16:53:17","slug":"zeliox-eco-slim","status":"publish","type":"product","link":"https:\/\/bilasmidurinn.is\/pl\/vefverslun\/oflokkad\/zeliox-eco-slim\/","title":{"rendered":"Zeliox Eco Slim"},"content":{"rendered":"<p>Orkubanki Zeliox Eco Slim,\u00a0 nett orkust\u00f6\u00f0 fyrir vinnub\u00edlinn e\u00f0a \u00fear sem treysta \u00e1 st\u00f6\u00f0ugt rafmagn, 1000W inverter me\u00f0 Lithium rafhl\u00f6\u00f0u 0,65 kWh -50Ah me\u00f0 hitun, sem hle\u00f0st me\u00f0 b\u00edlnum e\u00f0a\/og s\u00f3larsellu.<\/p>\n<p>&#8222;Plug\u00b4n Play&#8220; tengih\u00f6nnun sem flytir fyrir uppsetningu, fullkomi\u00f0 fyrir verkst\u00e6\u00f0i \u00e1 hj\u00f3lum e\u00f0a \u00fej\u00f3nustubifrei\u00f0ar,\u00a0 A\u00f0eins 16kg,\u00a0 5\u00e1ra \u00e1byrg\u00f0 \u00e1 \u00f6llu.<\/p>\n<p>-12v DC- 230VAC &#8211; framan og aftan.\u00a0 Schuko \/IEC, 120A Anderson- Rautt og Bl\u00e1tt,<\/p>\n<p>-Battery LiFePo -12,8v<\/p>\n<p>-95% afhle\u00f0sla, 95% full virkni.<\/p>\n<p>-3000 hle\u00f0slu skipti<\/p>\n<p>-1000W st\u00f6\u00f0ugt, 1100W \u00ed 10min, 2000W 2sek. 130VAC<\/p>\n<p>-DC 560-710W st\u00f6\u00f0ug virkni.<\/p>","protected":false},"excerpt":{"rendered":"<p>Zeliox Eco Slim Professional Complete, inverter og Lihium rafla\u00f0a sambyggt.<\/p>\n<p>12V DC \/ 230V AC, 1000W Orkust\u00f6\u00f0 fyrir vinnub\u00edlinn sem gerir notandann \u00f3h\u00e1\u00f0an &#8222;landrafmagni&#8220; \u00e1 t.d. byggingarsta\u00f0.<\/p>\n<p>Uppsetning \u00ed bo\u00f0i.<\/p>\n<p>&nbsp;<\/p>","protected":false},"featured_media":15900,"template":"","meta":[],"product_brand":[8035],"product_cat":[8041],"product_tag":[],"class_list":{"0":"post-15899","1":"product","2":"type-product","3":"status-publish","4":"has-post-thumbnail","6":"product_brand-kalori","7":"product_cat-oflokkad","9":"first","10":"instock","11":"shipping-taxable","12":"product-type-simple"},"yoast_head":"<!-- This site is optimized with the Yoast SEO plugin v27.5 - https:\/\/yoast.com\/product\/yoast-seo-wordpress\/ -->\n<title>Zeliox Eco Slim - B&iacute;lasmi&eth;urinn<\/title>\n<meta name=\"robots\" content=\"index, follow, max-snippet:-1, max-image-preview:large, max-video-preview:-1\" \/>\n<link rel=\"canonical\" href=\"https:\/\/bilasmidurinn.is\/pl\/vefverslun\/oflokkad\/zeliox-eco-slim\/\" \/>\n<meta property=\"og:locale\" content=\"pl_PL\" \/>\n<meta property=\"og:type\" content=\"article\" \/>\n<meta property=\"og:title\" content=\"Zeliox Eco Slim - B&iacute;lasmi&eth;urinn\" \/>\n<meta property=\"og:description\" content=\"Zeliox Eco Slim Professional Complete, inverter og Lihium rafla\u00f0a sambyggt.  12V DC \/ 230V AC, 1000W Orkust\u00f6\u00f0 fyrir vinnub\u00edlinn sem gerir notandann \u00f3h\u00e1\u00f0an &quot;landrafmagni&quot; \u00e1 t.d. byggingarsta\u00f0.  Uppsetning \u00ed bo\u00f0i.  &nbsp;\" \/>\n<meta property=\"og:url\" content=\"https:\/\/bilasmidurinn.is\/pl\/vefverslun\/oflokkad\/zeliox-eco-slim\/\" \/>\n<meta property=\"og:site_name\" content=\"B&iacute;lasmi&eth;urinn\" \/>\n<meta property=\"article:modified_time\" content=\"2026-04-28T16:53:17+00:00\" \/>\n<meta property=\"og:image\" content=\"https:\/\/bilasmidurinn.is\/wp-content\/uploads\/2026\/04\/Zeliox-Eco-slim.jpg\" \/>\n\t<meta property=\"og:image:width\" content=\"333\" \/>\n\t<meta property=\"og:image:height\" content=\"151\" \/>\n\t<meta property=\"og:image:type\" content=\"image\/jpeg\" \/>\n<meta name=\"twitter:card\" content=\"summary_large_image\" \/>\n<meta name=\"twitter:label1\" content=\"Szacowany czas czytania\" \/>\n\t<meta name=\"twitter:data1\" content=\"1 minuta\" \/>\n<script type=\"application\/ld+json\" class=\"yoast-schema-graph\">{\"@context\":\"https:\\\/\\\/schema.org\",\"@graph\":[{\"@type\":\"WebPage\",\"@id\":\"https:\\\/\\\/bilasmidurinn.is\\\/vefverslun\\\/oflokkad\\\/zeliox-eco-slim\\\/\",\"url\":\"https:\\\/\\\/bilasmidurinn.is\\\/vefverslun\\\/oflokkad\\\/zeliox-eco-slim\\\/\",\"name\":\"Zeliox Eco Slim - B&iacute;lasmi&eth;urinn\",\"isPartOf\":{\"@id\":\"https:\\\/\\\/bilasmidurinn.is\\\/#website\"},\"primaryImageOfPage\":{\"@id\":\"https:\\\/\\\/bilasmidurinn.is\\\/vefverslun\\\/oflokkad\\\/zeliox-eco-slim\\\/#primaryimage\"},\"image\":{\"@id\":\"https:\\\/\\\/bilasmidurinn.is\\\/vefverslun\\\/oflokkad\\\/zeliox-eco-slim\\\/#primaryimage\"},\"thumbnailUrl\":\"https:\\\/\\\/bilasmidurinn.is\\\/wp-content\\\/uploads\\\/2026\\\/04\\\/Zeliox-Eco-slim.jpg\",\"datePublished\":\"2026-04-27T16:36:04+00:00\",\"dateModified\":\"2026-04-28T16:53:17+00:00\",\"breadcrumb\":{\"@id\":\"https:\\\/\\\/bilasmidurinn.is\\\/vefverslun\\\/oflokkad\\\/zeliox-eco-slim\\\/#breadcrumb\"},\"inLanguage\":\"pl-PL\",\"potentialAction\":[{\"@type\":\"ReadAction\",\"target\":[\"https:\\\/\\\/bilasmidurinn.is\\\/vefverslun\\\/oflokkad\\\/zeliox-eco-slim\\\/\"]}]},{\"@type\":\"ImageObject\",\"inLanguage\":\"pl-PL\",\"@id\":\"https:\\\/\\\/bilasmidurinn.is\\\/vefverslun\\\/oflokkad\\\/zeliox-eco-slim\\\/#primaryimage\",\"url\":\"https:\\\/\\\/bilasmidurinn.is\\\/wp-content\\\/uploads\\\/2026\\\/04\\\/Zeliox-Eco-slim.jpg\",\"contentUrl\":\"https:\\\/\\\/bilasmidurinn.is\\\/wp-content\\\/uploads\\\/2026\\\/04\\\/Zeliox-Eco-slim.jpg\",\"width\":333,\"height\":151},{\"@type\":\"BreadcrumbList\",\"@id\":\"https:\\\/\\\/bilasmidurinn.is\\\/vefverslun\\\/oflokkad\\\/zeliox-eco-slim\\\/#breadcrumb\",\"itemListElement\":[{\"@type\":\"ListItem\",\"position\":1,\"name\":\"Home\",\"item\":\"https:\\\/\\\/bilasmidurinn.is\\\/\"},{\"@type\":\"ListItem\",\"position\":2,\"name\":\"V\u00f6rur \u00ed verslun\",\"item\":\"https:\\\/\\\/bilasmidurinn.is\\\/vefverslun\\\/\"},{\"@type\":\"ListItem\",\"position\":3,\"name\":\"Zeliox Eco Slim\"}]},{\"@type\":\"WebSite\",\"@id\":\"https:\\\/\\\/bilasmidurinn.is\\\/#website\",\"url\":\"https:\\\/\\\/bilasmidurinn.is\\\/\",\"name\":\"B&iacute;lasmi&eth;urinn\",\"description\":\"All sem &thorn;&uacute; &thorn;arft &iacute; t&aelig;ki&eth;\",\"potentialAction\":[{\"@type\":\"SearchAction\",\"target\":{\"@type\":\"EntryPoint\",\"urlTemplate\":\"https:\\\/\\\/bilasmidurinn.is\\\/?s={search_term_string}\"},\"query-input\":{\"@type\":\"PropertyValueSpecification\",\"valueRequired\":true,\"valueName\":\"search_term_string\"}}],\"inLanguage\":\"pl-PL\"}]}<\/script>\n<!-- \/ Yoast SEO plugin. -->","yoast_head_json":{"title":"Zeliox Eco Slim - B&iacute;lasmi&eth;urinn","robots":{"index":"index","follow":"follow","max-snippet":"max-snippet:-1","max-image-preview":"max-image-preview:large","max-video-preview":"max-video-preview:-1"},"canonical":"https:\/\/bilasmidurinn.is\/pl\/vefverslun\/oflokkad\/zeliox-eco-slim\/","og_locale":"pl_PL","og_type":"article","og_title":"Zeliox Eco Slim - B&iacute;lasmi&eth;urinn","og_description":"Zeliox Eco Slim Professional Complete, inverter og Lihium rafla\u00f0a sambyggt.  12V DC \/ 230V AC, 1000W Orkust\u00f6\u00f0 fyrir vinnub\u00edlinn sem gerir notandann \u00f3h\u00e1\u00f0an \"landrafmagni\" \u00e1 t.d. byggingarsta\u00f0.  Uppsetning \u00ed bo\u00f0i.  &nbsp;","og_url":"https:\/\/bilasmidurinn.is\/pl\/vefverslun\/oflokkad\/zeliox-eco-slim\/","og_site_name":"B&iacute;lasmi&eth;urinn","article_modified_time":"2026-04-28T16:53:17+00:00","og_image":[{"width":333,"height":151,"url":"https:\/\/bilasmidurinn.is\/wp-content\/uploads\/2026\/04\/Zeliox-Eco-slim.jpg","type":"image\/jpeg"}],"twitter_card":"summary_large_image","twitter_misc":{"Szacowany czas czytania":"1 minuta"},"schema":{"@context":"https:\/\/schema.org","@graph":[{"@type":"WebPage","@id":"https:\/\/bilasmidurinn.is\/vefverslun\/oflokkad\/zeliox-eco-slim\/","url":"https:\/\/bilasmidurinn.is\/vefverslun\/oflokkad\/zeliox-eco-slim\/","name":"Zeliox Eco Slim - B&iacute;lasmi&eth;urinn","isPartOf":{"@id":"https:\/\/bilasmidurinn.is\/#website"},"primaryImageOfPage":{"@id":"https:\/\/bilasmidurinn.is\/vefverslun\/oflokkad\/zeliox-eco-slim\/#primaryimage"},"image":{"@id":"https:\/\/bilasmidurinn.is\/vefverslun\/oflokkad\/zeliox-eco-slim\/#primaryimage"},"thumbnailUrl":"https:\/\/bilasmidurinn.is\/wp-content\/uploads\/2026\/04\/Zeliox-Eco-slim.jpg","datePublished":"2026-04-27T16:36:04+00:00","dateModified":"2026-04-28T16:53:17+00:00","breadcrumb":{"@id":"https:\/\/bilasmidurinn.is\/vefverslun\/oflokkad\/zeliox-eco-slim\/#breadcrumb"},"inLanguage":"pl-PL","potentialAction":[{"@type":"ReadAction","target":["https:\/\/bilasmidurinn.is\/vefverslun\/oflokkad\/zeliox-eco-slim\/"]}]},{"@type":"ImageObject","inLanguage":"pl-PL","@id":"https:\/\/bilasmidurinn.is\/vefverslun\/oflokkad\/zeliox-eco-slim\/#primaryimage","url":"https:\/\/bilasmidurinn.is\/wp-content\/uploads\/2026\/04\/Zeliox-Eco-slim.jpg","contentUrl":"https:\/\/bilasmidurinn.is\/wp-content\/uploads\/2026\/04\/Zeliox-Eco-slim.jpg","width":333,"height":151},{"@type":"BreadcrumbList","@id":"https:\/\/bilasmidurinn.is\/vefverslun\/oflokkad\/zeliox-eco-slim\/#breadcrumb","itemListElement":[{"@type":"ListItem","position":1,"name":"Home","item":"https:\/\/bilasmidurinn.is\/"},{"@type":"ListItem","position":2,"name":"V\u00f6rur \u00ed verslun","item":"https:\/\/bilasmidurinn.is\/vefverslun\/"},{"@type":"ListItem","position":3,"name":"Zeliox Eco Slim"}]},{"@type":"WebSite","@id":"https:\/\/bilasmidurinn.is\/#website","url":"https:\/\/bilasmidurinn.is\/","name":"B&iacute;lasmi&eth;urinn","description":"All sem &thorn;&uacute; &thorn;arft &iacute; t&aelig;ki&eth;","potentialAction":[{"@type":"SearchAction","target":{"@type":"EntryPoint","urlTemplate":"https:\/\/bilasmidurinn.is\/?s={search_term_string}"},"query-input":{"@type":"PropertyValueSpecification","valueRequired":true,"valueName":"search_term_string"}}],"inLanguage":"pl-PL"}]}},"_links":{"self":[{"href":"https:\/\/bilasmidurinn.is\/pl\/wp-json\/wp\/v2\/product\/15899","targetHints":{"allow":["GET"]}}],"collection":[{"href":"https:\/\/bilasmidurinn.is\/pl\/wp-json\/wp\/v2\/product"}],"about":[{"href":"https:\/\/bilasmidurinn.is\/pl\/wp-json\/wp\/v2\/types\/product"}],"wp:featuredmedia":[{"embeddable":true,"href":"https:\/\/bilasmidurinn.is\/pl\/wp-json\/wp\/v2\/media\/15900"}],"wp:attachment":[{"href":"https:\/\/bilasmidurinn.is\/pl\/wp-json\/wp\/v2\/media?parent=15899"}],"wp:term":[{"taxonomy":"product_brand","embeddable":true,"href":"https:\/\/bilasmidurinn.is\/pl\/wp-json\/wp\/v2\/product_brand?post=15899"},{"taxonomy":"product_cat","embeddable":true,"href":"https:\/\/bilasmidurinn.is\/pl\/wp-json\/wp\/v2\/product_cat?post=15899"},{"taxonomy":"product_tag","embeddable":true,"href":"https:\/\/bilasmidurinn.is\/pl\/wp-json\/wp\/v2\/product_tag?post=15899"}],"curies":[{"name":"wp","href":"https:\/\/api.w.org\/{rel}","templated":true}]}}