{"id":15886,"date":"2026-03-23T16:31:24","date_gmt":"2026-03-23T16:31:24","guid":{"rendered":"https:\/\/bilasmidurinn.is\/?post_type=product&#038;p=15886"},"modified":"2026-03-23T16:31:25","modified_gmt":"2026-03-23T16:31:25","slug":"kapall-24-med-hringtengjum-starter-to-switch","status":"publish","type":"product","link":"https:\/\/bilasmidurinn.is\/pl\/vefverslun\/rafmagnsvorur\/rafmagnsvorur-rafmagnsvorur\/skor-og-tengi\/kapall-24-med-hringtengjum-starter-to-switch\/","title":{"rendered":"Kapall 24&#8243;  me\u00f0 hringtengjum  &#8222;Starter to Switch&#8220;"},"content":{"rendered":"<p>Kapall 24&#8243;\u00a0 einangra\u00f0ur me\u00f0 pressu\u00f0um hringtengjum 8mm augu<\/p>","protected":false},"excerpt":{"rendered":"<p>Kapall 54cm\u00a0 24&#8243; einangra\u00f0ur me\u00f0 hringtengum 8mm augu<\/p>","protected":false},"featured_media":15885,"template":"","meta":[],"product_brand":[7927],"product_cat":[7969,8022],"product_tag":[],"class_list":{"0":"post-15886","1":"product","2":"type-product","3":"status-publish","4":"has-post-thumbnail","6":"product_brand-www-247lighting-net","7":"product_cat-rafmagnsvorur","8":"product_cat-skor-og-tengi","10":"first","11":"instock","12":"shipping-taxable","13":"product-type-simple"},"yoast_head":"<!-- This site is optimized with the Yoast SEO plugin v27.4 - https:\/\/yoast.com\/product\/yoast-seo-wordpress\/ -->\n<title>Kapall 24&quot; me\u00f0 hringtengjum &quot;Starter to Switch&quot; - B&iacute;lasmi&eth;urinn<\/title>\n<meta name=\"robots\" content=\"index, follow, max-snippet:-1, max-image-preview:large, max-video-preview:-1\" \/>\n<link rel=\"canonical\" href=\"https:\/\/bilasmidurinn.is\/pl\/vefverslun\/rafmagnsvorur\/rafmagnsvorur-rafmagnsvorur\/skor-og-tengi\/kapall-24-med-hringtengjum-starter-to-switch\/\" \/>\n<meta property=\"og:locale\" content=\"pl_PL\" \/>\n<meta property=\"og:type\" content=\"article\" \/>\n<meta property=\"og:title\" content=\"Kapall 24&quot; me\u00f0 hringtengjum &quot;Starter to Switch&quot; - B&iacute;lasmi&eth;urinn\" \/>\n<meta property=\"og:description\" content=\"Kapall 54cm\u00a0 24&quot; einangra\u00f0ur me\u00f0 hringtengum 8mm augu\" \/>\n<meta property=\"og:url\" content=\"https:\/\/bilasmidurinn.is\/pl\/vefverslun\/rafmagnsvorur\/rafmagnsvorur-rafmagnsvorur\/skor-og-tengi\/kapall-24-med-hringtengjum-starter-to-switch\/\" \/>\n<meta property=\"og:site_name\" content=\"B&iacute;lasmi&eth;urinn\" \/>\n<meta property=\"article:modified_time\" content=\"2026-03-23T16:31:25+00:00\" \/>\n<meta property=\"og:image\" content=\"https:\/\/bilasmidurinn.is\/wp-content\/uploads\/2026\/03\/0002748_starter-to-switch-lead-18_510.jpeg\" \/>\n\t<meta property=\"og:image:width\" content=\"510\" \/>\n\t<meta property=\"og:image:height\" content=\"510\" \/>\n\t<meta property=\"og:image:type\" content=\"image\/jpeg\" \/>\n<meta name=\"twitter:card\" content=\"summary_large_image\" \/>\n<meta name=\"twitter:label1\" content=\"Szacowany czas czytania\" \/>\n\t<meta name=\"twitter:data1\" content=\"1 minuta\" \/>\n<script type=\"application\/ld+json\" class=\"yoast-schema-graph\">{\"@context\":\"https:\\\/\\\/schema.org\",\"@graph\":[{\"@type\":\"WebPage\",\"@id\":\"https:\\\/\\\/bilasmidurinn.is\\\/vefverslun\\\/rafmagnsvorur\\\/rafmagnsvorur-rafmagnsvorur\\\/skor-og-tengi\\\/kapall-24-med-hringtengjum-starter-to-switch\\\/\",\"url\":\"https:\\\/\\\/bilasmidurinn.is\\\/vefverslun\\\/rafmagnsvorur\\\/rafmagnsvorur-rafmagnsvorur\\\/skor-og-tengi\\\/kapall-24-med-hringtengjum-starter-to-switch\\\/\",\"name\":\"Kapall 24\\\" me\u00f0 hringtengjum \\\"Starter to Switch\\\" - B&iacute;lasmi&eth;urinn\",\"isPartOf\":{\"@id\":\"https:\\\/\\\/bilasmidurinn.is\\\/#website\"},\"primaryImageOfPage\":{\"@id\":\"https:\\\/\\\/bilasmidurinn.is\\\/vefverslun\\\/rafmagnsvorur\\\/rafmagnsvorur-rafmagnsvorur\\\/skor-og-tengi\\\/kapall-24-med-hringtengjum-starter-to-switch\\\/#primaryimage\"},\"image\":{\"@id\":\"https:\\\/\\\/bilasmidurinn.is\\\/vefverslun\\\/rafmagnsvorur\\\/rafmagnsvorur-rafmagnsvorur\\\/skor-og-tengi\\\/kapall-24-med-hringtengjum-starter-to-switch\\\/#primaryimage\"},\"thumbnailUrl\":\"https:\\\/\\\/bilasmidurinn.is\\\/wp-content\\\/uploads\\\/2026\\\/03\\\/0002748_starter-to-switch-lead-18_510.jpeg\",\"datePublished\":\"2026-03-23T16:31:24+00:00\",\"dateModified\":\"2026-03-23T16:31:25+00:00\",\"breadcrumb\":{\"@id\":\"https:\\\/\\\/bilasmidurinn.is\\\/vefverslun\\\/rafmagnsvorur\\\/rafmagnsvorur-rafmagnsvorur\\\/skor-og-tengi\\\/kapall-24-med-hringtengjum-starter-to-switch\\\/#breadcrumb\"},\"inLanguage\":\"pl-PL\",\"potentialAction\":[{\"@type\":\"ReadAction\",\"target\":[\"https:\\\/\\\/bilasmidurinn.is\\\/vefverslun\\\/rafmagnsvorur\\\/rafmagnsvorur-rafmagnsvorur\\\/skor-og-tengi\\\/kapall-24-med-hringtengjum-starter-to-switch\\\/\"]}]},{\"@type\":\"ImageObject\",\"inLanguage\":\"pl-PL\",\"@id\":\"https:\\\/\\\/bilasmidurinn.is\\\/vefverslun\\\/rafmagnsvorur\\\/rafmagnsvorur-rafmagnsvorur\\\/skor-og-tengi\\\/kapall-24-med-hringtengjum-starter-to-switch\\\/#primaryimage\",\"url\":\"https:\\\/\\\/bilasmidurinn.is\\\/wp-content\\\/uploads\\\/2026\\\/03\\\/0002748_starter-to-switch-lead-18_510.jpeg\",\"contentUrl\":\"https:\\\/\\\/bilasmidurinn.is\\\/wp-content\\\/uploads\\\/2026\\\/03\\\/0002748_starter-to-switch-lead-18_510.jpeg\",\"width\":510,\"height\":510},{\"@type\":\"BreadcrumbList\",\"@id\":\"https:\\\/\\\/bilasmidurinn.is\\\/vefverslun\\\/rafmagnsvorur\\\/rafmagnsvorur-rafmagnsvorur\\\/skor-og-tengi\\\/kapall-24-med-hringtengjum-starter-to-switch\\\/#breadcrumb\",\"itemListElement\":[{\"@type\":\"ListItem\",\"position\":1,\"name\":\"Home\",\"item\":\"https:\\\/\\\/bilasmidurinn.is\\\/\"},{\"@type\":\"ListItem\",\"position\":2,\"name\":\"V\u00f6rur \u00ed verslun\",\"item\":\"https:\\\/\\\/bilasmidurinn.is\\\/vefverslun\\\/\"},{\"@type\":\"ListItem\",\"position\":3,\"name\":\"Kapall 24&#8243; me\u00f0 hringtengjum &#8222;Starter to Switch&#8220;\"}]},{\"@type\":\"WebSite\",\"@id\":\"https:\\\/\\\/bilasmidurinn.is\\\/#website\",\"url\":\"https:\\\/\\\/bilasmidurinn.is\\\/\",\"name\":\"B&iacute;lasmi&eth;urinn\",\"description\":\"All sem &thorn;&uacute; &thorn;arft &iacute; t&aelig;ki&eth;\",\"potentialAction\":[{\"@type\":\"SearchAction\",\"target\":{\"@type\":\"EntryPoint\",\"urlTemplate\":\"https:\\\/\\\/bilasmidurinn.is\\\/?s={search_term_string}\"},\"query-input\":{\"@type\":\"PropertyValueSpecification\",\"valueRequired\":true,\"valueName\":\"search_term_string\"}}],\"inLanguage\":\"pl-PL\"}]}<\/script>\n<!-- \/ Yoast SEO plugin. -->","yoast_head_json":{"title":"Kapall 24\" me\u00f0 hringtengjum \"Starter to Switch\" - B&iacute;lasmi&eth;urinn","robots":{"index":"index","follow":"follow","max-snippet":"max-snippet:-1","max-image-preview":"max-image-preview:large","max-video-preview":"max-video-preview:-1"},"canonical":"https:\/\/bilasmidurinn.is\/pl\/vefverslun\/rafmagnsvorur\/rafmagnsvorur-rafmagnsvorur\/skor-og-tengi\/kapall-24-med-hringtengjum-starter-to-switch\/","og_locale":"pl_PL","og_type":"article","og_title":"Kapall 24\" me\u00f0 hringtengjum \"Starter to Switch\" - B&iacute;lasmi&eth;urinn","og_description":"Kapall 54cm\u00a0 24\" einangra\u00f0ur me\u00f0 hringtengum 8mm augu","og_url":"https:\/\/bilasmidurinn.is\/pl\/vefverslun\/rafmagnsvorur\/rafmagnsvorur-rafmagnsvorur\/skor-og-tengi\/kapall-24-med-hringtengjum-starter-to-switch\/","og_site_name":"B&iacute;lasmi&eth;urinn","article_modified_time":"2026-03-23T16:31:25+00:00","og_image":[{"width":510,"height":510,"url":"https:\/\/bilasmidurinn.is\/wp-content\/uploads\/2026\/03\/0002748_starter-to-switch-lead-18_510.jpeg","type":"image\/jpeg"}],"twitter_card":"summary_large_image","twitter_misc":{"Szacowany czas czytania":"1 minuta"},"schema":{"@context":"https:\/\/schema.org","@graph":[{"@type":"WebPage","@id":"https:\/\/bilasmidurinn.is\/vefverslun\/rafmagnsvorur\/rafmagnsvorur-rafmagnsvorur\/skor-og-tengi\/kapall-24-med-hringtengjum-starter-to-switch\/","url":"https:\/\/bilasmidurinn.is\/vefverslun\/rafmagnsvorur\/rafmagnsvorur-rafmagnsvorur\/skor-og-tengi\/kapall-24-med-hringtengjum-starter-to-switch\/","name":"Kapall 24\" me\u00f0 hringtengjum \"Starter to Switch\" - B&iacute;lasmi&eth;urinn","isPartOf":{"@id":"https:\/\/bilasmidurinn.is\/#website"},"primaryImageOfPage":{"@id":"https:\/\/bilasmidurinn.is\/vefverslun\/rafmagnsvorur\/rafmagnsvorur-rafmagnsvorur\/skor-og-tengi\/kapall-24-med-hringtengjum-starter-to-switch\/#primaryimage"},"image":{"@id":"https:\/\/bilasmidurinn.is\/vefverslun\/rafmagnsvorur\/rafmagnsvorur-rafmagnsvorur\/skor-og-tengi\/kapall-24-med-hringtengjum-starter-to-switch\/#primaryimage"},"thumbnailUrl":"https:\/\/bilasmidurinn.is\/wp-content\/uploads\/2026\/03\/0002748_starter-to-switch-lead-18_510.jpeg","datePublished":"2026-03-23T16:31:24+00:00","dateModified":"2026-03-23T16:31:25+00:00","breadcrumb":{"@id":"https:\/\/bilasmidurinn.is\/vefverslun\/rafmagnsvorur\/rafmagnsvorur-rafmagnsvorur\/skor-og-tengi\/kapall-24-med-hringtengjum-starter-to-switch\/#breadcrumb"},"inLanguage":"pl-PL","potentialAction":[{"@type":"ReadAction","target":["https:\/\/bilasmidurinn.is\/vefverslun\/rafmagnsvorur\/rafmagnsvorur-rafmagnsvorur\/skor-og-tengi\/kapall-24-med-hringtengjum-starter-to-switch\/"]}]},{"@type":"ImageObject","inLanguage":"pl-PL","@id":"https:\/\/bilasmidurinn.is\/vefverslun\/rafmagnsvorur\/rafmagnsvorur-rafmagnsvorur\/skor-og-tengi\/kapall-24-med-hringtengjum-starter-to-switch\/#primaryimage","url":"https:\/\/bilasmidurinn.is\/wp-content\/uploads\/2026\/03\/0002748_starter-to-switch-lead-18_510.jpeg","contentUrl":"https:\/\/bilasmidurinn.is\/wp-content\/uploads\/2026\/03\/0002748_starter-to-switch-lead-18_510.jpeg","width":510,"height":510},{"@type":"BreadcrumbList","@id":"https:\/\/bilasmidurinn.is\/vefverslun\/rafmagnsvorur\/rafmagnsvorur-rafmagnsvorur\/skor-og-tengi\/kapall-24-med-hringtengjum-starter-to-switch\/#breadcrumb","itemListElement":[{"@type":"ListItem","position":1,"name":"Home","item":"https:\/\/bilasmidurinn.is\/"},{"@type":"ListItem","position":2,"name":"V\u00f6rur \u00ed verslun","item":"https:\/\/bilasmidurinn.is\/vefverslun\/"},{"@type":"ListItem","position":3,"name":"Kapall 24&#8243; me\u00f0 hringtengjum &#8222;Starter to Switch&#8220;"}]},{"@type":"WebSite","@id":"https:\/\/bilasmidurinn.is\/#website","url":"https:\/\/bilasmidurinn.is\/","name":"B&iacute;lasmi&eth;urinn","description":"All sem &thorn;&uacute; &thorn;arft &iacute; t&aelig;ki&eth;","potentialAction":[{"@type":"SearchAction","target":{"@type":"EntryPoint","urlTemplate":"https:\/\/bilasmidurinn.is\/?s={search_term_string}"},"query-input":{"@type":"PropertyValueSpecification","valueRequired":true,"valueName":"search_term_string"}}],"inLanguage":"pl-PL"}]}},"_links":{"self":[{"href":"https:\/\/bilasmidurinn.is\/pl\/wp-json\/wp\/v2\/product\/15886","targetHints":{"allow":["GET"]}}],"collection":[{"href":"https:\/\/bilasmidurinn.is\/pl\/wp-json\/wp\/v2\/product"}],"about":[{"href":"https:\/\/bilasmidurinn.is\/pl\/wp-json\/wp\/v2\/types\/product"}],"wp:featuredmedia":[{"embeddable":true,"href":"https:\/\/bilasmidurinn.is\/pl\/wp-json\/wp\/v2\/media\/15885"}],"wp:attachment":[{"href":"https:\/\/bilasmidurinn.is\/pl\/wp-json\/wp\/v2\/media?parent=15886"}],"wp:term":[{"taxonomy":"product_brand","embeddable":true,"href":"https:\/\/bilasmidurinn.is\/pl\/wp-json\/wp\/v2\/product_brand?post=15886"},{"taxonomy":"product_cat","embeddable":true,"href":"https:\/\/bilasmidurinn.is\/pl\/wp-json\/wp\/v2\/product_cat?post=15886"},{"taxonomy":"product_tag","embeddable":true,"href":"https:\/\/bilasmidurinn.is\/pl\/wp-json\/wp\/v2\/product_tag?post=15886"}],"curies":[{"name":"wp","href":"https:\/\/api.w.org\/{rel}","templated":true}]}}