{"id":15805,"date":"2026-02-06T18:08:07","date_gmt":"2026-02-06T18:08:07","guid":{"rendered":"https:\/\/bilasmidurinn.is\/?post_type=product&#038;p=15805"},"modified":"2026-02-06T18:08:39","modified_gmt":"2026-02-06T18:08:39","slug":"led-ljosabar-215-de-ice-hitud-linsa","status":"publish","type":"product","link":"https:\/\/bilasmidurinn.is\/pl\/vefverslun\/ljos\/ljoskastarar\/led-ljosabar-215-de-ice-hitud-linsa\/","title":{"rendered":"LED lj\u00f3sabar 21,5&#8243; De-Ice, hitu\u00f0 linsa !!!"},"content":{"rendered":"<p>LED Vignal 21,5&#8243; lj\u00f3sabar me\u00f0 hita\u00f0ari linsu, n\u00e1kv\u00e6mlega \u00fea\u00f0 sem er nau\u00f0synlegt \u00e1 nor\u00f0ursl\u00f3\u00f0um til hindrunar upps\u00f6fnun \u00edss \u00e1 lj\u00f3si\u00f0. Sj\u00e1lfvirkt thermostat sem br\u00e6\u00f0ir \u00eds af linsunni.<\/p>\n<p>B\u00e6\u00f0i fyrir ON og Off-road notkun, ger\u00f0arvi\u00f0urkennt ECE R10 og R112.<\/p>\n<p>83W gefa 16.800LM af hreinu lj\u00f3si sem er allt sem \u00feart til a\u00f0 l\u00fdsa upp svartasta myrkri\u00f0.<\/p>\n<p>Lj\u00f3sgeyslinn er samh\u00e6f\u00f0ur punkt og \u00f6kulj\u00f3s sem er fullkomi\u00f0 fyrir fjallab\u00edlinn.<\/p>\n<p>DT tengi, IP68,IP69K<\/p>","protected":false},"excerpt":{"rendered":"<p>Einstakur LED Lj\u00f3sabar me\u00f0 hita\u00f0ri linsu til a\u00f0 koma \u00ed veg fyrir \u00edsingu \u00e1 linsuna,\u00a0 16800Lm af 5700K hreinu lj\u00f3si.<\/p>\n<p>Blanda\u00f0ur \u00f6ku og punkt geysli, Ger\u00f0arvotta\u00f0ur ECE R112 og R10<\/p>\n<p>Fullkominn \u00e1 4&#215;4 fjallatrukkinn.<\/p>\n<p>https:\/\/youtu.be\/ug1viJ-H8Fg<\/p>","protected":false},"featured_media":15806,"template":"","meta":[],"product_brand":[7992],"product_cat":[7893,8042],"product_tag":[],"class_list":{"0":"post-15805","1":"product","2":"type-product","3":"status-publish","4":"has-post-thumbnail","6":"product_brand-vignal","7":"product_cat-ljos","8":"product_cat-ljoskastarar","10":"first","11":"instock","12":"shipping-taxable","13":"product-type-simple"},"yoast_head":"<!-- This site is optimized with the Yoast SEO plugin v27.5 - https:\/\/yoast.com\/product\/yoast-seo-wordpress\/ -->\n<title>LED lj\u00f3sabar 21,5&quot; De-Ice, hitu\u00f0 linsa !!! - B&iacute;lasmi&eth;urinn<\/title>\n<meta name=\"robots\" content=\"index, follow, max-snippet:-1, max-image-preview:large, max-video-preview:-1\" \/>\n<link rel=\"canonical\" href=\"https:\/\/bilasmidurinn.is\/pl\/vefverslun\/ljos\/ljoskastarar\/led-ljosabar-215-de-ice-hitud-linsa\/\" \/>\n<meta property=\"og:locale\" content=\"pl_PL\" \/>\n<meta property=\"og:type\" content=\"article\" \/>\n<meta property=\"og:title\" content=\"LED lj\u00f3sabar 21,5&quot; De-Ice, hitu\u00f0 linsa !!! - B&iacute;lasmi&eth;urinn\" \/>\n<meta property=\"og:description\" content=\"Einstakur LED Lj\u00f3sabar me\u00f0 hita\u00f0ri linsu til a\u00f0 koma \u00ed veg fyrir \u00edsingu \u00e1 linsuna,\u00a0 16800Lm af 5700K hreinu lj\u00f3si.  Blanda\u00f0ur \u00f6ku og punkt geysli, Ger\u00f0arvotta\u00f0ur ECE R112 og R10  Fullkominn \u00e1 4x4 fjallatrukkinn.  https:\/\/youtu.be\/ug1viJ-H8Fg\" \/>\n<meta property=\"og:url\" content=\"https:\/\/bilasmidurinn.is\/pl\/vefverslun\/ljos\/ljoskastarar\/led-ljosabar-215-de-ice-hitud-linsa\/\" \/>\n<meta property=\"og:site_name\" content=\"B&iacute;lasmi&eth;urinn\" \/>\n<meta property=\"article:modified_time\" content=\"2026-02-06T18:08:39+00:00\" \/>\n<meta property=\"og:image\" content=\"https:\/\/bilasmidurinn.is\/wp-content\/uploads\/2026\/02\/d16048_web_biais_de_face-Copy.jpg\" \/>\n\t<meta property=\"og:image:width\" content=\"1140\" \/>\n\t<meta property=\"og:image:height\" content=\"800\" \/>\n\t<meta property=\"og:image:type\" content=\"image\/jpeg\" \/>\n<meta name=\"twitter:card\" content=\"summary_large_image\" \/>\n<meta name=\"twitter:label1\" content=\"Szacowany czas czytania\" \/>\n\t<meta name=\"twitter:data1\" content=\"1 minuta\" \/>\n<script type=\"application\/ld+json\" class=\"yoast-schema-graph\">{\"@context\":\"https:\\\/\\\/schema.org\",\"@graph\":[{\"@type\":\"WebPage\",\"@id\":\"https:\\\/\\\/bilasmidurinn.is\\\/vefverslun\\\/ljos\\\/ljoskastarar\\\/led-ljosabar-215-de-ice-hitud-linsa\\\/\",\"url\":\"https:\\\/\\\/bilasmidurinn.is\\\/vefverslun\\\/ljos\\\/ljoskastarar\\\/led-ljosabar-215-de-ice-hitud-linsa\\\/\",\"name\":\"LED lj\u00f3sabar 21,5\\\" De-Ice, hitu\u00f0 linsa !!! - B&iacute;lasmi&eth;urinn\",\"isPartOf\":{\"@id\":\"https:\\\/\\\/bilasmidurinn.is\\\/#website\"},\"primaryImageOfPage\":{\"@id\":\"https:\\\/\\\/bilasmidurinn.is\\\/vefverslun\\\/ljos\\\/ljoskastarar\\\/led-ljosabar-215-de-ice-hitud-linsa\\\/#primaryimage\"},\"image\":{\"@id\":\"https:\\\/\\\/bilasmidurinn.is\\\/vefverslun\\\/ljos\\\/ljoskastarar\\\/led-ljosabar-215-de-ice-hitud-linsa\\\/#primaryimage\"},\"thumbnailUrl\":\"https:\\\/\\\/bilasmidurinn.is\\\/wp-content\\\/uploads\\\/2026\\\/02\\\/d16048_web_biais_de_face-Copy.jpg\",\"datePublished\":\"2026-02-06T18:08:07+00:00\",\"dateModified\":\"2026-02-06T18:08:39+00:00\",\"breadcrumb\":{\"@id\":\"https:\\\/\\\/bilasmidurinn.is\\\/vefverslun\\\/ljos\\\/ljoskastarar\\\/led-ljosabar-215-de-ice-hitud-linsa\\\/#breadcrumb\"},\"inLanguage\":\"pl-PL\",\"potentialAction\":[{\"@type\":\"ReadAction\",\"target\":[\"https:\\\/\\\/bilasmidurinn.is\\\/vefverslun\\\/ljos\\\/ljoskastarar\\\/led-ljosabar-215-de-ice-hitud-linsa\\\/\"]}]},{\"@type\":\"ImageObject\",\"inLanguage\":\"pl-PL\",\"@id\":\"https:\\\/\\\/bilasmidurinn.is\\\/vefverslun\\\/ljos\\\/ljoskastarar\\\/led-ljosabar-215-de-ice-hitud-linsa\\\/#primaryimage\",\"url\":\"https:\\\/\\\/bilasmidurinn.is\\\/wp-content\\\/uploads\\\/2026\\\/02\\\/d16048_web_biais_de_face-Copy.jpg\",\"contentUrl\":\"https:\\\/\\\/bilasmidurinn.is\\\/wp-content\\\/uploads\\\/2026\\\/02\\\/d16048_web_biais_de_face-Copy.jpg\",\"width\":1140,\"height\":800},{\"@type\":\"BreadcrumbList\",\"@id\":\"https:\\\/\\\/bilasmidurinn.is\\\/vefverslun\\\/ljos\\\/ljoskastarar\\\/led-ljosabar-215-de-ice-hitud-linsa\\\/#breadcrumb\",\"itemListElement\":[{\"@type\":\"ListItem\",\"position\":1,\"name\":\"Home\",\"item\":\"https:\\\/\\\/bilasmidurinn.is\\\/\"},{\"@type\":\"ListItem\",\"position\":2,\"name\":\"V\u00f6rur \u00ed verslun\",\"item\":\"https:\\\/\\\/bilasmidurinn.is\\\/vefverslun\\\/\"},{\"@type\":\"ListItem\",\"position\":3,\"name\":\"LED lj\u00f3sabar 21,5&#8243; De-Ice, hitu\u00f0 linsa !!!\"}]},{\"@type\":\"WebSite\",\"@id\":\"https:\\\/\\\/bilasmidurinn.is\\\/#website\",\"url\":\"https:\\\/\\\/bilasmidurinn.is\\\/\",\"name\":\"B&iacute;lasmi&eth;urinn\",\"description\":\"All sem &thorn;&uacute; &thorn;arft &iacute; t&aelig;ki&eth;\",\"potentialAction\":[{\"@type\":\"SearchAction\",\"target\":{\"@type\":\"EntryPoint\",\"urlTemplate\":\"https:\\\/\\\/bilasmidurinn.is\\\/?s={search_term_string}\"},\"query-input\":{\"@type\":\"PropertyValueSpecification\",\"valueRequired\":true,\"valueName\":\"search_term_string\"}}],\"inLanguage\":\"pl-PL\"}]}<\/script>\n<!-- \/ Yoast SEO plugin. -->","yoast_head_json":{"title":"LED lj\u00f3sabar 21,5\" De-Ice, hitu\u00f0 linsa !!! - B&iacute;lasmi&eth;urinn","robots":{"index":"index","follow":"follow","max-snippet":"max-snippet:-1","max-image-preview":"max-image-preview:large","max-video-preview":"max-video-preview:-1"},"canonical":"https:\/\/bilasmidurinn.is\/pl\/vefverslun\/ljos\/ljoskastarar\/led-ljosabar-215-de-ice-hitud-linsa\/","og_locale":"pl_PL","og_type":"article","og_title":"LED lj\u00f3sabar 21,5\" De-Ice, hitu\u00f0 linsa !!! - B&iacute;lasmi&eth;urinn","og_description":"Einstakur LED Lj\u00f3sabar me\u00f0 hita\u00f0ri linsu til a\u00f0 koma \u00ed veg fyrir \u00edsingu \u00e1 linsuna,\u00a0 16800Lm af 5700K hreinu lj\u00f3si.  Blanda\u00f0ur \u00f6ku og punkt geysli, Ger\u00f0arvotta\u00f0ur ECE R112 og R10  Fullkominn \u00e1 4x4 fjallatrukkinn.  https:\/\/youtu.be\/ug1viJ-H8Fg","og_url":"https:\/\/bilasmidurinn.is\/pl\/vefverslun\/ljos\/ljoskastarar\/led-ljosabar-215-de-ice-hitud-linsa\/","og_site_name":"B&iacute;lasmi&eth;urinn","article_modified_time":"2026-02-06T18:08:39+00:00","og_image":[{"width":1140,"height":800,"url":"https:\/\/bilasmidurinn.is\/wp-content\/uploads\/2026\/02\/d16048_web_biais_de_face-Copy.jpg","type":"image\/jpeg"}],"twitter_card":"summary_large_image","twitter_misc":{"Szacowany czas czytania":"1 minuta"},"schema":{"@context":"https:\/\/schema.org","@graph":[{"@type":"WebPage","@id":"https:\/\/bilasmidurinn.is\/vefverslun\/ljos\/ljoskastarar\/led-ljosabar-215-de-ice-hitud-linsa\/","url":"https:\/\/bilasmidurinn.is\/vefverslun\/ljos\/ljoskastarar\/led-ljosabar-215-de-ice-hitud-linsa\/","name":"LED lj\u00f3sabar 21,5\" De-Ice, hitu\u00f0 linsa !!! - B&iacute;lasmi&eth;urinn","isPartOf":{"@id":"https:\/\/bilasmidurinn.is\/#website"},"primaryImageOfPage":{"@id":"https:\/\/bilasmidurinn.is\/vefverslun\/ljos\/ljoskastarar\/led-ljosabar-215-de-ice-hitud-linsa\/#primaryimage"},"image":{"@id":"https:\/\/bilasmidurinn.is\/vefverslun\/ljos\/ljoskastarar\/led-ljosabar-215-de-ice-hitud-linsa\/#primaryimage"},"thumbnailUrl":"https:\/\/bilasmidurinn.is\/wp-content\/uploads\/2026\/02\/d16048_web_biais_de_face-Copy.jpg","datePublished":"2026-02-06T18:08:07+00:00","dateModified":"2026-02-06T18:08:39+00:00","breadcrumb":{"@id":"https:\/\/bilasmidurinn.is\/vefverslun\/ljos\/ljoskastarar\/led-ljosabar-215-de-ice-hitud-linsa\/#breadcrumb"},"inLanguage":"pl-PL","potentialAction":[{"@type":"ReadAction","target":["https:\/\/bilasmidurinn.is\/vefverslun\/ljos\/ljoskastarar\/led-ljosabar-215-de-ice-hitud-linsa\/"]}]},{"@type":"ImageObject","inLanguage":"pl-PL","@id":"https:\/\/bilasmidurinn.is\/vefverslun\/ljos\/ljoskastarar\/led-ljosabar-215-de-ice-hitud-linsa\/#primaryimage","url":"https:\/\/bilasmidurinn.is\/wp-content\/uploads\/2026\/02\/d16048_web_biais_de_face-Copy.jpg","contentUrl":"https:\/\/bilasmidurinn.is\/wp-content\/uploads\/2026\/02\/d16048_web_biais_de_face-Copy.jpg","width":1140,"height":800},{"@type":"BreadcrumbList","@id":"https:\/\/bilasmidurinn.is\/vefverslun\/ljos\/ljoskastarar\/led-ljosabar-215-de-ice-hitud-linsa\/#breadcrumb","itemListElement":[{"@type":"ListItem","position":1,"name":"Home","item":"https:\/\/bilasmidurinn.is\/"},{"@type":"ListItem","position":2,"name":"V\u00f6rur \u00ed verslun","item":"https:\/\/bilasmidurinn.is\/vefverslun\/"},{"@type":"ListItem","position":3,"name":"LED lj\u00f3sabar 21,5&#8243; De-Ice, hitu\u00f0 linsa !!!"}]},{"@type":"WebSite","@id":"https:\/\/bilasmidurinn.is\/#website","url":"https:\/\/bilasmidurinn.is\/","name":"B&iacute;lasmi&eth;urinn","description":"All sem &thorn;&uacute; &thorn;arft &iacute; t&aelig;ki&eth;","potentialAction":[{"@type":"SearchAction","target":{"@type":"EntryPoint","urlTemplate":"https:\/\/bilasmidurinn.is\/?s={search_term_string}"},"query-input":{"@type":"PropertyValueSpecification","valueRequired":true,"valueName":"search_term_string"}}],"inLanguage":"pl-PL"}]}},"_links":{"self":[{"href":"https:\/\/bilasmidurinn.is\/pl\/wp-json\/wp\/v2\/product\/15805","targetHints":{"allow":["GET"]}}],"collection":[{"href":"https:\/\/bilasmidurinn.is\/pl\/wp-json\/wp\/v2\/product"}],"about":[{"href":"https:\/\/bilasmidurinn.is\/pl\/wp-json\/wp\/v2\/types\/product"}],"wp:featuredmedia":[{"embeddable":true,"href":"https:\/\/bilasmidurinn.is\/pl\/wp-json\/wp\/v2\/media\/15806"}],"wp:attachment":[{"href":"https:\/\/bilasmidurinn.is\/pl\/wp-json\/wp\/v2\/media?parent=15805"}],"wp:term":[{"taxonomy":"product_brand","embeddable":true,"href":"https:\/\/bilasmidurinn.is\/pl\/wp-json\/wp\/v2\/product_brand?post=15805"},{"taxonomy":"product_cat","embeddable":true,"href":"https:\/\/bilasmidurinn.is\/pl\/wp-json\/wp\/v2\/product_cat?post=15805"},{"taxonomy":"product_tag","embeddable":true,"href":"https:\/\/bilasmidurinn.is\/pl\/wp-json\/wp\/v2\/product_tag?post=15805"}],"curies":[{"name":"wp","href":"https:\/\/api.w.org\/{rel}","templated":true}]}}