{"id":15784,"date":"2026-01-26T18:07:12","date_gmt":"2026-01-26T18:07:12","guid":{"rendered":"https:\/\/bilasmidurinn.is\/?post_type=product&#038;p=15784"},"modified":"2026-01-26T18:07:12","modified_gmt":"2026-01-26T18:07:12","slug":"recaro-xenon-1-40-125cm-0-7ara-orange-bilstoll","status":"publish","type":"product","link":"https:\/\/bilasmidurinn.is\/pl\/vefverslun\/barnabilstolar\/recaro-xenon-1-40-125cm-0-7ara-orange-bilstoll\/","title":{"rendered":"RECARO Xenon 1, 40-125cm, 0-7\u00e1ra Orange b\u00edlst\u00f3ll"},"content":{"rendered":"<div class=\"tab-panels\">\n<div id=\"tab-description\" class=\"woocommerce-Tabs-panel woocommerce-Tabs-panel--description panel entry-content active\" role=\"tabpanel\" aria-labelledby=\"tab-title-description\">\n<div class=\"tab-panels\">\n<div id=\"tab-description\" class=\"woocommerce-Tabs-panel woocommerce-Tabs-panel--description panel entry-content active\" role=\"tabpanel\" aria-labelledby=\"tab-title-description\">\n<div class=\"tab-panels\">\n<div id=\"tab-description\" class=\"woocommerce-Tabs-panel woocommerce-Tabs-panel--description panel entry-content active\" role=\"tabpanel\" aria-labelledby=\"tab-title-description\">\n<p>RECARO Xenon 1 n\u00fdjasti barnab\u00edlst\u00f3llinn fr\u00e1 \u00feessum heims\u00feekkta \u00fe\u00fdska\u00a0 framlei\u00f0anda.\u00a0 Sameinar n\u00fdjustu t\u00e6kni og h\u00f6nnun \u00ed uppbyggingu h\u00f6ggdempunar kerfa.\u00a0 St\u00f3llinn tryggir \u00f6ryggi og \u00fe\u00e6gindi fyrir b\u00f6rn a\u00f0 7\u00e1ra, 360\u00b0 sn\u00faingsm\u00f6guleikinn einfaldar alla umgengni og notkun.\u00a0 St\u00f3lnum fylgir innlegg fyrir n\u00fdbura, mj\u00fakt \u00e1kl\u00e6\u00f0i\u00f0 og \u00f6ndurnarkerfi\u00f0 er me\u00f0 einstaka loftunareiginleika og er um lei\u00f0 r\u00famgott. Xenon 1 uppfyllir b\u00e6\u00f0i \u00fe\u00e6gindi og virkni.<\/p>\n<ul>\n<li>\u00c1kl\u00e6\u00f0i\u00f0 er h\u00e6gt a\u00f0 \u00fevo \u00fea\u00f0 uppfyllir Hoenstein OEKO \u2013 Tex og er m\u00fakt vi\u00f0komu.<\/li>\n<li>Breytilegt n\u00fdbura innleg me\u00f0 dempunar svampi tryggir h\u00e1marks v\u00f6rn og \u00fe\u00e6gindi.<\/li>\n<li>Hallastilling a\u00f0 135\u00b0 framv\u00edsandi og 165\u00b0 bakv\u00edsandi<\/li>\n<li>Trapisul\u00f6gu\u00f0 hli\u00f0ar h\u00f6ggv\u00f6rn sem er h\u00f3lfaskipt dempar \u00e1 \u00f6ruggan h\u00e1tt hli\u00f0ar h\u00f6gg og l\u00e1gmarkar h\u00e6ttu \u00e1 mei\u00f0slum.<\/li>\n<li>Beltin erum \u00fatb\u00fain \u00feannig a\u00f0 au\u00f0velt er a\u00f0 spenna og smella, sj\u00e1lf standandi kerfi.<\/li>\n<li>B\u00fain \u00f6ndurnar efnum sem tryggja g\u00f3\u00f0a loftun \u00e1 heitum d\u00f6gum.<\/li>\n<li>\u00d6ryggisl\u00e6sing, ef stillt er a\u00b4&lt;15m\u00e1na\u00f0 er t.d. ekki h\u00e6gt a\u00f0 sn\u00faa st\u00f3lnum \u00ed framv\u00edsandi st\u00f6\u00f0u.<\/li>\n<li>L\u00e9ttbygg\u00f0ur og au\u00f0veldur me\u00f0f\u00f6rum fyrir foreldra, endingargott \u00e1kl\u00e6\u00f0i og \u00fathugsu\u00f0 h\u00f6nnun Xenon 1.<\/li>\n<\/ul>\n<\/div>\n<\/div>\n<\/div>\n<\/div>\n<\/div>\n<\/div>","protected":false},"excerpt":{"rendered":"<p>RECARO Xenon 1 n\u00fdjasti barnab\u00edlst\u00f3llinn fr\u00e1 \u00feessum heims\u00feekkta \u00fe\u00fdska framlei\u00f0anda. Sameinar n\u00fdjustu t\u00e6kni og h\u00f6nnun \u00ed uppbyggingu h\u00f6ggdempunar kerfa. St\u00f3llinn tryggir \u00f6ryggi og \u00fe\u00e6gindi fyrir b\u00f6rn a\u00f0 7\u00e1ra, 360\u00b0 sn\u00faingsm\u00f6guleikinn einfaldar alla umgengni og notkun. St\u00f3lnum fylgir innlegg fyrir n\u00fdbura, mj\u00fakt \u00e1kl\u00e6\u00f0i\u00f0 og \u00f6ndurnarkerfi\u00f0 er me\u00f0 einstaka loftunareiginleika og er um lei\u00f0 r\u00famgott. Xenon 1 uppfyllir b\u00e6\u00f0i \u00fe\u00e6gindi og virkni.<\/p>","protected":false},"featured_media":15786,"template":"","meta":[],"product_brand":[8058],"product_cat":[8005],"product_tag":[],"class_list":{"0":"post-15784","1":"product","2":"type-product","3":"status-publish","4":"has-post-thumbnail","6":"product_brand-recaro-child-saferty","7":"product_cat-barnabilstolar","9":"first","10":"instock","11":"shipping-taxable","12":"product-type-simple"},"yoast_head":"<!-- This site is optimized with the Yoast SEO plugin v27.4 - https:\/\/yoast.com\/product\/yoast-seo-wordpress\/ -->\n<title>RECARO Xenon 1, 40-125cm, 0-7\u00e1ra Orange b\u00edlst\u00f3ll - B&iacute;lasmi&eth;urinn<\/title>\n<meta name=\"robots\" content=\"index, follow, max-snippet:-1, max-image-preview:large, max-video-preview:-1\" \/>\n<link rel=\"canonical\" href=\"https:\/\/bilasmidurinn.is\/pl\/vefverslun\/barnabilstolar\/recaro-xenon-1-40-125cm-0-7ara-orange-bilstoll\/\" \/>\n<meta property=\"og:locale\" content=\"pl_PL\" \/>\n<meta property=\"og:type\" content=\"article\" \/>\n<meta property=\"og:title\" content=\"RECARO Xenon 1, 40-125cm, 0-7\u00e1ra Orange b\u00edlst\u00f3ll - B&iacute;lasmi&eth;urinn\" \/>\n<meta property=\"og:description\" content=\"RECARO Xenon 1 n\u00fdjasti barnab\u00edlst\u00f3llinn fr\u00e1 \u00feessum heims\u00feekkta \u00fe\u00fdska framlei\u00f0anda. Sameinar n\u00fdjustu t\u00e6kni og h\u00f6nnun \u00ed uppbyggingu h\u00f6ggdempunar kerfa. St\u00f3llinn tryggir \u00f6ryggi og \u00fe\u00e6gindi fyrir b\u00f6rn a\u00f0 7\u00e1ra, 360\u00b0 sn\u00faingsm\u00f6guleikinn einfaldar alla umgengni og notkun. St\u00f3lnum fylgir innlegg fyrir n\u00fdbura, mj\u00fakt \u00e1kl\u00e6\u00f0i\u00f0 og \u00f6ndurnarkerfi\u00f0 er me\u00f0 einstaka loftunareiginleika og er um lei\u00f0 r\u00famgott. Xenon 1 uppfyllir b\u00e6\u00f0i \u00fe\u00e6gindi og virkni.\" \/>\n<meta property=\"og:url\" content=\"https:\/\/bilasmidurinn.is\/pl\/vefverslun\/barnabilstolar\/recaro-xenon-1-40-125cm-0-7ara-orange-bilstoll\/\" \/>\n<meta property=\"og:site_name\" content=\"B&iacute;lasmi&eth;urinn\" \/>\n<meta property=\"og:image\" content=\"https:\/\/bilasmidurinn.is\/wp-content\/uploads\/2026\/01\/3xZjXw0Q-1024x1024.png\" \/>\n\t<meta property=\"og:image:width\" content=\"1024\" \/>\n\t<meta property=\"og:image:height\" content=\"1024\" \/>\n\t<meta property=\"og:image:type\" content=\"image\/png\" \/>\n<meta name=\"twitter:card\" content=\"summary_large_image\" \/>\n<meta name=\"twitter:label1\" content=\"Szacowany czas czytania\" \/>\n\t<meta name=\"twitter:data1\" content=\"2 minuty\" \/>\n<script type=\"application\/ld+json\" class=\"yoast-schema-graph\">{\"@context\":\"https:\\\/\\\/schema.org\",\"@graph\":[{\"@type\":\"WebPage\",\"@id\":\"https:\\\/\\\/bilasmidurinn.is\\\/vefverslun\\\/barnabilstolar\\\/recaro-xenon-1-40-125cm-0-7ara-orange-bilstoll\\\/\",\"url\":\"https:\\\/\\\/bilasmidurinn.is\\\/vefverslun\\\/barnabilstolar\\\/recaro-xenon-1-40-125cm-0-7ara-orange-bilstoll\\\/\",\"name\":\"RECARO Xenon 1, 40-125cm, 0-7\u00e1ra Orange b\u00edlst\u00f3ll - B&iacute;lasmi&eth;urinn\",\"isPartOf\":{\"@id\":\"https:\\\/\\\/bilasmidurinn.is\\\/#website\"},\"primaryImageOfPage\":{\"@id\":\"https:\\\/\\\/bilasmidurinn.is\\\/vefverslun\\\/barnabilstolar\\\/recaro-xenon-1-40-125cm-0-7ara-orange-bilstoll\\\/#primaryimage\"},\"image\":{\"@id\":\"https:\\\/\\\/bilasmidurinn.is\\\/vefverslun\\\/barnabilstolar\\\/recaro-xenon-1-40-125cm-0-7ara-orange-bilstoll\\\/#primaryimage\"},\"thumbnailUrl\":\"https:\\\/\\\/bilasmidurinn.is\\\/wp-content\\\/uploads\\\/2026\\\/01\\\/3xZjXw0Q-scaled.png\",\"datePublished\":\"2026-01-26T18:07:12+00:00\",\"breadcrumb\":{\"@id\":\"https:\\\/\\\/bilasmidurinn.is\\\/vefverslun\\\/barnabilstolar\\\/recaro-xenon-1-40-125cm-0-7ara-orange-bilstoll\\\/#breadcrumb\"},\"inLanguage\":\"pl-PL\",\"potentialAction\":[{\"@type\":\"ReadAction\",\"target\":[\"https:\\\/\\\/bilasmidurinn.is\\\/vefverslun\\\/barnabilstolar\\\/recaro-xenon-1-40-125cm-0-7ara-orange-bilstoll\\\/\"]}]},{\"@type\":\"ImageObject\",\"inLanguage\":\"pl-PL\",\"@id\":\"https:\\\/\\\/bilasmidurinn.is\\\/vefverslun\\\/barnabilstolar\\\/recaro-xenon-1-40-125cm-0-7ara-orange-bilstoll\\\/#primaryimage\",\"url\":\"https:\\\/\\\/bilasmidurinn.is\\\/wp-content\\\/uploads\\\/2026\\\/01\\\/3xZjXw0Q-scaled.png\",\"contentUrl\":\"https:\\\/\\\/bilasmidurinn.is\\\/wp-content\\\/uploads\\\/2026\\\/01\\\/3xZjXw0Q-scaled.png\",\"width\":2560,\"height\":2560},{\"@type\":\"BreadcrumbList\",\"@id\":\"https:\\\/\\\/bilasmidurinn.is\\\/vefverslun\\\/barnabilstolar\\\/recaro-xenon-1-40-125cm-0-7ara-orange-bilstoll\\\/#breadcrumb\",\"itemListElement\":[{\"@type\":\"ListItem\",\"position\":1,\"name\":\"Home\",\"item\":\"https:\\\/\\\/bilasmidurinn.is\\\/\"},{\"@type\":\"ListItem\",\"position\":2,\"name\":\"V\u00f6rur \u00ed verslun\",\"item\":\"https:\\\/\\\/bilasmidurinn.is\\\/vefverslun\\\/\"},{\"@type\":\"ListItem\",\"position\":3,\"name\":\"RECARO Xenon 1, 40-125cm, 0-7\u00e1ra Orange b\u00edlst\u00f3ll\"}]},{\"@type\":\"WebSite\",\"@id\":\"https:\\\/\\\/bilasmidurinn.is\\\/#website\",\"url\":\"https:\\\/\\\/bilasmidurinn.is\\\/\",\"name\":\"B&iacute;lasmi&eth;urinn\",\"description\":\"All sem &thorn;&uacute; &thorn;arft &iacute; t&aelig;ki&eth;\",\"potentialAction\":[{\"@type\":\"SearchAction\",\"target\":{\"@type\":\"EntryPoint\",\"urlTemplate\":\"https:\\\/\\\/bilasmidurinn.is\\\/?s={search_term_string}\"},\"query-input\":{\"@type\":\"PropertyValueSpecification\",\"valueRequired\":true,\"valueName\":\"search_term_string\"}}],\"inLanguage\":\"pl-PL\"}]}<\/script>\n<!-- \/ Yoast SEO plugin. -->","yoast_head_json":{"title":"RECARO Xenon 1, 40-125cm, 0-7\u00e1ra Orange b\u00edlst\u00f3ll - B&iacute;lasmi&eth;urinn","robots":{"index":"index","follow":"follow","max-snippet":"max-snippet:-1","max-image-preview":"max-image-preview:large","max-video-preview":"max-video-preview:-1"},"canonical":"https:\/\/bilasmidurinn.is\/pl\/vefverslun\/barnabilstolar\/recaro-xenon-1-40-125cm-0-7ara-orange-bilstoll\/","og_locale":"pl_PL","og_type":"article","og_title":"RECARO Xenon 1, 40-125cm, 0-7\u00e1ra Orange b\u00edlst\u00f3ll - B&iacute;lasmi&eth;urinn","og_description":"RECARO Xenon 1 n\u00fdjasti barnab\u00edlst\u00f3llinn fr\u00e1 \u00feessum heims\u00feekkta \u00fe\u00fdska framlei\u00f0anda. Sameinar n\u00fdjustu t\u00e6kni og h\u00f6nnun \u00ed uppbyggingu h\u00f6ggdempunar kerfa. St\u00f3llinn tryggir \u00f6ryggi og \u00fe\u00e6gindi fyrir b\u00f6rn a\u00f0 7\u00e1ra, 360\u00b0 sn\u00faingsm\u00f6guleikinn einfaldar alla umgengni og notkun. St\u00f3lnum fylgir innlegg fyrir n\u00fdbura, mj\u00fakt \u00e1kl\u00e6\u00f0i\u00f0 og \u00f6ndurnarkerfi\u00f0 er me\u00f0 einstaka loftunareiginleika og er um lei\u00f0 r\u00famgott. Xenon 1 uppfyllir b\u00e6\u00f0i \u00fe\u00e6gindi og virkni.","og_url":"https:\/\/bilasmidurinn.is\/pl\/vefverslun\/barnabilstolar\/recaro-xenon-1-40-125cm-0-7ara-orange-bilstoll\/","og_site_name":"B&iacute;lasmi&eth;urinn","og_image":[{"width":1024,"height":1024,"url":"https:\/\/bilasmidurinn.is\/wp-content\/uploads\/2026\/01\/3xZjXw0Q-1024x1024.png","type":"image\/png"}],"twitter_card":"summary_large_image","twitter_misc":{"Szacowany czas czytania":"2 minuty"},"schema":{"@context":"https:\/\/schema.org","@graph":[{"@type":"WebPage","@id":"https:\/\/bilasmidurinn.is\/vefverslun\/barnabilstolar\/recaro-xenon-1-40-125cm-0-7ara-orange-bilstoll\/","url":"https:\/\/bilasmidurinn.is\/vefverslun\/barnabilstolar\/recaro-xenon-1-40-125cm-0-7ara-orange-bilstoll\/","name":"RECARO Xenon 1, 40-125cm, 0-7\u00e1ra Orange b\u00edlst\u00f3ll - B&iacute;lasmi&eth;urinn","isPartOf":{"@id":"https:\/\/bilasmidurinn.is\/#website"},"primaryImageOfPage":{"@id":"https:\/\/bilasmidurinn.is\/vefverslun\/barnabilstolar\/recaro-xenon-1-40-125cm-0-7ara-orange-bilstoll\/#primaryimage"},"image":{"@id":"https:\/\/bilasmidurinn.is\/vefverslun\/barnabilstolar\/recaro-xenon-1-40-125cm-0-7ara-orange-bilstoll\/#primaryimage"},"thumbnailUrl":"https:\/\/bilasmidurinn.is\/wp-content\/uploads\/2026\/01\/3xZjXw0Q-scaled.png","datePublished":"2026-01-26T18:07:12+00:00","breadcrumb":{"@id":"https:\/\/bilasmidurinn.is\/vefverslun\/barnabilstolar\/recaro-xenon-1-40-125cm-0-7ara-orange-bilstoll\/#breadcrumb"},"inLanguage":"pl-PL","potentialAction":[{"@type":"ReadAction","target":["https:\/\/bilasmidurinn.is\/vefverslun\/barnabilstolar\/recaro-xenon-1-40-125cm-0-7ara-orange-bilstoll\/"]}]},{"@type":"ImageObject","inLanguage":"pl-PL","@id":"https:\/\/bilasmidurinn.is\/vefverslun\/barnabilstolar\/recaro-xenon-1-40-125cm-0-7ara-orange-bilstoll\/#primaryimage","url":"https:\/\/bilasmidurinn.is\/wp-content\/uploads\/2026\/01\/3xZjXw0Q-scaled.png","contentUrl":"https:\/\/bilasmidurinn.is\/wp-content\/uploads\/2026\/01\/3xZjXw0Q-scaled.png","width":2560,"height":2560},{"@type":"BreadcrumbList","@id":"https:\/\/bilasmidurinn.is\/vefverslun\/barnabilstolar\/recaro-xenon-1-40-125cm-0-7ara-orange-bilstoll\/#breadcrumb","itemListElement":[{"@type":"ListItem","position":1,"name":"Home","item":"https:\/\/bilasmidurinn.is\/"},{"@type":"ListItem","position":2,"name":"V\u00f6rur \u00ed verslun","item":"https:\/\/bilasmidurinn.is\/vefverslun\/"},{"@type":"ListItem","position":3,"name":"RECARO Xenon 1, 40-125cm, 0-7\u00e1ra Orange b\u00edlst\u00f3ll"}]},{"@type":"WebSite","@id":"https:\/\/bilasmidurinn.is\/#website","url":"https:\/\/bilasmidurinn.is\/","name":"B&iacute;lasmi&eth;urinn","description":"All sem &thorn;&uacute; &thorn;arft &iacute; t&aelig;ki&eth;","potentialAction":[{"@type":"SearchAction","target":{"@type":"EntryPoint","urlTemplate":"https:\/\/bilasmidurinn.is\/?s={search_term_string}"},"query-input":{"@type":"PropertyValueSpecification","valueRequired":true,"valueName":"search_term_string"}}],"inLanguage":"pl-PL"}]}},"_links":{"self":[{"href":"https:\/\/bilasmidurinn.is\/pl\/wp-json\/wp\/v2\/product\/15784","targetHints":{"allow":["GET"]}}],"collection":[{"href":"https:\/\/bilasmidurinn.is\/pl\/wp-json\/wp\/v2\/product"}],"about":[{"href":"https:\/\/bilasmidurinn.is\/pl\/wp-json\/wp\/v2\/types\/product"}],"wp:featuredmedia":[{"embeddable":true,"href":"https:\/\/bilasmidurinn.is\/pl\/wp-json\/wp\/v2\/media\/15786"}],"wp:attachment":[{"href":"https:\/\/bilasmidurinn.is\/pl\/wp-json\/wp\/v2\/media?parent=15784"}],"wp:term":[{"taxonomy":"product_brand","embeddable":true,"href":"https:\/\/bilasmidurinn.is\/pl\/wp-json\/wp\/v2\/product_brand?post=15784"},{"taxonomy":"product_cat","embeddable":true,"href":"https:\/\/bilasmidurinn.is\/pl\/wp-json\/wp\/v2\/product_cat?post=15784"},{"taxonomy":"product_tag","embeddable":true,"href":"https:\/\/bilasmidurinn.is\/pl\/wp-json\/wp\/v2\/product_tag?post=15784"}],"curies":[{"name":"wp","href":"https:\/\/api.w.org\/{rel}","templated":true}]}}