{"id":15643,"date":"2025-06-19T17:45:54","date_gmt":"2025-06-19T17:45:54","guid":{"rendered":"https:\/\/bilasmidurinn.is\/?post_type=product&#038;p=15643"},"modified":"2025-06-19T17:45:55","modified_gmt":"2025-06-19T17:45:55","slug":"isskapur-85l-black-line-12-24v-med-kaelipressu","status":"publish","type":"product","link":"https:\/\/bilasmidurinn.is\/pl\/vefverslun\/oflokkad\/isskapur-85l-black-line-12-24v-med-kaelipressu\/","title":{"rendered":"\u00cdssk\u00e1pur 85L Black line 12\/24v me\u00f0 k\u00e6lipressu"},"content":{"rendered":"<p>\u00cdssk\u00e1pur me\u00f0 frystih\u00f3lfi 85L\u00a0 me\u00f0 k\u00e6lipressu,\u00a0 12\/24v, h\u00e6gt a\u00f0 v\u00edxla hur\u00f0 en kemur me\u00f0 h\u00e6gri opnun. S\u00e9rstaklega sparneytinn.<\/p>\n<p>80L<\/p>\n<p>21,5kg<\/p>\n<p>Orku\u00fe\u00f6rf pr. 24klst.\u00a0 c.a. 386w<\/p>\n<p>&nbsp;<\/p>","protected":false},"excerpt":{"rendered":"<p>\u00cdssk\u00e1pur 85L me\u00f0 k\u00e6lipressu 12\/24\u00a0 6L frystih\u00f3lf. Sparneytinn<\/p>","protected":false},"featured_media":15644,"template":"","meta":[],"product_brand":[8061],"product_cat":[8041],"product_tag":[],"class_list":{"0":"post-15643","1":"product","2":"type-product","3":"status-publish","4":"has-post-thumbnail","6":"product_brand-indelb","7":"product_cat-oflokkad","9":"first","10":"instock","11":"shipping-taxable","12":"product-type-simple"},"yoast_head":"<!-- This site is optimized with the Yoast SEO plugin v27.4 - https:\/\/yoast.com\/product\/yoast-seo-wordpress\/ -->\n<title>\u00cdssk\u00e1pur 85L Black line 12\/24v me\u00f0 k\u00e6lipressu - B&iacute;lasmi&eth;urinn<\/title>\n<meta name=\"robots\" content=\"index, follow, max-snippet:-1, max-image-preview:large, max-video-preview:-1\" \/>\n<link rel=\"canonical\" href=\"https:\/\/bilasmidurinn.is\/pl\/vefverslun\/oflokkad\/isskapur-85l-black-line-12-24v-med-kaelipressu\/\" \/>\n<meta property=\"og:locale\" content=\"pl_PL\" \/>\n<meta property=\"og:type\" content=\"article\" \/>\n<meta property=\"og:title\" content=\"\u00cdssk\u00e1pur 85L Black line 12\/24v me\u00f0 k\u00e6lipressu - B&iacute;lasmi&eth;urinn\" \/>\n<meta property=\"og:description\" content=\"\u00cdssk\u00e1pur 85L me\u00f0 k\u00e6lipressu 12\/24\u00a0 6L frystih\u00f3lf. Sparneytinn\" \/>\n<meta property=\"og:url\" content=\"https:\/\/bilasmidurinn.is\/pl\/vefverslun\/oflokkad\/isskapur-85l-black-line-12-24v-med-kaelipressu\/\" \/>\n<meta property=\"og:site_name\" content=\"B&iacute;lasmi&eth;urinn\" \/>\n<meta property=\"article:modified_time\" content=\"2025-06-19T17:45:55+00:00\" \/>\n<meta property=\"og:image\" content=\"https:\/\/bilasmidurinn.is\/wp-content\/uploads\/2025\/06\/cr85-1.webp\" \/>\n\t<meta property=\"og:image:width\" content=\"1920\" \/>\n\t<meta property=\"og:image:height\" content=\"1200\" \/>\n\t<meta property=\"og:image:type\" content=\"image\/webp\" \/>\n<meta name=\"twitter:card\" content=\"summary_large_image\" \/>\n<meta name=\"twitter:label1\" content=\"Szacowany czas czytania\" \/>\n\t<meta name=\"twitter:data1\" content=\"1 minuta\" \/>\n<script type=\"application\/ld+json\" class=\"yoast-schema-graph\">{\"@context\":\"https:\\\/\\\/schema.org\",\"@graph\":[{\"@type\":\"WebPage\",\"@id\":\"https:\\\/\\\/bilasmidurinn.is\\\/vefverslun\\\/oflokkad\\\/isskapur-85l-black-line-12-24v-med-kaelipressu\\\/\",\"url\":\"https:\\\/\\\/bilasmidurinn.is\\\/vefverslun\\\/oflokkad\\\/isskapur-85l-black-line-12-24v-med-kaelipressu\\\/\",\"name\":\"\u00cdssk\u00e1pur 85L Black line 12\\\/24v me\u00f0 k\u00e6lipressu - B&iacute;lasmi&eth;urinn\",\"isPartOf\":{\"@id\":\"https:\\\/\\\/bilasmidurinn.is\\\/#website\"},\"primaryImageOfPage\":{\"@id\":\"https:\\\/\\\/bilasmidurinn.is\\\/vefverslun\\\/oflokkad\\\/isskapur-85l-black-line-12-24v-med-kaelipressu\\\/#primaryimage\"},\"image\":{\"@id\":\"https:\\\/\\\/bilasmidurinn.is\\\/vefverslun\\\/oflokkad\\\/isskapur-85l-black-line-12-24v-med-kaelipressu\\\/#primaryimage\"},\"thumbnailUrl\":\"https:\\\/\\\/bilasmidurinn.is\\\/wp-content\\\/uploads\\\/2025\\\/06\\\/cr85-1.webp\",\"datePublished\":\"2025-06-19T17:45:54+00:00\",\"dateModified\":\"2025-06-19T17:45:55+00:00\",\"breadcrumb\":{\"@id\":\"https:\\\/\\\/bilasmidurinn.is\\\/vefverslun\\\/oflokkad\\\/isskapur-85l-black-line-12-24v-med-kaelipressu\\\/#breadcrumb\"},\"inLanguage\":\"pl-PL\",\"potentialAction\":[{\"@type\":\"ReadAction\",\"target\":[\"https:\\\/\\\/bilasmidurinn.is\\\/vefverslun\\\/oflokkad\\\/isskapur-85l-black-line-12-24v-med-kaelipressu\\\/\"]}]},{\"@type\":\"ImageObject\",\"inLanguage\":\"pl-PL\",\"@id\":\"https:\\\/\\\/bilasmidurinn.is\\\/vefverslun\\\/oflokkad\\\/isskapur-85l-black-line-12-24v-med-kaelipressu\\\/#primaryimage\",\"url\":\"https:\\\/\\\/bilasmidurinn.is\\\/wp-content\\\/uploads\\\/2025\\\/06\\\/cr85-1.webp\",\"contentUrl\":\"https:\\\/\\\/bilasmidurinn.is\\\/wp-content\\\/uploads\\\/2025\\\/06\\\/cr85-1.webp\",\"width\":1920,\"height\":1200},{\"@type\":\"BreadcrumbList\",\"@id\":\"https:\\\/\\\/bilasmidurinn.is\\\/vefverslun\\\/oflokkad\\\/isskapur-85l-black-line-12-24v-med-kaelipressu\\\/#breadcrumb\",\"itemListElement\":[{\"@type\":\"ListItem\",\"position\":1,\"name\":\"Home\",\"item\":\"https:\\\/\\\/bilasmidurinn.is\\\/\"},{\"@type\":\"ListItem\",\"position\":2,\"name\":\"V\u00f6rur \u00ed verslun\",\"item\":\"https:\\\/\\\/bilasmidurinn.is\\\/vefverslun\\\/\"},{\"@type\":\"ListItem\",\"position\":3,\"name\":\"\u00cdssk\u00e1pur 85L Black line 12\\\/24v me\u00f0 k\u00e6lipressu\"}]},{\"@type\":\"WebSite\",\"@id\":\"https:\\\/\\\/bilasmidurinn.is\\\/#website\",\"url\":\"https:\\\/\\\/bilasmidurinn.is\\\/\",\"name\":\"B&iacute;lasmi&eth;urinn\",\"description\":\"All sem &thorn;&uacute; &thorn;arft &iacute; t&aelig;ki&eth;\",\"potentialAction\":[{\"@type\":\"SearchAction\",\"target\":{\"@type\":\"EntryPoint\",\"urlTemplate\":\"https:\\\/\\\/bilasmidurinn.is\\\/?s={search_term_string}\"},\"query-input\":{\"@type\":\"PropertyValueSpecification\",\"valueRequired\":true,\"valueName\":\"search_term_string\"}}],\"inLanguage\":\"pl-PL\"}]}<\/script>\n<!-- \/ Yoast SEO plugin. -->","yoast_head_json":{"title":"\u00cdssk\u00e1pur 85L Black line 12\/24v me\u00f0 k\u00e6lipressu - B&iacute;lasmi&eth;urinn","robots":{"index":"index","follow":"follow","max-snippet":"max-snippet:-1","max-image-preview":"max-image-preview:large","max-video-preview":"max-video-preview:-1"},"canonical":"https:\/\/bilasmidurinn.is\/pl\/vefverslun\/oflokkad\/isskapur-85l-black-line-12-24v-med-kaelipressu\/","og_locale":"pl_PL","og_type":"article","og_title":"\u00cdssk\u00e1pur 85L Black line 12\/24v me\u00f0 k\u00e6lipressu - B&iacute;lasmi&eth;urinn","og_description":"\u00cdssk\u00e1pur 85L me\u00f0 k\u00e6lipressu 12\/24\u00a0 6L frystih\u00f3lf. Sparneytinn","og_url":"https:\/\/bilasmidurinn.is\/pl\/vefverslun\/oflokkad\/isskapur-85l-black-line-12-24v-med-kaelipressu\/","og_site_name":"B&iacute;lasmi&eth;urinn","article_modified_time":"2025-06-19T17:45:55+00:00","og_image":[{"width":1920,"height":1200,"url":"https:\/\/bilasmidurinn.is\/wp-content\/uploads\/2025\/06\/cr85-1.webp","type":"image\/webp"}],"twitter_card":"summary_large_image","twitter_misc":{"Szacowany czas czytania":"1 minuta"},"schema":{"@context":"https:\/\/schema.org","@graph":[{"@type":"WebPage","@id":"https:\/\/bilasmidurinn.is\/vefverslun\/oflokkad\/isskapur-85l-black-line-12-24v-med-kaelipressu\/","url":"https:\/\/bilasmidurinn.is\/vefverslun\/oflokkad\/isskapur-85l-black-line-12-24v-med-kaelipressu\/","name":"\u00cdssk\u00e1pur 85L Black line 12\/24v me\u00f0 k\u00e6lipressu - B&iacute;lasmi&eth;urinn","isPartOf":{"@id":"https:\/\/bilasmidurinn.is\/#website"},"primaryImageOfPage":{"@id":"https:\/\/bilasmidurinn.is\/vefverslun\/oflokkad\/isskapur-85l-black-line-12-24v-med-kaelipressu\/#primaryimage"},"image":{"@id":"https:\/\/bilasmidurinn.is\/vefverslun\/oflokkad\/isskapur-85l-black-line-12-24v-med-kaelipressu\/#primaryimage"},"thumbnailUrl":"https:\/\/bilasmidurinn.is\/wp-content\/uploads\/2025\/06\/cr85-1.webp","datePublished":"2025-06-19T17:45:54+00:00","dateModified":"2025-06-19T17:45:55+00:00","breadcrumb":{"@id":"https:\/\/bilasmidurinn.is\/vefverslun\/oflokkad\/isskapur-85l-black-line-12-24v-med-kaelipressu\/#breadcrumb"},"inLanguage":"pl-PL","potentialAction":[{"@type":"ReadAction","target":["https:\/\/bilasmidurinn.is\/vefverslun\/oflokkad\/isskapur-85l-black-line-12-24v-med-kaelipressu\/"]}]},{"@type":"ImageObject","inLanguage":"pl-PL","@id":"https:\/\/bilasmidurinn.is\/vefverslun\/oflokkad\/isskapur-85l-black-line-12-24v-med-kaelipressu\/#primaryimage","url":"https:\/\/bilasmidurinn.is\/wp-content\/uploads\/2025\/06\/cr85-1.webp","contentUrl":"https:\/\/bilasmidurinn.is\/wp-content\/uploads\/2025\/06\/cr85-1.webp","width":1920,"height":1200},{"@type":"BreadcrumbList","@id":"https:\/\/bilasmidurinn.is\/vefverslun\/oflokkad\/isskapur-85l-black-line-12-24v-med-kaelipressu\/#breadcrumb","itemListElement":[{"@type":"ListItem","position":1,"name":"Home","item":"https:\/\/bilasmidurinn.is\/"},{"@type":"ListItem","position":2,"name":"V\u00f6rur \u00ed verslun","item":"https:\/\/bilasmidurinn.is\/vefverslun\/"},{"@type":"ListItem","position":3,"name":"\u00cdssk\u00e1pur 85L Black line 12\/24v me\u00f0 k\u00e6lipressu"}]},{"@type":"WebSite","@id":"https:\/\/bilasmidurinn.is\/#website","url":"https:\/\/bilasmidurinn.is\/","name":"B&iacute;lasmi&eth;urinn","description":"All sem &thorn;&uacute; &thorn;arft &iacute; t&aelig;ki&eth;","potentialAction":[{"@type":"SearchAction","target":{"@type":"EntryPoint","urlTemplate":"https:\/\/bilasmidurinn.is\/?s={search_term_string}"},"query-input":{"@type":"PropertyValueSpecification","valueRequired":true,"valueName":"search_term_string"}}],"inLanguage":"pl-PL"}]}},"_links":{"self":[{"href":"https:\/\/bilasmidurinn.is\/pl\/wp-json\/wp\/v2\/product\/15643","targetHints":{"allow":["GET"]}}],"collection":[{"href":"https:\/\/bilasmidurinn.is\/pl\/wp-json\/wp\/v2\/product"}],"about":[{"href":"https:\/\/bilasmidurinn.is\/pl\/wp-json\/wp\/v2\/types\/product"}],"wp:featuredmedia":[{"embeddable":true,"href":"https:\/\/bilasmidurinn.is\/pl\/wp-json\/wp\/v2\/media\/15644"}],"wp:attachment":[{"href":"https:\/\/bilasmidurinn.is\/pl\/wp-json\/wp\/v2\/media?parent=15643"}],"wp:term":[{"taxonomy":"product_brand","embeddable":true,"href":"https:\/\/bilasmidurinn.is\/pl\/wp-json\/wp\/v2\/product_brand?post=15643"},{"taxonomy":"product_cat","embeddable":true,"href":"https:\/\/bilasmidurinn.is\/pl\/wp-json\/wp\/v2\/product_cat?post=15643"},{"taxonomy":"product_tag","embeddable":true,"href":"https:\/\/bilasmidurinn.is\/pl\/wp-json\/wp\/v2\/product_tag?post=15643"}],"curies":[{"name":"wp","href":"https:\/\/api.w.org\/{rel}","templated":true}]}}