{"id":15618,"date":"2025-06-02T15:29:50","date_gmt":"2025-06-02T15:29:50","guid":{"rendered":"https:\/\/bilasmidurinn.is\/?post_type=product&#038;p=15618"},"modified":"2025-06-02T15:31:46","modified_gmt":"2025-06-02T15:31:46","slug":"recaro-salia-125-kid-360-i-size-barnabilstoll-steel-blue","status":"publish","type":"product","link":"https:\/\/bilasmidurinn.is\/pl\/vefverslun\/barnabilstolar\/recaro-salia-125-kid-360-i-size-barnabilstoll-steel-blue\/","title":{"rendered":"RECARO SALIA 125 Kid 360\u00b0 i-Size barnab\u00edlst\u00f3ll Steel Blue"},"content":{"rendered":"<p>Recaro Salia 125 Kid einn s\u00e1 fullkomnasti fr\u00e1 RECARO fyrir 3m\u00e1na\u00f0a til 7\u00e1ra b\u00f6rn, (61-125cm) h\u00e6gt a\u00f0 nota bakv\u00edsandi og framv\u00edsandi. Einstaklega g\u00f3\u00f0 \u00f6ndun og vanda\u00f0 \u00e1kl\u00e6\u00f0i \u00ed h\u00e6sta g\u00e6\u00f0aflokki. St\u00f3llinn er me\u00f0 Isofix i-Size og SAP dempunar hli\u00f0arv\u00f6rnum, RECARO einkaleyfisv\u00f6r\u00f0u HERO \u00f6ryggiskerfi og 360\u00b0 sn\u00faingsbottni, h\u00e6gt a\u00f0 breyta hallastillingu \u00e1 \u00fe\u00e6gilegan h\u00e1tt. Au\u00f0velt a\u00f0 h\u00e6kka s\u00e6tis baki\u00f0 \u00ed r\u00e9tta h\u00e6\u00f0 og stilla beltin, 5punkta \u00f6ryggisbeltin notast upp a\u00f0 105cm l\u00edkamsh\u00e6\u00f0 s\u00ed\u00f0an 3punkta \u00f6ryggisbelti b\u00edlsins a\u00f0 125cm.<\/p>","protected":false},"excerpt":{"rendered":"<p>RECARO SALIA 125 Kid i-Size b\u00edlst\u00f3ll 360\u00b0 Steel Blue<\/p>","protected":false},"featured_media":15594,"template":"","meta":[],"product_brand":[8058],"product_cat":[8005],"product_tag":[],"class_list":{"0":"post-15618","1":"product","2":"type-product","3":"status-publish","4":"has-post-thumbnail","6":"product_brand-recaro-child-saferty","7":"product_cat-barnabilstolar","9":"first","10":"instock","11":"shipping-taxable","12":"product-type-simple"},"yoast_head":"<!-- This site is optimized with the Yoast SEO plugin v27.4 - https:\/\/yoast.com\/product\/yoast-seo-wordpress\/ -->\n<title>RECARO SALIA 125 Kid 360\u00b0 i-Size barnab\u00edlst\u00f3ll Steel Blue - B&iacute;lasmi&eth;urinn<\/title>\n<meta name=\"robots\" content=\"index, follow, max-snippet:-1, max-image-preview:large, max-video-preview:-1\" \/>\n<link rel=\"canonical\" href=\"https:\/\/bilasmidurinn.is\/pl\/vefverslun\/barnabilstolar\/recaro-salia-125-kid-360-i-size-barnabilstoll-steel-blue\/\" \/>\n<meta property=\"og:locale\" content=\"pl_PL\" \/>\n<meta property=\"og:type\" content=\"article\" \/>\n<meta property=\"og:title\" content=\"RECARO SALIA 125 Kid 360\u00b0 i-Size barnab\u00edlst\u00f3ll Steel Blue - B&iacute;lasmi&eth;urinn\" \/>\n<meta property=\"og:description\" content=\"RECARO SALIA 125 Kid i-Size b\u00edlst\u00f3ll 360\u00b0 Steel Blue\" \/>\n<meta property=\"og:url\" content=\"https:\/\/bilasmidurinn.is\/pl\/vefverslun\/barnabilstolar\/recaro-salia-125-kid-360-i-size-barnabilstoll-steel-blue\/\" \/>\n<meta property=\"og:site_name\" content=\"B&iacute;lasmi&eth;urinn\" \/>\n<meta property=\"article:modified_time\" content=\"2025-06-02T15:31:46+00:00\" \/>\n<meta property=\"og:image\" content=\"https:\/\/bilasmidurinn.is\/wp-content\/uploads\/2025\/06\/eKMhLmTA.jpeg\" \/>\n\t<meta property=\"og:image:width\" content=\"1800\" \/>\n\t<meta property=\"og:image:height\" content=\"1800\" \/>\n\t<meta property=\"og:image:type\" content=\"image\/jpeg\" \/>\n<meta name=\"twitter:card\" content=\"summary_large_image\" \/>\n<meta name=\"twitter:label1\" content=\"Szacowany czas czytania\" \/>\n\t<meta name=\"twitter:data1\" content=\"1 minuta\" \/>\n<script type=\"application\/ld+json\" class=\"yoast-schema-graph\">{\"@context\":\"https:\\\/\\\/schema.org\",\"@graph\":[{\"@type\":\"WebPage\",\"@id\":\"https:\\\/\\\/bilasmidurinn.is\\\/vefverslun\\\/barnabilstolar\\\/recaro-salia-125-kid-360-i-size-barnabilstoll-steel-blue\\\/\",\"url\":\"https:\\\/\\\/bilasmidurinn.is\\\/vefverslun\\\/barnabilstolar\\\/recaro-salia-125-kid-360-i-size-barnabilstoll-steel-blue\\\/\",\"name\":\"RECARO SALIA 125 Kid 360\u00b0 i-Size barnab\u00edlst\u00f3ll Steel Blue - B&iacute;lasmi&eth;urinn\",\"isPartOf\":{\"@id\":\"https:\\\/\\\/bilasmidurinn.is\\\/#website\"},\"primaryImageOfPage\":{\"@id\":\"https:\\\/\\\/bilasmidurinn.is\\\/vefverslun\\\/barnabilstolar\\\/recaro-salia-125-kid-360-i-size-barnabilstoll-steel-blue\\\/#primaryimage\"},\"image\":{\"@id\":\"https:\\\/\\\/bilasmidurinn.is\\\/vefverslun\\\/barnabilstolar\\\/recaro-salia-125-kid-360-i-size-barnabilstoll-steel-blue\\\/#primaryimage\"},\"thumbnailUrl\":\"https:\\\/\\\/bilasmidurinn.is\\\/wp-content\\\/uploads\\\/2025\\\/06\\\/eKMhLmTA.jpeg\",\"datePublished\":\"2025-06-02T15:29:50+00:00\",\"dateModified\":\"2025-06-02T15:31:46+00:00\",\"breadcrumb\":{\"@id\":\"https:\\\/\\\/bilasmidurinn.is\\\/vefverslun\\\/barnabilstolar\\\/recaro-salia-125-kid-360-i-size-barnabilstoll-steel-blue\\\/#breadcrumb\"},\"inLanguage\":\"pl-PL\",\"potentialAction\":[{\"@type\":\"ReadAction\",\"target\":[\"https:\\\/\\\/bilasmidurinn.is\\\/vefverslun\\\/barnabilstolar\\\/recaro-salia-125-kid-360-i-size-barnabilstoll-steel-blue\\\/\"]}]},{\"@type\":\"ImageObject\",\"inLanguage\":\"pl-PL\",\"@id\":\"https:\\\/\\\/bilasmidurinn.is\\\/vefverslun\\\/barnabilstolar\\\/recaro-salia-125-kid-360-i-size-barnabilstoll-steel-blue\\\/#primaryimage\",\"url\":\"https:\\\/\\\/bilasmidurinn.is\\\/wp-content\\\/uploads\\\/2025\\\/06\\\/eKMhLmTA.jpeg\",\"contentUrl\":\"https:\\\/\\\/bilasmidurinn.is\\\/wp-content\\\/uploads\\\/2025\\\/06\\\/eKMhLmTA.jpeg\",\"width\":1800,\"height\":1800},{\"@type\":\"BreadcrumbList\",\"@id\":\"https:\\\/\\\/bilasmidurinn.is\\\/vefverslun\\\/barnabilstolar\\\/recaro-salia-125-kid-360-i-size-barnabilstoll-steel-blue\\\/#breadcrumb\",\"itemListElement\":[{\"@type\":\"ListItem\",\"position\":1,\"name\":\"Home\",\"item\":\"https:\\\/\\\/bilasmidurinn.is\\\/\"},{\"@type\":\"ListItem\",\"position\":2,\"name\":\"V\u00f6rur \u00ed verslun\",\"item\":\"https:\\\/\\\/bilasmidurinn.is\\\/vefverslun\\\/\"},{\"@type\":\"ListItem\",\"position\":3,\"name\":\"RECARO SALIA 125 Kid 360\u00b0 i-Size barnab\u00edlst\u00f3ll Steel Blue\"}]},{\"@type\":\"WebSite\",\"@id\":\"https:\\\/\\\/bilasmidurinn.is\\\/#website\",\"url\":\"https:\\\/\\\/bilasmidurinn.is\\\/\",\"name\":\"B&iacute;lasmi&eth;urinn\",\"description\":\"All sem &thorn;&uacute; &thorn;arft &iacute; t&aelig;ki&eth;\",\"potentialAction\":[{\"@type\":\"SearchAction\",\"target\":{\"@type\":\"EntryPoint\",\"urlTemplate\":\"https:\\\/\\\/bilasmidurinn.is\\\/?s={search_term_string}\"},\"query-input\":{\"@type\":\"PropertyValueSpecification\",\"valueRequired\":true,\"valueName\":\"search_term_string\"}}],\"inLanguage\":\"pl-PL\"}]}<\/script>\n<!-- \/ Yoast SEO plugin. -->","yoast_head_json":{"title":"RECARO SALIA 125 Kid 360\u00b0 i-Size barnab\u00edlst\u00f3ll Steel Blue - B&iacute;lasmi&eth;urinn","robots":{"index":"index","follow":"follow","max-snippet":"max-snippet:-1","max-image-preview":"max-image-preview:large","max-video-preview":"max-video-preview:-1"},"canonical":"https:\/\/bilasmidurinn.is\/pl\/vefverslun\/barnabilstolar\/recaro-salia-125-kid-360-i-size-barnabilstoll-steel-blue\/","og_locale":"pl_PL","og_type":"article","og_title":"RECARO SALIA 125 Kid 360\u00b0 i-Size barnab\u00edlst\u00f3ll Steel Blue - B&iacute;lasmi&eth;urinn","og_description":"RECARO SALIA 125 Kid i-Size b\u00edlst\u00f3ll 360\u00b0 Steel Blue","og_url":"https:\/\/bilasmidurinn.is\/pl\/vefverslun\/barnabilstolar\/recaro-salia-125-kid-360-i-size-barnabilstoll-steel-blue\/","og_site_name":"B&iacute;lasmi&eth;urinn","article_modified_time":"2025-06-02T15:31:46+00:00","og_image":[{"width":1800,"height":1800,"url":"https:\/\/bilasmidurinn.is\/wp-content\/uploads\/2025\/06\/eKMhLmTA.jpeg","type":"image\/jpeg"}],"twitter_card":"summary_large_image","twitter_misc":{"Szacowany czas czytania":"1 minuta"},"schema":{"@context":"https:\/\/schema.org","@graph":[{"@type":"WebPage","@id":"https:\/\/bilasmidurinn.is\/vefverslun\/barnabilstolar\/recaro-salia-125-kid-360-i-size-barnabilstoll-steel-blue\/","url":"https:\/\/bilasmidurinn.is\/vefverslun\/barnabilstolar\/recaro-salia-125-kid-360-i-size-barnabilstoll-steel-blue\/","name":"RECARO SALIA 125 Kid 360\u00b0 i-Size barnab\u00edlst\u00f3ll Steel Blue - B&iacute;lasmi&eth;urinn","isPartOf":{"@id":"https:\/\/bilasmidurinn.is\/#website"},"primaryImageOfPage":{"@id":"https:\/\/bilasmidurinn.is\/vefverslun\/barnabilstolar\/recaro-salia-125-kid-360-i-size-barnabilstoll-steel-blue\/#primaryimage"},"image":{"@id":"https:\/\/bilasmidurinn.is\/vefverslun\/barnabilstolar\/recaro-salia-125-kid-360-i-size-barnabilstoll-steel-blue\/#primaryimage"},"thumbnailUrl":"https:\/\/bilasmidurinn.is\/wp-content\/uploads\/2025\/06\/eKMhLmTA.jpeg","datePublished":"2025-06-02T15:29:50+00:00","dateModified":"2025-06-02T15:31:46+00:00","breadcrumb":{"@id":"https:\/\/bilasmidurinn.is\/vefverslun\/barnabilstolar\/recaro-salia-125-kid-360-i-size-barnabilstoll-steel-blue\/#breadcrumb"},"inLanguage":"pl-PL","potentialAction":[{"@type":"ReadAction","target":["https:\/\/bilasmidurinn.is\/vefverslun\/barnabilstolar\/recaro-salia-125-kid-360-i-size-barnabilstoll-steel-blue\/"]}]},{"@type":"ImageObject","inLanguage":"pl-PL","@id":"https:\/\/bilasmidurinn.is\/vefverslun\/barnabilstolar\/recaro-salia-125-kid-360-i-size-barnabilstoll-steel-blue\/#primaryimage","url":"https:\/\/bilasmidurinn.is\/wp-content\/uploads\/2025\/06\/eKMhLmTA.jpeg","contentUrl":"https:\/\/bilasmidurinn.is\/wp-content\/uploads\/2025\/06\/eKMhLmTA.jpeg","width":1800,"height":1800},{"@type":"BreadcrumbList","@id":"https:\/\/bilasmidurinn.is\/vefverslun\/barnabilstolar\/recaro-salia-125-kid-360-i-size-barnabilstoll-steel-blue\/#breadcrumb","itemListElement":[{"@type":"ListItem","position":1,"name":"Home","item":"https:\/\/bilasmidurinn.is\/"},{"@type":"ListItem","position":2,"name":"V\u00f6rur \u00ed verslun","item":"https:\/\/bilasmidurinn.is\/vefverslun\/"},{"@type":"ListItem","position":3,"name":"RECARO SALIA 125 Kid 360\u00b0 i-Size barnab\u00edlst\u00f3ll Steel Blue"}]},{"@type":"WebSite","@id":"https:\/\/bilasmidurinn.is\/#website","url":"https:\/\/bilasmidurinn.is\/","name":"B&iacute;lasmi&eth;urinn","description":"All sem &thorn;&uacute; &thorn;arft &iacute; t&aelig;ki&eth;","potentialAction":[{"@type":"SearchAction","target":{"@type":"EntryPoint","urlTemplate":"https:\/\/bilasmidurinn.is\/?s={search_term_string}"},"query-input":{"@type":"PropertyValueSpecification","valueRequired":true,"valueName":"search_term_string"}}],"inLanguage":"pl-PL"}]}},"_links":{"self":[{"href":"https:\/\/bilasmidurinn.is\/pl\/wp-json\/wp\/v2\/product\/15618","targetHints":{"allow":["GET"]}}],"collection":[{"href":"https:\/\/bilasmidurinn.is\/pl\/wp-json\/wp\/v2\/product"}],"about":[{"href":"https:\/\/bilasmidurinn.is\/pl\/wp-json\/wp\/v2\/types\/product"}],"wp:featuredmedia":[{"embeddable":true,"href":"https:\/\/bilasmidurinn.is\/pl\/wp-json\/wp\/v2\/media\/15594"}],"wp:attachment":[{"href":"https:\/\/bilasmidurinn.is\/pl\/wp-json\/wp\/v2\/media?parent=15618"}],"wp:term":[{"taxonomy":"product_brand","embeddable":true,"href":"https:\/\/bilasmidurinn.is\/pl\/wp-json\/wp\/v2\/product_brand?post=15618"},{"taxonomy":"product_cat","embeddable":true,"href":"https:\/\/bilasmidurinn.is\/pl\/wp-json\/wp\/v2\/product_cat?post=15618"},{"taxonomy":"product_tag","embeddable":true,"href":"https:\/\/bilasmidurinn.is\/pl\/wp-json\/wp\/v2\/product_tag?post=15618"}],"curies":[{"name":"wp","href":"https:\/\/api.w.org\/{rel}","templated":true}]}}