{"id":15574,"date":"2025-05-20T14:01:54","date_gmt":"2025-05-20T14:01:54","guid":{"rendered":"https:\/\/bilasmidurinn.is\/?post_type=product&#038;p=15574"},"modified":"2025-05-20T14:01:54","modified_gmt":"2025-05-20T14:01:54","slug":"multipoint-v-kerruljos-vinstra-med-thokuljosi-og-thrihyrningu-5pin-tengi","status":"publish","type":"product","link":"https:\/\/bilasmidurinn.is\/pl\/vefverslun\/ljos\/afturljos\/multipoint-v-kerruljos-vinstra-med-thokuljosi-og-thrihyrningu-5pin-tengi\/","title":{"rendered":"Multipoint V kerrulj\u00f3s vinstra me\u00f0 \u00feokulj\u00f3si og \u00fer\u00edhyrningu 5pin tengi"},"content":{"rendered":"<p>Kerru afturlj\u00f3s Multipoint V vinstra megin me\u00f0 \u00feokulj\u00f3si og \u00fer\u00edhyrningu, 5pin Bayonet tengi.<\/p>","protected":false},"excerpt":{"rendered":"<p>Multipoint kerru afturlj\u00f3s me\u00f0 \u00feokulj\u00f3si og \u00fer\u00edhyrningi 5pin Bayonet tengi.<\/p>","protected":false},"featured_media":15560,"template":"","meta":[],"product_brand":[8059],"product_cat":[8016,7893],"product_tag":[],"class_list":{"0":"post-15574","1":"product","2":"type-product","3":"status-publish","4":"has-post-thumbnail","6":"product_brand-aspock","7":"product_cat-afturljos","8":"product_cat-ljos","10":"first","11":"instock","12":"shipping-taxable","13":"product-type-simple"},"yoast_head":"<!-- This site is optimized with the Yoast SEO plugin v27.3 - https:\/\/yoast.com\/product\/yoast-seo-wordpress\/ -->\n<title>Multipoint V kerrulj\u00f3s vinstra me\u00f0 \u00feokulj\u00f3si og \u00fer\u00edhyrningu 5pin tengi - B&iacute;lasmi&eth;urinn<\/title>\n<meta name=\"robots\" content=\"index, follow, max-snippet:-1, max-image-preview:large, max-video-preview:-1\" \/>\n<link rel=\"canonical\" href=\"https:\/\/bilasmidurinn.is\/pl\/vefverslun\/ljos\/afturljos\/multipoint-v-kerruljos-vinstra-med-thokuljosi-og-thrihyrningu-5pin-tengi\/\" \/>\n<meta property=\"og:locale\" content=\"pl_PL\" \/>\n<meta property=\"og:type\" content=\"article\" \/>\n<meta property=\"og:title\" content=\"Multipoint V kerrulj\u00f3s vinstra me\u00f0 \u00feokulj\u00f3si og \u00fer\u00edhyrningu 5pin tengi - B&iacute;lasmi&eth;urinn\" \/>\n<meta property=\"og:description\" content=\"Multipoint kerru afturlj\u00f3s me\u00f0 \u00feokulj\u00f3si og \u00fer\u00edhyrningi 5pin Bayonet tengi.\" \/>\n<meta property=\"og:url\" content=\"https:\/\/bilasmidurinn.is\/pl\/vefverslun\/ljos\/afturljos\/multipoint-v-kerruljos-vinstra-med-thokuljosi-og-thrihyrningu-5pin-tengi\/\" \/>\n<meta property=\"og:site_name\" content=\"B&iacute;lasmi&eth;urinn\" \/>\n<meta property=\"og:image\" content=\"https:\/\/bilasmidurinn.is\/wp-content\/uploads\/2025\/05\/Multipoint-V.png\" \/>\n\t<meta property=\"og:image:width\" content=\"220\" \/>\n\t<meta property=\"og:image:height\" content=\"213\" \/>\n\t<meta property=\"og:image:type\" content=\"image\/png\" \/>\n<meta name=\"twitter:card\" content=\"summary_large_image\" \/>\n<meta name=\"twitter:label1\" content=\"Szacowany czas czytania\" \/>\n\t<meta name=\"twitter:data1\" content=\"1 minuta\" \/>\n<script type=\"application\/ld+json\" class=\"yoast-schema-graph\">{\"@context\":\"https:\\\/\\\/schema.org\",\"@graph\":[{\"@type\":\"WebPage\",\"@id\":\"https:\\\/\\\/bilasmidurinn.is\\\/vefverslun\\\/ljos\\\/afturljos\\\/multipoint-v-kerruljos-vinstra-med-thokuljosi-og-thrihyrningu-5pin-tengi\\\/\",\"url\":\"https:\\\/\\\/bilasmidurinn.is\\\/vefverslun\\\/ljos\\\/afturljos\\\/multipoint-v-kerruljos-vinstra-med-thokuljosi-og-thrihyrningu-5pin-tengi\\\/\",\"name\":\"Multipoint V kerrulj\u00f3s vinstra me\u00f0 \u00feokulj\u00f3si og \u00fer\u00edhyrningu 5pin tengi - B&iacute;lasmi&eth;urinn\",\"isPartOf\":{\"@id\":\"https:\\\/\\\/bilasmidurinn.is\\\/#website\"},\"primaryImageOfPage\":{\"@id\":\"https:\\\/\\\/bilasmidurinn.is\\\/vefverslun\\\/ljos\\\/afturljos\\\/multipoint-v-kerruljos-vinstra-med-thokuljosi-og-thrihyrningu-5pin-tengi\\\/#primaryimage\"},\"image\":{\"@id\":\"https:\\\/\\\/bilasmidurinn.is\\\/vefverslun\\\/ljos\\\/afturljos\\\/multipoint-v-kerruljos-vinstra-med-thokuljosi-og-thrihyrningu-5pin-tengi\\\/#primaryimage\"},\"thumbnailUrl\":\"https:\\\/\\\/bilasmidurinn.is\\\/wp-content\\\/uploads\\\/2025\\\/05\\\/Multipoint-V.png\",\"datePublished\":\"2025-05-20T14:01:54+00:00\",\"breadcrumb\":{\"@id\":\"https:\\\/\\\/bilasmidurinn.is\\\/vefverslun\\\/ljos\\\/afturljos\\\/multipoint-v-kerruljos-vinstra-med-thokuljosi-og-thrihyrningu-5pin-tengi\\\/#breadcrumb\"},\"inLanguage\":\"pl-PL\",\"potentialAction\":[{\"@type\":\"ReadAction\",\"target\":[\"https:\\\/\\\/bilasmidurinn.is\\\/vefverslun\\\/ljos\\\/afturljos\\\/multipoint-v-kerruljos-vinstra-med-thokuljosi-og-thrihyrningu-5pin-tengi\\\/\"]}]},{\"@type\":\"ImageObject\",\"inLanguage\":\"pl-PL\",\"@id\":\"https:\\\/\\\/bilasmidurinn.is\\\/vefverslun\\\/ljos\\\/afturljos\\\/multipoint-v-kerruljos-vinstra-med-thokuljosi-og-thrihyrningu-5pin-tengi\\\/#primaryimage\",\"url\":\"https:\\\/\\\/bilasmidurinn.is\\\/wp-content\\\/uploads\\\/2025\\\/05\\\/Multipoint-V.png\",\"contentUrl\":\"https:\\\/\\\/bilasmidurinn.is\\\/wp-content\\\/uploads\\\/2025\\\/05\\\/Multipoint-V.png\",\"width\":220,\"height\":213},{\"@type\":\"BreadcrumbList\",\"@id\":\"https:\\\/\\\/bilasmidurinn.is\\\/vefverslun\\\/ljos\\\/afturljos\\\/multipoint-v-kerruljos-vinstra-med-thokuljosi-og-thrihyrningu-5pin-tengi\\\/#breadcrumb\",\"itemListElement\":[{\"@type\":\"ListItem\",\"position\":1,\"name\":\"Home\",\"item\":\"https:\\\/\\\/bilasmidurinn.is\\\/\"},{\"@type\":\"ListItem\",\"position\":2,\"name\":\"V\u00f6rur \u00ed verslun\",\"item\":\"https:\\\/\\\/bilasmidurinn.is\\\/vefverslun\\\/\"},{\"@type\":\"ListItem\",\"position\":3,\"name\":\"Multipoint V kerrulj\u00f3s vinstra me\u00f0 \u00feokulj\u00f3si og \u00fer\u00edhyrningu 5pin tengi\"}]},{\"@type\":\"WebSite\",\"@id\":\"https:\\\/\\\/bilasmidurinn.is\\\/#website\",\"url\":\"https:\\\/\\\/bilasmidurinn.is\\\/\",\"name\":\"B&iacute;lasmi&eth;urinn\",\"description\":\"All sem &thorn;&uacute; &thorn;arft &iacute; t&aelig;ki&eth;\",\"potentialAction\":[{\"@type\":\"SearchAction\",\"target\":{\"@type\":\"EntryPoint\",\"urlTemplate\":\"https:\\\/\\\/bilasmidurinn.is\\\/?s={search_term_string}\"},\"query-input\":{\"@type\":\"PropertyValueSpecification\",\"valueRequired\":true,\"valueName\":\"search_term_string\"}}],\"inLanguage\":\"pl-PL\"}]}<\/script>\n<!-- \/ Yoast SEO plugin. -->","yoast_head_json":{"title":"Multipoint V kerrulj\u00f3s vinstra me\u00f0 \u00feokulj\u00f3si og \u00fer\u00edhyrningu 5pin tengi - B&iacute;lasmi&eth;urinn","robots":{"index":"index","follow":"follow","max-snippet":"max-snippet:-1","max-image-preview":"max-image-preview:large","max-video-preview":"max-video-preview:-1"},"canonical":"https:\/\/bilasmidurinn.is\/pl\/vefverslun\/ljos\/afturljos\/multipoint-v-kerruljos-vinstra-med-thokuljosi-og-thrihyrningu-5pin-tengi\/","og_locale":"pl_PL","og_type":"article","og_title":"Multipoint V kerrulj\u00f3s vinstra me\u00f0 \u00feokulj\u00f3si og \u00fer\u00edhyrningu 5pin tengi - B&iacute;lasmi&eth;urinn","og_description":"Multipoint kerru afturlj\u00f3s me\u00f0 \u00feokulj\u00f3si og \u00fer\u00edhyrningi 5pin Bayonet tengi.","og_url":"https:\/\/bilasmidurinn.is\/pl\/vefverslun\/ljos\/afturljos\/multipoint-v-kerruljos-vinstra-med-thokuljosi-og-thrihyrningu-5pin-tengi\/","og_site_name":"B&iacute;lasmi&eth;urinn","og_image":[{"width":220,"height":213,"url":"https:\/\/bilasmidurinn.is\/wp-content\/uploads\/2025\/05\/Multipoint-V.png","type":"image\/png"}],"twitter_card":"summary_large_image","twitter_misc":{"Szacowany czas czytania":"1 minuta"},"schema":{"@context":"https:\/\/schema.org","@graph":[{"@type":"WebPage","@id":"https:\/\/bilasmidurinn.is\/vefverslun\/ljos\/afturljos\/multipoint-v-kerruljos-vinstra-med-thokuljosi-og-thrihyrningu-5pin-tengi\/","url":"https:\/\/bilasmidurinn.is\/vefverslun\/ljos\/afturljos\/multipoint-v-kerruljos-vinstra-med-thokuljosi-og-thrihyrningu-5pin-tengi\/","name":"Multipoint V kerrulj\u00f3s vinstra me\u00f0 \u00feokulj\u00f3si og \u00fer\u00edhyrningu 5pin tengi - B&iacute;lasmi&eth;urinn","isPartOf":{"@id":"https:\/\/bilasmidurinn.is\/#website"},"primaryImageOfPage":{"@id":"https:\/\/bilasmidurinn.is\/vefverslun\/ljos\/afturljos\/multipoint-v-kerruljos-vinstra-med-thokuljosi-og-thrihyrningu-5pin-tengi\/#primaryimage"},"image":{"@id":"https:\/\/bilasmidurinn.is\/vefverslun\/ljos\/afturljos\/multipoint-v-kerruljos-vinstra-med-thokuljosi-og-thrihyrningu-5pin-tengi\/#primaryimage"},"thumbnailUrl":"https:\/\/bilasmidurinn.is\/wp-content\/uploads\/2025\/05\/Multipoint-V.png","datePublished":"2025-05-20T14:01:54+00:00","breadcrumb":{"@id":"https:\/\/bilasmidurinn.is\/vefverslun\/ljos\/afturljos\/multipoint-v-kerruljos-vinstra-med-thokuljosi-og-thrihyrningu-5pin-tengi\/#breadcrumb"},"inLanguage":"pl-PL","potentialAction":[{"@type":"ReadAction","target":["https:\/\/bilasmidurinn.is\/vefverslun\/ljos\/afturljos\/multipoint-v-kerruljos-vinstra-med-thokuljosi-og-thrihyrningu-5pin-tengi\/"]}]},{"@type":"ImageObject","inLanguage":"pl-PL","@id":"https:\/\/bilasmidurinn.is\/vefverslun\/ljos\/afturljos\/multipoint-v-kerruljos-vinstra-med-thokuljosi-og-thrihyrningu-5pin-tengi\/#primaryimage","url":"https:\/\/bilasmidurinn.is\/wp-content\/uploads\/2025\/05\/Multipoint-V.png","contentUrl":"https:\/\/bilasmidurinn.is\/wp-content\/uploads\/2025\/05\/Multipoint-V.png","width":220,"height":213},{"@type":"BreadcrumbList","@id":"https:\/\/bilasmidurinn.is\/vefverslun\/ljos\/afturljos\/multipoint-v-kerruljos-vinstra-med-thokuljosi-og-thrihyrningu-5pin-tengi\/#breadcrumb","itemListElement":[{"@type":"ListItem","position":1,"name":"Home","item":"https:\/\/bilasmidurinn.is\/"},{"@type":"ListItem","position":2,"name":"V\u00f6rur \u00ed verslun","item":"https:\/\/bilasmidurinn.is\/vefverslun\/"},{"@type":"ListItem","position":3,"name":"Multipoint V kerrulj\u00f3s vinstra me\u00f0 \u00feokulj\u00f3si og \u00fer\u00edhyrningu 5pin tengi"}]},{"@type":"WebSite","@id":"https:\/\/bilasmidurinn.is\/#website","url":"https:\/\/bilasmidurinn.is\/","name":"B&iacute;lasmi&eth;urinn","description":"All sem &thorn;&uacute; &thorn;arft &iacute; t&aelig;ki&eth;","potentialAction":[{"@type":"SearchAction","target":{"@type":"EntryPoint","urlTemplate":"https:\/\/bilasmidurinn.is\/?s={search_term_string}"},"query-input":{"@type":"PropertyValueSpecification","valueRequired":true,"valueName":"search_term_string"}}],"inLanguage":"pl-PL"}]}},"_links":{"self":[{"href":"https:\/\/bilasmidurinn.is\/pl\/wp-json\/wp\/v2\/product\/15574","targetHints":{"allow":["GET"]}}],"collection":[{"href":"https:\/\/bilasmidurinn.is\/pl\/wp-json\/wp\/v2\/product"}],"about":[{"href":"https:\/\/bilasmidurinn.is\/pl\/wp-json\/wp\/v2\/types\/product"}],"wp:featuredmedia":[{"embeddable":true,"href":"https:\/\/bilasmidurinn.is\/pl\/wp-json\/wp\/v2\/media\/15560"}],"wp:attachment":[{"href":"https:\/\/bilasmidurinn.is\/pl\/wp-json\/wp\/v2\/media?parent=15574"}],"wp:term":[{"taxonomy":"product_brand","embeddable":true,"href":"https:\/\/bilasmidurinn.is\/pl\/wp-json\/wp\/v2\/product_brand?post=15574"},{"taxonomy":"product_cat","embeddable":true,"href":"https:\/\/bilasmidurinn.is\/pl\/wp-json\/wp\/v2\/product_cat?post=15574"},{"taxonomy":"product_tag","embeddable":true,"href":"https:\/\/bilasmidurinn.is\/pl\/wp-json\/wp\/v2\/product_tag?post=15574"}],"curies":[{"name":"wp","href":"https:\/\/api.w.org\/{rel}","templated":true}]}}