{"id":15548,"date":"2025-05-20T11:29:31","date_gmt":"2025-05-20T11:29:31","guid":{"rendered":"https:\/\/bilasmidurinn.is\/?post_type=product&#038;p=15548"},"modified":"2025-05-20T11:47:26","modified_gmt":"2025-05-20T11:47:26","slug":"mutlipoint-iv-kerruafturljos-vinstra-thoka","status":"publish","type":"product","link":"https:\/\/bilasmidurinn.is\/pl\/vefverslun\/ljos\/afturljos\/mutlipoint-iv-kerruafturljos-vinstra-thoka\/","title":{"rendered":"Mutlipoint IV kerruafturlj\u00f3s  vinstra + \u00feoka"},"content":{"rendered":"<p>Afturlj\u00f3s \u00e1 kerru Multipoint IV\u00a0 vinstra me\u00f0 \u00feokulj\u00f3si og 5pin Bayonet tengi<\/p>\n<p>&nbsp;<\/p>","protected":false},"excerpt":{"rendered":"<p>Multipoint IV kerruj\u00f3s me\u00f0 5pin tengi\u00a0 og \u00fer\u00edhyrningi 12v<\/p>","protected":false},"featured_media":15554,"template":"","meta":[],"product_brand":[8059],"product_cat":[8016,7893],"product_tag":[],"class_list":{"0":"post-15548","1":"product","2":"type-product","3":"status-publish","4":"has-post-thumbnail","6":"product_brand-aspock","7":"product_cat-afturljos","8":"product_cat-ljos","10":"first","11":"instock","12":"shipping-taxable","13":"product-type-simple"},"yoast_head":"<!-- This site is optimized with the Yoast SEO plugin v27.4 - https:\/\/yoast.com\/product\/yoast-seo-wordpress\/ -->\n<title>Mutlipoint IV kerruafturlj\u00f3s vinstra + \u00feoka - B&iacute;lasmi&eth;urinn<\/title>\n<meta name=\"robots\" content=\"index, follow, max-snippet:-1, max-image-preview:large, max-video-preview:-1\" \/>\n<link rel=\"canonical\" href=\"https:\/\/bilasmidurinn.is\/pl\/vefverslun\/ljos\/afturljos\/mutlipoint-iv-kerruafturljos-vinstra-thoka\/\" \/>\n<meta property=\"og:locale\" content=\"pl_PL\" \/>\n<meta property=\"og:type\" content=\"article\" \/>\n<meta property=\"og:title\" content=\"Mutlipoint IV kerruafturlj\u00f3s vinstra + \u00feoka - B&iacute;lasmi&eth;urinn\" \/>\n<meta property=\"og:description\" content=\"Multipoint IV kerruj\u00f3s me\u00f0 5pin tengi\u00a0 og \u00fer\u00edhyrningi 12v\" \/>\n<meta property=\"og:url\" content=\"https:\/\/bilasmidurinn.is\/pl\/vefverslun\/ljos\/afturljos\/mutlipoint-iv-kerruafturljos-vinstra-thoka\/\" \/>\n<meta property=\"og:site_name\" content=\"B&iacute;lasmi&eth;urinn\" \/>\n<meta property=\"article:modified_time\" content=\"2025-05-20T11:47:26+00:00\" \/>\n<meta property=\"og:image\" content=\"https:\/\/bilasmidurinn.is\/wp-content\/uploads\/2025\/05\/Multilpoint-IV.png\" \/>\n\t<meta property=\"og:image:width\" content=\"220\" \/>\n\t<meta property=\"og:image:height\" content=\"236\" \/>\n\t<meta property=\"og:image:type\" content=\"image\/png\" \/>\n<meta name=\"twitter:card\" content=\"summary_large_image\" \/>\n<meta name=\"twitter:label1\" content=\"Szacowany czas czytania\" \/>\n\t<meta name=\"twitter:data1\" content=\"1 minuta\" \/>\n<script type=\"application\/ld+json\" class=\"yoast-schema-graph\">{\"@context\":\"https:\\\/\\\/schema.org\",\"@graph\":[{\"@type\":\"WebPage\",\"@id\":\"https:\\\/\\\/bilasmidurinn.is\\\/vefverslun\\\/ljos\\\/afturljos\\\/mutlipoint-iv-kerruafturljos-vinstra-thoka\\\/\",\"url\":\"https:\\\/\\\/bilasmidurinn.is\\\/vefverslun\\\/ljos\\\/afturljos\\\/mutlipoint-iv-kerruafturljos-vinstra-thoka\\\/\",\"name\":\"Mutlipoint IV kerruafturlj\u00f3s vinstra + \u00feoka - B&iacute;lasmi&eth;urinn\",\"isPartOf\":{\"@id\":\"https:\\\/\\\/bilasmidurinn.is\\\/#website\"},\"primaryImageOfPage\":{\"@id\":\"https:\\\/\\\/bilasmidurinn.is\\\/vefverslun\\\/ljos\\\/afturljos\\\/mutlipoint-iv-kerruafturljos-vinstra-thoka\\\/#primaryimage\"},\"image\":{\"@id\":\"https:\\\/\\\/bilasmidurinn.is\\\/vefverslun\\\/ljos\\\/afturljos\\\/mutlipoint-iv-kerruafturljos-vinstra-thoka\\\/#primaryimage\"},\"thumbnailUrl\":\"https:\\\/\\\/bilasmidurinn.is\\\/wp-content\\\/uploads\\\/2025\\\/05\\\/Multilpoint-IV.png\",\"datePublished\":\"2025-05-20T11:29:31+00:00\",\"dateModified\":\"2025-05-20T11:47:26+00:00\",\"breadcrumb\":{\"@id\":\"https:\\\/\\\/bilasmidurinn.is\\\/vefverslun\\\/ljos\\\/afturljos\\\/mutlipoint-iv-kerruafturljos-vinstra-thoka\\\/#breadcrumb\"},\"inLanguage\":\"pl-PL\",\"potentialAction\":[{\"@type\":\"ReadAction\",\"target\":[\"https:\\\/\\\/bilasmidurinn.is\\\/vefverslun\\\/ljos\\\/afturljos\\\/mutlipoint-iv-kerruafturljos-vinstra-thoka\\\/\"]}]},{\"@type\":\"ImageObject\",\"inLanguage\":\"pl-PL\",\"@id\":\"https:\\\/\\\/bilasmidurinn.is\\\/vefverslun\\\/ljos\\\/afturljos\\\/mutlipoint-iv-kerruafturljos-vinstra-thoka\\\/#primaryimage\",\"url\":\"https:\\\/\\\/bilasmidurinn.is\\\/wp-content\\\/uploads\\\/2025\\\/05\\\/Multilpoint-IV.png\",\"contentUrl\":\"https:\\\/\\\/bilasmidurinn.is\\\/wp-content\\\/uploads\\\/2025\\\/05\\\/Multilpoint-IV.png\",\"width\":220,\"height\":236},{\"@type\":\"BreadcrumbList\",\"@id\":\"https:\\\/\\\/bilasmidurinn.is\\\/vefverslun\\\/ljos\\\/afturljos\\\/mutlipoint-iv-kerruafturljos-vinstra-thoka\\\/#breadcrumb\",\"itemListElement\":[{\"@type\":\"ListItem\",\"position\":1,\"name\":\"Home\",\"item\":\"https:\\\/\\\/bilasmidurinn.is\\\/\"},{\"@type\":\"ListItem\",\"position\":2,\"name\":\"V\u00f6rur \u00ed verslun\",\"item\":\"https:\\\/\\\/bilasmidurinn.is\\\/vefverslun\\\/\"},{\"@type\":\"ListItem\",\"position\":3,\"name\":\"Mutlipoint IV kerruafturlj\u00f3s vinstra + \u00feoka\"}]},{\"@type\":\"WebSite\",\"@id\":\"https:\\\/\\\/bilasmidurinn.is\\\/#website\",\"url\":\"https:\\\/\\\/bilasmidurinn.is\\\/\",\"name\":\"B&iacute;lasmi&eth;urinn\",\"description\":\"All sem &thorn;&uacute; &thorn;arft &iacute; t&aelig;ki&eth;\",\"potentialAction\":[{\"@type\":\"SearchAction\",\"target\":{\"@type\":\"EntryPoint\",\"urlTemplate\":\"https:\\\/\\\/bilasmidurinn.is\\\/?s={search_term_string}\"},\"query-input\":{\"@type\":\"PropertyValueSpecification\",\"valueRequired\":true,\"valueName\":\"search_term_string\"}}],\"inLanguage\":\"pl-PL\"}]}<\/script>\n<!-- \/ Yoast SEO plugin. -->","yoast_head_json":{"title":"Mutlipoint IV kerruafturlj\u00f3s vinstra + \u00feoka - B&iacute;lasmi&eth;urinn","robots":{"index":"index","follow":"follow","max-snippet":"max-snippet:-1","max-image-preview":"max-image-preview:large","max-video-preview":"max-video-preview:-1"},"canonical":"https:\/\/bilasmidurinn.is\/pl\/vefverslun\/ljos\/afturljos\/mutlipoint-iv-kerruafturljos-vinstra-thoka\/","og_locale":"pl_PL","og_type":"article","og_title":"Mutlipoint IV kerruafturlj\u00f3s vinstra + \u00feoka - B&iacute;lasmi&eth;urinn","og_description":"Multipoint IV kerruj\u00f3s me\u00f0 5pin tengi\u00a0 og \u00fer\u00edhyrningi 12v","og_url":"https:\/\/bilasmidurinn.is\/pl\/vefverslun\/ljos\/afturljos\/mutlipoint-iv-kerruafturljos-vinstra-thoka\/","og_site_name":"B&iacute;lasmi&eth;urinn","article_modified_time":"2025-05-20T11:47:26+00:00","og_image":[{"width":220,"height":236,"url":"https:\/\/bilasmidurinn.is\/wp-content\/uploads\/2025\/05\/Multilpoint-IV.png","type":"image\/png"}],"twitter_card":"summary_large_image","twitter_misc":{"Szacowany czas czytania":"1 minuta"},"schema":{"@context":"https:\/\/schema.org","@graph":[{"@type":"WebPage","@id":"https:\/\/bilasmidurinn.is\/vefverslun\/ljos\/afturljos\/mutlipoint-iv-kerruafturljos-vinstra-thoka\/","url":"https:\/\/bilasmidurinn.is\/vefverslun\/ljos\/afturljos\/mutlipoint-iv-kerruafturljos-vinstra-thoka\/","name":"Mutlipoint IV kerruafturlj\u00f3s vinstra + \u00feoka - B&iacute;lasmi&eth;urinn","isPartOf":{"@id":"https:\/\/bilasmidurinn.is\/#website"},"primaryImageOfPage":{"@id":"https:\/\/bilasmidurinn.is\/vefverslun\/ljos\/afturljos\/mutlipoint-iv-kerruafturljos-vinstra-thoka\/#primaryimage"},"image":{"@id":"https:\/\/bilasmidurinn.is\/vefverslun\/ljos\/afturljos\/mutlipoint-iv-kerruafturljos-vinstra-thoka\/#primaryimage"},"thumbnailUrl":"https:\/\/bilasmidurinn.is\/wp-content\/uploads\/2025\/05\/Multilpoint-IV.png","datePublished":"2025-05-20T11:29:31+00:00","dateModified":"2025-05-20T11:47:26+00:00","breadcrumb":{"@id":"https:\/\/bilasmidurinn.is\/vefverslun\/ljos\/afturljos\/mutlipoint-iv-kerruafturljos-vinstra-thoka\/#breadcrumb"},"inLanguage":"pl-PL","potentialAction":[{"@type":"ReadAction","target":["https:\/\/bilasmidurinn.is\/vefverslun\/ljos\/afturljos\/mutlipoint-iv-kerruafturljos-vinstra-thoka\/"]}]},{"@type":"ImageObject","inLanguage":"pl-PL","@id":"https:\/\/bilasmidurinn.is\/vefverslun\/ljos\/afturljos\/mutlipoint-iv-kerruafturljos-vinstra-thoka\/#primaryimage","url":"https:\/\/bilasmidurinn.is\/wp-content\/uploads\/2025\/05\/Multilpoint-IV.png","contentUrl":"https:\/\/bilasmidurinn.is\/wp-content\/uploads\/2025\/05\/Multilpoint-IV.png","width":220,"height":236},{"@type":"BreadcrumbList","@id":"https:\/\/bilasmidurinn.is\/vefverslun\/ljos\/afturljos\/mutlipoint-iv-kerruafturljos-vinstra-thoka\/#breadcrumb","itemListElement":[{"@type":"ListItem","position":1,"name":"Home","item":"https:\/\/bilasmidurinn.is\/"},{"@type":"ListItem","position":2,"name":"V\u00f6rur \u00ed verslun","item":"https:\/\/bilasmidurinn.is\/vefverslun\/"},{"@type":"ListItem","position":3,"name":"Mutlipoint IV kerruafturlj\u00f3s vinstra + \u00feoka"}]},{"@type":"WebSite","@id":"https:\/\/bilasmidurinn.is\/#website","url":"https:\/\/bilasmidurinn.is\/","name":"B&iacute;lasmi&eth;urinn","description":"All sem &thorn;&uacute; &thorn;arft &iacute; t&aelig;ki&eth;","potentialAction":[{"@type":"SearchAction","target":{"@type":"EntryPoint","urlTemplate":"https:\/\/bilasmidurinn.is\/?s={search_term_string}"},"query-input":{"@type":"PropertyValueSpecification","valueRequired":true,"valueName":"search_term_string"}}],"inLanguage":"pl-PL"}]}},"_links":{"self":[{"href":"https:\/\/bilasmidurinn.is\/pl\/wp-json\/wp\/v2\/product\/15548","targetHints":{"allow":["GET"]}}],"collection":[{"href":"https:\/\/bilasmidurinn.is\/pl\/wp-json\/wp\/v2\/product"}],"about":[{"href":"https:\/\/bilasmidurinn.is\/pl\/wp-json\/wp\/v2\/types\/product"}],"wp:featuredmedia":[{"embeddable":true,"href":"https:\/\/bilasmidurinn.is\/pl\/wp-json\/wp\/v2\/media\/15554"}],"wp:attachment":[{"href":"https:\/\/bilasmidurinn.is\/pl\/wp-json\/wp\/v2\/media?parent=15548"}],"wp:term":[{"taxonomy":"product_brand","embeddable":true,"href":"https:\/\/bilasmidurinn.is\/pl\/wp-json\/wp\/v2\/product_brand?post=15548"},{"taxonomy":"product_cat","embeddable":true,"href":"https:\/\/bilasmidurinn.is\/pl\/wp-json\/wp\/v2\/product_cat?post=15548"},{"taxonomy":"product_tag","embeddable":true,"href":"https:\/\/bilasmidurinn.is\/pl\/wp-json\/wp\/v2\/product_tag?post=15548"}],"curies":[{"name":"wp","href":"https:\/\/api.w.org\/{rel}","templated":true}]}}