{"id":15520,"date":"2025-04-07T15:47:27","date_gmt":"2025-04-07T15:47:27","guid":{"rendered":"https:\/\/bilasmidurinn.is\/?post_type=product&#038;p=15520"},"modified":"2026-02-18T09:35:37","modified_gmt":"2026-02-18T09:35:37","slug":"recaro-axion-1-bilstoll-gallart-grey","status":"publish","type":"product","link":"https:\/\/bilasmidurinn.is\/pl\/vefverslun\/barnabilstolar\/recaro-axion-1-bilstoll-gallart-grey\/","title":{"rendered":"RECARO Axion 1 b\u00edlst\u00f3ll Gallart Grey"},"content":{"rendered":"<p>RECARO Axion 1\u00a0 barnab\u00edlst\u00f3ll fyrir\u00a0 3,5-12\u00e1ra, 100-150cm.\u00a0 N\u00fd ger\u00f0 fr\u00e1 RECARO, l\u00e9ttbygg\u00f0ur, \u00fe\u00e6gilegur og r\u00famg\u00f3\u00f0ur sem veitir h\u00e1marks v\u00f6rn.\u00a0 Einfaldur \u00ed notkun me\u00f0 ISOFIX festingum.<\/p>\n<p>St\u00f3llinn er me\u00f0 n\u00fdjustu ger\u00f0 af trapisu h\u00f6nnu\u00f0u hli\u00f0ar dempunar kerfi sem veitir meiri styrk og l\u00e1gmarkar m\u00f6gulegan ska\u00f0a vi\u00f0 \u00e1rekstur, innbygg\u00f0a holkerfi\u00f0 er s\u00e9rhanna\u00f0 til a\u00f0 dempa h\u00f6gg.<\/p>\n<p>H\u00f6fu\u00f0p\u00fa\u00f0inn er ger\u00f0ur \u00far titrings dempunar efnum og f\u00f3\u00f0ra\u00f0ur mj\u00fakum minnissvampi, baki\u00f0 er stillanlegt og h\u00e6gt a\u00f0 forma til stu\u00f0nings baki barnsins, innlegg fylgir fyrir mj\u00f3baks stu\u00f0ning.<\/p>\n<p>H\u00e1g\u00e6\u00f0a vistv\u00e6n framlei\u00f0sla &#8222;Made in Germany&#8220;.<\/p>\n<p>&nbsp;<\/p>","protected":false},"excerpt":{"rendered":"<p>RECARO Axion 1\u00a0 barnab\u00edlst\u00f3ll fyrir\u00a0 3,5-12\u00e1ra, 100-150cm.\u00a0 N\u00fd ger\u00f0 fr\u00e1 RECARO, l\u00e9ttbygg\u00f0ur, \u00fe\u00e6gilegur og r\u00famg\u00f3\u00f0ur sem veitir h\u00e1marks v\u00f6rn.\u00a0 Einfaldur \u00ed notkun me\u00f0 ISOFIX festingum.<\/p>","protected":false},"featured_media":15521,"template":"","meta":[],"product_brand":[8058],"product_cat":[8005],"product_tag":[],"class_list":{"0":"post-15520","1":"product","2":"type-product","3":"status-publish","4":"has-post-thumbnail","6":"product_brand-recaro-child-saferty","7":"product_cat-barnabilstolar","9":"first","10":"instock","11":"shipping-taxable","12":"product-type-simple"},"yoast_head":"<!-- This site is optimized with the Yoast SEO plugin v27.4 - https:\/\/yoast.com\/product\/yoast-seo-wordpress\/ -->\n<title>RECARO Axion 1 b\u00edlst\u00f3ll Gallart Grey - B&iacute;lasmi&eth;urinn<\/title>\n<meta name=\"robots\" content=\"index, follow, max-snippet:-1, max-image-preview:large, max-video-preview:-1\" \/>\n<link rel=\"canonical\" href=\"https:\/\/bilasmidurinn.is\/pl\/vefverslun\/barnabilstolar\/recaro-axion-1-bilstoll-gallart-grey\/\" \/>\n<meta property=\"og:locale\" content=\"pl_PL\" \/>\n<meta property=\"og:type\" content=\"article\" \/>\n<meta property=\"og:title\" content=\"RECARO Axion 1 b\u00edlst\u00f3ll Gallart Grey - B&iacute;lasmi&eth;urinn\" \/>\n<meta property=\"og:description\" content=\"RECARO Axion 1\u00a0 barnab\u00edlst\u00f3ll fyrir\u00a0 3,5-12\u00e1ra, 100-150cm.\u00a0 N\u00fd ger\u00f0 fr\u00e1 RECARO, l\u00e9ttbygg\u00f0ur, \u00fe\u00e6gilegur og r\u00famg\u00f3\u00f0ur sem veitir h\u00e1marks v\u00f6rn.\u00a0 Einfaldur \u00ed notkun me\u00f0 ISOFIX festingum.\" \/>\n<meta property=\"og:url\" content=\"https:\/\/bilasmidurinn.is\/pl\/vefverslun\/barnabilstolar\/recaro-axion-1-bilstoll-gallart-grey\/\" \/>\n<meta property=\"og:site_name\" content=\"B&iacute;lasmi&eth;urinn\" \/>\n<meta property=\"article:modified_time\" content=\"2026-02-18T09:35:37+00:00\" \/>\n<meta property=\"og:image\" content=\"https:\/\/bilasmidurinn.is\/wp-content\/uploads\/2025\/04\/Gallant-Grey-3-scaled.jpg\" \/>\n\t<meta property=\"og:image:width\" content=\"1707\" \/>\n\t<meta property=\"og:image:height\" content=\"2560\" \/>\n\t<meta property=\"og:image:type\" content=\"image\/jpeg\" \/>\n<meta name=\"twitter:card\" content=\"summary_large_image\" \/>\n<meta name=\"twitter:label1\" content=\"Szacowany czas czytania\" \/>\n\t<meta name=\"twitter:data1\" content=\"1 minuta\" \/>\n<script type=\"application\/ld+json\" class=\"yoast-schema-graph\">{\"@context\":\"https:\\\/\\\/schema.org\",\"@graph\":[{\"@type\":\"WebPage\",\"@id\":\"https:\\\/\\\/bilasmidurinn.is\\\/vefverslun\\\/barnabilstolar\\\/recaro-axion-1-bilstoll-gallart-grey\\\/\",\"url\":\"https:\\\/\\\/bilasmidurinn.is\\\/vefverslun\\\/barnabilstolar\\\/recaro-axion-1-bilstoll-gallart-grey\\\/\",\"name\":\"RECARO Axion 1 b\u00edlst\u00f3ll Gallart Grey - B&iacute;lasmi&eth;urinn\",\"isPartOf\":{\"@id\":\"https:\\\/\\\/bilasmidurinn.is\\\/#website\"},\"primaryImageOfPage\":{\"@id\":\"https:\\\/\\\/bilasmidurinn.is\\\/vefverslun\\\/barnabilstolar\\\/recaro-axion-1-bilstoll-gallart-grey\\\/#primaryimage\"},\"image\":{\"@id\":\"https:\\\/\\\/bilasmidurinn.is\\\/vefverslun\\\/barnabilstolar\\\/recaro-axion-1-bilstoll-gallart-grey\\\/#primaryimage\"},\"thumbnailUrl\":\"https:\\\/\\\/bilasmidurinn.is\\\/wp-content\\\/uploads\\\/2025\\\/04\\\/Gallant-Grey-3-scaled.jpg\",\"datePublished\":\"2025-04-07T15:47:27+00:00\",\"dateModified\":\"2026-02-18T09:35:37+00:00\",\"breadcrumb\":{\"@id\":\"https:\\\/\\\/bilasmidurinn.is\\\/vefverslun\\\/barnabilstolar\\\/recaro-axion-1-bilstoll-gallart-grey\\\/#breadcrumb\"},\"inLanguage\":\"pl-PL\",\"potentialAction\":[{\"@type\":\"ReadAction\",\"target\":[\"https:\\\/\\\/bilasmidurinn.is\\\/vefverslun\\\/barnabilstolar\\\/recaro-axion-1-bilstoll-gallart-grey\\\/\"]}]},{\"@type\":\"ImageObject\",\"inLanguage\":\"pl-PL\",\"@id\":\"https:\\\/\\\/bilasmidurinn.is\\\/vefverslun\\\/barnabilstolar\\\/recaro-axion-1-bilstoll-gallart-grey\\\/#primaryimage\",\"url\":\"https:\\\/\\\/bilasmidurinn.is\\\/wp-content\\\/uploads\\\/2025\\\/04\\\/Gallant-Grey-3-scaled.jpg\",\"contentUrl\":\"https:\\\/\\\/bilasmidurinn.is\\\/wp-content\\\/uploads\\\/2025\\\/04\\\/Gallant-Grey-3-scaled.jpg\",\"width\":1707,\"height\":2560},{\"@type\":\"BreadcrumbList\",\"@id\":\"https:\\\/\\\/bilasmidurinn.is\\\/vefverslun\\\/barnabilstolar\\\/recaro-axion-1-bilstoll-gallart-grey\\\/#breadcrumb\",\"itemListElement\":[{\"@type\":\"ListItem\",\"position\":1,\"name\":\"Home\",\"item\":\"https:\\\/\\\/bilasmidurinn.is\\\/\"},{\"@type\":\"ListItem\",\"position\":2,\"name\":\"V\u00f6rur \u00ed verslun\",\"item\":\"https:\\\/\\\/bilasmidurinn.is\\\/vefverslun\\\/\"},{\"@type\":\"ListItem\",\"position\":3,\"name\":\"RECARO Axion 1 b\u00edlst\u00f3ll Gallart Grey\"}]},{\"@type\":\"WebSite\",\"@id\":\"https:\\\/\\\/bilasmidurinn.is\\\/#website\",\"url\":\"https:\\\/\\\/bilasmidurinn.is\\\/\",\"name\":\"B&iacute;lasmi&eth;urinn\",\"description\":\"All sem &thorn;&uacute; &thorn;arft &iacute; t&aelig;ki&eth;\",\"potentialAction\":[{\"@type\":\"SearchAction\",\"target\":{\"@type\":\"EntryPoint\",\"urlTemplate\":\"https:\\\/\\\/bilasmidurinn.is\\\/?s={search_term_string}\"},\"query-input\":{\"@type\":\"PropertyValueSpecification\",\"valueRequired\":true,\"valueName\":\"search_term_string\"}}],\"inLanguage\":\"pl-PL\"}]}<\/script>\n<!-- \/ Yoast SEO plugin. -->","yoast_head_json":{"title":"RECARO Axion 1 b\u00edlst\u00f3ll Gallart Grey - B&iacute;lasmi&eth;urinn","robots":{"index":"index","follow":"follow","max-snippet":"max-snippet:-1","max-image-preview":"max-image-preview:large","max-video-preview":"max-video-preview:-1"},"canonical":"https:\/\/bilasmidurinn.is\/pl\/vefverslun\/barnabilstolar\/recaro-axion-1-bilstoll-gallart-grey\/","og_locale":"pl_PL","og_type":"article","og_title":"RECARO Axion 1 b\u00edlst\u00f3ll Gallart Grey - B&iacute;lasmi&eth;urinn","og_description":"RECARO Axion 1\u00a0 barnab\u00edlst\u00f3ll fyrir\u00a0 3,5-12\u00e1ra, 100-150cm.\u00a0 N\u00fd ger\u00f0 fr\u00e1 RECARO, l\u00e9ttbygg\u00f0ur, \u00fe\u00e6gilegur og r\u00famg\u00f3\u00f0ur sem veitir h\u00e1marks v\u00f6rn.\u00a0 Einfaldur \u00ed notkun me\u00f0 ISOFIX festingum.","og_url":"https:\/\/bilasmidurinn.is\/pl\/vefverslun\/barnabilstolar\/recaro-axion-1-bilstoll-gallart-grey\/","og_site_name":"B&iacute;lasmi&eth;urinn","article_modified_time":"2026-02-18T09:35:37+00:00","og_image":[{"width":1707,"height":2560,"url":"https:\/\/bilasmidurinn.is\/wp-content\/uploads\/2025\/04\/Gallant-Grey-3-scaled.jpg","type":"image\/jpeg"}],"twitter_card":"summary_large_image","twitter_misc":{"Szacowany czas czytania":"1 minuta"},"schema":{"@context":"https:\/\/schema.org","@graph":[{"@type":"WebPage","@id":"https:\/\/bilasmidurinn.is\/vefverslun\/barnabilstolar\/recaro-axion-1-bilstoll-gallart-grey\/","url":"https:\/\/bilasmidurinn.is\/vefverslun\/barnabilstolar\/recaro-axion-1-bilstoll-gallart-grey\/","name":"RECARO Axion 1 b\u00edlst\u00f3ll Gallart Grey - B&iacute;lasmi&eth;urinn","isPartOf":{"@id":"https:\/\/bilasmidurinn.is\/#website"},"primaryImageOfPage":{"@id":"https:\/\/bilasmidurinn.is\/vefverslun\/barnabilstolar\/recaro-axion-1-bilstoll-gallart-grey\/#primaryimage"},"image":{"@id":"https:\/\/bilasmidurinn.is\/vefverslun\/barnabilstolar\/recaro-axion-1-bilstoll-gallart-grey\/#primaryimage"},"thumbnailUrl":"https:\/\/bilasmidurinn.is\/wp-content\/uploads\/2025\/04\/Gallant-Grey-3-scaled.jpg","datePublished":"2025-04-07T15:47:27+00:00","dateModified":"2026-02-18T09:35:37+00:00","breadcrumb":{"@id":"https:\/\/bilasmidurinn.is\/vefverslun\/barnabilstolar\/recaro-axion-1-bilstoll-gallart-grey\/#breadcrumb"},"inLanguage":"pl-PL","potentialAction":[{"@type":"ReadAction","target":["https:\/\/bilasmidurinn.is\/vefverslun\/barnabilstolar\/recaro-axion-1-bilstoll-gallart-grey\/"]}]},{"@type":"ImageObject","inLanguage":"pl-PL","@id":"https:\/\/bilasmidurinn.is\/vefverslun\/barnabilstolar\/recaro-axion-1-bilstoll-gallart-grey\/#primaryimage","url":"https:\/\/bilasmidurinn.is\/wp-content\/uploads\/2025\/04\/Gallant-Grey-3-scaled.jpg","contentUrl":"https:\/\/bilasmidurinn.is\/wp-content\/uploads\/2025\/04\/Gallant-Grey-3-scaled.jpg","width":1707,"height":2560},{"@type":"BreadcrumbList","@id":"https:\/\/bilasmidurinn.is\/vefverslun\/barnabilstolar\/recaro-axion-1-bilstoll-gallart-grey\/#breadcrumb","itemListElement":[{"@type":"ListItem","position":1,"name":"Home","item":"https:\/\/bilasmidurinn.is\/"},{"@type":"ListItem","position":2,"name":"V\u00f6rur \u00ed verslun","item":"https:\/\/bilasmidurinn.is\/vefverslun\/"},{"@type":"ListItem","position":3,"name":"RECARO Axion 1 b\u00edlst\u00f3ll Gallart Grey"}]},{"@type":"WebSite","@id":"https:\/\/bilasmidurinn.is\/#website","url":"https:\/\/bilasmidurinn.is\/","name":"B&iacute;lasmi&eth;urinn","description":"All sem &thorn;&uacute; &thorn;arft &iacute; t&aelig;ki&eth;","potentialAction":[{"@type":"SearchAction","target":{"@type":"EntryPoint","urlTemplate":"https:\/\/bilasmidurinn.is\/?s={search_term_string}"},"query-input":{"@type":"PropertyValueSpecification","valueRequired":true,"valueName":"search_term_string"}}],"inLanguage":"pl-PL"}]}},"_links":{"self":[{"href":"https:\/\/bilasmidurinn.is\/pl\/wp-json\/wp\/v2\/product\/15520","targetHints":{"allow":["GET"]}}],"collection":[{"href":"https:\/\/bilasmidurinn.is\/pl\/wp-json\/wp\/v2\/product"}],"about":[{"href":"https:\/\/bilasmidurinn.is\/pl\/wp-json\/wp\/v2\/types\/product"}],"wp:featuredmedia":[{"embeddable":true,"href":"https:\/\/bilasmidurinn.is\/pl\/wp-json\/wp\/v2\/media\/15521"}],"wp:attachment":[{"href":"https:\/\/bilasmidurinn.is\/pl\/wp-json\/wp\/v2\/media?parent=15520"}],"wp:term":[{"taxonomy":"product_brand","embeddable":true,"href":"https:\/\/bilasmidurinn.is\/pl\/wp-json\/wp\/v2\/product_brand?post=15520"},{"taxonomy":"product_cat","embeddable":true,"href":"https:\/\/bilasmidurinn.is\/pl\/wp-json\/wp\/v2\/product_cat?post=15520"},{"taxonomy":"product_tag","embeddable":true,"href":"https:\/\/bilasmidurinn.is\/pl\/wp-json\/wp\/v2\/product_tag?post=15520"}],"curies":[{"name":"wp","href":"https:\/\/api.w.org\/{rel}","templated":true}]}}