{"id":15428,"date":"2024-04-29T10:46:32","date_gmt":"2024-04-29T10:46:32","guid":{"rendered":"https:\/\/bilasmidurinn.is\/?post_type=product&#038;p=15428"},"modified":"2024-04-29T12:39:30","modified_gmt":"2024-04-29T12:39:30","slug":"teppi-svart-2m-breidd","status":"publish","type":"product","link":"https:\/\/bilasmidurinn.is\/pl\/vefverslun\/klaedningar\/golfefni\/teppi-svart-2m-breidd\/","title":{"rendered":"Dywan czarny o szeroko\u015bci 2m"},"content":{"rendered":"<p>Dywan samochodowy czarny o szeroko\u015bci 2m z mi\u0119kkim podk\u0142adem. OE Mercedesa.<\/p>\n<p>Cena za metr d\u0142ugo\u015bci 2m2.<\/p>\n<p>&nbsp;<\/p>","protected":false},"excerpt":{"rendered":"<p>Czarny dywanik samochodowy o szeroko\u015bci 2m z mi\u0119kkim podk\u0142adem.<\/p>\n<p>&nbsp;<\/p>","protected":false},"featured_media":15429,"template":"","meta":[],"product_brand":[],"product_cat":[8038,7964,8055,8056],"product_tag":[],"class_list":{"0":"post-15428","1":"product","2":"type-product","3":"status-publish","4":"has-post-thumbnail","6":"product_cat-golfefni","7":"product_cat-klaedningar","8":"product_cat-teppi","9":"product_cat-teppi-klaedningar","11":"first","12":"instock","13":"shipping-taxable","14":"product-type-simple"},"yoast_head":"<!-- This site is optimized with the Yoast SEO plugin v27.4 - https:\/\/yoast.com\/product\/yoast-seo-wordpress\/ -->\n<title>Teppi svart 2m breidd - B&iacute;lasmi&eth;urinn<\/title>\n<meta name=\"robots\" content=\"index, follow, max-snippet:-1, max-image-preview:large, max-video-preview:-1\" \/>\n<link rel=\"canonical\" href=\"https:\/\/bilasmidurinn.is\/pl\/vefverslun\/klaedningar\/golfefni\/teppi-svart-2m-breidd\/\" \/>\n<meta property=\"og:locale\" content=\"pl_PL\" \/>\n<meta property=\"og:type\" content=\"article\" \/>\n<meta property=\"og:title\" content=\"Teppi svart 2m breidd - B&iacute;lasmi&eth;urinn\" \/>\n<meta property=\"og:description\" content=\"Svart b\u00edlateppi 2m breitt me\u00f0 mj\u00faku undirlagi.  &nbsp;\" \/>\n<meta property=\"og:url\" content=\"https:\/\/bilasmidurinn.is\/pl\/vefverslun\/klaedningar\/golfefni\/teppi-svart-2m-breidd\/\" \/>\n<meta property=\"og:site_name\" content=\"B&iacute;lasmi&eth;urinn\" \/>\n<meta property=\"article:modified_time\" content=\"2024-04-29T12:39:30+00:00\" \/>\n<meta property=\"og:image\" content=\"https:\/\/bilasmidurinn.is\/wp-content\/uploads\/2024\/04\/tapy21669.jpg\" \/>\n\t<meta property=\"og:image:width\" content=\"400\" \/>\n\t<meta property=\"og:image:height\" content=\"300\" \/>\n\t<meta property=\"og:image:type\" content=\"image\/jpeg\" \/>\n<meta name=\"twitter:card\" content=\"summary_large_image\" \/>\n<meta name=\"twitter:label1\" content=\"Szacowany czas czytania\" \/>\n\t<meta name=\"twitter:data1\" content=\"1 minuta\" \/>\n<script type=\"application\/ld+json\" class=\"yoast-schema-graph\">{\"@context\":\"https:\\\/\\\/schema.org\",\"@graph\":[{\"@type\":\"WebPage\",\"@id\":\"https:\\\/\\\/bilasmidurinn.is\\\/vefverslun\\\/klaedningar\\\/golfefni\\\/teppi-svart-2m-breidd\\\/\",\"url\":\"https:\\\/\\\/bilasmidurinn.is\\\/vefverslun\\\/klaedningar\\\/golfefni\\\/teppi-svart-2m-breidd\\\/\",\"name\":\"Teppi svart 2m breidd - B&iacute;lasmi&eth;urinn\",\"isPartOf\":{\"@id\":\"https:\\\/\\\/bilasmidurinn.is\\\/#website\"},\"primaryImageOfPage\":{\"@id\":\"https:\\\/\\\/bilasmidurinn.is\\\/vefverslun\\\/klaedningar\\\/golfefni\\\/teppi-svart-2m-breidd\\\/#primaryimage\"},\"image\":{\"@id\":\"https:\\\/\\\/bilasmidurinn.is\\\/vefverslun\\\/klaedningar\\\/golfefni\\\/teppi-svart-2m-breidd\\\/#primaryimage\"},\"thumbnailUrl\":\"https:\\\/\\\/bilasmidurinn.is\\\/wp-content\\\/uploads\\\/2024\\\/04\\\/tapy21669.jpg\",\"datePublished\":\"2024-04-29T10:46:32+00:00\",\"dateModified\":\"2024-04-29T12:39:30+00:00\",\"breadcrumb\":{\"@id\":\"https:\\\/\\\/bilasmidurinn.is\\\/vefverslun\\\/klaedningar\\\/golfefni\\\/teppi-svart-2m-breidd\\\/#breadcrumb\"},\"inLanguage\":\"pl-PL\",\"potentialAction\":[{\"@type\":\"ReadAction\",\"target\":[\"https:\\\/\\\/bilasmidurinn.is\\\/vefverslun\\\/klaedningar\\\/golfefni\\\/teppi-svart-2m-breidd\\\/\"]}]},{\"@type\":\"ImageObject\",\"inLanguage\":\"pl-PL\",\"@id\":\"https:\\\/\\\/bilasmidurinn.is\\\/vefverslun\\\/klaedningar\\\/golfefni\\\/teppi-svart-2m-breidd\\\/#primaryimage\",\"url\":\"https:\\\/\\\/bilasmidurinn.is\\\/wp-content\\\/uploads\\\/2024\\\/04\\\/tapy21669.jpg\",\"contentUrl\":\"https:\\\/\\\/bilasmidurinn.is\\\/wp-content\\\/uploads\\\/2024\\\/04\\\/tapy21669.jpg\",\"width\":400,\"height\":300},{\"@type\":\"BreadcrumbList\",\"@id\":\"https:\\\/\\\/bilasmidurinn.is\\\/vefverslun\\\/klaedningar\\\/golfefni\\\/teppi-svart-2m-breidd\\\/#breadcrumb\",\"itemListElement\":[{\"@type\":\"ListItem\",\"position\":1,\"name\":\"Home\",\"item\":\"https:\\\/\\\/bilasmidurinn.is\\\/\"},{\"@type\":\"ListItem\",\"position\":2,\"name\":\"V\u00f6rur \u00ed verslun\",\"item\":\"https:\\\/\\\/bilasmidurinn.is\\\/vefverslun\\\/\"},{\"@type\":\"ListItem\",\"position\":3,\"name\":\"Teppi svart 2m breidd\"}]},{\"@type\":\"WebSite\",\"@id\":\"https:\\\/\\\/bilasmidurinn.is\\\/#website\",\"url\":\"https:\\\/\\\/bilasmidurinn.is\\\/\",\"name\":\"B&iacute;lasmi&eth;urinn\",\"description\":\"All sem &thorn;&uacute; &thorn;arft &iacute; t&aelig;ki&eth;\",\"potentialAction\":[{\"@type\":\"SearchAction\",\"target\":{\"@type\":\"EntryPoint\",\"urlTemplate\":\"https:\\\/\\\/bilasmidurinn.is\\\/?s={search_term_string}\"},\"query-input\":{\"@type\":\"PropertyValueSpecification\",\"valueRequired\":true,\"valueName\":\"search_term_string\"}}],\"inLanguage\":\"pl-PL\"}]}<\/script>\n<!-- \/ Yoast SEO plugin. -->","yoast_head_json":{"title":"Teppi svart 2m breidd - B&iacute;lasmi&eth;urinn","robots":{"index":"index","follow":"follow","max-snippet":"max-snippet:-1","max-image-preview":"max-image-preview:large","max-video-preview":"max-video-preview:-1"},"canonical":"https:\/\/bilasmidurinn.is\/pl\/vefverslun\/klaedningar\/golfefni\/teppi-svart-2m-breidd\/","og_locale":"pl_PL","og_type":"article","og_title":"Teppi svart 2m breidd - B&iacute;lasmi&eth;urinn","og_description":"Svart b\u00edlateppi 2m breitt me\u00f0 mj\u00faku undirlagi.  &nbsp;","og_url":"https:\/\/bilasmidurinn.is\/pl\/vefverslun\/klaedningar\/golfefni\/teppi-svart-2m-breidd\/","og_site_name":"B&iacute;lasmi&eth;urinn","article_modified_time":"2024-04-29T12:39:30+00:00","og_image":[{"width":400,"height":300,"url":"https:\/\/bilasmidurinn.is\/wp-content\/uploads\/2024\/04\/tapy21669.jpg","type":"image\/jpeg"}],"twitter_card":"summary_large_image","twitter_misc":{"Szacowany czas czytania":"1 minuta"},"schema":{"@context":"https:\/\/schema.org","@graph":[{"@type":"WebPage","@id":"https:\/\/bilasmidurinn.is\/vefverslun\/klaedningar\/golfefni\/teppi-svart-2m-breidd\/","url":"https:\/\/bilasmidurinn.is\/vefverslun\/klaedningar\/golfefni\/teppi-svart-2m-breidd\/","name":"Teppi svart 2m breidd - B&iacute;lasmi&eth;urinn","isPartOf":{"@id":"https:\/\/bilasmidurinn.is\/#website"},"primaryImageOfPage":{"@id":"https:\/\/bilasmidurinn.is\/vefverslun\/klaedningar\/golfefni\/teppi-svart-2m-breidd\/#primaryimage"},"image":{"@id":"https:\/\/bilasmidurinn.is\/vefverslun\/klaedningar\/golfefni\/teppi-svart-2m-breidd\/#primaryimage"},"thumbnailUrl":"https:\/\/bilasmidurinn.is\/wp-content\/uploads\/2024\/04\/tapy21669.jpg","datePublished":"2024-04-29T10:46:32+00:00","dateModified":"2024-04-29T12:39:30+00:00","breadcrumb":{"@id":"https:\/\/bilasmidurinn.is\/vefverslun\/klaedningar\/golfefni\/teppi-svart-2m-breidd\/#breadcrumb"},"inLanguage":"pl-PL","potentialAction":[{"@type":"ReadAction","target":["https:\/\/bilasmidurinn.is\/vefverslun\/klaedningar\/golfefni\/teppi-svart-2m-breidd\/"]}]},{"@type":"ImageObject","inLanguage":"pl-PL","@id":"https:\/\/bilasmidurinn.is\/vefverslun\/klaedningar\/golfefni\/teppi-svart-2m-breidd\/#primaryimage","url":"https:\/\/bilasmidurinn.is\/wp-content\/uploads\/2024\/04\/tapy21669.jpg","contentUrl":"https:\/\/bilasmidurinn.is\/wp-content\/uploads\/2024\/04\/tapy21669.jpg","width":400,"height":300},{"@type":"BreadcrumbList","@id":"https:\/\/bilasmidurinn.is\/vefverslun\/klaedningar\/golfefni\/teppi-svart-2m-breidd\/#breadcrumb","itemListElement":[{"@type":"ListItem","position":1,"name":"Home","item":"https:\/\/bilasmidurinn.is\/"},{"@type":"ListItem","position":2,"name":"V\u00f6rur \u00ed verslun","item":"https:\/\/bilasmidurinn.is\/vefverslun\/"},{"@type":"ListItem","position":3,"name":"Teppi svart 2m breidd"}]},{"@type":"WebSite","@id":"https:\/\/bilasmidurinn.is\/#website","url":"https:\/\/bilasmidurinn.is\/","name":"B&iacute;lasmi&eth;urinn","description":"All sem &thorn;&uacute; &thorn;arft &iacute; t&aelig;ki&eth;","potentialAction":[{"@type":"SearchAction","target":{"@type":"EntryPoint","urlTemplate":"https:\/\/bilasmidurinn.is\/?s={search_term_string}"},"query-input":{"@type":"PropertyValueSpecification","valueRequired":true,"valueName":"search_term_string"}}],"inLanguage":"pl-PL"}]}},"_links":{"self":[{"href":"https:\/\/bilasmidurinn.is\/pl\/wp-json\/wp\/v2\/product\/15428","targetHints":{"allow":["GET"]}}],"collection":[{"href":"https:\/\/bilasmidurinn.is\/pl\/wp-json\/wp\/v2\/product"}],"about":[{"href":"https:\/\/bilasmidurinn.is\/pl\/wp-json\/wp\/v2\/types\/product"}],"wp:featuredmedia":[{"embeddable":true,"href":"https:\/\/bilasmidurinn.is\/pl\/wp-json\/wp\/v2\/media\/15429"}],"wp:attachment":[{"href":"https:\/\/bilasmidurinn.is\/pl\/wp-json\/wp\/v2\/media?parent=15428"}],"wp:term":[{"taxonomy":"product_brand","embeddable":true,"href":"https:\/\/bilasmidurinn.is\/pl\/wp-json\/wp\/v2\/product_brand?post=15428"},{"taxonomy":"product_cat","embeddable":true,"href":"https:\/\/bilasmidurinn.is\/pl\/wp-json\/wp\/v2\/product_cat?post=15428"},{"taxonomy":"product_tag","embeddable":true,"href":"https:\/\/bilasmidurinn.is\/pl\/wp-json\/wp\/v2\/product_tag?post=15428"}],"curies":[{"name":"wp","href":"https:\/\/api.w.org\/{rel}","templated":true}]}}