{"id":15387,"date":"2024-03-13T19:58:22","date_gmt":"2024-03-13T19:58:22","guid":{"rendered":"https:\/\/bilasmidurinn.is\/?post_type=product&#038;p=15387"},"modified":"2026-02-16T17:44:50","modified_gmt":"2026-02-16T17:44:50","slug":"be-ge-3110l-loftfjadrandi-stolar","status":"publish","type":"product","link":"https:\/\/bilasmidurinn.is\/pl\/vefverslun\/stolar\/be-ge-3110l-loftfjadrandi-stolar\/","title":{"rendered":"BE-GE 3110L Krzes\u0142a z zawieszeniem pneumatycznym"},"content":{"rendered":"<p>BE-GE 3110 loftfja\u00f0randi st\u00f3ll, h\u00e6\u00f0ar og fja\u00f0urstillanlegur, gasdemparar hallstilling ( tilt ) stillingarnar eru stiglausar. Baki\u00f0 HBC me\u00f0 tveimur loft mj\u00f3baksstillingum og 3p \u00f6ryggibelti. St\u00f3llinn kemur me\u00f0 sle\u00f0a og h\u00e6gt a\u00f0 lengja setuna.\u00a0 \u00c1kl\u00e6\u00f0i\u00f0 VOGUE er slitsterkt og me\u00f0 g\u00f3\u00f0a \u00f6ndun.<\/p>\n<p>H\u00e6gt a\u00f0 setja armp\u00fa\u00f0a \u00e1 baki\u00f0.\u00a0 24v Hi\/Lo hiti \u00ed setu og baki.<\/p>\n<p>&nbsp;<\/p>\n<p>Dost\u0119pne w wielu wzorach.<\/p>\n<p>Krzes\u0142a, kt\u00f3re przetrwaj\u0105.<\/p>\n<p>Krzes\u0142a BE-GE produkowane s\u0105 w Oskarsham w Szwecji.<\/p>\n<p>&nbsp;<\/p>","protected":false},"excerpt":{"rendered":"<p>Loftfja\u00f0randi st\u00f3ll fr\u00e1 BE-GE \u00ed Sv\u00ed\u00fej\u00f3\u00f0,\u00a0 24v me\u00f0 hita \u00ed setu og baki, fj\u00f6lstillanlegur og 3p. \u00f6ryggisbelti.<\/p>","protected":false},"featured_media":15388,"template":"","meta":[],"product_brand":[7989],"product_cat":[7971],"product_tag":[],"class_list":{"0":"post-15387","1":"product","2":"type-product","3":"status-publish","4":"has-post-thumbnail","6":"product_brand-be-ge","7":"product_cat-stolar","9":"first","10":"instock","11":"shipping-taxable","12":"product-type-simple"},"yoast_head":"<!-- This site is optimized with the Yoast SEO plugin v27.4 - https:\/\/yoast.com\/product\/yoast-seo-wordpress\/ -->\n<title>BE-GE 3110L Loftfja\u00f0randi st\u00f3lar - B&iacute;lasmi&eth;urinn<\/title>\n<meta name=\"robots\" content=\"index, follow, max-snippet:-1, max-image-preview:large, max-video-preview:-1\" \/>\n<link rel=\"canonical\" href=\"https:\/\/bilasmidurinn.is\/pl\/vefverslun\/stolar\/be-ge-3110l-loftfjadrandi-stolar\/\" \/>\n<meta property=\"og:locale\" content=\"pl_PL\" \/>\n<meta property=\"og:type\" content=\"article\" \/>\n<meta property=\"og:title\" content=\"BE-GE 3110L Loftfja\u00f0randi st\u00f3lar - B&iacute;lasmi&eth;urinn\" \/>\n<meta property=\"og:description\" content=\"Loftfja\u00f0randi st\u00f3ll fr\u00e1 BE-GE \u00ed Sv\u00ed\u00fej\u00f3\u00f0,\u00a0 24v me\u00f0 hita \u00ed setu og baki, fj\u00f6lstillanlegur og 3p. \u00f6ryggisbelti.\" \/>\n<meta property=\"og:url\" content=\"https:\/\/bilasmidurinn.is\/pl\/vefverslun\/stolar\/be-ge-3110l-loftfjadrandi-stolar\/\" \/>\n<meta property=\"og:site_name\" content=\"B&iacute;lasmi&eth;urinn\" \/>\n<meta property=\"article:modified_time\" content=\"2026-02-16T17:44:50+00:00\" \/>\n<meta property=\"og:image\" content=\"https:\/\/bilasmidurinn.is\/wp-content\/uploads\/2024\/03\/3110L-hoger-scaled.jpg\" \/>\n\t<meta property=\"og:image:width\" content=\"1709\" \/>\n\t<meta property=\"og:image:height\" content=\"2560\" \/>\n\t<meta property=\"og:image:type\" content=\"image\/jpeg\" \/>\n<meta name=\"twitter:card\" content=\"summary_large_image\" \/>\n<meta name=\"twitter:label1\" content=\"Szacowany czas czytania\" \/>\n\t<meta name=\"twitter:data1\" content=\"1 minuta\" \/>\n<script type=\"application\/ld+json\" class=\"yoast-schema-graph\">{\"@context\":\"https:\\\/\\\/schema.org\",\"@graph\":[{\"@type\":\"WebPage\",\"@id\":\"https:\\\/\\\/bilasmidurinn.is\\\/vefverslun\\\/stolar\\\/be-ge-3110l-loftfjadrandi-stolar\\\/\",\"url\":\"https:\\\/\\\/bilasmidurinn.is\\\/vefverslun\\\/stolar\\\/be-ge-3110l-loftfjadrandi-stolar\\\/\",\"name\":\"BE-GE 3110L Loftfja\u00f0randi st\u00f3lar - B&iacute;lasmi&eth;urinn\",\"isPartOf\":{\"@id\":\"https:\\\/\\\/bilasmidurinn.is\\\/#website\"},\"primaryImageOfPage\":{\"@id\":\"https:\\\/\\\/bilasmidurinn.is\\\/vefverslun\\\/stolar\\\/be-ge-3110l-loftfjadrandi-stolar\\\/#primaryimage\"},\"image\":{\"@id\":\"https:\\\/\\\/bilasmidurinn.is\\\/vefverslun\\\/stolar\\\/be-ge-3110l-loftfjadrandi-stolar\\\/#primaryimage\"},\"thumbnailUrl\":\"https:\\\/\\\/bilasmidurinn.is\\\/wp-content\\\/uploads\\\/2024\\\/03\\\/3110L-hoger-scaled.jpg\",\"datePublished\":\"2024-03-13T19:58:22+00:00\",\"dateModified\":\"2026-02-16T17:44:50+00:00\",\"breadcrumb\":{\"@id\":\"https:\\\/\\\/bilasmidurinn.is\\\/vefverslun\\\/stolar\\\/be-ge-3110l-loftfjadrandi-stolar\\\/#breadcrumb\"},\"inLanguage\":\"pl-PL\",\"potentialAction\":[{\"@type\":\"ReadAction\",\"target\":[\"https:\\\/\\\/bilasmidurinn.is\\\/vefverslun\\\/stolar\\\/be-ge-3110l-loftfjadrandi-stolar\\\/\"]}]},{\"@type\":\"ImageObject\",\"inLanguage\":\"pl-PL\",\"@id\":\"https:\\\/\\\/bilasmidurinn.is\\\/vefverslun\\\/stolar\\\/be-ge-3110l-loftfjadrandi-stolar\\\/#primaryimage\",\"url\":\"https:\\\/\\\/bilasmidurinn.is\\\/wp-content\\\/uploads\\\/2024\\\/03\\\/3110L-hoger-scaled.jpg\",\"contentUrl\":\"https:\\\/\\\/bilasmidurinn.is\\\/wp-content\\\/uploads\\\/2024\\\/03\\\/3110L-hoger-scaled.jpg\",\"width\":1709,\"height\":2560},{\"@type\":\"BreadcrumbList\",\"@id\":\"https:\\\/\\\/bilasmidurinn.is\\\/vefverslun\\\/stolar\\\/be-ge-3110l-loftfjadrandi-stolar\\\/#breadcrumb\",\"itemListElement\":[{\"@type\":\"ListItem\",\"position\":1,\"name\":\"Home\",\"item\":\"https:\\\/\\\/bilasmidurinn.is\\\/\"},{\"@type\":\"ListItem\",\"position\":2,\"name\":\"V\u00f6rur \u00ed verslun\",\"item\":\"https:\\\/\\\/bilasmidurinn.is\\\/vefverslun\\\/\"},{\"@type\":\"ListItem\",\"position\":3,\"name\":\"BE-GE 3110L Loftfja\u00f0randi st\u00f3lar\"}]},{\"@type\":\"WebSite\",\"@id\":\"https:\\\/\\\/bilasmidurinn.is\\\/#website\",\"url\":\"https:\\\/\\\/bilasmidurinn.is\\\/\",\"name\":\"B&iacute;lasmi&eth;urinn\",\"description\":\"All sem &thorn;&uacute; &thorn;arft &iacute; t&aelig;ki&eth;\",\"potentialAction\":[{\"@type\":\"SearchAction\",\"target\":{\"@type\":\"EntryPoint\",\"urlTemplate\":\"https:\\\/\\\/bilasmidurinn.is\\\/?s={search_term_string}\"},\"query-input\":{\"@type\":\"PropertyValueSpecification\",\"valueRequired\":true,\"valueName\":\"search_term_string\"}}],\"inLanguage\":\"pl-PL\"}]}<\/script>\n<!-- \/ Yoast SEO plugin. -->","yoast_head_json":{"title":"BE-GE 3110L Loftfja\u00f0randi st\u00f3lar - B&iacute;lasmi&eth;urinn","robots":{"index":"index","follow":"follow","max-snippet":"max-snippet:-1","max-image-preview":"max-image-preview:large","max-video-preview":"max-video-preview:-1"},"canonical":"https:\/\/bilasmidurinn.is\/pl\/vefverslun\/stolar\/be-ge-3110l-loftfjadrandi-stolar\/","og_locale":"pl_PL","og_type":"article","og_title":"BE-GE 3110L Loftfja\u00f0randi st\u00f3lar - B&iacute;lasmi&eth;urinn","og_description":"Loftfja\u00f0randi st\u00f3ll fr\u00e1 BE-GE \u00ed Sv\u00ed\u00fej\u00f3\u00f0,\u00a0 24v me\u00f0 hita \u00ed setu og baki, fj\u00f6lstillanlegur og 3p. \u00f6ryggisbelti.","og_url":"https:\/\/bilasmidurinn.is\/pl\/vefverslun\/stolar\/be-ge-3110l-loftfjadrandi-stolar\/","og_site_name":"B&iacute;lasmi&eth;urinn","article_modified_time":"2026-02-16T17:44:50+00:00","og_image":[{"width":1709,"height":2560,"url":"https:\/\/bilasmidurinn.is\/wp-content\/uploads\/2024\/03\/3110L-hoger-scaled.jpg","type":"image\/jpeg"}],"twitter_card":"summary_large_image","twitter_misc":{"Szacowany czas czytania":"1 minuta"},"schema":{"@context":"https:\/\/schema.org","@graph":[{"@type":"WebPage","@id":"https:\/\/bilasmidurinn.is\/vefverslun\/stolar\/be-ge-3110l-loftfjadrandi-stolar\/","url":"https:\/\/bilasmidurinn.is\/vefverslun\/stolar\/be-ge-3110l-loftfjadrandi-stolar\/","name":"BE-GE 3110L Loftfja\u00f0randi st\u00f3lar - B&iacute;lasmi&eth;urinn","isPartOf":{"@id":"https:\/\/bilasmidurinn.is\/#website"},"primaryImageOfPage":{"@id":"https:\/\/bilasmidurinn.is\/vefverslun\/stolar\/be-ge-3110l-loftfjadrandi-stolar\/#primaryimage"},"image":{"@id":"https:\/\/bilasmidurinn.is\/vefverslun\/stolar\/be-ge-3110l-loftfjadrandi-stolar\/#primaryimage"},"thumbnailUrl":"https:\/\/bilasmidurinn.is\/wp-content\/uploads\/2024\/03\/3110L-hoger-scaled.jpg","datePublished":"2024-03-13T19:58:22+00:00","dateModified":"2026-02-16T17:44:50+00:00","breadcrumb":{"@id":"https:\/\/bilasmidurinn.is\/vefverslun\/stolar\/be-ge-3110l-loftfjadrandi-stolar\/#breadcrumb"},"inLanguage":"pl-PL","potentialAction":[{"@type":"ReadAction","target":["https:\/\/bilasmidurinn.is\/vefverslun\/stolar\/be-ge-3110l-loftfjadrandi-stolar\/"]}]},{"@type":"ImageObject","inLanguage":"pl-PL","@id":"https:\/\/bilasmidurinn.is\/vefverslun\/stolar\/be-ge-3110l-loftfjadrandi-stolar\/#primaryimage","url":"https:\/\/bilasmidurinn.is\/wp-content\/uploads\/2024\/03\/3110L-hoger-scaled.jpg","contentUrl":"https:\/\/bilasmidurinn.is\/wp-content\/uploads\/2024\/03\/3110L-hoger-scaled.jpg","width":1709,"height":2560},{"@type":"BreadcrumbList","@id":"https:\/\/bilasmidurinn.is\/vefverslun\/stolar\/be-ge-3110l-loftfjadrandi-stolar\/#breadcrumb","itemListElement":[{"@type":"ListItem","position":1,"name":"Home","item":"https:\/\/bilasmidurinn.is\/"},{"@type":"ListItem","position":2,"name":"V\u00f6rur \u00ed verslun","item":"https:\/\/bilasmidurinn.is\/vefverslun\/"},{"@type":"ListItem","position":3,"name":"BE-GE 3110L Loftfja\u00f0randi st\u00f3lar"}]},{"@type":"WebSite","@id":"https:\/\/bilasmidurinn.is\/#website","url":"https:\/\/bilasmidurinn.is\/","name":"B&iacute;lasmi&eth;urinn","description":"All sem &thorn;&uacute; &thorn;arft &iacute; t&aelig;ki&eth;","potentialAction":[{"@type":"SearchAction","target":{"@type":"EntryPoint","urlTemplate":"https:\/\/bilasmidurinn.is\/?s={search_term_string}"},"query-input":{"@type":"PropertyValueSpecification","valueRequired":true,"valueName":"search_term_string"}}],"inLanguage":"pl-PL"}]}},"_links":{"self":[{"href":"https:\/\/bilasmidurinn.is\/pl\/wp-json\/wp\/v2\/product\/15387","targetHints":{"allow":["GET"]}}],"collection":[{"href":"https:\/\/bilasmidurinn.is\/pl\/wp-json\/wp\/v2\/product"}],"about":[{"href":"https:\/\/bilasmidurinn.is\/pl\/wp-json\/wp\/v2\/types\/product"}],"wp:featuredmedia":[{"embeddable":true,"href":"https:\/\/bilasmidurinn.is\/pl\/wp-json\/wp\/v2\/media\/15388"}],"wp:attachment":[{"href":"https:\/\/bilasmidurinn.is\/pl\/wp-json\/wp\/v2\/media?parent=15387"}],"wp:term":[{"taxonomy":"product_brand","embeddable":true,"href":"https:\/\/bilasmidurinn.is\/pl\/wp-json\/wp\/v2\/product_brand?post=15387"},{"taxonomy":"product_cat","embeddable":true,"href":"https:\/\/bilasmidurinn.is\/pl\/wp-json\/wp\/v2\/product_cat?post=15387"},{"taxonomy":"product_tag","embeddable":true,"href":"https:\/\/bilasmidurinn.is\/pl\/wp-json\/wp\/v2\/product_tag?post=15387"}],"curies":[{"name":"wp","href":"https:\/\/api.w.org\/{rel}","templated":true}]}}