{"id":15385,"date":"2024-03-13T19:49:58","date_gmt":"2024-03-13T19:49:58","guid":{"rendered":"https:\/\/bilasmidurinn.is\/?post_type=product&#038;p=15385"},"modified":"2024-05-31T16:05:10","modified_gmt":"2024-05-31T16:05:10","slug":"be-ge-9200a-fjadrandi-stolar","status":"publish","type":"product","link":"https:\/\/bilasmidurinn.is\/pl\/vefverslun\/stolar\/be-ge-9200a-fjadrandi-stolar\/","title":{"rendered":"Krzes\u0142a wisz\u0105ce BE-GE 9200A"},"content":{"rendered":"<p>BE-GE 9200A s\u0105 wyposa\u017cone w spr\u0119\u017cyn\u0119 o podw\u00f3jnym dzia\u0142aniu i s\u0105 specjalnie zaprojektowane do du\u017cych obci\u0105\u017ce\u0144 i najci\u0119\u017cszych wymaga\u0144.<\/p>\n<p>Dzi\u0119ki dw\u00f3m amortyzatorom o podw\u00f3jnym dzia\u0142aniu model 9200A jest wyposa\u017cony w pod\u0142okietniki i zag\u0142\u00f3wki, regulacj\u0119 odcinka l\u0119d\u017awiowego, suwaki, zag\u0142\u00f3wek oraz \u0142atw\u0105 w czyszczeniu tapicerk\u0119 z PCV.<\/p>\n<p>\u0141atwy w utrzymaniu, dost\u0119pne wszystkie dodatki i cz\u0119\u015bci zamienne, serwis i naprawa samochod\u00f3w.<\/p>\n<p>Krzes\u0142a BE-GE produkowane s\u0105 w Oskarsham w Szwecji.<\/p>\n<p>&nbsp;<\/p>","protected":false},"excerpt":{"rendered":"<p>BE-GE 9200A s\u0105 wyposa\u017cone w spr\u0119\u017cyn\u0119 o podw\u00f3jnym dzia\u0142aniu i s\u0105 specjalnie zaprojektowane do du\u017cych obci\u0105\u017ce\u0144 i najci\u0119\u017cszych wymaga\u0144.<\/p>\n<p>Dzi\u0119ki dw\u00f3m amortyzatorom o podw\u00f3jnym dzia\u0142aniu model 9200A jest wyposa\u017cony w pod\u0142okietniki i zag\u0142\u00f3wek, regulacj\u0119 odcinka l\u0119d\u017awiowego, suwaki, zag\u0142\u00f3wek oraz \u0142atw\u0105 w czyszczeniu os\u0142on\u0119 z PCV<\/p>","protected":false},"featured_media":15386,"template":"","meta":[],"product_brand":[7989],"product_cat":[7971],"product_tag":[],"class_list":{"0":"post-15385","1":"product","2":"type-product","3":"status-publish","4":"has-post-thumbnail","6":"product_brand-be-ge","7":"product_cat-stolar","9":"first","10":"instock","11":"shipping-taxable","12":"product-type-simple"},"yoast_head":"<!-- This site is optimized with the Yoast SEO plugin v27.4 - https:\/\/yoast.com\/product\/yoast-seo-wordpress\/ -->\n<title>BE-GE 9200A fja\u00f0randi st\u00f3lar - B&iacute;lasmi&eth;urinn<\/title>\n<meta name=\"robots\" content=\"index, follow, max-snippet:-1, max-image-preview:large, max-video-preview:-1\" \/>\n<link rel=\"canonical\" href=\"https:\/\/bilasmidurinn.is\/pl\/vefverslun\/stolar\/be-ge-9200a-fjadrandi-stolar\/\" \/>\n<meta property=\"og:locale\" content=\"pl_PL\" \/>\n<meta property=\"og:type\" content=\"article\" \/>\n<meta property=\"og:title\" content=\"BE-GE 9200A fja\u00f0randi st\u00f3lar - B&iacute;lasmi&eth;urinn\" \/>\n<meta property=\"og:description\" content=\"BE-GE 9200A eru fja\u00f0randi me\u00f0 tv\u00f6faldri virkni og s\u00e9r\u00fatb\u00fanir fyrir miki\u00f0 \u00e1la\u00f0 og h\u00f6r\u00f0ustu kr\u00f6fur.  Me\u00f0 tveimum tv\u00edvirkum dempurum, 9200A er \u00fatb\u00fainn me\u00f0 armp\u00fa\u00f0um og h\u00f6fu\u00f0p\u00fa\u00f0a, mj\u00f3baksstilling, sle\u00f0ar, h\u00f6fu\u00f0p\u00fa\u00f0i, PVC \u00e1kl\u00e6\u00f0i sem au\u00f0velt er a\u00f0 \u00fer\u00edfa\" \/>\n<meta property=\"og:url\" content=\"https:\/\/bilasmidurinn.is\/pl\/vefverslun\/stolar\/be-ge-9200a-fjadrandi-stolar\/\" \/>\n<meta property=\"og:site_name\" content=\"B&iacute;lasmi&eth;urinn\" \/>\n<meta property=\"article:modified_time\" content=\"2024-05-31T16:05:10+00:00\" \/>\n<meta property=\"og:image\" content=\"https:\/\/bilasmidurinn.is\/wp-content\/uploads\/2024\/03\/92-right-scaled.jpg\" \/>\n\t<meta property=\"og:image:width\" content=\"1709\" \/>\n\t<meta property=\"og:image:height\" content=\"2560\" \/>\n\t<meta property=\"og:image:type\" content=\"image\/jpeg\" \/>\n<meta name=\"twitter:card\" content=\"summary_large_image\" \/>\n<meta name=\"twitter:label1\" content=\"Szacowany czas czytania\" \/>\n\t<meta name=\"twitter:data1\" content=\"1 minuta\" \/>\n<script type=\"application\/ld+json\" class=\"yoast-schema-graph\">{\"@context\":\"https:\\\/\\\/schema.org\",\"@graph\":[{\"@type\":\"WebPage\",\"@id\":\"https:\\\/\\\/bilasmidurinn.is\\\/vefverslun\\\/stolar\\\/be-ge-9200a-fjadrandi-stolar\\\/\",\"url\":\"https:\\\/\\\/bilasmidurinn.is\\\/vefverslun\\\/stolar\\\/be-ge-9200a-fjadrandi-stolar\\\/\",\"name\":\"BE-GE 9200A fja\u00f0randi st\u00f3lar - B&iacute;lasmi&eth;urinn\",\"isPartOf\":{\"@id\":\"https:\\\/\\\/bilasmidurinn.is\\\/#website\"},\"primaryImageOfPage\":{\"@id\":\"https:\\\/\\\/bilasmidurinn.is\\\/vefverslun\\\/stolar\\\/be-ge-9200a-fjadrandi-stolar\\\/#primaryimage\"},\"image\":{\"@id\":\"https:\\\/\\\/bilasmidurinn.is\\\/vefverslun\\\/stolar\\\/be-ge-9200a-fjadrandi-stolar\\\/#primaryimage\"},\"thumbnailUrl\":\"https:\\\/\\\/bilasmidurinn.is\\\/wp-content\\\/uploads\\\/2024\\\/03\\\/92-right-scaled.jpg\",\"datePublished\":\"2024-03-13T19:49:58+00:00\",\"dateModified\":\"2024-05-31T16:05:10+00:00\",\"breadcrumb\":{\"@id\":\"https:\\\/\\\/bilasmidurinn.is\\\/vefverslun\\\/stolar\\\/be-ge-9200a-fjadrandi-stolar\\\/#breadcrumb\"},\"inLanguage\":\"pl-PL\",\"potentialAction\":[{\"@type\":\"ReadAction\",\"target\":[\"https:\\\/\\\/bilasmidurinn.is\\\/vefverslun\\\/stolar\\\/be-ge-9200a-fjadrandi-stolar\\\/\"]}]},{\"@type\":\"ImageObject\",\"inLanguage\":\"pl-PL\",\"@id\":\"https:\\\/\\\/bilasmidurinn.is\\\/vefverslun\\\/stolar\\\/be-ge-9200a-fjadrandi-stolar\\\/#primaryimage\",\"url\":\"https:\\\/\\\/bilasmidurinn.is\\\/wp-content\\\/uploads\\\/2024\\\/03\\\/92-right-scaled.jpg\",\"contentUrl\":\"https:\\\/\\\/bilasmidurinn.is\\\/wp-content\\\/uploads\\\/2024\\\/03\\\/92-right-scaled.jpg\",\"width\":1709,\"height\":2560},{\"@type\":\"BreadcrumbList\",\"@id\":\"https:\\\/\\\/bilasmidurinn.is\\\/vefverslun\\\/stolar\\\/be-ge-9200a-fjadrandi-stolar\\\/#breadcrumb\",\"itemListElement\":[{\"@type\":\"ListItem\",\"position\":1,\"name\":\"Home\",\"item\":\"https:\\\/\\\/bilasmidurinn.is\\\/\"},{\"@type\":\"ListItem\",\"position\":2,\"name\":\"V\u00f6rur \u00ed verslun\",\"item\":\"https:\\\/\\\/bilasmidurinn.is\\\/vefverslun\\\/\"},{\"@type\":\"ListItem\",\"position\":3,\"name\":\"BE-GE 9200A fja\u00f0randi st\u00f3lar\"}]},{\"@type\":\"WebSite\",\"@id\":\"https:\\\/\\\/bilasmidurinn.is\\\/#website\",\"url\":\"https:\\\/\\\/bilasmidurinn.is\\\/\",\"name\":\"B&iacute;lasmi&eth;urinn\",\"description\":\"All sem &thorn;&uacute; &thorn;arft &iacute; t&aelig;ki&eth;\",\"potentialAction\":[{\"@type\":\"SearchAction\",\"target\":{\"@type\":\"EntryPoint\",\"urlTemplate\":\"https:\\\/\\\/bilasmidurinn.is\\\/?s={search_term_string}\"},\"query-input\":{\"@type\":\"PropertyValueSpecification\",\"valueRequired\":true,\"valueName\":\"search_term_string\"}}],\"inLanguage\":\"pl-PL\"}]}<\/script>\n<!-- \/ Yoast SEO plugin. -->","yoast_head_json":{"title":"BE-GE 9200A fja\u00f0randi st\u00f3lar - B&iacute;lasmi&eth;urinn","robots":{"index":"index","follow":"follow","max-snippet":"max-snippet:-1","max-image-preview":"max-image-preview:large","max-video-preview":"max-video-preview:-1"},"canonical":"https:\/\/bilasmidurinn.is\/pl\/vefverslun\/stolar\/be-ge-9200a-fjadrandi-stolar\/","og_locale":"pl_PL","og_type":"article","og_title":"BE-GE 9200A fja\u00f0randi st\u00f3lar - B&iacute;lasmi&eth;urinn","og_description":"BE-GE 9200A eru fja\u00f0randi me\u00f0 tv\u00f6faldri virkni og s\u00e9r\u00fatb\u00fanir fyrir miki\u00f0 \u00e1la\u00f0 og h\u00f6r\u00f0ustu kr\u00f6fur.  Me\u00f0 tveimum tv\u00edvirkum dempurum, 9200A er \u00fatb\u00fainn me\u00f0 armp\u00fa\u00f0um og h\u00f6fu\u00f0p\u00fa\u00f0a, mj\u00f3baksstilling, sle\u00f0ar, h\u00f6fu\u00f0p\u00fa\u00f0i, PVC \u00e1kl\u00e6\u00f0i sem au\u00f0velt er a\u00f0 \u00fer\u00edfa","og_url":"https:\/\/bilasmidurinn.is\/pl\/vefverslun\/stolar\/be-ge-9200a-fjadrandi-stolar\/","og_site_name":"B&iacute;lasmi&eth;urinn","article_modified_time":"2024-05-31T16:05:10+00:00","og_image":[{"width":1709,"height":2560,"url":"https:\/\/bilasmidurinn.is\/wp-content\/uploads\/2024\/03\/92-right-scaled.jpg","type":"image\/jpeg"}],"twitter_card":"summary_large_image","twitter_misc":{"Szacowany czas czytania":"1 minuta"},"schema":{"@context":"https:\/\/schema.org","@graph":[{"@type":"WebPage","@id":"https:\/\/bilasmidurinn.is\/vefverslun\/stolar\/be-ge-9200a-fjadrandi-stolar\/","url":"https:\/\/bilasmidurinn.is\/vefverslun\/stolar\/be-ge-9200a-fjadrandi-stolar\/","name":"BE-GE 9200A fja\u00f0randi st\u00f3lar - B&iacute;lasmi&eth;urinn","isPartOf":{"@id":"https:\/\/bilasmidurinn.is\/#website"},"primaryImageOfPage":{"@id":"https:\/\/bilasmidurinn.is\/vefverslun\/stolar\/be-ge-9200a-fjadrandi-stolar\/#primaryimage"},"image":{"@id":"https:\/\/bilasmidurinn.is\/vefverslun\/stolar\/be-ge-9200a-fjadrandi-stolar\/#primaryimage"},"thumbnailUrl":"https:\/\/bilasmidurinn.is\/wp-content\/uploads\/2024\/03\/92-right-scaled.jpg","datePublished":"2024-03-13T19:49:58+00:00","dateModified":"2024-05-31T16:05:10+00:00","breadcrumb":{"@id":"https:\/\/bilasmidurinn.is\/vefverslun\/stolar\/be-ge-9200a-fjadrandi-stolar\/#breadcrumb"},"inLanguage":"pl-PL","potentialAction":[{"@type":"ReadAction","target":["https:\/\/bilasmidurinn.is\/vefverslun\/stolar\/be-ge-9200a-fjadrandi-stolar\/"]}]},{"@type":"ImageObject","inLanguage":"pl-PL","@id":"https:\/\/bilasmidurinn.is\/vefverslun\/stolar\/be-ge-9200a-fjadrandi-stolar\/#primaryimage","url":"https:\/\/bilasmidurinn.is\/wp-content\/uploads\/2024\/03\/92-right-scaled.jpg","contentUrl":"https:\/\/bilasmidurinn.is\/wp-content\/uploads\/2024\/03\/92-right-scaled.jpg","width":1709,"height":2560},{"@type":"BreadcrumbList","@id":"https:\/\/bilasmidurinn.is\/vefverslun\/stolar\/be-ge-9200a-fjadrandi-stolar\/#breadcrumb","itemListElement":[{"@type":"ListItem","position":1,"name":"Home","item":"https:\/\/bilasmidurinn.is\/"},{"@type":"ListItem","position":2,"name":"V\u00f6rur \u00ed verslun","item":"https:\/\/bilasmidurinn.is\/vefverslun\/"},{"@type":"ListItem","position":3,"name":"BE-GE 9200A fja\u00f0randi st\u00f3lar"}]},{"@type":"WebSite","@id":"https:\/\/bilasmidurinn.is\/#website","url":"https:\/\/bilasmidurinn.is\/","name":"B&iacute;lasmi&eth;urinn","description":"All sem &thorn;&uacute; &thorn;arft &iacute; t&aelig;ki&eth;","potentialAction":[{"@type":"SearchAction","target":{"@type":"EntryPoint","urlTemplate":"https:\/\/bilasmidurinn.is\/?s={search_term_string}"},"query-input":{"@type":"PropertyValueSpecification","valueRequired":true,"valueName":"search_term_string"}}],"inLanguage":"pl-PL"}]}},"_links":{"self":[{"href":"https:\/\/bilasmidurinn.is\/pl\/wp-json\/wp\/v2\/product\/15385","targetHints":{"allow":["GET"]}}],"collection":[{"href":"https:\/\/bilasmidurinn.is\/pl\/wp-json\/wp\/v2\/product"}],"about":[{"href":"https:\/\/bilasmidurinn.is\/pl\/wp-json\/wp\/v2\/types\/product"}],"wp:featuredmedia":[{"embeddable":true,"href":"https:\/\/bilasmidurinn.is\/pl\/wp-json\/wp\/v2\/media\/15386"}],"wp:attachment":[{"href":"https:\/\/bilasmidurinn.is\/pl\/wp-json\/wp\/v2\/media?parent=15385"}],"wp:term":[{"taxonomy":"product_brand","embeddable":true,"href":"https:\/\/bilasmidurinn.is\/pl\/wp-json\/wp\/v2\/product_brand?post=15385"},{"taxonomy":"product_cat","embeddable":true,"href":"https:\/\/bilasmidurinn.is\/pl\/wp-json\/wp\/v2\/product_cat?post=15385"},{"taxonomy":"product_tag","embeddable":true,"href":"https:\/\/bilasmidurinn.is\/pl\/wp-json\/wp\/v2\/product_tag?post=15385"}],"curies":[{"name":"wp","href":"https:\/\/api.w.org\/{rel}","templated":true}]}}