{"id":15381,"date":"2024-03-13T19:31:33","date_gmt":"2024-03-13T19:31:33","guid":{"rendered":"https:\/\/bilasmidurinn.is\/?post_type=product&#038;p=15381"},"modified":"2024-03-13T19:45:38","modified_gmt":"2024-03-13T19:45:38","slug":"loftkaeling-12v-dc-plein-aircon-nytt","status":"publish","type":"product","link":"https:\/\/bilasmidurinn.is\/pl\/vefverslun\/loftun\/loftkaeling-12v-dc-plein-aircon-nytt\/","title":{"rendered":"Klimatyzacja 12v DC Plein-Aicon NOWO\u015a\u0106"},"content":{"rendered":"<p>Klimatyzacja 12V do samochod\u00f3w kempingowych i przyczep. 12V DC firmy INDELB.<\/p>\n<p>Najnowsze osi\u0105gni\u0119cia w projektowaniu i technologii od\u015bwie\u017caczy powietrza na 12 V DC, niezb\u0119dne wyposa\u017cenie dla tych, kt\u00f3rzy planuj\u0105 podr\u00f3\u017cowa\u0107 swoim kamperem do cieplejszych kraj\u00f3w. Dobrze ch\u0142odzi i od\u015bwie\u017ca przestrze\u0144 do spania oraz zapewnia dobry sen.<\/p>\n<p>Zobacz plik PDF. broszura<\/p>\n<p>Specjalne zam\u00f3wienie!<\/p>","protected":false},"excerpt":{"rendered":"<p>Klimatyzacja 12V do samochod\u00f3w kempingowych i przyczep. 12V DC firmy INDELB.<\/p>\n<p>Najnowsze osi\u0105gni\u0119cia w projektowaniu i technologii od\u015bwie\u017caczy powietrza na 12 V DC, niezb\u0119dne wyposa\u017cenie dla tych, kt\u00f3rzy planuj\u0105 podr\u00f3\u017cowa\u0107 swoim kamperem do cieplejszych kraj\u00f3w. Ch\u0142odzi cz\u0119sto dobrze od\u015bwie\u017ca przestrze\u0144 do spania i zapewnia dobry sen.<\/p>","protected":false},"featured_media":15383,"template":"","meta":[],"product_brand":[7925],"product_cat":[7966],"product_tag":[],"class_list":{"0":"post-15381","1":"product","2":"type-product","3":"status-publish","4":"has-post-thumbnail","6":"product_brand-webasto","7":"product_cat-loftun","9":"first","10":"instock","11":"shipping-taxable","12":"product-type-simple"},"yoast_head":"<!-- This site is optimized with the Yoast SEO plugin v27.5 - https:\/\/yoast.com\/product\/yoast-seo-wordpress\/ -->\n<title>Loftk\u00e6ling 12v DC Plein- Aircon N\u00ddTT - B&iacute;lasmi&eth;urinn<\/title>\n<meta name=\"robots\" content=\"index, follow, max-snippet:-1, max-image-preview:large, max-video-preview:-1\" \/>\n<link rel=\"canonical\" href=\"https:\/\/bilasmidurinn.is\/pl\/vefverslun\/loftun\/loftkaeling-12v-dc-plein-aircon-nytt\/\" \/>\n<meta property=\"og:locale\" content=\"pl_PL\" \/>\n<meta property=\"og:type\" content=\"article\" \/>\n<meta property=\"og:title\" content=\"Loftk\u00e6ling 12v DC Plein- Aircon N\u00ddTT - B&iacute;lasmi&eth;urinn\" \/>\n<meta property=\"og:description\" content=\"12V loftk\u00e6ling fyrir h\u00fasb\u00edla og vagna. 12V DC fr\u00e1\u00a0 INDELB.  N\u00fdjasta n\u00fdtt \u00ed h\u00f6nnun og t\u00e6kni \u00ed loftfr\u00edskunar b\u00fana\u00f0i fyrir 12v DC, nau\u00f0synlegur b\u00fana\u00f0ur fyrir \u00fe\u00e1 sem hyggjast \u00e1 fer\u00f0al\u00f6g \u00e1 h\u00fasb\u00edlnum s\u00ednum til heitari landa.\u00a0 K\u00e6lir oft fr\u00edskar svefnr\u00fdmi\u00f0 vel og tryggir g\u00f3\u00f0an svefn.\" \/>\n<meta property=\"og:url\" content=\"https:\/\/bilasmidurinn.is\/pl\/vefverslun\/loftun\/loftkaeling-12v-dc-plein-aircon-nytt\/\" \/>\n<meta property=\"og:site_name\" content=\"B&iacute;lasmi&eth;urinn\" \/>\n<meta property=\"article:modified_time\" content=\"2024-03-13T19:45:38+00:00\" \/>\n<meta property=\"og:image\" content=\"https:\/\/bilasmidurinn.is\/wp-content\/uploads\/2024\/03\/Plein.jpg.png\" \/>\n\t<meta property=\"og:image:width\" content=\"396\" \/>\n\t<meta property=\"og:image:height\" content=\"186\" \/>\n\t<meta property=\"og:image:type\" content=\"image\/png\" \/>\n<meta name=\"twitter:card\" content=\"summary_large_image\" \/>\n<meta name=\"twitter:label1\" content=\"Szacowany czas czytania\" \/>\n\t<meta name=\"twitter:data1\" content=\"1 minuta\" \/>\n<script type=\"application\/ld+json\" class=\"yoast-schema-graph\">{\"@context\":\"https:\\\/\\\/schema.org\",\"@graph\":[{\"@type\":\"WebPage\",\"@id\":\"https:\\\/\\\/bilasmidurinn.is\\\/vefverslun\\\/loftun\\\/loftkaeling-12v-dc-plein-aircon-nytt\\\/\",\"url\":\"https:\\\/\\\/bilasmidurinn.is\\\/vefverslun\\\/loftun\\\/loftkaeling-12v-dc-plein-aircon-nytt\\\/\",\"name\":\"Loftk\u00e6ling 12v DC Plein- Aircon N\u00ddTT - B&iacute;lasmi&eth;urinn\",\"isPartOf\":{\"@id\":\"https:\\\/\\\/bilasmidurinn.is\\\/#website\"},\"primaryImageOfPage\":{\"@id\":\"https:\\\/\\\/bilasmidurinn.is\\\/vefverslun\\\/loftun\\\/loftkaeling-12v-dc-plein-aircon-nytt\\\/#primaryimage\"},\"image\":{\"@id\":\"https:\\\/\\\/bilasmidurinn.is\\\/vefverslun\\\/loftun\\\/loftkaeling-12v-dc-plein-aircon-nytt\\\/#primaryimage\"},\"thumbnailUrl\":\"https:\\\/\\\/bilasmidurinn.is\\\/wp-content\\\/uploads\\\/2024\\\/03\\\/Plein.jpg.png\",\"datePublished\":\"2024-03-13T19:31:33+00:00\",\"dateModified\":\"2024-03-13T19:45:38+00:00\",\"breadcrumb\":{\"@id\":\"https:\\\/\\\/bilasmidurinn.is\\\/vefverslun\\\/loftun\\\/loftkaeling-12v-dc-plein-aircon-nytt\\\/#breadcrumb\"},\"inLanguage\":\"pl-PL\",\"potentialAction\":[{\"@type\":\"ReadAction\",\"target\":[\"https:\\\/\\\/bilasmidurinn.is\\\/vefverslun\\\/loftun\\\/loftkaeling-12v-dc-plein-aircon-nytt\\\/\"]}]},{\"@type\":\"ImageObject\",\"inLanguage\":\"pl-PL\",\"@id\":\"https:\\\/\\\/bilasmidurinn.is\\\/vefverslun\\\/loftun\\\/loftkaeling-12v-dc-plein-aircon-nytt\\\/#primaryimage\",\"url\":\"https:\\\/\\\/bilasmidurinn.is\\\/wp-content\\\/uploads\\\/2024\\\/03\\\/Plein.jpg.png\",\"contentUrl\":\"https:\\\/\\\/bilasmidurinn.is\\\/wp-content\\\/uploads\\\/2024\\\/03\\\/Plein.jpg.png\",\"width\":396,\"height\":186},{\"@type\":\"BreadcrumbList\",\"@id\":\"https:\\\/\\\/bilasmidurinn.is\\\/vefverslun\\\/loftun\\\/loftkaeling-12v-dc-plein-aircon-nytt\\\/#breadcrumb\",\"itemListElement\":[{\"@type\":\"ListItem\",\"position\":1,\"name\":\"Home\",\"item\":\"https:\\\/\\\/bilasmidurinn.is\\\/\"},{\"@type\":\"ListItem\",\"position\":2,\"name\":\"V\u00f6rur \u00ed verslun\",\"item\":\"https:\\\/\\\/bilasmidurinn.is\\\/vefverslun\\\/\"},{\"@type\":\"ListItem\",\"position\":3,\"name\":\"Loftk\u00e6ling 12v DC Plein- Aircon N\u00ddTT\"}]},{\"@type\":\"WebSite\",\"@id\":\"https:\\\/\\\/bilasmidurinn.is\\\/#website\",\"url\":\"https:\\\/\\\/bilasmidurinn.is\\\/\",\"name\":\"B&iacute;lasmi&eth;urinn\",\"description\":\"All sem &thorn;&uacute; &thorn;arft &iacute; t&aelig;ki&eth;\",\"potentialAction\":[{\"@type\":\"SearchAction\",\"target\":{\"@type\":\"EntryPoint\",\"urlTemplate\":\"https:\\\/\\\/bilasmidurinn.is\\\/?s={search_term_string}\"},\"query-input\":{\"@type\":\"PropertyValueSpecification\",\"valueRequired\":true,\"valueName\":\"search_term_string\"}}],\"inLanguage\":\"pl-PL\"}]}<\/script>\n<!-- \/ Yoast SEO plugin. -->","yoast_head_json":{"title":"Loftk\u00e6ling 12v DC Plein- Aircon N\u00ddTT - B&iacute;lasmi&eth;urinn","robots":{"index":"index","follow":"follow","max-snippet":"max-snippet:-1","max-image-preview":"max-image-preview:large","max-video-preview":"max-video-preview:-1"},"canonical":"https:\/\/bilasmidurinn.is\/pl\/vefverslun\/loftun\/loftkaeling-12v-dc-plein-aircon-nytt\/","og_locale":"pl_PL","og_type":"article","og_title":"Loftk\u00e6ling 12v DC Plein- Aircon N\u00ddTT - B&iacute;lasmi&eth;urinn","og_description":"12V loftk\u00e6ling fyrir h\u00fasb\u00edla og vagna. 12V DC fr\u00e1\u00a0 INDELB.  N\u00fdjasta n\u00fdtt \u00ed h\u00f6nnun og t\u00e6kni \u00ed loftfr\u00edskunar b\u00fana\u00f0i fyrir 12v DC, nau\u00f0synlegur b\u00fana\u00f0ur fyrir \u00fe\u00e1 sem hyggjast \u00e1 fer\u00f0al\u00f6g \u00e1 h\u00fasb\u00edlnum s\u00ednum til heitari landa.\u00a0 K\u00e6lir oft fr\u00edskar svefnr\u00fdmi\u00f0 vel og tryggir g\u00f3\u00f0an svefn.","og_url":"https:\/\/bilasmidurinn.is\/pl\/vefverslun\/loftun\/loftkaeling-12v-dc-plein-aircon-nytt\/","og_site_name":"B&iacute;lasmi&eth;urinn","article_modified_time":"2024-03-13T19:45:38+00:00","og_image":[{"width":396,"height":186,"url":"https:\/\/bilasmidurinn.is\/wp-content\/uploads\/2024\/03\/Plein.jpg.png","type":"image\/png"}],"twitter_card":"summary_large_image","twitter_misc":{"Szacowany czas czytania":"1 minuta"},"schema":{"@context":"https:\/\/schema.org","@graph":[{"@type":"WebPage","@id":"https:\/\/bilasmidurinn.is\/vefverslun\/loftun\/loftkaeling-12v-dc-plein-aircon-nytt\/","url":"https:\/\/bilasmidurinn.is\/vefverslun\/loftun\/loftkaeling-12v-dc-plein-aircon-nytt\/","name":"Loftk\u00e6ling 12v DC Plein- Aircon N\u00ddTT - B&iacute;lasmi&eth;urinn","isPartOf":{"@id":"https:\/\/bilasmidurinn.is\/#website"},"primaryImageOfPage":{"@id":"https:\/\/bilasmidurinn.is\/vefverslun\/loftun\/loftkaeling-12v-dc-plein-aircon-nytt\/#primaryimage"},"image":{"@id":"https:\/\/bilasmidurinn.is\/vefverslun\/loftun\/loftkaeling-12v-dc-plein-aircon-nytt\/#primaryimage"},"thumbnailUrl":"https:\/\/bilasmidurinn.is\/wp-content\/uploads\/2024\/03\/Plein.jpg.png","datePublished":"2024-03-13T19:31:33+00:00","dateModified":"2024-03-13T19:45:38+00:00","breadcrumb":{"@id":"https:\/\/bilasmidurinn.is\/vefverslun\/loftun\/loftkaeling-12v-dc-plein-aircon-nytt\/#breadcrumb"},"inLanguage":"pl-PL","potentialAction":[{"@type":"ReadAction","target":["https:\/\/bilasmidurinn.is\/vefverslun\/loftun\/loftkaeling-12v-dc-plein-aircon-nytt\/"]}]},{"@type":"ImageObject","inLanguage":"pl-PL","@id":"https:\/\/bilasmidurinn.is\/vefverslun\/loftun\/loftkaeling-12v-dc-plein-aircon-nytt\/#primaryimage","url":"https:\/\/bilasmidurinn.is\/wp-content\/uploads\/2024\/03\/Plein.jpg.png","contentUrl":"https:\/\/bilasmidurinn.is\/wp-content\/uploads\/2024\/03\/Plein.jpg.png","width":396,"height":186},{"@type":"BreadcrumbList","@id":"https:\/\/bilasmidurinn.is\/vefverslun\/loftun\/loftkaeling-12v-dc-plein-aircon-nytt\/#breadcrumb","itemListElement":[{"@type":"ListItem","position":1,"name":"Home","item":"https:\/\/bilasmidurinn.is\/"},{"@type":"ListItem","position":2,"name":"V\u00f6rur \u00ed verslun","item":"https:\/\/bilasmidurinn.is\/vefverslun\/"},{"@type":"ListItem","position":3,"name":"Loftk\u00e6ling 12v DC Plein- Aircon N\u00ddTT"}]},{"@type":"WebSite","@id":"https:\/\/bilasmidurinn.is\/#website","url":"https:\/\/bilasmidurinn.is\/","name":"B&iacute;lasmi&eth;urinn","description":"All sem &thorn;&uacute; &thorn;arft &iacute; t&aelig;ki&eth;","potentialAction":[{"@type":"SearchAction","target":{"@type":"EntryPoint","urlTemplate":"https:\/\/bilasmidurinn.is\/?s={search_term_string}"},"query-input":{"@type":"PropertyValueSpecification","valueRequired":true,"valueName":"search_term_string"}}],"inLanguage":"pl-PL"}]}},"_links":{"self":[{"href":"https:\/\/bilasmidurinn.is\/pl\/wp-json\/wp\/v2\/product\/15381","targetHints":{"allow":["GET"]}}],"collection":[{"href":"https:\/\/bilasmidurinn.is\/pl\/wp-json\/wp\/v2\/product"}],"about":[{"href":"https:\/\/bilasmidurinn.is\/pl\/wp-json\/wp\/v2\/types\/product"}],"wp:featuredmedia":[{"embeddable":true,"href":"https:\/\/bilasmidurinn.is\/pl\/wp-json\/wp\/v2\/media\/15383"}],"wp:attachment":[{"href":"https:\/\/bilasmidurinn.is\/pl\/wp-json\/wp\/v2\/media?parent=15381"}],"wp:term":[{"taxonomy":"product_brand","embeddable":true,"href":"https:\/\/bilasmidurinn.is\/pl\/wp-json\/wp\/v2\/product_brand?post=15381"},{"taxonomy":"product_cat","embeddable":true,"href":"https:\/\/bilasmidurinn.is\/pl\/wp-json\/wp\/v2\/product_cat?post=15381"},{"taxonomy":"product_tag","embeddable":true,"href":"https:\/\/bilasmidurinn.is\/pl\/wp-json\/wp\/v2\/product_tag?post=15381"}],"curies":[{"name":"wp","href":"https:\/\/api.w.org\/{rel}","templated":true}]}}