{"id":15376,"date":"2024-03-13T19:17:54","date_gmt":"2024-03-13T19:17:54","guid":{"rendered":"https:\/\/bilasmidurinn.is\/?post_type=product&#038;p=15376"},"modified":"2025-12-19T08:36:35","modified_gmt":"2025-12-19T08:36:35","slug":"afellulisti-med-thettingu-ad-ofan","status":"publish","type":"product","link":"https:\/\/bilasmidurinn.is\/pl\/vefverslun\/afellulistar\/afellulisti-med-thettingu-ad-ofan\/","title":{"rendered":"Listwa czo\u0142owa z uszczelnieniem na g\u00f3rze"},"content":{"rendered":"<p>W\u0142\u00f3\u017c pasek z impulsem uszczelniaj\u0105cym na g\u00f3rze, aby uzyska\u0107 kraw\u0119dzie 1-3 mm<\/p>\n<p>Guma EPDM<\/p>","protected":false},"excerpt":{"rendered":"<p>W\u0142\u00f3\u017c pasek z impulsem uszczelniaj\u0105cym na g\u00f3rze, aby uzyska\u0107 kraw\u0119dzie 1-3 mm<\/p>\n<p>Guma EPDM<\/p>","protected":false},"featured_media":15377,"template":"","meta":[],"product_brand":[7944],"product_cat":[7952,7960,7974],"product_tag":[],"class_list":{"0":"post-15376","1":"product","2":"type-product","3":"status-publish","4":"has-post-thumbnail","6":"product_brand-pommier","7":"product_cat-afellulistar","8":"product_cat-gummilistar","9":"product_cat-thettilistar","11":"first","12":"instock","13":"shipping-taxable","14":"product-type-simple"},"yoast_head":"<!-- This site is optimized with the Yoast SEO plugin v27.4 - https:\/\/yoast.com\/product\/yoast-seo-wordpress\/ -->\n<title>\u00c1fellulisti me\u00f0 \u00fe\u00e9ttingu a\u00f0 ofan - B&iacute;lasmi&eth;urinn<\/title>\n<meta name=\"robots\" content=\"index, follow, max-snippet:-1, max-image-preview:large, max-video-preview:-1\" \/>\n<link rel=\"canonical\" href=\"https:\/\/bilasmidurinn.is\/pl\/vefverslun\/afellulistar\/afellulisti-med-thettingu-ad-ofan\/\" \/>\n<meta property=\"og:locale\" content=\"pl_PL\" \/>\n<meta property=\"og:type\" content=\"article\" \/>\n<meta property=\"og:title\" content=\"\u00c1fellulisti me\u00f0 \u00fe\u00e9ttingu a\u00f0 ofan - B&iacute;lasmi&eth;urinn\" \/>\n<meta property=\"og:description\" content=\"\u00c1fellulisti me\u00f0 \u00fe\u00e9ttipulsu a\u00f0 ofan fyrir 1-3mm br\u00fanir  EPDM g\u00famm\u00ed\" \/>\n<meta property=\"og:url\" content=\"https:\/\/bilasmidurinn.is\/pl\/vefverslun\/afellulistar\/afellulisti-med-thettingu-ad-ofan\/\" \/>\n<meta property=\"og:site_name\" content=\"B&iacute;lasmi&eth;urinn\" \/>\n<meta property=\"article:modified_time\" content=\"2025-12-19T08:36:35+00:00\" \/>\n<meta property=\"og:image\" content=\"https:\/\/bilasmidurinn.is\/wp-content\/uploads\/2024\/03\/11.32510.png\" \/>\n\t<meta property=\"og:image:width\" content=\"132\" \/>\n\t<meta property=\"og:image:height\" content=\"195\" \/>\n\t<meta property=\"og:image:type\" content=\"image\/png\" \/>\n<meta name=\"twitter:card\" content=\"summary_large_image\" \/>\n<meta name=\"twitter:label1\" content=\"Szacowany czas czytania\" \/>\n\t<meta name=\"twitter:data1\" content=\"1 minuta\" \/>\n<script type=\"application\/ld+json\" class=\"yoast-schema-graph\">{\"@context\":\"https:\\\/\\\/schema.org\",\"@graph\":[{\"@type\":\"WebPage\",\"@id\":\"https:\\\/\\\/bilasmidurinn.is\\\/vefverslun\\\/afellulistar\\\/afellulisti-med-thettingu-ad-ofan\\\/\",\"url\":\"https:\\\/\\\/bilasmidurinn.is\\\/vefverslun\\\/afellulistar\\\/afellulisti-med-thettingu-ad-ofan\\\/\",\"name\":\"\u00c1fellulisti me\u00f0 \u00fe\u00e9ttingu a\u00f0 ofan - B&iacute;lasmi&eth;urinn\",\"isPartOf\":{\"@id\":\"https:\\\/\\\/bilasmidurinn.is\\\/#website\"},\"primaryImageOfPage\":{\"@id\":\"https:\\\/\\\/bilasmidurinn.is\\\/vefverslun\\\/afellulistar\\\/afellulisti-med-thettingu-ad-ofan\\\/#primaryimage\"},\"image\":{\"@id\":\"https:\\\/\\\/bilasmidurinn.is\\\/vefverslun\\\/afellulistar\\\/afellulisti-med-thettingu-ad-ofan\\\/#primaryimage\"},\"thumbnailUrl\":\"https:\\\/\\\/bilasmidurinn.is\\\/wp-content\\\/uploads\\\/2024\\\/03\\\/11.32510.png\",\"datePublished\":\"2024-03-13T19:17:54+00:00\",\"dateModified\":\"2025-12-19T08:36:35+00:00\",\"breadcrumb\":{\"@id\":\"https:\\\/\\\/bilasmidurinn.is\\\/vefverslun\\\/afellulistar\\\/afellulisti-med-thettingu-ad-ofan\\\/#breadcrumb\"},\"inLanguage\":\"pl-PL\",\"potentialAction\":[{\"@type\":\"ReadAction\",\"target\":[\"https:\\\/\\\/bilasmidurinn.is\\\/vefverslun\\\/afellulistar\\\/afellulisti-med-thettingu-ad-ofan\\\/\"]}]},{\"@type\":\"ImageObject\",\"inLanguage\":\"pl-PL\",\"@id\":\"https:\\\/\\\/bilasmidurinn.is\\\/vefverslun\\\/afellulistar\\\/afellulisti-med-thettingu-ad-ofan\\\/#primaryimage\",\"url\":\"https:\\\/\\\/bilasmidurinn.is\\\/wp-content\\\/uploads\\\/2024\\\/03\\\/11.32510.png\",\"contentUrl\":\"https:\\\/\\\/bilasmidurinn.is\\\/wp-content\\\/uploads\\\/2024\\\/03\\\/11.32510.png\",\"width\":132,\"height\":195},{\"@type\":\"BreadcrumbList\",\"@id\":\"https:\\\/\\\/bilasmidurinn.is\\\/vefverslun\\\/afellulistar\\\/afellulisti-med-thettingu-ad-ofan\\\/#breadcrumb\",\"itemListElement\":[{\"@type\":\"ListItem\",\"position\":1,\"name\":\"Home\",\"item\":\"https:\\\/\\\/bilasmidurinn.is\\\/\"},{\"@type\":\"ListItem\",\"position\":2,\"name\":\"V\u00f6rur \u00ed verslun\",\"item\":\"https:\\\/\\\/bilasmidurinn.is\\\/vefverslun\\\/\"},{\"@type\":\"ListItem\",\"position\":3,\"name\":\"\u00c1fellulisti me\u00f0 \u00fe\u00e9ttingu a\u00f0 ofan\"}]},{\"@type\":\"WebSite\",\"@id\":\"https:\\\/\\\/bilasmidurinn.is\\\/#website\",\"url\":\"https:\\\/\\\/bilasmidurinn.is\\\/\",\"name\":\"B&iacute;lasmi&eth;urinn\",\"description\":\"All sem &thorn;&uacute; &thorn;arft &iacute; t&aelig;ki&eth;\",\"potentialAction\":[{\"@type\":\"SearchAction\",\"target\":{\"@type\":\"EntryPoint\",\"urlTemplate\":\"https:\\\/\\\/bilasmidurinn.is\\\/?s={search_term_string}\"},\"query-input\":{\"@type\":\"PropertyValueSpecification\",\"valueRequired\":true,\"valueName\":\"search_term_string\"}}],\"inLanguage\":\"pl-PL\"}]}<\/script>\n<!-- \/ Yoast SEO plugin. -->","yoast_head_json":{"title":"\u00c1fellulisti me\u00f0 \u00fe\u00e9ttingu a\u00f0 ofan - B&iacute;lasmi&eth;urinn","robots":{"index":"index","follow":"follow","max-snippet":"max-snippet:-1","max-image-preview":"max-image-preview:large","max-video-preview":"max-video-preview:-1"},"canonical":"https:\/\/bilasmidurinn.is\/pl\/vefverslun\/afellulistar\/afellulisti-med-thettingu-ad-ofan\/","og_locale":"pl_PL","og_type":"article","og_title":"\u00c1fellulisti me\u00f0 \u00fe\u00e9ttingu a\u00f0 ofan - B&iacute;lasmi&eth;urinn","og_description":"\u00c1fellulisti me\u00f0 \u00fe\u00e9ttipulsu a\u00f0 ofan fyrir 1-3mm br\u00fanir  EPDM g\u00famm\u00ed","og_url":"https:\/\/bilasmidurinn.is\/pl\/vefverslun\/afellulistar\/afellulisti-med-thettingu-ad-ofan\/","og_site_name":"B&iacute;lasmi&eth;urinn","article_modified_time":"2025-12-19T08:36:35+00:00","og_image":[{"width":132,"height":195,"url":"https:\/\/bilasmidurinn.is\/wp-content\/uploads\/2024\/03\/11.32510.png","type":"image\/png"}],"twitter_card":"summary_large_image","twitter_misc":{"Szacowany czas czytania":"1 minuta"},"schema":{"@context":"https:\/\/schema.org","@graph":[{"@type":"WebPage","@id":"https:\/\/bilasmidurinn.is\/vefverslun\/afellulistar\/afellulisti-med-thettingu-ad-ofan\/","url":"https:\/\/bilasmidurinn.is\/vefverslun\/afellulistar\/afellulisti-med-thettingu-ad-ofan\/","name":"\u00c1fellulisti me\u00f0 \u00fe\u00e9ttingu a\u00f0 ofan - B&iacute;lasmi&eth;urinn","isPartOf":{"@id":"https:\/\/bilasmidurinn.is\/#website"},"primaryImageOfPage":{"@id":"https:\/\/bilasmidurinn.is\/vefverslun\/afellulistar\/afellulisti-med-thettingu-ad-ofan\/#primaryimage"},"image":{"@id":"https:\/\/bilasmidurinn.is\/vefverslun\/afellulistar\/afellulisti-med-thettingu-ad-ofan\/#primaryimage"},"thumbnailUrl":"https:\/\/bilasmidurinn.is\/wp-content\/uploads\/2024\/03\/11.32510.png","datePublished":"2024-03-13T19:17:54+00:00","dateModified":"2025-12-19T08:36:35+00:00","breadcrumb":{"@id":"https:\/\/bilasmidurinn.is\/vefverslun\/afellulistar\/afellulisti-med-thettingu-ad-ofan\/#breadcrumb"},"inLanguage":"pl-PL","potentialAction":[{"@type":"ReadAction","target":["https:\/\/bilasmidurinn.is\/vefverslun\/afellulistar\/afellulisti-med-thettingu-ad-ofan\/"]}]},{"@type":"ImageObject","inLanguage":"pl-PL","@id":"https:\/\/bilasmidurinn.is\/vefverslun\/afellulistar\/afellulisti-med-thettingu-ad-ofan\/#primaryimage","url":"https:\/\/bilasmidurinn.is\/wp-content\/uploads\/2024\/03\/11.32510.png","contentUrl":"https:\/\/bilasmidurinn.is\/wp-content\/uploads\/2024\/03\/11.32510.png","width":132,"height":195},{"@type":"BreadcrumbList","@id":"https:\/\/bilasmidurinn.is\/vefverslun\/afellulistar\/afellulisti-med-thettingu-ad-ofan\/#breadcrumb","itemListElement":[{"@type":"ListItem","position":1,"name":"Home","item":"https:\/\/bilasmidurinn.is\/"},{"@type":"ListItem","position":2,"name":"V\u00f6rur \u00ed verslun","item":"https:\/\/bilasmidurinn.is\/vefverslun\/"},{"@type":"ListItem","position":3,"name":"\u00c1fellulisti me\u00f0 \u00fe\u00e9ttingu a\u00f0 ofan"}]},{"@type":"WebSite","@id":"https:\/\/bilasmidurinn.is\/#website","url":"https:\/\/bilasmidurinn.is\/","name":"B&iacute;lasmi&eth;urinn","description":"All sem &thorn;&uacute; &thorn;arft &iacute; t&aelig;ki&eth;","potentialAction":[{"@type":"SearchAction","target":{"@type":"EntryPoint","urlTemplate":"https:\/\/bilasmidurinn.is\/?s={search_term_string}"},"query-input":{"@type":"PropertyValueSpecification","valueRequired":true,"valueName":"search_term_string"}}],"inLanguage":"pl-PL"}]}},"_links":{"self":[{"href":"https:\/\/bilasmidurinn.is\/pl\/wp-json\/wp\/v2\/product\/15376","targetHints":{"allow":["GET"]}}],"collection":[{"href":"https:\/\/bilasmidurinn.is\/pl\/wp-json\/wp\/v2\/product"}],"about":[{"href":"https:\/\/bilasmidurinn.is\/pl\/wp-json\/wp\/v2\/types\/product"}],"wp:featuredmedia":[{"embeddable":true,"href":"https:\/\/bilasmidurinn.is\/pl\/wp-json\/wp\/v2\/media\/15377"}],"wp:attachment":[{"href":"https:\/\/bilasmidurinn.is\/pl\/wp-json\/wp\/v2\/media?parent=15376"}],"wp:term":[{"taxonomy":"product_brand","embeddable":true,"href":"https:\/\/bilasmidurinn.is\/pl\/wp-json\/wp\/v2\/product_brand?post=15376"},{"taxonomy":"product_cat","embeddable":true,"href":"https:\/\/bilasmidurinn.is\/pl\/wp-json\/wp\/v2\/product_cat?post=15376"},{"taxonomy":"product_tag","embeddable":true,"href":"https:\/\/bilasmidurinn.is\/pl\/wp-json\/wp\/v2\/product_tag?post=15376"}],"curies":[{"name":"wp","href":"https:\/\/api.w.org\/{rel}","templated":true}]}}