{"id":15371,"date":"2024-03-13T18:49:12","date_gmt":"2024-03-13T18:49:12","guid":{"rendered":"https:\/\/bilasmidurinn.is\/?post_type=product&#038;p=15371"},"modified":"2024-03-13T18:56:57","modified_gmt":"2024-03-13T18:56:57","slug":"ljosagrind-fyrir-toyota-land-crusier-150-2018","status":"publish","type":"product","link":"https:\/\/bilasmidurinn.is\/pl\/vefverslun\/ljos\/ljoskastarar\/ljosagrind-fyrir-toyota-land-crusier-150-2018\/","title":{"rendered":"Rama \u015bwietlna do Toyoty Land Cruiser 150 2018.."},"content":{"rendered":"<p>Rama \u015bwiate\u0142 przednich do Land Cruisera 150 2018 i m\u0142odszych. Homologacja typu UE wykonana z polerowanej stali nierdzewnej i os\u0142ony miski.<\/p>\n<p>Mocowania w zestawie, czas monta\u017cu ok. 60 min.<\/p>\n<p>Uchwyty\/zaciski do miotaczy nie s\u0105 do\u0142\u0105czone, ale s\u0105 dost\u0119pne.<\/p>\n<p>&nbsp;<\/p>","protected":false},"excerpt":{"rendered":"<p>Rama \u015bwiate\u0142 przednich do Land Cruisera 150 2018 i m\u0142odszych. Homologacja typu UE wykonana z polerowanej stali nierdzewnej i os\u0142ony miski.<\/p>","protected":false},"featured_media":15372,"template":"","meta":[],"product_brand":[8048],"product_cat":[7893,8050,8042],"product_tag":[],"class_list":{"0":"post-15371","1":"product","2":"type-product","3":"status-publish","4":"has-post-thumbnail","6":"product_brand-niso","7":"product_cat-ljos","8":"product_cat-ljosagrindur","9":"product_cat-ljoskastarar","11":"first","12":"instock","13":"shipping-taxable","14":"product-type-simple"},"yoast_head":"<!-- This site is optimized with the Yoast SEO plugin v27.3 - https:\/\/yoast.com\/product\/yoast-seo-wordpress\/ -->\n<title>Lj\u00f3sagrind fyrir Toyota Land Cruiser 150 2018.. - B&iacute;lasmi&eth;urinn<\/title>\n<meta name=\"robots\" content=\"index, follow, max-snippet:-1, max-image-preview:large, max-video-preview:-1\" \/>\n<link rel=\"canonical\" href=\"https:\/\/bilasmidurinn.is\/pl\/vefverslun\/ljos\/ljoskastarar\/ljosagrind-fyrir-toyota-land-crusier-150-2018\/\" \/>\n<meta property=\"og:locale\" content=\"pl_PL\" \/>\n<meta property=\"og:type\" content=\"article\" \/>\n<meta property=\"og:title\" content=\"Lj\u00f3sagrind fyrir Toyota Land Cruiser 150 2018.. - B&iacute;lasmi&eth;urinn\" \/>\n<meta property=\"og:description\" content=\"Lj\u00f3sagrind framan \u00e1 Land Cruiser 150 2018 og yngri.\u00a0 EU ger\u00f0arvi\u00f0urkennd \u00far p\u00f3leru\u00f0u ry\u00f0fr\u00edu st\u00e1li og p\u00f6nnuv\u00f6rn.\" \/>\n<meta property=\"og:url\" content=\"https:\/\/bilasmidurinn.is\/pl\/vefverslun\/ljos\/ljoskastarar\/ljosagrind-fyrir-toyota-land-crusier-150-2018\/\" \/>\n<meta property=\"og:site_name\" content=\"B&iacute;lasmi&eth;urinn\" \/>\n<meta property=\"article:modified_time\" content=\"2024-03-13T18:56:57+00:00\" \/>\n<meta property=\"og:image\" content=\"https:\/\/bilasmidurinn.is\/wp-content\/uploads\/2024\/03\/V74-184.jpg\" \/>\n\t<meta property=\"og:image:width\" content=\"1000\" \/>\n\t<meta property=\"og:image:height\" content=\"800\" \/>\n\t<meta property=\"og:image:type\" content=\"image\/jpeg\" \/>\n<meta name=\"twitter:card\" content=\"summary_large_image\" \/>\n<meta name=\"twitter:label1\" content=\"Szacowany czas czytania\" \/>\n\t<meta name=\"twitter:data1\" content=\"1 minuta\" \/>\n<script type=\"application\/ld+json\" class=\"yoast-schema-graph\">{\"@context\":\"https:\\\/\\\/schema.org\",\"@graph\":[{\"@type\":\"WebPage\",\"@id\":\"https:\\\/\\\/bilasmidurinn.is\\\/vefverslun\\\/ljos\\\/ljoskastarar\\\/ljosagrind-fyrir-toyota-land-crusier-150-2018\\\/\",\"url\":\"https:\\\/\\\/bilasmidurinn.is\\\/vefverslun\\\/ljos\\\/ljoskastarar\\\/ljosagrind-fyrir-toyota-land-crusier-150-2018\\\/\",\"name\":\"Lj\u00f3sagrind fyrir Toyota Land Cruiser 150 2018.. - B&iacute;lasmi&eth;urinn\",\"isPartOf\":{\"@id\":\"https:\\\/\\\/bilasmidurinn.is\\\/#website\"},\"primaryImageOfPage\":{\"@id\":\"https:\\\/\\\/bilasmidurinn.is\\\/vefverslun\\\/ljos\\\/ljoskastarar\\\/ljosagrind-fyrir-toyota-land-crusier-150-2018\\\/#primaryimage\"},\"image\":{\"@id\":\"https:\\\/\\\/bilasmidurinn.is\\\/vefverslun\\\/ljos\\\/ljoskastarar\\\/ljosagrind-fyrir-toyota-land-crusier-150-2018\\\/#primaryimage\"},\"thumbnailUrl\":\"https:\\\/\\\/bilasmidurinn.is\\\/wp-content\\\/uploads\\\/2024\\\/03\\\/V74-184.jpg\",\"datePublished\":\"2024-03-13T18:49:12+00:00\",\"dateModified\":\"2024-03-13T18:56:57+00:00\",\"breadcrumb\":{\"@id\":\"https:\\\/\\\/bilasmidurinn.is\\\/vefverslun\\\/ljos\\\/ljoskastarar\\\/ljosagrind-fyrir-toyota-land-crusier-150-2018\\\/#breadcrumb\"},\"inLanguage\":\"pl-PL\",\"potentialAction\":[{\"@type\":\"ReadAction\",\"target\":[\"https:\\\/\\\/bilasmidurinn.is\\\/vefverslun\\\/ljos\\\/ljoskastarar\\\/ljosagrind-fyrir-toyota-land-crusier-150-2018\\\/\"]}]},{\"@type\":\"ImageObject\",\"inLanguage\":\"pl-PL\",\"@id\":\"https:\\\/\\\/bilasmidurinn.is\\\/vefverslun\\\/ljos\\\/ljoskastarar\\\/ljosagrind-fyrir-toyota-land-crusier-150-2018\\\/#primaryimage\",\"url\":\"https:\\\/\\\/bilasmidurinn.is\\\/wp-content\\\/uploads\\\/2024\\\/03\\\/V74-184.jpg\",\"contentUrl\":\"https:\\\/\\\/bilasmidurinn.is\\\/wp-content\\\/uploads\\\/2024\\\/03\\\/V74-184.jpg\",\"width\":1000,\"height\":800},{\"@type\":\"BreadcrumbList\",\"@id\":\"https:\\\/\\\/bilasmidurinn.is\\\/vefverslun\\\/ljos\\\/ljoskastarar\\\/ljosagrind-fyrir-toyota-land-crusier-150-2018\\\/#breadcrumb\",\"itemListElement\":[{\"@type\":\"ListItem\",\"position\":1,\"name\":\"Home\",\"item\":\"https:\\\/\\\/bilasmidurinn.is\\\/\"},{\"@type\":\"ListItem\",\"position\":2,\"name\":\"V\u00f6rur \u00ed verslun\",\"item\":\"https:\\\/\\\/bilasmidurinn.is\\\/vefverslun\\\/\"},{\"@type\":\"ListItem\",\"position\":3,\"name\":\"Lj\u00f3sagrind fyrir Toyota Land Cruiser 150 2018..\"}]},{\"@type\":\"WebSite\",\"@id\":\"https:\\\/\\\/bilasmidurinn.is\\\/#website\",\"url\":\"https:\\\/\\\/bilasmidurinn.is\\\/\",\"name\":\"B&iacute;lasmi&eth;urinn\",\"description\":\"All sem &thorn;&uacute; &thorn;arft &iacute; t&aelig;ki&eth;\",\"potentialAction\":[{\"@type\":\"SearchAction\",\"target\":{\"@type\":\"EntryPoint\",\"urlTemplate\":\"https:\\\/\\\/bilasmidurinn.is\\\/?s={search_term_string}\"},\"query-input\":{\"@type\":\"PropertyValueSpecification\",\"valueRequired\":true,\"valueName\":\"search_term_string\"}}],\"inLanguage\":\"pl-PL\"}]}<\/script>\n<!-- \/ Yoast SEO plugin. -->","yoast_head_json":{"title":"Lj\u00f3sagrind fyrir Toyota Land Cruiser 150 2018.. - B&iacute;lasmi&eth;urinn","robots":{"index":"index","follow":"follow","max-snippet":"max-snippet:-1","max-image-preview":"max-image-preview:large","max-video-preview":"max-video-preview:-1"},"canonical":"https:\/\/bilasmidurinn.is\/pl\/vefverslun\/ljos\/ljoskastarar\/ljosagrind-fyrir-toyota-land-crusier-150-2018\/","og_locale":"pl_PL","og_type":"article","og_title":"Lj\u00f3sagrind fyrir Toyota Land Cruiser 150 2018.. - B&iacute;lasmi&eth;urinn","og_description":"Lj\u00f3sagrind framan \u00e1 Land Cruiser 150 2018 og yngri.\u00a0 EU ger\u00f0arvi\u00f0urkennd \u00far p\u00f3leru\u00f0u ry\u00f0fr\u00edu st\u00e1li og p\u00f6nnuv\u00f6rn.","og_url":"https:\/\/bilasmidurinn.is\/pl\/vefverslun\/ljos\/ljoskastarar\/ljosagrind-fyrir-toyota-land-crusier-150-2018\/","og_site_name":"B&iacute;lasmi&eth;urinn","article_modified_time":"2024-03-13T18:56:57+00:00","og_image":[{"width":1000,"height":800,"url":"https:\/\/bilasmidurinn.is\/wp-content\/uploads\/2024\/03\/V74-184.jpg","type":"image\/jpeg"}],"twitter_card":"summary_large_image","twitter_misc":{"Szacowany czas czytania":"1 minuta"},"schema":{"@context":"https:\/\/schema.org","@graph":[{"@type":"WebPage","@id":"https:\/\/bilasmidurinn.is\/vefverslun\/ljos\/ljoskastarar\/ljosagrind-fyrir-toyota-land-crusier-150-2018\/","url":"https:\/\/bilasmidurinn.is\/vefverslun\/ljos\/ljoskastarar\/ljosagrind-fyrir-toyota-land-crusier-150-2018\/","name":"Lj\u00f3sagrind fyrir Toyota Land Cruiser 150 2018.. - B&iacute;lasmi&eth;urinn","isPartOf":{"@id":"https:\/\/bilasmidurinn.is\/#website"},"primaryImageOfPage":{"@id":"https:\/\/bilasmidurinn.is\/vefverslun\/ljos\/ljoskastarar\/ljosagrind-fyrir-toyota-land-crusier-150-2018\/#primaryimage"},"image":{"@id":"https:\/\/bilasmidurinn.is\/vefverslun\/ljos\/ljoskastarar\/ljosagrind-fyrir-toyota-land-crusier-150-2018\/#primaryimage"},"thumbnailUrl":"https:\/\/bilasmidurinn.is\/wp-content\/uploads\/2024\/03\/V74-184.jpg","datePublished":"2024-03-13T18:49:12+00:00","dateModified":"2024-03-13T18:56:57+00:00","breadcrumb":{"@id":"https:\/\/bilasmidurinn.is\/vefverslun\/ljos\/ljoskastarar\/ljosagrind-fyrir-toyota-land-crusier-150-2018\/#breadcrumb"},"inLanguage":"pl-PL","potentialAction":[{"@type":"ReadAction","target":["https:\/\/bilasmidurinn.is\/vefverslun\/ljos\/ljoskastarar\/ljosagrind-fyrir-toyota-land-crusier-150-2018\/"]}]},{"@type":"ImageObject","inLanguage":"pl-PL","@id":"https:\/\/bilasmidurinn.is\/vefverslun\/ljos\/ljoskastarar\/ljosagrind-fyrir-toyota-land-crusier-150-2018\/#primaryimage","url":"https:\/\/bilasmidurinn.is\/wp-content\/uploads\/2024\/03\/V74-184.jpg","contentUrl":"https:\/\/bilasmidurinn.is\/wp-content\/uploads\/2024\/03\/V74-184.jpg","width":1000,"height":800},{"@type":"BreadcrumbList","@id":"https:\/\/bilasmidurinn.is\/vefverslun\/ljos\/ljoskastarar\/ljosagrind-fyrir-toyota-land-crusier-150-2018\/#breadcrumb","itemListElement":[{"@type":"ListItem","position":1,"name":"Home","item":"https:\/\/bilasmidurinn.is\/"},{"@type":"ListItem","position":2,"name":"V\u00f6rur \u00ed verslun","item":"https:\/\/bilasmidurinn.is\/vefverslun\/"},{"@type":"ListItem","position":3,"name":"Lj\u00f3sagrind fyrir Toyota Land Cruiser 150 2018.."}]},{"@type":"WebSite","@id":"https:\/\/bilasmidurinn.is\/#website","url":"https:\/\/bilasmidurinn.is\/","name":"B&iacute;lasmi&eth;urinn","description":"All sem &thorn;&uacute; &thorn;arft &iacute; t&aelig;ki&eth;","potentialAction":[{"@type":"SearchAction","target":{"@type":"EntryPoint","urlTemplate":"https:\/\/bilasmidurinn.is\/?s={search_term_string}"},"query-input":{"@type":"PropertyValueSpecification","valueRequired":true,"valueName":"search_term_string"}}],"inLanguage":"pl-PL"}]}},"_links":{"self":[{"href":"https:\/\/bilasmidurinn.is\/pl\/wp-json\/wp\/v2\/product\/15371","targetHints":{"allow":["GET"]}}],"collection":[{"href":"https:\/\/bilasmidurinn.is\/pl\/wp-json\/wp\/v2\/product"}],"about":[{"href":"https:\/\/bilasmidurinn.is\/pl\/wp-json\/wp\/v2\/types\/product"}],"wp:featuredmedia":[{"embeddable":true,"href":"https:\/\/bilasmidurinn.is\/pl\/wp-json\/wp\/v2\/media\/15372"}],"wp:attachment":[{"href":"https:\/\/bilasmidurinn.is\/pl\/wp-json\/wp\/v2\/media?parent=15371"}],"wp:term":[{"taxonomy":"product_brand","embeddable":true,"href":"https:\/\/bilasmidurinn.is\/pl\/wp-json\/wp\/v2\/product_brand?post=15371"},{"taxonomy":"product_cat","embeddable":true,"href":"https:\/\/bilasmidurinn.is\/pl\/wp-json\/wp\/v2\/product_cat?post=15371"},{"taxonomy":"product_tag","embeddable":true,"href":"https:\/\/bilasmidurinn.is\/pl\/wp-json\/wp\/v2\/product_tag?post=15371"}],"curies":[{"name":"wp","href":"https:\/\/api.w.org\/{rel}","templated":true}]}}