{"id":15366,"date":"2024-03-13T18:18:57","date_gmt":"2024-03-13T18:18:57","guid":{"rendered":"https:\/\/bilasmidurinn.is\/?post_type=product&#038;p=15366"},"modified":"2024-03-13T18:43:11","modified_gmt":"2024-03-13T18:43:11","slug":"ljoskastari-v-sight-rage-9-154w","status":"publish","type":"product","link":"https:\/\/bilasmidurinn.is\/pl\/vefverslun\/ljos\/ljoskastarar\/ljoskastari-v-sight-rage-9-154w\/","title":{"rendered":"Reflektor V-Sight Rage 9\u2033 154W"},"content":{"rendered":"<p>Reflektor LED V-Sight Rage 9\u2033 154W bardzo dobrze wykonana latarka, kt\u00f3ra spe\u0142nia najsurowsze normy bezpiecze\u0144stwa ECE R112 10 E, posiada homologacj\u0119 jako dodatkowe \u015bwiat\u0142o drogowe, ale posiada przew\u00f3d \u201eBoost\u201d, kt\u00f3ry mo\u017cna aktywowa\u0107 za pomoc\u0105 prze\u0142\u0105cznika i daje dodatkowe 35% idealne off- o\u015bwietlenie drogowe, kt\u00f3re te\u017c warto mie\u0107... tego czasami brakuje i ci\u0105gnie je na odleg\u0142o\u015b\u0107 ponad 1000 m, co czyni go doskona\u0142ym reflektorem.<\/p>\n<p>O\u015bwietlenie tworzy specjaln\u0105 szeroko\u015b\u0107 i d\u0142ugo\u015b\u0107 w tym samym zbiorniku i sprawia, \u017ce jest on szczeg\u00f3lnie wygodny w ka\u017cdych warunkach.<\/p>\n<p>W zestawie mocne mocowania i prosta regulacja. Soczewka wykonana jest z poliw\u0119glanu<\/p>\n<p>Napi\u0119cie 9\u201336 V, 154 W, 13500 lm, 1 luks przy 742 m \u2013 d\u0142ugo\u015b\u0107 rzutu 1484 m. Certyfikat EMC nie zak\u0142\u00f3ca fal radiowych.<\/p>\n<p>niemiecki port,<\/p>\n<p>3 lata gwarancji.<\/p>","protected":false},"excerpt":{"rendered":"<p>Reflektor LED V-Sight Rage 9\u2033 154W bardzo dobrze wykonana latarka, kt\u00f3ra spe\u0142nia najsurowsze normy bezpiecze\u0144stwa ECE R112 10 E, posiada homologacj\u0119 jako dodatkowe \u015bwiat\u0142o drogowe, ale posiada przew\u00f3d \u201eBoost\u201d, kt\u00f3ry mo\u017cna aktywowa\u0107 za pomoc\u0105 prze\u0142\u0105cznika i daje dodatkowe 35% idealne off- o\u015bwietlenie drogowe, kt\u00f3re te\u017c warto mie\u0107... tego czasami brakuje i ci\u0105gnie je na odleg\u0142o\u015b\u0107 ponad 1000 m, co czyni go doskona\u0142ym reflektorem.<\/p>","protected":false},"featured_media":15367,"template":"","meta":[],"product_brand":[8048],"product_cat":[7893,8042],"product_tag":[],"class_list":{"0":"post-15366","1":"product","2":"type-product","3":"status-publish","4":"has-post-thumbnail","6":"product_brand-niso","7":"product_cat-ljos","8":"product_cat-ljoskastarar","10":"first","11":"instock","12":"shipping-taxable","13":"product-type-simple"},"yoast_head":"<!-- This site is optimized with the Yoast SEO plugin v27.4 - https:\/\/yoast.com\/product\/yoast-seo-wordpress\/ -->\n<title>Lj\u00f3skastari V-Sight Rage 9&quot; 154w - B&iacute;lasmi&eth;urinn<\/title>\n<meta name=\"robots\" content=\"index, follow, max-snippet:-1, max-image-preview:large, max-video-preview:-1\" \/>\n<link rel=\"canonical\" href=\"https:\/\/bilasmidurinn.is\/pl\/vefverslun\/ljos\/ljoskastarar\/ljoskastari-v-sight-rage-9-154w\/\" \/>\n<meta property=\"og:locale\" content=\"pl_PL\" \/>\n<meta property=\"og:type\" content=\"article\" \/>\n<meta property=\"og:title\" content=\"Lj\u00f3skastari V-Sight Rage 9&quot; 154w - B&iacute;lasmi&eth;urinn\" \/>\n<meta property=\"og:description\" content=\"V-Sight Rage 9&quot; Led lj\u00f3skastari 154W\u00a0 afar vel gert lj\u00f3s sem uppfyllir str\u00f6ngustu \u00f6ryggisstandarda ECE R112 10\u00a0 E ger\u00f0arvi\u00f0urkennt sem auka h\u00e1i geysli en er me\u00f0 &quot;Boost&quot; v\u00edr sem er h\u00e6gt a\u00f0 virkja me\u00f0 rofa og gefur auka 35%\u00a0 fullkomi\u00f0 fyrir utan alfaralei\u00f0a l\u00fdsingu \u00fear sem gott er a\u00f0 hafa a\u00f0 eins meira...\u00feetta sem vantar stundum upp\u00e1 og dregur \u00fe\u00e1 r\u00famlega 1000m sem gerir \u00fea\u00f0 a\u00f0 yfirbur\u00f0a lj\u00f3skastara.\" \/>\n<meta property=\"og:url\" content=\"https:\/\/bilasmidurinn.is\/pl\/vefverslun\/ljos\/ljoskastarar\/ljoskastari-v-sight-rage-9-154w\/\" \/>\n<meta property=\"og:site_name\" content=\"B&iacute;lasmi&eth;urinn\" \/>\n<meta property=\"article:modified_time\" content=\"2024-03-13T18:43:11+00:00\" \/>\n<meta property=\"og:image\" content=\"https:\/\/bilasmidurinn.is\/wp-content\/uploads\/2024\/03\/V50-131_1.jpg\" \/>\n\t<meta property=\"og:image:width\" content=\"1000\" \/>\n\t<meta property=\"og:image:height\" content=\"1056\" \/>\n\t<meta property=\"og:image:type\" content=\"image\/jpeg\" \/>\n<meta name=\"twitter:card\" content=\"summary_large_image\" \/>\n<meta name=\"twitter:label1\" content=\"Szacowany czas czytania\" \/>\n\t<meta name=\"twitter:data1\" content=\"1 minuta\" \/>\n<script type=\"application\/ld+json\" class=\"yoast-schema-graph\">{\"@context\":\"https:\\\/\\\/schema.org\",\"@graph\":[{\"@type\":\"WebPage\",\"@id\":\"https:\\\/\\\/bilasmidurinn.is\\\/vefverslun\\\/ljos\\\/ljoskastarar\\\/ljoskastari-v-sight-rage-9-154w\\\/\",\"url\":\"https:\\\/\\\/bilasmidurinn.is\\\/vefverslun\\\/ljos\\\/ljoskastarar\\\/ljoskastari-v-sight-rage-9-154w\\\/\",\"name\":\"Lj\u00f3skastari V-Sight Rage 9\\\" 154w - B&iacute;lasmi&eth;urinn\",\"isPartOf\":{\"@id\":\"https:\\\/\\\/bilasmidurinn.is\\\/#website\"},\"primaryImageOfPage\":{\"@id\":\"https:\\\/\\\/bilasmidurinn.is\\\/vefverslun\\\/ljos\\\/ljoskastarar\\\/ljoskastari-v-sight-rage-9-154w\\\/#primaryimage\"},\"image\":{\"@id\":\"https:\\\/\\\/bilasmidurinn.is\\\/vefverslun\\\/ljos\\\/ljoskastarar\\\/ljoskastari-v-sight-rage-9-154w\\\/#primaryimage\"},\"thumbnailUrl\":\"https:\\\/\\\/bilasmidurinn.is\\\/wp-content\\\/uploads\\\/2024\\\/03\\\/V50-131_1.jpg\",\"datePublished\":\"2024-03-13T18:18:57+00:00\",\"dateModified\":\"2024-03-13T18:43:11+00:00\",\"breadcrumb\":{\"@id\":\"https:\\\/\\\/bilasmidurinn.is\\\/vefverslun\\\/ljos\\\/ljoskastarar\\\/ljoskastari-v-sight-rage-9-154w\\\/#breadcrumb\"},\"inLanguage\":\"pl-PL\",\"potentialAction\":[{\"@type\":\"ReadAction\",\"target\":[\"https:\\\/\\\/bilasmidurinn.is\\\/vefverslun\\\/ljos\\\/ljoskastarar\\\/ljoskastari-v-sight-rage-9-154w\\\/\"]}]},{\"@type\":\"ImageObject\",\"inLanguage\":\"pl-PL\",\"@id\":\"https:\\\/\\\/bilasmidurinn.is\\\/vefverslun\\\/ljos\\\/ljoskastarar\\\/ljoskastari-v-sight-rage-9-154w\\\/#primaryimage\",\"url\":\"https:\\\/\\\/bilasmidurinn.is\\\/wp-content\\\/uploads\\\/2024\\\/03\\\/V50-131_1.jpg\",\"contentUrl\":\"https:\\\/\\\/bilasmidurinn.is\\\/wp-content\\\/uploads\\\/2024\\\/03\\\/V50-131_1.jpg\",\"width\":1000,\"height\":1056},{\"@type\":\"BreadcrumbList\",\"@id\":\"https:\\\/\\\/bilasmidurinn.is\\\/vefverslun\\\/ljos\\\/ljoskastarar\\\/ljoskastari-v-sight-rage-9-154w\\\/#breadcrumb\",\"itemListElement\":[{\"@type\":\"ListItem\",\"position\":1,\"name\":\"Home\",\"item\":\"https:\\\/\\\/bilasmidurinn.is\\\/\"},{\"@type\":\"ListItem\",\"position\":2,\"name\":\"V\u00f6rur \u00ed verslun\",\"item\":\"https:\\\/\\\/bilasmidurinn.is\\\/vefverslun\\\/\"},{\"@type\":\"ListItem\",\"position\":3,\"name\":\"Lj\u00f3skastari V-Sight Rage 9&#8243; 154w\"}]},{\"@type\":\"WebSite\",\"@id\":\"https:\\\/\\\/bilasmidurinn.is\\\/#website\",\"url\":\"https:\\\/\\\/bilasmidurinn.is\\\/\",\"name\":\"B&iacute;lasmi&eth;urinn\",\"description\":\"All sem &thorn;&uacute; &thorn;arft &iacute; t&aelig;ki&eth;\",\"potentialAction\":[{\"@type\":\"SearchAction\",\"target\":{\"@type\":\"EntryPoint\",\"urlTemplate\":\"https:\\\/\\\/bilasmidurinn.is\\\/?s={search_term_string}\"},\"query-input\":{\"@type\":\"PropertyValueSpecification\",\"valueRequired\":true,\"valueName\":\"search_term_string\"}}],\"inLanguage\":\"pl-PL\"}]}<\/script>\n<!-- \/ Yoast SEO plugin. -->","yoast_head_json":{"title":"Lj\u00f3skastari V-Sight Rage 9\" 154w - B&iacute;lasmi&eth;urinn","robots":{"index":"index","follow":"follow","max-snippet":"max-snippet:-1","max-image-preview":"max-image-preview:large","max-video-preview":"max-video-preview:-1"},"canonical":"https:\/\/bilasmidurinn.is\/pl\/vefverslun\/ljos\/ljoskastarar\/ljoskastari-v-sight-rage-9-154w\/","og_locale":"pl_PL","og_type":"article","og_title":"Lj\u00f3skastari V-Sight Rage 9\" 154w - B&iacute;lasmi&eth;urinn","og_description":"V-Sight Rage 9\" Led lj\u00f3skastari 154W\u00a0 afar vel gert lj\u00f3s sem uppfyllir str\u00f6ngustu \u00f6ryggisstandarda ECE R112 10\u00a0 E ger\u00f0arvi\u00f0urkennt sem auka h\u00e1i geysli en er me\u00f0 \"Boost\" v\u00edr sem er h\u00e6gt a\u00f0 virkja me\u00f0 rofa og gefur auka 35%\u00a0 fullkomi\u00f0 fyrir utan alfaralei\u00f0a l\u00fdsingu \u00fear sem gott er a\u00f0 hafa a\u00f0 eins meira...\u00feetta sem vantar stundum upp\u00e1 og dregur \u00fe\u00e1 r\u00famlega 1000m sem gerir \u00fea\u00f0 a\u00f0 yfirbur\u00f0a lj\u00f3skastara.","og_url":"https:\/\/bilasmidurinn.is\/pl\/vefverslun\/ljos\/ljoskastarar\/ljoskastari-v-sight-rage-9-154w\/","og_site_name":"B&iacute;lasmi&eth;urinn","article_modified_time":"2024-03-13T18:43:11+00:00","og_image":[{"width":1000,"height":1056,"url":"https:\/\/bilasmidurinn.is\/wp-content\/uploads\/2024\/03\/V50-131_1.jpg","type":"image\/jpeg"}],"twitter_card":"summary_large_image","twitter_misc":{"Szacowany czas czytania":"1 minuta"},"schema":{"@context":"https:\/\/schema.org","@graph":[{"@type":"WebPage","@id":"https:\/\/bilasmidurinn.is\/vefverslun\/ljos\/ljoskastarar\/ljoskastari-v-sight-rage-9-154w\/","url":"https:\/\/bilasmidurinn.is\/vefverslun\/ljos\/ljoskastarar\/ljoskastari-v-sight-rage-9-154w\/","name":"Lj\u00f3skastari V-Sight Rage 9\" 154w - B&iacute;lasmi&eth;urinn","isPartOf":{"@id":"https:\/\/bilasmidurinn.is\/#website"},"primaryImageOfPage":{"@id":"https:\/\/bilasmidurinn.is\/vefverslun\/ljos\/ljoskastarar\/ljoskastari-v-sight-rage-9-154w\/#primaryimage"},"image":{"@id":"https:\/\/bilasmidurinn.is\/vefverslun\/ljos\/ljoskastarar\/ljoskastari-v-sight-rage-9-154w\/#primaryimage"},"thumbnailUrl":"https:\/\/bilasmidurinn.is\/wp-content\/uploads\/2024\/03\/V50-131_1.jpg","datePublished":"2024-03-13T18:18:57+00:00","dateModified":"2024-03-13T18:43:11+00:00","breadcrumb":{"@id":"https:\/\/bilasmidurinn.is\/vefverslun\/ljos\/ljoskastarar\/ljoskastari-v-sight-rage-9-154w\/#breadcrumb"},"inLanguage":"pl-PL","potentialAction":[{"@type":"ReadAction","target":["https:\/\/bilasmidurinn.is\/vefverslun\/ljos\/ljoskastarar\/ljoskastari-v-sight-rage-9-154w\/"]}]},{"@type":"ImageObject","inLanguage":"pl-PL","@id":"https:\/\/bilasmidurinn.is\/vefverslun\/ljos\/ljoskastarar\/ljoskastari-v-sight-rage-9-154w\/#primaryimage","url":"https:\/\/bilasmidurinn.is\/wp-content\/uploads\/2024\/03\/V50-131_1.jpg","contentUrl":"https:\/\/bilasmidurinn.is\/wp-content\/uploads\/2024\/03\/V50-131_1.jpg","width":1000,"height":1056},{"@type":"BreadcrumbList","@id":"https:\/\/bilasmidurinn.is\/vefverslun\/ljos\/ljoskastarar\/ljoskastari-v-sight-rage-9-154w\/#breadcrumb","itemListElement":[{"@type":"ListItem","position":1,"name":"Home","item":"https:\/\/bilasmidurinn.is\/"},{"@type":"ListItem","position":2,"name":"V\u00f6rur \u00ed verslun","item":"https:\/\/bilasmidurinn.is\/vefverslun\/"},{"@type":"ListItem","position":3,"name":"Lj\u00f3skastari V-Sight Rage 9&#8243; 154w"}]},{"@type":"WebSite","@id":"https:\/\/bilasmidurinn.is\/#website","url":"https:\/\/bilasmidurinn.is\/","name":"B&iacute;lasmi&eth;urinn","description":"All sem &thorn;&uacute; &thorn;arft &iacute; t&aelig;ki&eth;","potentialAction":[{"@type":"SearchAction","target":{"@type":"EntryPoint","urlTemplate":"https:\/\/bilasmidurinn.is\/?s={search_term_string}"},"query-input":{"@type":"PropertyValueSpecification","valueRequired":true,"valueName":"search_term_string"}}],"inLanguage":"pl-PL"}]}},"_links":{"self":[{"href":"https:\/\/bilasmidurinn.is\/pl\/wp-json\/wp\/v2\/product\/15366","targetHints":{"allow":["GET"]}}],"collection":[{"href":"https:\/\/bilasmidurinn.is\/pl\/wp-json\/wp\/v2\/product"}],"about":[{"href":"https:\/\/bilasmidurinn.is\/pl\/wp-json\/wp\/v2\/types\/product"}],"wp:featuredmedia":[{"embeddable":true,"href":"https:\/\/bilasmidurinn.is\/pl\/wp-json\/wp\/v2\/media\/15367"}],"wp:attachment":[{"href":"https:\/\/bilasmidurinn.is\/pl\/wp-json\/wp\/v2\/media?parent=15366"}],"wp:term":[{"taxonomy":"product_brand","embeddable":true,"href":"https:\/\/bilasmidurinn.is\/pl\/wp-json\/wp\/v2\/product_brand?post=15366"},{"taxonomy":"product_cat","embeddable":true,"href":"https:\/\/bilasmidurinn.is\/pl\/wp-json\/wp\/v2\/product_cat?post=15366"},{"taxonomy":"product_tag","embeddable":true,"href":"https:\/\/bilasmidurinn.is\/pl\/wp-json\/wp\/v2\/product_tag?post=15366"}],"curies":[{"name":"wp","href":"https:\/\/api.w.org\/{rel}","templated":true}]}}