{"id":15336,"date":"2024-01-06T11:05:33","date_gmt":"2024-01-06T11:05:33","guid":{"rendered":"https:\/\/bilasmidurinn.is\/?post_type=product&#038;p=15336"},"modified":"2024-01-06T11:12:22","modified_gmt":"2024-01-06T11:12:22","slug":"webasto-range-midstod-air-top-2000stc-12v-d-fyrir-eqv-vito","status":"publish","type":"product","link":"https:\/\/bilasmidurinn.is\/pl\/vefverslun\/midstodvar\/webasto-range-midstod-air-top-2000stc-12v-d-fyrir-eqv-vito\/","title":{"rendered":"Webasto Range+ \u015brodkowy Air Top 2000stc 12v d. dla EQV-Vito"},"content":{"rendered":"<p>Zestaw piasty Webasto Range+ 2kw Air Top 2000stc 12V Diesel specjalnie zaprojektowany dla Mercedesa EQV-Vito, ogrzewa ca\u0142y samoch\u00f3d bez korzystania z ogrzewania elektrycznego. Korzystanie z koncentratora Webasto pozwala zaoszcz\u0119dzi\u0107 znaczn\u0105 ilo\u015b\u0107 energii elektrycznej, co mo\u017ce zwi\u0119kszy\u0107 zasi\u0119g samochodu nawet o 80 km<\/p>\n<p>&nbsp;<\/p>","protected":false},"excerpt":{"rendered":"<div class=\"tab-panels\">\n<div id=\"tab-description\" class=\"woocommerce-Tabs-panel woocommerce-Tabs-panel--description panel entry-content active\" role=\"tabpanel\" aria-labelledby=\"tab-title-description\">\n<p>Zestaw piasty Webasto Range+ 2kw Air Top 2000stc 12 V z silnikiem wysokopr\u0119\u017cnym, specjalnie zaprojektowany dla Mercedesa Bensa MQV Vito. Korzystanie z koncentratora Webasto pozwala zaoszcz\u0119dzi\u0107 znaczn\u0105 ilo\u015b\u0107 energii elektrycznej, co mo\u017ce zwi\u0119kszy\u0107 zasi\u0119g samochodu nawet o 80 km.<\/p>\n<p>Zestaw zawiera wszystkie cz\u0119\u015bci do monta\u017cu, \u0142\u0105cznie ze zbiornikiem 8L umieszczanym pod samochodem wraz z kr\u00f3\u0107cem do nape\u0142niania.<\/p>\n<p>Do pilota, aplikacji GSM lub zegara mo\u017cna pod\u0142\u0105czy\u0107 r\u00f3\u017cne elementy steruj\u0105ce.<\/p>\n<p>patrz opis techniczny<\/p>\n<\/div>\n<\/div>","protected":false},"featured_media":14132,"template":"","meta":[],"product_brand":[7925],"product_cat":[7967],"product_tag":[],"class_list":{"0":"post-15336","1":"product","2":"type-product","3":"status-publish","4":"has-post-thumbnail","6":"product_brand-webasto","7":"product_cat-midstodvar","9":"first","10":"instock","11":"shipping-taxable","12":"product-type-simple"},"yoast_head":"<!-- This site is optimized with the Yoast SEO plugin v27.4 - https:\/\/yoast.com\/product\/yoast-seo-wordpress\/ -->\n<title>Webasto Range+ mi\u00f0st\u00f6\u00f0 Air Top 2000stc 12v d. fyrir EQV-Vito - B&iacute;lasmi&eth;urinn<\/title>\n<meta name=\"robots\" content=\"index, follow, max-snippet:-1, max-image-preview:large, max-video-preview:-1\" \/>\n<link rel=\"canonical\" href=\"https:\/\/bilasmidurinn.is\/pl\/vefverslun\/midstodvar\/webasto-range-midstod-air-top-2000stc-12v-d-fyrir-eqv-vito\/\" \/>\n<meta property=\"og:locale\" content=\"pl_PL\" \/>\n<meta property=\"og:type\" content=\"article\" \/>\n<meta property=\"og:title\" content=\"Webasto Range+ mi\u00f0st\u00f6\u00f0 Air Top 2000stc 12v d. fyrir EQV-Vito - B&iacute;lasmi&eth;urinn\" \/>\n<meta property=\"og:description\" content=\"Webasto Range+ mi\u00f0st\u00f6\u00f0 2kw Air Top 2000stc 12v diesel sett sem er s\u00e9r hanna\u00f0 fyrir Merceded Bens MQV Vito.\u00a0 Me\u00f0 \u00fev\u00ed a\u00f0\u00a0 nota Webasto mi\u00f0st\u00f6\u00f0ina sparast verulegt rafmagn sem getur lengt dr\u00e6gni b\u00edlsins um allt a\u00f0 80km.  Setti\u00f0 inniheldur alla hluti til \u00edsetningar \u00e1samt 8L tank sem er settur undir b\u00edlinn me\u00f0 \u00e1fyllingar st\u00fat.  H\u00e6gt a\u00f0 tengja mismunandi st\u00fdringar vi\u00f0 t.d. fjartst\u00fdringu, GSM App e\u00f0a klukku.  sj\u00e1 t\u00e6knil\u00fdsingu\" \/>\n<meta property=\"og:url\" content=\"https:\/\/bilasmidurinn.is\/pl\/vefverslun\/midstodvar\/webasto-range-midstod-air-top-2000stc-12v-d-fyrir-eqv-vito\/\" \/>\n<meta property=\"og:site_name\" content=\"B&iacute;lasmi&eth;urinn\" \/>\n<meta property=\"article:modified_time\" content=\"2024-01-06T11:12:22+00:00\" \/>\n<meta property=\"og:image\" content=\"https:\/\/bilasmidurinn.is\/wp-content\/uploads\/2021\/11\/9029250A.jpg\" \/>\n\t<meta property=\"og:image:width\" content=\"600\" \/>\n\t<meta property=\"og:image:height\" content=\"342\" \/>\n\t<meta property=\"og:image:type\" content=\"image\/jpeg\" \/>\n<meta name=\"twitter:card\" content=\"summary_large_image\" \/>\n<meta name=\"twitter:label1\" content=\"Szacowany czas czytania\" \/>\n\t<meta name=\"twitter:data1\" content=\"1 minuta\" \/>\n<script type=\"application\/ld+json\" class=\"yoast-schema-graph\">{\"@context\":\"https:\\\/\\\/schema.org\",\"@graph\":[{\"@type\":\"WebPage\",\"@id\":\"https:\\\/\\\/bilasmidurinn.is\\\/vefverslun\\\/midstodvar\\\/webasto-range-midstod-air-top-2000stc-12v-d-fyrir-eqv-vito\\\/\",\"url\":\"https:\\\/\\\/bilasmidurinn.is\\\/vefverslun\\\/midstodvar\\\/webasto-range-midstod-air-top-2000stc-12v-d-fyrir-eqv-vito\\\/\",\"name\":\"Webasto Range+ mi\u00f0st\u00f6\u00f0 Air Top 2000stc 12v d. fyrir EQV-Vito - B&iacute;lasmi&eth;urinn\",\"isPartOf\":{\"@id\":\"https:\\\/\\\/bilasmidurinn.is\\\/#website\"},\"primaryImageOfPage\":{\"@id\":\"https:\\\/\\\/bilasmidurinn.is\\\/vefverslun\\\/midstodvar\\\/webasto-range-midstod-air-top-2000stc-12v-d-fyrir-eqv-vito\\\/#primaryimage\"},\"image\":{\"@id\":\"https:\\\/\\\/bilasmidurinn.is\\\/vefverslun\\\/midstodvar\\\/webasto-range-midstod-air-top-2000stc-12v-d-fyrir-eqv-vito\\\/#primaryimage\"},\"thumbnailUrl\":\"https:\\\/\\\/bilasmidurinn.is\\\/wp-content\\\/uploads\\\/2021\\\/11\\\/9029250A.jpg\",\"datePublished\":\"2024-01-06T11:05:33+00:00\",\"dateModified\":\"2024-01-06T11:12:22+00:00\",\"breadcrumb\":{\"@id\":\"https:\\\/\\\/bilasmidurinn.is\\\/vefverslun\\\/midstodvar\\\/webasto-range-midstod-air-top-2000stc-12v-d-fyrir-eqv-vito\\\/#breadcrumb\"},\"inLanguage\":\"pl-PL\",\"potentialAction\":[{\"@type\":\"ReadAction\",\"target\":[\"https:\\\/\\\/bilasmidurinn.is\\\/vefverslun\\\/midstodvar\\\/webasto-range-midstod-air-top-2000stc-12v-d-fyrir-eqv-vito\\\/\"]}]},{\"@type\":\"ImageObject\",\"inLanguage\":\"pl-PL\",\"@id\":\"https:\\\/\\\/bilasmidurinn.is\\\/vefverslun\\\/midstodvar\\\/webasto-range-midstod-air-top-2000stc-12v-d-fyrir-eqv-vito\\\/#primaryimage\",\"url\":\"https:\\\/\\\/bilasmidurinn.is\\\/wp-content\\\/uploads\\\/2021\\\/11\\\/9029250A.jpg\",\"contentUrl\":\"https:\\\/\\\/bilasmidurinn.is\\\/wp-content\\\/uploads\\\/2021\\\/11\\\/9029250A.jpg\",\"width\":600,\"height\":342},{\"@type\":\"BreadcrumbList\",\"@id\":\"https:\\\/\\\/bilasmidurinn.is\\\/vefverslun\\\/midstodvar\\\/webasto-range-midstod-air-top-2000stc-12v-d-fyrir-eqv-vito\\\/#breadcrumb\",\"itemListElement\":[{\"@type\":\"ListItem\",\"position\":1,\"name\":\"Home\",\"item\":\"https:\\\/\\\/bilasmidurinn.is\\\/\"},{\"@type\":\"ListItem\",\"position\":2,\"name\":\"V\u00f6rur \u00ed verslun\",\"item\":\"https:\\\/\\\/bilasmidurinn.is\\\/vefverslun\\\/\"},{\"@type\":\"ListItem\",\"position\":3,\"name\":\"Webasto Range+ mi\u00f0st\u00f6\u00f0 Air Top 2000stc 12v d. fyrir EQV-Vito\"}]},{\"@type\":\"WebSite\",\"@id\":\"https:\\\/\\\/bilasmidurinn.is\\\/#website\",\"url\":\"https:\\\/\\\/bilasmidurinn.is\\\/\",\"name\":\"B&iacute;lasmi&eth;urinn\",\"description\":\"All sem &thorn;&uacute; &thorn;arft &iacute; t&aelig;ki&eth;\",\"potentialAction\":[{\"@type\":\"SearchAction\",\"target\":{\"@type\":\"EntryPoint\",\"urlTemplate\":\"https:\\\/\\\/bilasmidurinn.is\\\/?s={search_term_string}\"},\"query-input\":{\"@type\":\"PropertyValueSpecification\",\"valueRequired\":true,\"valueName\":\"search_term_string\"}}],\"inLanguage\":\"pl-PL\"}]}<\/script>\n<!-- \/ Yoast SEO plugin. -->","yoast_head_json":{"title":"Webasto Range+ mi\u00f0st\u00f6\u00f0 Air Top 2000stc 12v d. fyrir EQV-Vito - B&iacute;lasmi&eth;urinn","robots":{"index":"index","follow":"follow","max-snippet":"max-snippet:-1","max-image-preview":"max-image-preview:large","max-video-preview":"max-video-preview:-1"},"canonical":"https:\/\/bilasmidurinn.is\/pl\/vefverslun\/midstodvar\/webasto-range-midstod-air-top-2000stc-12v-d-fyrir-eqv-vito\/","og_locale":"pl_PL","og_type":"article","og_title":"Webasto Range+ mi\u00f0st\u00f6\u00f0 Air Top 2000stc 12v d. fyrir EQV-Vito - B&iacute;lasmi&eth;urinn","og_description":"Webasto Range+ mi\u00f0st\u00f6\u00f0 2kw Air Top 2000stc 12v diesel sett sem er s\u00e9r hanna\u00f0 fyrir Merceded Bens MQV Vito.\u00a0 Me\u00f0 \u00fev\u00ed a\u00f0\u00a0 nota Webasto mi\u00f0st\u00f6\u00f0ina sparast verulegt rafmagn sem getur lengt dr\u00e6gni b\u00edlsins um allt a\u00f0 80km.  Setti\u00f0 inniheldur alla hluti til \u00edsetningar \u00e1samt 8L tank sem er settur undir b\u00edlinn me\u00f0 \u00e1fyllingar st\u00fat.  H\u00e6gt a\u00f0 tengja mismunandi st\u00fdringar vi\u00f0 t.d. fjartst\u00fdringu, GSM App e\u00f0a klukku.  sj\u00e1 t\u00e6knil\u00fdsingu","og_url":"https:\/\/bilasmidurinn.is\/pl\/vefverslun\/midstodvar\/webasto-range-midstod-air-top-2000stc-12v-d-fyrir-eqv-vito\/","og_site_name":"B&iacute;lasmi&eth;urinn","article_modified_time":"2024-01-06T11:12:22+00:00","og_image":[{"width":600,"height":342,"url":"https:\/\/bilasmidurinn.is\/wp-content\/uploads\/2021\/11\/9029250A.jpg","type":"image\/jpeg"}],"twitter_card":"summary_large_image","twitter_misc":{"Szacowany czas czytania":"1 minuta"},"schema":{"@context":"https:\/\/schema.org","@graph":[{"@type":"WebPage","@id":"https:\/\/bilasmidurinn.is\/vefverslun\/midstodvar\/webasto-range-midstod-air-top-2000stc-12v-d-fyrir-eqv-vito\/","url":"https:\/\/bilasmidurinn.is\/vefverslun\/midstodvar\/webasto-range-midstod-air-top-2000stc-12v-d-fyrir-eqv-vito\/","name":"Webasto Range+ mi\u00f0st\u00f6\u00f0 Air Top 2000stc 12v d. fyrir EQV-Vito - B&iacute;lasmi&eth;urinn","isPartOf":{"@id":"https:\/\/bilasmidurinn.is\/#website"},"primaryImageOfPage":{"@id":"https:\/\/bilasmidurinn.is\/vefverslun\/midstodvar\/webasto-range-midstod-air-top-2000stc-12v-d-fyrir-eqv-vito\/#primaryimage"},"image":{"@id":"https:\/\/bilasmidurinn.is\/vefverslun\/midstodvar\/webasto-range-midstod-air-top-2000stc-12v-d-fyrir-eqv-vito\/#primaryimage"},"thumbnailUrl":"https:\/\/bilasmidurinn.is\/wp-content\/uploads\/2021\/11\/9029250A.jpg","datePublished":"2024-01-06T11:05:33+00:00","dateModified":"2024-01-06T11:12:22+00:00","breadcrumb":{"@id":"https:\/\/bilasmidurinn.is\/vefverslun\/midstodvar\/webasto-range-midstod-air-top-2000stc-12v-d-fyrir-eqv-vito\/#breadcrumb"},"inLanguage":"pl-PL","potentialAction":[{"@type":"ReadAction","target":["https:\/\/bilasmidurinn.is\/vefverslun\/midstodvar\/webasto-range-midstod-air-top-2000stc-12v-d-fyrir-eqv-vito\/"]}]},{"@type":"ImageObject","inLanguage":"pl-PL","@id":"https:\/\/bilasmidurinn.is\/vefverslun\/midstodvar\/webasto-range-midstod-air-top-2000stc-12v-d-fyrir-eqv-vito\/#primaryimage","url":"https:\/\/bilasmidurinn.is\/wp-content\/uploads\/2021\/11\/9029250A.jpg","contentUrl":"https:\/\/bilasmidurinn.is\/wp-content\/uploads\/2021\/11\/9029250A.jpg","width":600,"height":342},{"@type":"BreadcrumbList","@id":"https:\/\/bilasmidurinn.is\/vefverslun\/midstodvar\/webasto-range-midstod-air-top-2000stc-12v-d-fyrir-eqv-vito\/#breadcrumb","itemListElement":[{"@type":"ListItem","position":1,"name":"Home","item":"https:\/\/bilasmidurinn.is\/"},{"@type":"ListItem","position":2,"name":"V\u00f6rur \u00ed verslun","item":"https:\/\/bilasmidurinn.is\/vefverslun\/"},{"@type":"ListItem","position":3,"name":"Webasto Range+ mi\u00f0st\u00f6\u00f0 Air Top 2000stc 12v d. fyrir EQV-Vito"}]},{"@type":"WebSite","@id":"https:\/\/bilasmidurinn.is\/#website","url":"https:\/\/bilasmidurinn.is\/","name":"B&iacute;lasmi&eth;urinn","description":"All sem &thorn;&uacute; &thorn;arft &iacute; t&aelig;ki&eth;","potentialAction":[{"@type":"SearchAction","target":{"@type":"EntryPoint","urlTemplate":"https:\/\/bilasmidurinn.is\/?s={search_term_string}"},"query-input":{"@type":"PropertyValueSpecification","valueRequired":true,"valueName":"search_term_string"}}],"inLanguage":"pl-PL"}]}},"_links":{"self":[{"href":"https:\/\/bilasmidurinn.is\/pl\/wp-json\/wp\/v2\/product\/15336","targetHints":{"allow":["GET"]}}],"collection":[{"href":"https:\/\/bilasmidurinn.is\/pl\/wp-json\/wp\/v2\/product"}],"about":[{"href":"https:\/\/bilasmidurinn.is\/pl\/wp-json\/wp\/v2\/types\/product"}],"wp:featuredmedia":[{"embeddable":true,"href":"https:\/\/bilasmidurinn.is\/pl\/wp-json\/wp\/v2\/media\/14132"}],"wp:attachment":[{"href":"https:\/\/bilasmidurinn.is\/pl\/wp-json\/wp\/v2\/media?parent=15336"}],"wp:term":[{"taxonomy":"product_brand","embeddable":true,"href":"https:\/\/bilasmidurinn.is\/pl\/wp-json\/wp\/v2\/product_brand?post=15336"},{"taxonomy":"product_cat","embeddable":true,"href":"https:\/\/bilasmidurinn.is\/pl\/wp-json\/wp\/v2\/product_cat?post=15336"},{"taxonomy":"product_tag","embeddable":true,"href":"https:\/\/bilasmidurinn.is\/pl\/wp-json\/wp\/v2\/product_tag?post=15336"}],"curies":[{"name":"wp","href":"https:\/\/api.w.org\/{rel}","templated":true}]}}