{"id":15277,"date":"2023-12-06T18:55:28","date_gmt":"2023-12-06T18:55:28","guid":{"rendered":"https:\/\/bilasmidurinn.is\/?post_type=product&#038;p=15277"},"modified":"2023-12-06T19:04:06","modified_gmt":"2023-12-06T19:04:06","slug":"vatnsdaela-u4814-24v-webasto","status":"publish","type":"product","link":"https:\/\/bilasmidurinn.is\/pl\/vefverslun\/midstodvar\/vatnsmidstodvar\/vatnsdaela-u4814-24v-webasto\/","title":{"rendered":"Pompa wody U4814 24v Webasto"},"content":{"rendered":"<p>U4814 Pompa wodna z dyszami 32mm 24v. do centr\u00f3w olejowych Webasto\/Spheros\/Valeo Thermo 230-350kW<\/p>\n<p>&nbsp;<\/p>","protected":false},"excerpt":{"rendered":"<p>Pompa wodna U4814 Webasto\/Spheros\/Valeo Thermo do centr\u00f3w olejowych 230-350kW, 24v, dysze 32mm<\/p>","protected":false},"featured_media":15278,"template":"","meta":[],"product_brand":[7997,7925],"product_cat":[7967,8036],"product_tag":[],"class_list":{"0":"post-15277","1":"product","2":"type-product","3":"status-publish","4":"has-post-thumbnail","6":"product_brand-valeo-thermo","7":"product_brand-webasto","8":"product_cat-midstodvar","9":"product_cat-vatnsmidstodvar","11":"first","12":"instock","13":"shipping-taxable","14":"product-type-simple"},"yoast_head":"<!-- This site is optimized with the Yoast SEO plugin v27.4 - https:\/\/yoast.com\/product\/yoast-seo-wordpress\/ -->\n<title>Vatnsd\u00e6la U4814 24v Webasto - B&iacute;lasmi&eth;urinn<\/title>\n<meta name=\"robots\" content=\"index, follow, max-snippet:-1, max-image-preview:large, max-video-preview:-1\" \/>\n<link rel=\"canonical\" href=\"https:\/\/bilasmidurinn.is\/pl\/vefverslun\/midstodvar\/vatnsmidstodvar\/vatnsdaela-u4814-24v-webasto\/\" \/>\n<meta property=\"og:locale\" content=\"pl_PL\" \/>\n<meta property=\"og:type\" content=\"article\" \/>\n<meta property=\"og:title\" content=\"Vatnsd\u00e6la U4814 24v Webasto - B&iacute;lasmi&eth;urinn\" \/>\n<meta property=\"og:description\" content=\"Vatnsd\u00e6la U4814 Webasto\/Spheros\/Valeo Thermo\u00a0 fyrir 230-350kW ol\u00edumi\u00f0st\u00f6\u00f0var,\u00a0 \u00a024v,\u00a0 32mm st\u00fatar\" \/>\n<meta property=\"og:url\" content=\"https:\/\/bilasmidurinn.is\/pl\/vefverslun\/midstodvar\/vatnsmidstodvar\/vatnsdaela-u4814-24v-webasto\/\" \/>\n<meta property=\"og:site_name\" content=\"B&iacute;lasmi&eth;urinn\" \/>\n<meta property=\"article:modified_time\" content=\"2023-12-06T19:04:06+00:00\" \/>\n<meta property=\"og:image\" content=\"https:\/\/bilasmidurinn.is\/wp-content\/uploads\/2023\/12\/U4814.jpg\" \/>\n\t<meta property=\"og:image:width\" content=\"270\" \/>\n\t<meta property=\"og:image:height\" content=\"187\" \/>\n\t<meta property=\"og:image:type\" content=\"image\/jpeg\" \/>\n<meta name=\"twitter:card\" content=\"summary_large_image\" \/>\n<meta name=\"twitter:label1\" content=\"Szacowany czas czytania\" \/>\n\t<meta name=\"twitter:data1\" content=\"1 minuta\" \/>\n<script type=\"application\/ld+json\" class=\"yoast-schema-graph\">{\"@context\":\"https:\\\/\\\/schema.org\",\"@graph\":[{\"@type\":\"WebPage\",\"@id\":\"https:\\\/\\\/bilasmidurinn.is\\\/vefverslun\\\/midstodvar\\\/vatnsmidstodvar\\\/vatnsdaela-u4814-24v-webasto\\\/\",\"url\":\"https:\\\/\\\/bilasmidurinn.is\\\/vefverslun\\\/midstodvar\\\/vatnsmidstodvar\\\/vatnsdaela-u4814-24v-webasto\\\/\",\"name\":\"Vatnsd\u00e6la U4814 24v Webasto - B&iacute;lasmi&eth;urinn\",\"isPartOf\":{\"@id\":\"https:\\\/\\\/bilasmidurinn.is\\\/#website\"},\"primaryImageOfPage\":{\"@id\":\"https:\\\/\\\/bilasmidurinn.is\\\/vefverslun\\\/midstodvar\\\/vatnsmidstodvar\\\/vatnsdaela-u4814-24v-webasto\\\/#primaryimage\"},\"image\":{\"@id\":\"https:\\\/\\\/bilasmidurinn.is\\\/vefverslun\\\/midstodvar\\\/vatnsmidstodvar\\\/vatnsdaela-u4814-24v-webasto\\\/#primaryimage\"},\"thumbnailUrl\":\"https:\\\/\\\/bilasmidurinn.is\\\/wp-content\\\/uploads\\\/2023\\\/12\\\/U4814.jpg\",\"datePublished\":\"2023-12-06T18:55:28+00:00\",\"dateModified\":\"2023-12-06T19:04:06+00:00\",\"breadcrumb\":{\"@id\":\"https:\\\/\\\/bilasmidurinn.is\\\/vefverslun\\\/midstodvar\\\/vatnsmidstodvar\\\/vatnsdaela-u4814-24v-webasto\\\/#breadcrumb\"},\"inLanguage\":\"pl-PL\",\"potentialAction\":[{\"@type\":\"ReadAction\",\"target\":[\"https:\\\/\\\/bilasmidurinn.is\\\/vefverslun\\\/midstodvar\\\/vatnsmidstodvar\\\/vatnsdaela-u4814-24v-webasto\\\/\"]}]},{\"@type\":\"ImageObject\",\"inLanguage\":\"pl-PL\",\"@id\":\"https:\\\/\\\/bilasmidurinn.is\\\/vefverslun\\\/midstodvar\\\/vatnsmidstodvar\\\/vatnsdaela-u4814-24v-webasto\\\/#primaryimage\",\"url\":\"https:\\\/\\\/bilasmidurinn.is\\\/wp-content\\\/uploads\\\/2023\\\/12\\\/U4814.jpg\",\"contentUrl\":\"https:\\\/\\\/bilasmidurinn.is\\\/wp-content\\\/uploads\\\/2023\\\/12\\\/U4814.jpg\",\"width\":270,\"height\":187},{\"@type\":\"BreadcrumbList\",\"@id\":\"https:\\\/\\\/bilasmidurinn.is\\\/vefverslun\\\/midstodvar\\\/vatnsmidstodvar\\\/vatnsdaela-u4814-24v-webasto\\\/#breadcrumb\",\"itemListElement\":[{\"@type\":\"ListItem\",\"position\":1,\"name\":\"Home\",\"item\":\"https:\\\/\\\/bilasmidurinn.is\\\/\"},{\"@type\":\"ListItem\",\"position\":2,\"name\":\"V\u00f6rur \u00ed verslun\",\"item\":\"https:\\\/\\\/bilasmidurinn.is\\\/vefverslun\\\/\"},{\"@type\":\"ListItem\",\"position\":3,\"name\":\"Vatnsd\u00e6la U4814 24v Webasto\"}]},{\"@type\":\"WebSite\",\"@id\":\"https:\\\/\\\/bilasmidurinn.is\\\/#website\",\"url\":\"https:\\\/\\\/bilasmidurinn.is\\\/\",\"name\":\"B&iacute;lasmi&eth;urinn\",\"description\":\"All sem &thorn;&uacute; &thorn;arft &iacute; t&aelig;ki&eth;\",\"potentialAction\":[{\"@type\":\"SearchAction\",\"target\":{\"@type\":\"EntryPoint\",\"urlTemplate\":\"https:\\\/\\\/bilasmidurinn.is\\\/?s={search_term_string}\"},\"query-input\":{\"@type\":\"PropertyValueSpecification\",\"valueRequired\":true,\"valueName\":\"search_term_string\"}}],\"inLanguage\":\"pl-PL\"}]}<\/script>\n<!-- \/ Yoast SEO plugin. -->","yoast_head_json":{"title":"Vatnsd\u00e6la U4814 24v Webasto - B&iacute;lasmi&eth;urinn","robots":{"index":"index","follow":"follow","max-snippet":"max-snippet:-1","max-image-preview":"max-image-preview:large","max-video-preview":"max-video-preview:-1"},"canonical":"https:\/\/bilasmidurinn.is\/pl\/vefverslun\/midstodvar\/vatnsmidstodvar\/vatnsdaela-u4814-24v-webasto\/","og_locale":"pl_PL","og_type":"article","og_title":"Vatnsd\u00e6la U4814 24v Webasto - B&iacute;lasmi&eth;urinn","og_description":"Vatnsd\u00e6la U4814 Webasto\/Spheros\/Valeo Thermo\u00a0 fyrir 230-350kW ol\u00edumi\u00f0st\u00f6\u00f0var,\u00a0 \u00a024v,\u00a0 32mm st\u00fatar","og_url":"https:\/\/bilasmidurinn.is\/pl\/vefverslun\/midstodvar\/vatnsmidstodvar\/vatnsdaela-u4814-24v-webasto\/","og_site_name":"B&iacute;lasmi&eth;urinn","article_modified_time":"2023-12-06T19:04:06+00:00","og_image":[{"width":270,"height":187,"url":"https:\/\/bilasmidurinn.is\/wp-content\/uploads\/2023\/12\/U4814.jpg","type":"image\/jpeg"}],"twitter_card":"summary_large_image","twitter_misc":{"Szacowany czas czytania":"1 minuta"},"schema":{"@context":"https:\/\/schema.org","@graph":[{"@type":"WebPage","@id":"https:\/\/bilasmidurinn.is\/vefverslun\/midstodvar\/vatnsmidstodvar\/vatnsdaela-u4814-24v-webasto\/","url":"https:\/\/bilasmidurinn.is\/vefverslun\/midstodvar\/vatnsmidstodvar\/vatnsdaela-u4814-24v-webasto\/","name":"Vatnsd\u00e6la U4814 24v Webasto - B&iacute;lasmi&eth;urinn","isPartOf":{"@id":"https:\/\/bilasmidurinn.is\/#website"},"primaryImageOfPage":{"@id":"https:\/\/bilasmidurinn.is\/vefverslun\/midstodvar\/vatnsmidstodvar\/vatnsdaela-u4814-24v-webasto\/#primaryimage"},"image":{"@id":"https:\/\/bilasmidurinn.is\/vefverslun\/midstodvar\/vatnsmidstodvar\/vatnsdaela-u4814-24v-webasto\/#primaryimage"},"thumbnailUrl":"https:\/\/bilasmidurinn.is\/wp-content\/uploads\/2023\/12\/U4814.jpg","datePublished":"2023-12-06T18:55:28+00:00","dateModified":"2023-12-06T19:04:06+00:00","breadcrumb":{"@id":"https:\/\/bilasmidurinn.is\/vefverslun\/midstodvar\/vatnsmidstodvar\/vatnsdaela-u4814-24v-webasto\/#breadcrumb"},"inLanguage":"pl-PL","potentialAction":[{"@type":"ReadAction","target":["https:\/\/bilasmidurinn.is\/vefverslun\/midstodvar\/vatnsmidstodvar\/vatnsdaela-u4814-24v-webasto\/"]}]},{"@type":"ImageObject","inLanguage":"pl-PL","@id":"https:\/\/bilasmidurinn.is\/vefverslun\/midstodvar\/vatnsmidstodvar\/vatnsdaela-u4814-24v-webasto\/#primaryimage","url":"https:\/\/bilasmidurinn.is\/wp-content\/uploads\/2023\/12\/U4814.jpg","contentUrl":"https:\/\/bilasmidurinn.is\/wp-content\/uploads\/2023\/12\/U4814.jpg","width":270,"height":187},{"@type":"BreadcrumbList","@id":"https:\/\/bilasmidurinn.is\/vefverslun\/midstodvar\/vatnsmidstodvar\/vatnsdaela-u4814-24v-webasto\/#breadcrumb","itemListElement":[{"@type":"ListItem","position":1,"name":"Home","item":"https:\/\/bilasmidurinn.is\/"},{"@type":"ListItem","position":2,"name":"V\u00f6rur \u00ed verslun","item":"https:\/\/bilasmidurinn.is\/vefverslun\/"},{"@type":"ListItem","position":3,"name":"Vatnsd\u00e6la U4814 24v Webasto"}]},{"@type":"WebSite","@id":"https:\/\/bilasmidurinn.is\/#website","url":"https:\/\/bilasmidurinn.is\/","name":"B&iacute;lasmi&eth;urinn","description":"All sem &thorn;&uacute; &thorn;arft &iacute; t&aelig;ki&eth;","potentialAction":[{"@type":"SearchAction","target":{"@type":"EntryPoint","urlTemplate":"https:\/\/bilasmidurinn.is\/?s={search_term_string}"},"query-input":{"@type":"PropertyValueSpecification","valueRequired":true,"valueName":"search_term_string"}}],"inLanguage":"pl-PL"}]}},"_links":{"self":[{"href":"https:\/\/bilasmidurinn.is\/pl\/wp-json\/wp\/v2\/product\/15277","targetHints":{"allow":["GET"]}}],"collection":[{"href":"https:\/\/bilasmidurinn.is\/pl\/wp-json\/wp\/v2\/product"}],"about":[{"href":"https:\/\/bilasmidurinn.is\/pl\/wp-json\/wp\/v2\/types\/product"}],"wp:featuredmedia":[{"embeddable":true,"href":"https:\/\/bilasmidurinn.is\/pl\/wp-json\/wp\/v2\/media\/15278"}],"wp:attachment":[{"href":"https:\/\/bilasmidurinn.is\/pl\/wp-json\/wp\/v2\/media?parent=15277"}],"wp:term":[{"taxonomy":"product_brand","embeddable":true,"href":"https:\/\/bilasmidurinn.is\/pl\/wp-json\/wp\/v2\/product_brand?post=15277"},{"taxonomy":"product_cat","embeddable":true,"href":"https:\/\/bilasmidurinn.is\/pl\/wp-json\/wp\/v2\/product_cat?post=15277"},{"taxonomy":"product_tag","embeddable":true,"href":"https:\/\/bilasmidurinn.is\/pl\/wp-json\/wp\/v2\/product_tag?post=15277"}],"curies":[{"name":"wp","href":"https:\/\/api.w.org\/{rel}","templated":true}]}}