{"id":15214,"date":"2023-06-21T15:26:42","date_gmt":"2023-06-21T15:26:42","guid":{"rendered":"https:\/\/bilasmidurinn.is\/?post_type=product&#038;p=15214"},"modified":"2023-06-21T16:14:49","modified_gmt":"2023-06-21T16:14:49","slug":"strappi-med-rullu-og-krokum-wtw250","status":"publish","type":"product","link":"https:\/\/bilasmidurinn.is\/pl\/vefverslun\/festingar\/strappi-med-rullu-og-krokum-wtw250\/","title":{"rendered":"Drabinka z rolk\u0105 i hakami WTW250"},"content":{"rendered":"<p>Stempel z automatycznym wa\u0142kiem, d\u0142ugo\u015b\u0107 0,2 + 2m EN12195-2<br \/>\nWytrzyma\u0142o\u015b\u0107 na bezpo\u015brednie rozci\u0105ganie 125 daN<br \/>\nSzeroko\u015b\u0107 2500<br \/>\nHaczyki s\u0105 pokryte PCV.<\/p>","protected":false},"excerpt":{"rendered":"<p>Drabina WTW 250 z rolk\u0105 samowci\u0105gaj\u0105c\u0105 2,2m i hakami powlekanymi PCV <\/p>","protected":false},"featured_media":15202,"template":"","meta":[],"product_brand":[8054],"product_cat":[7958],"product_tag":[],"class_list":{"0":"post-15214","1":"product","2":"type-product","3":"status-publish","4":"has-post-thumbnail","6":"product_brand-wista","7":"product_cat-festingar","9":"first","10":"instock","11":"shipping-taxable","12":"product-type-simple"},"yoast_head":"<!-- This site is optimized with the Yoast SEO plugin v27.3 - https:\/\/yoast.com\/product\/yoast-seo-wordpress\/ -->\n<title>Strappi me\u00f0 r\u00fallu og kr\u00f3kum WTW250 - B&iacute;lasmi&eth;urinn<\/title>\n<meta name=\"robots\" content=\"index, follow, max-snippet:-1, max-image-preview:large, max-video-preview:-1\" \/>\n<link rel=\"canonical\" href=\"https:\/\/bilasmidurinn.is\/pl\/vefverslun\/festingar\/strappi-med-rullu-og-krokum-wtw250\/\" \/>\n<meta property=\"og:locale\" content=\"pl_PL\" \/>\n<meta property=\"og:type\" content=\"article\" \/>\n<meta property=\"og:title\" content=\"Strappi me\u00f0 r\u00fallu og kr\u00f3kum WTW250 - B&iacute;lasmi&eth;urinn\" \/>\n<meta property=\"og:description\" content=\"Strappi WTW 250 me\u00f0 auto sj\u00e1lftrekkjandi r\u00fallu 2,2m og PVC h\u00fa\u00f0u\u00f0um kr\u00f3kum\" \/>\n<meta property=\"og:url\" content=\"https:\/\/bilasmidurinn.is\/pl\/vefverslun\/festingar\/strappi-med-rullu-og-krokum-wtw250\/\" \/>\n<meta property=\"og:site_name\" content=\"B&iacute;lasmi&eth;urinn\" \/>\n<meta property=\"article:modified_time\" content=\"2023-06-21T16:14:49+00:00\" \/>\n<meta property=\"og:image\" content=\"https:\/\/bilasmidurinn.is\/wp-content\/uploads\/2023\/06\/1250150.png\" \/>\n\t<meta property=\"og:image:width\" content=\"516\" \/>\n\t<meta property=\"og:image:height\" content=\"347\" \/>\n\t<meta property=\"og:image:type\" content=\"image\/png\" \/>\n<meta name=\"twitter:card\" content=\"summary_large_image\" \/>\n<meta name=\"twitter:label1\" content=\"Szacowany czas czytania\" \/>\n\t<meta name=\"twitter:data1\" content=\"1 minuta\" \/>\n<script type=\"application\/ld+json\" class=\"yoast-schema-graph\">{\"@context\":\"https:\\\/\\\/schema.org\",\"@graph\":[{\"@type\":\"WebPage\",\"@id\":\"https:\\\/\\\/bilasmidurinn.is\\\/vefverslun\\\/festingar\\\/strappi-med-rullu-og-krokum-wtw250\\\/\",\"url\":\"https:\\\/\\\/bilasmidurinn.is\\\/vefverslun\\\/festingar\\\/strappi-med-rullu-og-krokum-wtw250\\\/\",\"name\":\"Strappi me\u00f0 r\u00fallu og kr\u00f3kum WTW250 - B&iacute;lasmi&eth;urinn\",\"isPartOf\":{\"@id\":\"https:\\\/\\\/bilasmidurinn.is\\\/#website\"},\"primaryImageOfPage\":{\"@id\":\"https:\\\/\\\/bilasmidurinn.is\\\/vefverslun\\\/festingar\\\/strappi-med-rullu-og-krokum-wtw250\\\/#primaryimage\"},\"image\":{\"@id\":\"https:\\\/\\\/bilasmidurinn.is\\\/vefverslun\\\/festingar\\\/strappi-med-rullu-og-krokum-wtw250\\\/#primaryimage\"},\"thumbnailUrl\":\"https:\\\/\\\/bilasmidurinn.is\\\/wp-content\\\/uploads\\\/2023\\\/06\\\/1250150.png\",\"datePublished\":\"2023-06-21T15:26:42+00:00\",\"dateModified\":\"2023-06-21T16:14:49+00:00\",\"breadcrumb\":{\"@id\":\"https:\\\/\\\/bilasmidurinn.is\\\/vefverslun\\\/festingar\\\/strappi-med-rullu-og-krokum-wtw250\\\/#breadcrumb\"},\"inLanguage\":\"pl-PL\",\"potentialAction\":[{\"@type\":\"ReadAction\",\"target\":[\"https:\\\/\\\/bilasmidurinn.is\\\/vefverslun\\\/festingar\\\/strappi-med-rullu-og-krokum-wtw250\\\/\"]}]},{\"@type\":\"ImageObject\",\"inLanguage\":\"pl-PL\",\"@id\":\"https:\\\/\\\/bilasmidurinn.is\\\/vefverslun\\\/festingar\\\/strappi-med-rullu-og-krokum-wtw250\\\/#primaryimage\",\"url\":\"https:\\\/\\\/bilasmidurinn.is\\\/wp-content\\\/uploads\\\/2023\\\/06\\\/1250150.png\",\"contentUrl\":\"https:\\\/\\\/bilasmidurinn.is\\\/wp-content\\\/uploads\\\/2023\\\/06\\\/1250150.png\",\"width\":516,\"height\":347},{\"@type\":\"BreadcrumbList\",\"@id\":\"https:\\\/\\\/bilasmidurinn.is\\\/vefverslun\\\/festingar\\\/strappi-med-rullu-og-krokum-wtw250\\\/#breadcrumb\",\"itemListElement\":[{\"@type\":\"ListItem\",\"position\":1,\"name\":\"Home\",\"item\":\"https:\\\/\\\/bilasmidurinn.is\\\/\"},{\"@type\":\"ListItem\",\"position\":2,\"name\":\"V\u00f6rur \u00ed verslun\",\"item\":\"https:\\\/\\\/bilasmidurinn.is\\\/vefverslun\\\/\"},{\"@type\":\"ListItem\",\"position\":3,\"name\":\"Strappi me\u00f0 r\u00fallu og kr\u00f3kum WTW250\"}]},{\"@type\":\"WebSite\",\"@id\":\"https:\\\/\\\/bilasmidurinn.is\\\/#website\",\"url\":\"https:\\\/\\\/bilasmidurinn.is\\\/\",\"name\":\"B&iacute;lasmi&eth;urinn\",\"description\":\"All sem &thorn;&uacute; &thorn;arft &iacute; t&aelig;ki&eth;\",\"potentialAction\":[{\"@type\":\"SearchAction\",\"target\":{\"@type\":\"EntryPoint\",\"urlTemplate\":\"https:\\\/\\\/bilasmidurinn.is\\\/?s={search_term_string}\"},\"query-input\":{\"@type\":\"PropertyValueSpecification\",\"valueRequired\":true,\"valueName\":\"search_term_string\"}}],\"inLanguage\":\"pl-PL\"}]}<\/script>\n<!-- \/ Yoast SEO plugin. -->","yoast_head_json":{"title":"Strappi me\u00f0 r\u00fallu og kr\u00f3kum WTW250 - B&iacute;lasmi&eth;urinn","robots":{"index":"index","follow":"follow","max-snippet":"max-snippet:-1","max-image-preview":"max-image-preview:large","max-video-preview":"max-video-preview:-1"},"canonical":"https:\/\/bilasmidurinn.is\/pl\/vefverslun\/festingar\/strappi-med-rullu-og-krokum-wtw250\/","og_locale":"pl_PL","og_type":"article","og_title":"Strappi me\u00f0 r\u00fallu og kr\u00f3kum WTW250 - B&iacute;lasmi&eth;urinn","og_description":"Strappi WTW 250 me\u00f0 auto sj\u00e1lftrekkjandi r\u00fallu 2,2m og PVC h\u00fa\u00f0u\u00f0um kr\u00f3kum","og_url":"https:\/\/bilasmidurinn.is\/pl\/vefverslun\/festingar\/strappi-med-rullu-og-krokum-wtw250\/","og_site_name":"B&iacute;lasmi&eth;urinn","article_modified_time":"2023-06-21T16:14:49+00:00","og_image":[{"width":516,"height":347,"url":"https:\/\/bilasmidurinn.is\/wp-content\/uploads\/2023\/06\/1250150.png","type":"image\/png"}],"twitter_card":"summary_large_image","twitter_misc":{"Szacowany czas czytania":"1 minuta"},"schema":{"@context":"https:\/\/schema.org","@graph":[{"@type":"WebPage","@id":"https:\/\/bilasmidurinn.is\/vefverslun\/festingar\/strappi-med-rullu-og-krokum-wtw250\/","url":"https:\/\/bilasmidurinn.is\/vefverslun\/festingar\/strappi-med-rullu-og-krokum-wtw250\/","name":"Strappi me\u00f0 r\u00fallu og kr\u00f3kum WTW250 - B&iacute;lasmi&eth;urinn","isPartOf":{"@id":"https:\/\/bilasmidurinn.is\/#website"},"primaryImageOfPage":{"@id":"https:\/\/bilasmidurinn.is\/vefverslun\/festingar\/strappi-med-rullu-og-krokum-wtw250\/#primaryimage"},"image":{"@id":"https:\/\/bilasmidurinn.is\/vefverslun\/festingar\/strappi-med-rullu-og-krokum-wtw250\/#primaryimage"},"thumbnailUrl":"https:\/\/bilasmidurinn.is\/wp-content\/uploads\/2023\/06\/1250150.png","datePublished":"2023-06-21T15:26:42+00:00","dateModified":"2023-06-21T16:14:49+00:00","breadcrumb":{"@id":"https:\/\/bilasmidurinn.is\/vefverslun\/festingar\/strappi-med-rullu-og-krokum-wtw250\/#breadcrumb"},"inLanguage":"pl-PL","potentialAction":[{"@type":"ReadAction","target":["https:\/\/bilasmidurinn.is\/vefverslun\/festingar\/strappi-med-rullu-og-krokum-wtw250\/"]}]},{"@type":"ImageObject","inLanguage":"pl-PL","@id":"https:\/\/bilasmidurinn.is\/vefverslun\/festingar\/strappi-med-rullu-og-krokum-wtw250\/#primaryimage","url":"https:\/\/bilasmidurinn.is\/wp-content\/uploads\/2023\/06\/1250150.png","contentUrl":"https:\/\/bilasmidurinn.is\/wp-content\/uploads\/2023\/06\/1250150.png","width":516,"height":347},{"@type":"BreadcrumbList","@id":"https:\/\/bilasmidurinn.is\/vefverslun\/festingar\/strappi-med-rullu-og-krokum-wtw250\/#breadcrumb","itemListElement":[{"@type":"ListItem","position":1,"name":"Home","item":"https:\/\/bilasmidurinn.is\/"},{"@type":"ListItem","position":2,"name":"V\u00f6rur \u00ed verslun","item":"https:\/\/bilasmidurinn.is\/vefverslun\/"},{"@type":"ListItem","position":3,"name":"Strappi me\u00f0 r\u00fallu og kr\u00f3kum WTW250"}]},{"@type":"WebSite","@id":"https:\/\/bilasmidurinn.is\/#website","url":"https:\/\/bilasmidurinn.is\/","name":"B&iacute;lasmi&eth;urinn","description":"All sem &thorn;&uacute; &thorn;arft &iacute; t&aelig;ki&eth;","potentialAction":[{"@type":"SearchAction","target":{"@type":"EntryPoint","urlTemplate":"https:\/\/bilasmidurinn.is\/?s={search_term_string}"},"query-input":{"@type":"PropertyValueSpecification","valueRequired":true,"valueName":"search_term_string"}}],"inLanguage":"pl-PL"}]}},"_links":{"self":[{"href":"https:\/\/bilasmidurinn.is\/pl\/wp-json\/wp\/v2\/product\/15214","targetHints":{"allow":["GET"]}}],"collection":[{"href":"https:\/\/bilasmidurinn.is\/pl\/wp-json\/wp\/v2\/product"}],"about":[{"href":"https:\/\/bilasmidurinn.is\/pl\/wp-json\/wp\/v2\/types\/product"}],"wp:featuredmedia":[{"embeddable":true,"href":"https:\/\/bilasmidurinn.is\/pl\/wp-json\/wp\/v2\/media\/15202"}],"wp:attachment":[{"href":"https:\/\/bilasmidurinn.is\/pl\/wp-json\/wp\/v2\/media?parent=15214"}],"wp:term":[{"taxonomy":"product_brand","embeddable":true,"href":"https:\/\/bilasmidurinn.is\/pl\/wp-json\/wp\/v2\/product_brand?post=15214"},{"taxonomy":"product_cat","embeddable":true,"href":"https:\/\/bilasmidurinn.is\/pl\/wp-json\/wp\/v2\/product_cat?post=15214"},{"taxonomy":"product_tag","embeddable":true,"href":"https:\/\/bilasmidurinn.is\/pl\/wp-json\/wp\/v2\/product_tag?post=15214"}],"curies":[{"name":"wp","href":"https:\/\/api.w.org\/{rel}","templated":true}]}}