{"id":15106,"date":"2023-03-20T18:03:40","date_gmt":"2023-03-20T18:03:40","guid":{"rendered":"https:\/\/bilasmidurinn.is\/?post_type=product&#038;p=15106"},"modified":"2023-03-22T09:10:49","modified_gmt":"2023-03-22T09:10:49","slug":"gaspumpa-155mm-380n","status":"publish","type":"product","link":"https:\/\/bilasmidurinn.is\/pl\/vefverslun\/gaspumpur\/gaspumpa-155mm-380n\/","title":{"rendered":"Pompa gazu 380N 155mm"},"content":{"rendered":"<p>Pompa gazu 380N<br \/>\nD\u0142ugo\u015b\u0107 155mm<br \/>\nS\u0142upek 60mm<br \/>\nKo\u0144c\u00f3wki z gwintem M6 do przykr\u0119cania oczek lub ko\u0144c\u00f3wek kulowych<br \/>\nPowszechne w szafkach.<br \/>\nKo\u0144ce nie nad\u0105\u017caj\u0105<\/p>","protected":false},"excerpt":{"rendered":"<p>Pompa do gazu 155mm 380N M6 z ko\u0144c\u00f3wkami gwintowanymi<\/p>","protected":false},"featured_media":15135,"template":"","meta":[],"product_brand":[7949],"product_cat":[7959],"product_tag":[],"class_list":{"0":"post-15106","1":"product","2":"type-product","3":"status-publish","4":"has-post-thumbnail","6":"product_brand-global","7":"product_cat-gaspumpur","9":"first","10":"instock","11":"shipping-taxable","12":"product-type-simple"},"yoast_head":"<!-- This site is optimized with the Yoast SEO plugin v27.4 - https:\/\/yoast.com\/product\/yoast-seo-wordpress\/ -->\n<title>Gaspumpa 380N 155mm - B&iacute;lasmi&eth;urinn<\/title>\n<meta name=\"robots\" content=\"index, follow, max-snippet:-1, max-image-preview:large, max-video-preview:-1\" \/>\n<link rel=\"canonical\" href=\"http:\/\/bilasmidurinn.is\/pl\/vefverslun\/gaspumpur\/gaspumpa-155mm-380n\/\" \/>\n<meta property=\"og:locale\" content=\"pl_PL\" \/>\n<meta property=\"og:type\" content=\"article\" \/>\n<meta property=\"og:title\" content=\"Gaspumpa 380N 155mm - B&iacute;lasmi&eth;urinn\" \/>\n<meta property=\"og:description\" content=\"Gaspumpa 155mm 380N M6 snitta\u00f0ir endar\" \/>\n<meta property=\"og:url\" content=\"http:\/\/bilasmidurinn.is\/pl\/vefverslun\/gaspumpur\/gaspumpa-155mm-380n\/\" \/>\n<meta property=\"og:site_name\" content=\"B&iacute;lasmi&eth;urinn\" \/>\n<meta property=\"article:modified_time\" content=\"2023-03-22T09:10:49+00:00\" \/>\n<meta property=\"og:image\" content=\"https:\/\/bilasmidurinn.is\/wp-content\/uploads\/2023\/03\/gasp-4.jpeg\" \/>\n\t<meta property=\"og:image:width\" content=\"1170\" \/>\n\t<meta property=\"og:image:height\" content=\"780\" \/>\n\t<meta property=\"og:image:type\" content=\"image\/jpeg\" \/>\n<meta name=\"twitter:card\" content=\"summary_large_image\" \/>\n<script type=\"application\/ld+json\" class=\"yoast-schema-graph\">{\"@context\":\"https:\\\/\\\/schema.org\",\"@graph\":[{\"@type\":\"WebPage\",\"@id\":\"http:\\\/\\\/bilasmidurinn.is\\\/en\\\/vefverslun\\\/gaspumpur\\\/gaspumpa-155mm-380n\\\/\",\"url\":\"http:\\\/\\\/bilasmidurinn.is\\\/en\\\/vefverslun\\\/gaspumpur\\\/gaspumpa-155mm-380n\\\/\",\"name\":\"Gaspumpa 380N 155mm - B&iacute;lasmi&eth;urinn\",\"isPartOf\":{\"@id\":\"https:\\\/\\\/bilasmidurinn.is\\\/#website\"},\"primaryImageOfPage\":{\"@id\":\"http:\\\/\\\/bilasmidurinn.is\\\/en\\\/vefverslun\\\/gaspumpur\\\/gaspumpa-155mm-380n\\\/#primaryimage\"},\"image\":{\"@id\":\"http:\\\/\\\/bilasmidurinn.is\\\/en\\\/vefverslun\\\/gaspumpur\\\/gaspumpa-155mm-380n\\\/#primaryimage\"},\"thumbnailUrl\":\"https:\\\/\\\/bilasmidurinn.is\\\/wp-content\\\/uploads\\\/2023\\\/03\\\/gasp-4.jpeg\",\"datePublished\":\"2023-03-20T18:03:40+00:00\",\"dateModified\":\"2023-03-22T09:10:49+00:00\",\"breadcrumb\":{\"@id\":\"http:\\\/\\\/bilasmidurinn.is\\\/en\\\/vefverslun\\\/gaspumpur\\\/gaspumpa-155mm-380n\\\/#breadcrumb\"},\"inLanguage\":\"pl-PL\",\"potentialAction\":[{\"@type\":\"ReadAction\",\"target\":[\"http:\\\/\\\/bilasmidurinn.is\\\/en\\\/vefverslun\\\/gaspumpur\\\/gaspumpa-155mm-380n\\\/\"]}]},{\"@type\":\"ImageObject\",\"inLanguage\":\"pl-PL\",\"@id\":\"http:\\\/\\\/bilasmidurinn.is\\\/en\\\/vefverslun\\\/gaspumpur\\\/gaspumpa-155mm-380n\\\/#primaryimage\",\"url\":\"https:\\\/\\\/bilasmidurinn.is\\\/wp-content\\\/uploads\\\/2023\\\/03\\\/gasp-4.jpeg\",\"contentUrl\":\"https:\\\/\\\/bilasmidurinn.is\\\/wp-content\\\/uploads\\\/2023\\\/03\\\/gasp-4.jpeg\",\"width\":1170,\"height\":780},{\"@type\":\"BreadcrumbList\",\"@id\":\"http:\\\/\\\/bilasmidurinn.is\\\/en\\\/vefverslun\\\/gaspumpur\\\/gaspumpa-155mm-380n\\\/#breadcrumb\",\"itemListElement\":[{\"@type\":\"ListItem\",\"position\":1,\"name\":\"Home\",\"item\":\"https:\\\/\\\/bilasmidurinn.is\\\/\"},{\"@type\":\"ListItem\",\"position\":2,\"name\":\"V\u00f6rur \u00ed verslun\",\"item\":\"https:\\\/\\\/bilasmidurinn.is\\\/vefverslun\\\/\"},{\"@type\":\"ListItem\",\"position\":3,\"name\":\"Gaspumpa 380N 155mm\"}]},{\"@type\":\"WebSite\",\"@id\":\"https:\\\/\\\/bilasmidurinn.is\\\/#website\",\"url\":\"https:\\\/\\\/bilasmidurinn.is\\\/\",\"name\":\"B&iacute;lasmi&eth;urinn\",\"description\":\"All sem &thorn;&uacute; &thorn;arft &iacute; t&aelig;ki&eth;\",\"potentialAction\":[{\"@type\":\"SearchAction\",\"target\":{\"@type\":\"EntryPoint\",\"urlTemplate\":\"https:\\\/\\\/bilasmidurinn.is\\\/?s={search_term_string}\"},\"query-input\":{\"@type\":\"PropertyValueSpecification\",\"valueRequired\":true,\"valueName\":\"search_term_string\"}}],\"inLanguage\":\"pl-PL\"}]}<\/script>\n<!-- \/ Yoast SEO plugin. -->","yoast_head_json":{"title":"Gaspumpa 380N 155mm - B&iacute;lasmi&eth;urinn","robots":{"index":"index","follow":"follow","max-snippet":"max-snippet:-1","max-image-preview":"max-image-preview:large","max-video-preview":"max-video-preview:-1"},"canonical":"http:\/\/bilasmidurinn.is\/pl\/vefverslun\/gaspumpur\/gaspumpa-155mm-380n\/","og_locale":"pl_PL","og_type":"article","og_title":"Gaspumpa 380N 155mm - B&iacute;lasmi&eth;urinn","og_description":"Gaspumpa 155mm 380N M6 snitta\u00f0ir endar","og_url":"http:\/\/bilasmidurinn.is\/pl\/vefverslun\/gaspumpur\/gaspumpa-155mm-380n\/","og_site_name":"B&iacute;lasmi&eth;urinn","article_modified_time":"2023-03-22T09:10:49+00:00","og_image":[{"width":1170,"height":780,"url":"https:\/\/bilasmidurinn.is\/wp-content\/uploads\/2023\/03\/gasp-4.jpeg","type":"image\/jpeg"}],"twitter_card":"summary_large_image","schema":{"@context":"https:\/\/schema.org","@graph":[{"@type":"WebPage","@id":"http:\/\/bilasmidurinn.is\/en\/vefverslun\/gaspumpur\/gaspumpa-155mm-380n\/","url":"http:\/\/bilasmidurinn.is\/en\/vefverslun\/gaspumpur\/gaspumpa-155mm-380n\/","name":"Gaspumpa 380N 155mm - B&iacute;lasmi&eth;urinn","isPartOf":{"@id":"https:\/\/bilasmidurinn.is\/#website"},"primaryImageOfPage":{"@id":"http:\/\/bilasmidurinn.is\/en\/vefverslun\/gaspumpur\/gaspumpa-155mm-380n\/#primaryimage"},"image":{"@id":"http:\/\/bilasmidurinn.is\/en\/vefverslun\/gaspumpur\/gaspumpa-155mm-380n\/#primaryimage"},"thumbnailUrl":"https:\/\/bilasmidurinn.is\/wp-content\/uploads\/2023\/03\/gasp-4.jpeg","datePublished":"2023-03-20T18:03:40+00:00","dateModified":"2023-03-22T09:10:49+00:00","breadcrumb":{"@id":"http:\/\/bilasmidurinn.is\/en\/vefverslun\/gaspumpur\/gaspumpa-155mm-380n\/#breadcrumb"},"inLanguage":"pl-PL","potentialAction":[{"@type":"ReadAction","target":["http:\/\/bilasmidurinn.is\/en\/vefverslun\/gaspumpur\/gaspumpa-155mm-380n\/"]}]},{"@type":"ImageObject","inLanguage":"pl-PL","@id":"http:\/\/bilasmidurinn.is\/en\/vefverslun\/gaspumpur\/gaspumpa-155mm-380n\/#primaryimage","url":"https:\/\/bilasmidurinn.is\/wp-content\/uploads\/2023\/03\/gasp-4.jpeg","contentUrl":"https:\/\/bilasmidurinn.is\/wp-content\/uploads\/2023\/03\/gasp-4.jpeg","width":1170,"height":780},{"@type":"BreadcrumbList","@id":"http:\/\/bilasmidurinn.is\/en\/vefverslun\/gaspumpur\/gaspumpa-155mm-380n\/#breadcrumb","itemListElement":[{"@type":"ListItem","position":1,"name":"Home","item":"https:\/\/bilasmidurinn.is\/"},{"@type":"ListItem","position":2,"name":"V\u00f6rur \u00ed verslun","item":"https:\/\/bilasmidurinn.is\/vefverslun\/"},{"@type":"ListItem","position":3,"name":"Gaspumpa 380N 155mm"}]},{"@type":"WebSite","@id":"https:\/\/bilasmidurinn.is\/#website","url":"https:\/\/bilasmidurinn.is\/","name":"B&iacute;lasmi&eth;urinn","description":"All sem &thorn;&uacute; &thorn;arft &iacute; t&aelig;ki&eth;","potentialAction":[{"@type":"SearchAction","target":{"@type":"EntryPoint","urlTemplate":"https:\/\/bilasmidurinn.is\/?s={search_term_string}"},"query-input":{"@type":"PropertyValueSpecification","valueRequired":true,"valueName":"search_term_string"}}],"inLanguage":"pl-PL"}]}},"_links":{"self":[{"href":"https:\/\/bilasmidurinn.is\/pl\/wp-json\/wp\/v2\/product\/15106","targetHints":{"allow":["GET"]}}],"collection":[{"href":"https:\/\/bilasmidurinn.is\/pl\/wp-json\/wp\/v2\/product"}],"about":[{"href":"https:\/\/bilasmidurinn.is\/pl\/wp-json\/wp\/v2\/types\/product"}],"wp:featuredmedia":[{"embeddable":true,"href":"https:\/\/bilasmidurinn.is\/pl\/wp-json\/wp\/v2\/media\/15135"}],"wp:attachment":[{"href":"https:\/\/bilasmidurinn.is\/pl\/wp-json\/wp\/v2\/media?parent=15106"}],"wp:term":[{"taxonomy":"product_brand","embeddable":true,"href":"https:\/\/bilasmidurinn.is\/pl\/wp-json\/wp\/v2\/product_brand?post=15106"},{"taxonomy":"product_cat","embeddable":true,"href":"https:\/\/bilasmidurinn.is\/pl\/wp-json\/wp\/v2\/product_cat?post=15106"},{"taxonomy":"product_tag","embeddable":true,"href":"https:\/\/bilasmidurinn.is\/pl\/wp-json\/wp\/v2\/product_tag?post=15106"}],"curies":[{"name":"wp","href":"https:\/\/api.w.org\/{rel}","templated":true}]}}