{"id":15048,"date":"2022-11-23T22:45:02","date_gmt":"2022-11-23T22:45:02","guid":{"rendered":"https:\/\/bilasmidurinn.is\/?post_type=product&#038;p=15048"},"modified":"2022-11-23T22:46:22","modified_gmt":"2022-11-23T22:46:22","slug":"armytek-viking-pro-magnet-tactical-2050lm-284m-wide-warm","status":"publish","type":"product","link":"https:\/\/bilasmidurinn.is\/pl\/vefverslun\/ljos\/armytek-viking-pro-magnet-tactical-2050lm-284m-wide-warm\/","title":{"rendered":"Armytek VIKING PRO Magnet Tactical 2050Lm szeroko\u015b\u0107 284m ciep\u0142a"},"content":{"rendered":"<p>Latarka Armytek Viking Pro Magnet z szerok\u0105 wi\u0105zk\u0105 i punktem centralnym, pot\u0119\u017cna nowa technologia, kt\u00f3ra daje \u015bwiat\u0142o o mocy 2050 lm nawet w temperaturze -40\u00b0C, nawet je\u015bli nie jest w pe\u0142ni na\u0142adowana. Precyzyjnie zaprojektowana soczewka z odbiciem zapewnia prawid\u0142owy rozsy\u0142 \u015bwiat\u0142a, hartowane szk\u0142o jest odporne na zarysowania i zapobiega refleksom, Szczeg\u00f3lnie jasny i wysoki strumie\u0144 \u015bwiat\u0142a, kt\u00f3ry rozprzestrzenia si\u0119 w wymiarze 20m na odleg\u0142o\u015b\u0107 100m. Wewn\u0119trzny wzmacniacz jest odporny na wstrz\u0105sy, jego standardowa grubo\u015b\u0107 1\u2033 pasuje do wi\u0119kszo\u015bci typ\u00f3w akcesori\u00f3w, takich jak magnetyczne prze\u0142\u0105czniki i mocowania, 2-stopniowy cichy prze\u0142\u0105cznik ci\u015bnieniowy na ko\u0144cu r\u0119koje\u015bci, kt\u00f3ry jest 20 razy bardziej niezawodny ni\u017c konwencjonalne prze\u0142\u0105czniki. Najnowsza technologia pozwalaj\u0105ca na standardowy akumulator litowo-jonowy 18650 o pojemno\u015bci 10A i zapewniaj\u0105ca pe\u0142n\u0105 ochron\u0119 przed zwarciem,<\/p>\n<p>Obudowa wykonana jest z aluminium lotniczego, kt\u00f3re jest matowo powlekane, wolne od zarysowa\u0144, z dobr\u0105 przyczepno\u015bci\u0105 bez rowk\u00f3w. Os\u0142ona obiektywu wykonana jest ze stali pokrytej czarn\u0105 pow\u0142ok\u0105 tytanow\u0105, dzi\u0119ki czemu nie odbija \u015bwiat\u0142a i doskonale chroni obiektyw.<\/p>\n<p>Kontrola temperatury w czasie rzeczywistym przed przegrzaniem do +58\u00b0C oraz wska\u017anik stanu baterii.<\/p>\n<p>Ochrona przed kurzem, wod\u0105 i b\u0142otem, IP68 do g\u0142\u0119boko\u015bci 25m przez 5 godzin. Wytrzymuje upadek z 10 wysoko\u015bci.<\/p>\n<p>W zestawie smycz i stalowa klamra, \u0141adowanie za pomoc\u0105 zatrzaskowego USB, czas \u0142adowania 3 godziny. i 40 min. 18650 LI-i-Ion 3500 mAh w zestawie.<\/p>\n<p>Maksymalna d\u0142ugo\u015b\u0107 160 mm x 40 mm. Waga 185 gr. 5x ustawienia 1x przycisk.<\/p>\n<p><iframe loading=\"lazy\" title=\"Armytek Viking Pro \u2014 latarka taktyczna z szerokim wyj\u015bciem i magnetyczn\u0105 \u0142adowark\u0105\" width=\"1020\" height=\"574\" src=\"https:\/\/www.youtube.com\/embed\/JCdcv_Dzz4k?feature=oembed\" frameborder=\"0\" allow=\"accelerometer; autoplay; clipboard-write; encrypted-media; gyroscope; picture-in-picture\" allowfullscreen><\/iframe><\/p>\n<p>&nbsp;<\/p>","protected":false},"excerpt":{"rendered":"<p>Latarka Armytek Viking Pro Tactical o mocy 2050Lm w kategorii specjalnej.<\/p>","protected":false},"featured_media":15049,"template":"","meta":[],"product_brand":[8053],"product_cat":[7893],"product_tag":[],"class_list":{"0":"post-15048","1":"product","2":"type-product","3":"status-publish","4":"has-post-thumbnail","6":"product_brand-armytek","7":"product_cat-ljos","9":"first","10":"instock","11":"shipping-taxable","12":"product-type-simple"},"yoast_head":"<!-- This site is optimized with the Yoast SEO plugin v27.5 - https:\/\/yoast.com\/product\/yoast-seo-wordpress\/ -->\n<title>Armytek VIKING PRO Magnet Tactical 2050Lm 284m wide warm - B&iacute;lasmi&eth;urinn<\/title>\n<meta name=\"robots\" content=\"index, follow, max-snippet:-1, max-image-preview:large, max-video-preview:-1\" \/>\n<link rel=\"canonical\" href=\"https:\/\/bilasmidurinn.is\/pl\/vefverslun\/ljos\/armytek-viking-pro-magnet-tactical-2050lm-284m-wide-warm\/\" \/>\n<meta property=\"og:locale\" content=\"pl_PL\" \/>\n<meta property=\"og:type\" content=\"article\" \/>\n<meta property=\"og:title\" content=\"Armytek VIKING PRO Magnet Tactical 2050Lm 284m wide warm - B&iacute;lasmi&eth;urinn\" \/>\n<meta property=\"og:description\" content=\"Armytek Viking Pro Tactical\u00a0 handlj\u00f3s \u00ed 2050Lm \u00ed s\u00e9rflokki.\" \/>\n<meta property=\"og:url\" content=\"https:\/\/bilasmidurinn.is\/pl\/vefverslun\/ljos\/armytek-viking-pro-magnet-tactical-2050lm-284m-wide-warm\/\" \/>\n<meta property=\"og:site_name\" content=\"B&iacute;lasmi&eth;urinn\" \/>\n<meta property=\"article:modified_time\" content=\"2022-11-23T22:46:22+00:00\" \/>\n<meta property=\"og:image\" content=\"https:\/\/bilasmidurinn.is\/wp-content\/uploads\/2022\/11\/Viking_v3.5_Pro_Front.jpg\" \/>\n\t<meta property=\"og:image:width\" content=\"550\" \/>\n\t<meta property=\"og:image:height\" content=\"450\" \/>\n\t<meta property=\"og:image:type\" content=\"image\/jpeg\" \/>\n<meta name=\"twitter:card\" content=\"summary_large_image\" \/>\n<meta name=\"twitter:label1\" content=\"Szacowany czas czytania\" \/>\n\t<meta name=\"twitter:data1\" content=\"1 minuta\" \/>\n<script type=\"application\/ld+json\" class=\"yoast-schema-graph\">{\"@context\":\"https:\\\/\\\/schema.org\",\"@graph\":[{\"@type\":\"WebPage\",\"@id\":\"https:\\\/\\\/bilasmidurinn.is\\\/en\\\/vefverslun\\\/ljos\\\/armytek-viking-pro-magnet-tactical-2050lm-284m-wide-warm\\\/\",\"url\":\"https:\\\/\\\/bilasmidurinn.is\\\/en\\\/vefverslun\\\/ljos\\\/armytek-viking-pro-magnet-tactical-2050lm-284m-wide-warm\\\/\",\"name\":\"Armytek VIKING PRO Magnet Tactical 2050Lm 284m wide warm - B&iacute;lasmi&eth;urinn\",\"isPartOf\":{\"@id\":\"https:\\\/\\\/bilasmidurinn.is\\\/#website\"},\"primaryImageOfPage\":{\"@id\":\"https:\\\/\\\/bilasmidurinn.is\\\/en\\\/vefverslun\\\/ljos\\\/armytek-viking-pro-magnet-tactical-2050lm-284m-wide-warm\\\/#primaryimage\"},\"image\":{\"@id\":\"https:\\\/\\\/bilasmidurinn.is\\\/en\\\/vefverslun\\\/ljos\\\/armytek-viking-pro-magnet-tactical-2050lm-284m-wide-warm\\\/#primaryimage\"},\"thumbnailUrl\":\"https:\\\/\\\/bilasmidurinn.is\\\/wp-content\\\/uploads\\\/2022\\\/11\\\/Viking_v3.5_Pro_Front.jpg\",\"datePublished\":\"2022-11-23T22:45:02+00:00\",\"dateModified\":\"2022-11-23T22:46:22+00:00\",\"breadcrumb\":{\"@id\":\"https:\\\/\\\/bilasmidurinn.is\\\/en\\\/vefverslun\\\/ljos\\\/armytek-viking-pro-magnet-tactical-2050lm-284m-wide-warm\\\/#breadcrumb\"},\"inLanguage\":\"pl-PL\",\"potentialAction\":[{\"@type\":\"ReadAction\",\"target\":[\"https:\\\/\\\/bilasmidurinn.is\\\/en\\\/vefverslun\\\/ljos\\\/armytek-viking-pro-magnet-tactical-2050lm-284m-wide-warm\\\/\"]}]},{\"@type\":\"ImageObject\",\"inLanguage\":\"pl-PL\",\"@id\":\"https:\\\/\\\/bilasmidurinn.is\\\/en\\\/vefverslun\\\/ljos\\\/armytek-viking-pro-magnet-tactical-2050lm-284m-wide-warm\\\/#primaryimage\",\"url\":\"https:\\\/\\\/bilasmidurinn.is\\\/wp-content\\\/uploads\\\/2022\\\/11\\\/Viking_v3.5_Pro_Front.jpg\",\"contentUrl\":\"https:\\\/\\\/bilasmidurinn.is\\\/wp-content\\\/uploads\\\/2022\\\/11\\\/Viking_v3.5_Pro_Front.jpg\",\"width\":550,\"height\":450},{\"@type\":\"BreadcrumbList\",\"@id\":\"https:\\\/\\\/bilasmidurinn.is\\\/en\\\/vefverslun\\\/ljos\\\/armytek-viking-pro-magnet-tactical-2050lm-284m-wide-warm\\\/#breadcrumb\",\"itemListElement\":[{\"@type\":\"ListItem\",\"position\":1,\"name\":\"Home\",\"item\":\"https:\\\/\\\/bilasmidurinn.is\\\/\"},{\"@type\":\"ListItem\",\"position\":2,\"name\":\"V\u00f6rur \u00ed verslun\",\"item\":\"https:\\\/\\\/bilasmidurinn.is\\\/vefverslun\\\/\"},{\"@type\":\"ListItem\",\"position\":3,\"name\":\"Armytek VIKING PRO Magnet Tactical 2050Lm 284m wide warm\"}]},{\"@type\":\"WebSite\",\"@id\":\"https:\\\/\\\/bilasmidurinn.is\\\/#website\",\"url\":\"https:\\\/\\\/bilasmidurinn.is\\\/\",\"name\":\"B&iacute;lasmi&eth;urinn\",\"description\":\"All sem &thorn;&uacute; &thorn;arft &iacute; t&aelig;ki&eth;\",\"potentialAction\":[{\"@type\":\"SearchAction\",\"target\":{\"@type\":\"EntryPoint\",\"urlTemplate\":\"https:\\\/\\\/bilasmidurinn.is\\\/?s={search_term_string}\"},\"query-input\":{\"@type\":\"PropertyValueSpecification\",\"valueRequired\":true,\"valueName\":\"search_term_string\"}}],\"inLanguage\":\"pl-PL\"}]}<\/script>\n<!-- \/ Yoast SEO plugin. -->","yoast_head_json":{"title":"Armytek VIKING PRO Magnet Tactical 2050Lm 284m wide warm - B&iacute;lasmi&eth;urinn","robots":{"index":"index","follow":"follow","max-snippet":"max-snippet:-1","max-image-preview":"max-image-preview:large","max-video-preview":"max-video-preview:-1"},"canonical":"https:\/\/bilasmidurinn.is\/pl\/vefverslun\/ljos\/armytek-viking-pro-magnet-tactical-2050lm-284m-wide-warm\/","og_locale":"pl_PL","og_type":"article","og_title":"Armytek VIKING PRO Magnet Tactical 2050Lm 284m wide warm - B&iacute;lasmi&eth;urinn","og_description":"Armytek Viking Pro Tactical\u00a0 handlj\u00f3s \u00ed 2050Lm \u00ed s\u00e9rflokki.","og_url":"https:\/\/bilasmidurinn.is\/pl\/vefverslun\/ljos\/armytek-viking-pro-magnet-tactical-2050lm-284m-wide-warm\/","og_site_name":"B&iacute;lasmi&eth;urinn","article_modified_time":"2022-11-23T22:46:22+00:00","og_image":[{"width":550,"height":450,"url":"https:\/\/bilasmidurinn.is\/wp-content\/uploads\/2022\/11\/Viking_v3.5_Pro_Front.jpg","type":"image\/jpeg"}],"twitter_card":"summary_large_image","twitter_misc":{"Szacowany czas czytania":"1 minuta"},"schema":{"@context":"https:\/\/schema.org","@graph":[{"@type":"WebPage","@id":"https:\/\/bilasmidurinn.is\/en\/vefverslun\/ljos\/armytek-viking-pro-magnet-tactical-2050lm-284m-wide-warm\/","url":"https:\/\/bilasmidurinn.is\/en\/vefverslun\/ljos\/armytek-viking-pro-magnet-tactical-2050lm-284m-wide-warm\/","name":"Armytek VIKING PRO Magnet Tactical 2050Lm 284m wide warm - B&iacute;lasmi&eth;urinn","isPartOf":{"@id":"https:\/\/bilasmidurinn.is\/#website"},"primaryImageOfPage":{"@id":"https:\/\/bilasmidurinn.is\/en\/vefverslun\/ljos\/armytek-viking-pro-magnet-tactical-2050lm-284m-wide-warm\/#primaryimage"},"image":{"@id":"https:\/\/bilasmidurinn.is\/en\/vefverslun\/ljos\/armytek-viking-pro-magnet-tactical-2050lm-284m-wide-warm\/#primaryimage"},"thumbnailUrl":"https:\/\/bilasmidurinn.is\/wp-content\/uploads\/2022\/11\/Viking_v3.5_Pro_Front.jpg","datePublished":"2022-11-23T22:45:02+00:00","dateModified":"2022-11-23T22:46:22+00:00","breadcrumb":{"@id":"https:\/\/bilasmidurinn.is\/en\/vefverslun\/ljos\/armytek-viking-pro-magnet-tactical-2050lm-284m-wide-warm\/#breadcrumb"},"inLanguage":"pl-PL","potentialAction":[{"@type":"ReadAction","target":["https:\/\/bilasmidurinn.is\/en\/vefverslun\/ljos\/armytek-viking-pro-magnet-tactical-2050lm-284m-wide-warm\/"]}]},{"@type":"ImageObject","inLanguage":"pl-PL","@id":"https:\/\/bilasmidurinn.is\/en\/vefverslun\/ljos\/armytek-viking-pro-magnet-tactical-2050lm-284m-wide-warm\/#primaryimage","url":"https:\/\/bilasmidurinn.is\/wp-content\/uploads\/2022\/11\/Viking_v3.5_Pro_Front.jpg","contentUrl":"https:\/\/bilasmidurinn.is\/wp-content\/uploads\/2022\/11\/Viking_v3.5_Pro_Front.jpg","width":550,"height":450},{"@type":"BreadcrumbList","@id":"https:\/\/bilasmidurinn.is\/en\/vefverslun\/ljos\/armytek-viking-pro-magnet-tactical-2050lm-284m-wide-warm\/#breadcrumb","itemListElement":[{"@type":"ListItem","position":1,"name":"Home","item":"https:\/\/bilasmidurinn.is\/"},{"@type":"ListItem","position":2,"name":"V\u00f6rur \u00ed verslun","item":"https:\/\/bilasmidurinn.is\/vefverslun\/"},{"@type":"ListItem","position":3,"name":"Armytek VIKING PRO Magnet Tactical 2050Lm 284m wide warm"}]},{"@type":"WebSite","@id":"https:\/\/bilasmidurinn.is\/#website","url":"https:\/\/bilasmidurinn.is\/","name":"B&iacute;lasmi&eth;urinn","description":"All sem &thorn;&uacute; &thorn;arft &iacute; t&aelig;ki&eth;","potentialAction":[{"@type":"SearchAction","target":{"@type":"EntryPoint","urlTemplate":"https:\/\/bilasmidurinn.is\/?s={search_term_string}"},"query-input":{"@type":"PropertyValueSpecification","valueRequired":true,"valueName":"search_term_string"}}],"inLanguage":"pl-PL"}]}},"_links":{"self":[{"href":"https:\/\/bilasmidurinn.is\/pl\/wp-json\/wp\/v2\/product\/15048","targetHints":{"allow":["GET"]}}],"collection":[{"href":"https:\/\/bilasmidurinn.is\/pl\/wp-json\/wp\/v2\/product"}],"about":[{"href":"https:\/\/bilasmidurinn.is\/pl\/wp-json\/wp\/v2\/types\/product"}],"wp:featuredmedia":[{"embeddable":true,"href":"https:\/\/bilasmidurinn.is\/pl\/wp-json\/wp\/v2\/media\/15049"}],"wp:attachment":[{"href":"https:\/\/bilasmidurinn.is\/pl\/wp-json\/wp\/v2\/media?parent=15048"}],"wp:term":[{"taxonomy":"product_brand","embeddable":true,"href":"https:\/\/bilasmidurinn.is\/pl\/wp-json\/wp\/v2\/product_brand?post=15048"},{"taxonomy":"product_cat","embeddable":true,"href":"https:\/\/bilasmidurinn.is\/pl\/wp-json\/wp\/v2\/product_cat?post=15048"},{"taxonomy":"product_tag","embeddable":true,"href":"https:\/\/bilasmidurinn.is\/pl\/wp-json\/wp\/v2\/product_tag?post=15048"}],"curies":[{"name":"wp","href":"https:\/\/api.w.org\/{rel}","templated":true}]}}