{"id":15033,"date":"2022-11-23T22:11:55","date_gmt":"2022-11-23T22:11:55","guid":{"rendered":"https:\/\/bilasmidurinn.is\/?post_type=product&#038;p=15033"},"modified":"2022-11-23T22:11:56","modified_gmt":"2022-11-23T22:11:56","slug":"armytek-cristal-yellow-white-red-150-30lm","status":"publish","type":"product","link":"https:\/\/bilasmidurinn.is\/pl\/vefverslun\/ljos\/armytek-cristal-yellow-white-red-150-30lm\/","title":{"rendered":"Armytek Cristal \u017b\u00f3\u0142ty Bia\u0142o\/Czerwony 150\/30Lm"},"content":{"rendered":"<p>Uniwersalna latarka czo\u0142owa Cristal Armytek ze \u015bwiat\u0142em czerwonym i bia\u0142ym, odpowiednia r\u00f3wnie\u017c do breloczk\u00f3w do kluczy lub smyczy dla ps\u00f3w. Lekka i wyj\u0105tkowo przeno\u015bna, zapewnia du\u017ce, szerokie bia\u0142e \u015bwiat\u0142o, 3 intensywno\u015bci \u015bwiat\u0142a i czerwone, wbudowane tryby migania.<\/p>\n<p>Bateria 600 mAh z portem \u0142adowania micro USB. W zestawie elastyczne k\u00f3\u0142ka umo\u017cliwiaj\u0105ce przyczepienie np. do opaski na g\u0142ow\u0119 lub roweru.<\/p>\n<p>4x wi\u0119cej \u015bwiat\u0142a ni\u017c konwencjonalne \u017car\u00f3wki. Wi\u0105zka \u015bwiat\u0142a sygnalizuj\u0105ca \u0142adowanie<\/p>\n<p>IP67 py\u0142oszczelno\u015b\u0107 i wodoodporno\u015b\u0107 do 1 metra przez 30 minut,<\/p>\n<p>5 ustawie\u0144 \u2013 1 przycisk!<\/p>\n<p><iframe loading=\"lazy\" title=\"Armytek Crystal \u2014 kompaktowa multi latarka 5 w 1 z dodatkowym czerwonym \u015bwiat\u0142em\" width=\"1020\" height=\"574\" src=\"https:\/\/www.youtube.com\/embed\/2BdAlclolY0?feature=oembed\" frameborder=\"0\" allow=\"accelerometer; autoplay; clipboard-write; encrypted-media; gyroscope; picture-in-picture\" allowfullscreen><\/iframe><\/p>","protected":false},"excerpt":{"rendered":"<p>Armytek Cristal Bia\u0142y \u017b\u00f3\u0142ty Czerwony i Bia\u0142y 5 tryb\u00f3w<\/p>","protected":false},"featured_media":15035,"template":"","meta":[],"product_brand":[8053],"product_cat":[7893],"product_tag":[],"class_list":{"0":"post-15033","1":"product","2":"type-product","3":"status-publish","4":"has-post-thumbnail","6":"product_brand-armytek","7":"product_cat-ljos","9":"first","10":"instock","11":"shipping-taxable","12":"product-type-simple"},"yoast_head":"<!-- This site is optimized with the Yoast SEO plugin v27.4 - https:\/\/yoast.com\/product\/yoast-seo-wordpress\/ -->\n<title>Armytek Cristal Yellow White\/Red 150\/30Lm - B&iacute;lasmi&eth;urinn<\/title>\n<meta name=\"robots\" content=\"index, follow, max-snippet:-1, max-image-preview:large, max-video-preview:-1\" \/>\n<link rel=\"canonical\" href=\"https:\/\/bilasmidurinn.is\/pl\/vefverslun\/ljos\/armytek-cristal-yellow-white-red-150-30lm\/\" \/>\n<meta property=\"og:locale\" content=\"pl_PL\" \/>\n<meta property=\"og:type\" content=\"article\" \/>\n<meta property=\"og:title\" content=\"Armytek Cristal Yellow White\/Red 150\/30Lm - B&iacute;lasmi&eth;urinn\" \/>\n<meta property=\"og:description\" content=\"Armytek Cristal White Yellow\u00a0 Rautt og hv\u00edtt 5 stillingar\" \/>\n<meta property=\"og:url\" content=\"https:\/\/bilasmidurinn.is\/pl\/vefverslun\/ljos\/armytek-cristal-yellow-white-red-150-30lm\/\" \/>\n<meta property=\"og:site_name\" content=\"B&iacute;lasmi&eth;urinn\" \/>\n<meta property=\"article:modified_time\" content=\"2022-11-23T22:11:56+00:00\" \/>\n<meta property=\"og:image\" content=\"https:\/\/bilasmidurinn.is\/wp-content\/uploads\/2022\/11\/Crystal.png\" \/>\n\t<meta property=\"og:image:width\" content=\"371\" \/>\n\t<meta property=\"og:image:height\" content=\"374\" \/>\n\t<meta property=\"og:image:type\" content=\"image\/png\" \/>\n<meta name=\"twitter:card\" content=\"summary_large_image\" \/>\n<meta name=\"twitter:label1\" content=\"Szacowany czas czytania\" \/>\n\t<meta name=\"twitter:data1\" content=\"1 minuta\" \/>\n<script type=\"application\/ld+json\" class=\"yoast-schema-graph\">{\"@context\":\"https:\\\/\\\/schema.org\",\"@graph\":[{\"@type\":\"WebPage\",\"@id\":\"https:\\\/\\\/bilasmidurinn.is\\\/en\\\/vefverslun\\\/ljos\\\/armytek-cristal-yellow-white-red-150-30lm\\\/\",\"url\":\"https:\\\/\\\/bilasmidurinn.is\\\/en\\\/vefverslun\\\/ljos\\\/armytek-cristal-yellow-white-red-150-30lm\\\/\",\"name\":\"Armytek Cristal Yellow White\\\/Red 150\\\/30Lm - B&iacute;lasmi&eth;urinn\",\"isPartOf\":{\"@id\":\"https:\\\/\\\/bilasmidurinn.is\\\/#website\"},\"primaryImageOfPage\":{\"@id\":\"https:\\\/\\\/bilasmidurinn.is\\\/en\\\/vefverslun\\\/ljos\\\/armytek-cristal-yellow-white-red-150-30lm\\\/#primaryimage\"},\"image\":{\"@id\":\"https:\\\/\\\/bilasmidurinn.is\\\/en\\\/vefverslun\\\/ljos\\\/armytek-cristal-yellow-white-red-150-30lm\\\/#primaryimage\"},\"thumbnailUrl\":\"https:\\\/\\\/bilasmidurinn.is\\\/wp-content\\\/uploads\\\/2022\\\/11\\\/Crystal.png\",\"datePublished\":\"2022-11-23T22:11:55+00:00\",\"dateModified\":\"2022-11-23T22:11:56+00:00\",\"breadcrumb\":{\"@id\":\"https:\\\/\\\/bilasmidurinn.is\\\/en\\\/vefverslun\\\/ljos\\\/armytek-cristal-yellow-white-red-150-30lm\\\/#breadcrumb\"},\"inLanguage\":\"pl-PL\",\"potentialAction\":[{\"@type\":\"ReadAction\",\"target\":[\"https:\\\/\\\/bilasmidurinn.is\\\/en\\\/vefverslun\\\/ljos\\\/armytek-cristal-yellow-white-red-150-30lm\\\/\"]}]},{\"@type\":\"ImageObject\",\"inLanguage\":\"pl-PL\",\"@id\":\"https:\\\/\\\/bilasmidurinn.is\\\/en\\\/vefverslun\\\/ljos\\\/armytek-cristal-yellow-white-red-150-30lm\\\/#primaryimage\",\"url\":\"https:\\\/\\\/bilasmidurinn.is\\\/wp-content\\\/uploads\\\/2022\\\/11\\\/Crystal.png\",\"contentUrl\":\"https:\\\/\\\/bilasmidurinn.is\\\/wp-content\\\/uploads\\\/2022\\\/11\\\/Crystal.png\",\"width\":371,\"height\":374},{\"@type\":\"BreadcrumbList\",\"@id\":\"https:\\\/\\\/bilasmidurinn.is\\\/en\\\/vefverslun\\\/ljos\\\/armytek-cristal-yellow-white-red-150-30lm\\\/#breadcrumb\",\"itemListElement\":[{\"@type\":\"ListItem\",\"position\":1,\"name\":\"Home\",\"item\":\"https:\\\/\\\/bilasmidurinn.is\\\/\"},{\"@type\":\"ListItem\",\"position\":2,\"name\":\"V\u00f6rur \u00ed verslun\",\"item\":\"https:\\\/\\\/bilasmidurinn.is\\\/vefverslun\\\/\"},{\"@type\":\"ListItem\",\"position\":3,\"name\":\"Armytek Cristal Yellow White\\\/Red 150\\\/30Lm\"}]},{\"@type\":\"WebSite\",\"@id\":\"https:\\\/\\\/bilasmidurinn.is\\\/#website\",\"url\":\"https:\\\/\\\/bilasmidurinn.is\\\/\",\"name\":\"B&iacute;lasmi&eth;urinn\",\"description\":\"All sem &thorn;&uacute; &thorn;arft &iacute; t&aelig;ki&eth;\",\"potentialAction\":[{\"@type\":\"SearchAction\",\"target\":{\"@type\":\"EntryPoint\",\"urlTemplate\":\"https:\\\/\\\/bilasmidurinn.is\\\/?s={search_term_string}\"},\"query-input\":{\"@type\":\"PropertyValueSpecification\",\"valueRequired\":true,\"valueName\":\"search_term_string\"}}],\"inLanguage\":\"pl-PL\"}]}<\/script>\n<!-- \/ Yoast SEO plugin. -->","yoast_head_json":{"title":"Armytek Cristal Yellow White\/Red 150\/30Lm - B&iacute;lasmi&eth;urinn","robots":{"index":"index","follow":"follow","max-snippet":"max-snippet:-1","max-image-preview":"max-image-preview:large","max-video-preview":"max-video-preview:-1"},"canonical":"https:\/\/bilasmidurinn.is\/pl\/vefverslun\/ljos\/armytek-cristal-yellow-white-red-150-30lm\/","og_locale":"pl_PL","og_type":"article","og_title":"Armytek Cristal Yellow White\/Red 150\/30Lm - B&iacute;lasmi&eth;urinn","og_description":"Armytek Cristal White Yellow\u00a0 Rautt og hv\u00edtt 5 stillingar","og_url":"https:\/\/bilasmidurinn.is\/pl\/vefverslun\/ljos\/armytek-cristal-yellow-white-red-150-30lm\/","og_site_name":"B&iacute;lasmi&eth;urinn","article_modified_time":"2022-11-23T22:11:56+00:00","og_image":[{"width":371,"height":374,"url":"https:\/\/bilasmidurinn.is\/wp-content\/uploads\/2022\/11\/Crystal.png","type":"image\/png"}],"twitter_card":"summary_large_image","twitter_misc":{"Szacowany czas czytania":"1 minuta"},"schema":{"@context":"https:\/\/schema.org","@graph":[{"@type":"WebPage","@id":"https:\/\/bilasmidurinn.is\/en\/vefverslun\/ljos\/armytek-cristal-yellow-white-red-150-30lm\/","url":"https:\/\/bilasmidurinn.is\/en\/vefverslun\/ljos\/armytek-cristal-yellow-white-red-150-30lm\/","name":"Armytek Cristal Yellow White\/Red 150\/30Lm - B&iacute;lasmi&eth;urinn","isPartOf":{"@id":"https:\/\/bilasmidurinn.is\/#website"},"primaryImageOfPage":{"@id":"https:\/\/bilasmidurinn.is\/en\/vefverslun\/ljos\/armytek-cristal-yellow-white-red-150-30lm\/#primaryimage"},"image":{"@id":"https:\/\/bilasmidurinn.is\/en\/vefverslun\/ljos\/armytek-cristal-yellow-white-red-150-30lm\/#primaryimage"},"thumbnailUrl":"https:\/\/bilasmidurinn.is\/wp-content\/uploads\/2022\/11\/Crystal.png","datePublished":"2022-11-23T22:11:55+00:00","dateModified":"2022-11-23T22:11:56+00:00","breadcrumb":{"@id":"https:\/\/bilasmidurinn.is\/en\/vefverslun\/ljos\/armytek-cristal-yellow-white-red-150-30lm\/#breadcrumb"},"inLanguage":"pl-PL","potentialAction":[{"@type":"ReadAction","target":["https:\/\/bilasmidurinn.is\/en\/vefverslun\/ljos\/armytek-cristal-yellow-white-red-150-30lm\/"]}]},{"@type":"ImageObject","inLanguage":"pl-PL","@id":"https:\/\/bilasmidurinn.is\/en\/vefverslun\/ljos\/armytek-cristal-yellow-white-red-150-30lm\/#primaryimage","url":"https:\/\/bilasmidurinn.is\/wp-content\/uploads\/2022\/11\/Crystal.png","contentUrl":"https:\/\/bilasmidurinn.is\/wp-content\/uploads\/2022\/11\/Crystal.png","width":371,"height":374},{"@type":"BreadcrumbList","@id":"https:\/\/bilasmidurinn.is\/en\/vefverslun\/ljos\/armytek-cristal-yellow-white-red-150-30lm\/#breadcrumb","itemListElement":[{"@type":"ListItem","position":1,"name":"Home","item":"https:\/\/bilasmidurinn.is\/"},{"@type":"ListItem","position":2,"name":"V\u00f6rur \u00ed verslun","item":"https:\/\/bilasmidurinn.is\/vefverslun\/"},{"@type":"ListItem","position":3,"name":"Armytek Cristal Yellow White\/Red 150\/30Lm"}]},{"@type":"WebSite","@id":"https:\/\/bilasmidurinn.is\/#website","url":"https:\/\/bilasmidurinn.is\/","name":"B&iacute;lasmi&eth;urinn","description":"All sem &thorn;&uacute; &thorn;arft &iacute; t&aelig;ki&eth;","potentialAction":[{"@type":"SearchAction","target":{"@type":"EntryPoint","urlTemplate":"https:\/\/bilasmidurinn.is\/?s={search_term_string}"},"query-input":{"@type":"PropertyValueSpecification","valueRequired":true,"valueName":"search_term_string"}}],"inLanguage":"pl-PL"}]}},"_links":{"self":[{"href":"https:\/\/bilasmidurinn.is\/pl\/wp-json\/wp\/v2\/product\/15033","targetHints":{"allow":["GET"]}}],"collection":[{"href":"https:\/\/bilasmidurinn.is\/pl\/wp-json\/wp\/v2\/product"}],"about":[{"href":"https:\/\/bilasmidurinn.is\/pl\/wp-json\/wp\/v2\/types\/product"}],"wp:featuredmedia":[{"embeddable":true,"href":"https:\/\/bilasmidurinn.is\/pl\/wp-json\/wp\/v2\/media\/15035"}],"wp:attachment":[{"href":"https:\/\/bilasmidurinn.is\/pl\/wp-json\/wp\/v2\/media?parent=15033"}],"wp:term":[{"taxonomy":"product_brand","embeddable":true,"href":"https:\/\/bilasmidurinn.is\/pl\/wp-json\/wp\/v2\/product_brand?post=15033"},{"taxonomy":"product_cat","embeddable":true,"href":"https:\/\/bilasmidurinn.is\/pl\/wp-json\/wp\/v2\/product_cat?post=15033"},{"taxonomy":"product_tag","embeddable":true,"href":"https:\/\/bilasmidurinn.is\/pl\/wp-json\/wp\/v2\/product_tag?post=15033"}],"curies":[{"name":"wp","href":"https:\/\/api.w.org\/{rel}","templated":true}]}}