{"id":15016,"date":"2022-11-23T21:39:32","date_gmt":"2022-11-23T21:39:32","guid":{"rendered":"https:\/\/bilasmidurinn.is\/?post_type=product&#038;p=15016"},"modified":"2022-11-23T21:39:32","modified_gmt":"2022-11-23T21:39:32","slug":"armytek-wizard-c2-pro-nicia-1600lm-113m","status":"publish","type":"product","link":"https:\/\/bilasmidurinn.is\/pl\/vefverslun\/ljos\/armytek-wizard-c2-pro-nicia-1600lm-113m\/","title":{"rendered":"Armytek Wizard C2 Pro NICIA 1600Lm 113m"},"content":{"rendered":"<p>LED Amytek Wizard C2 Pro <strong>NIKA<\/strong> \u015awiat\u0142o r\u0119czne 1600Lm. Zasi\u0119g 113 m \u201e3 w 1\u201d Ciep\u0142a, PRO, dzi\u0119ki swoim unikalnym w\u0142a\u015bciwo\u015bciom utrzymuje pe\u0142n\u0105 intensywno\u015b\u0107 \u015bwiat\u0142a przy niskiej temperaturze i niskim stanie baterii. PRO Multicolor daj\u0105ce temperatur\u0119 \u015bwiat\u0142a 4500K najbardziej zbli\u017con\u0105 do naturalnego \u015bwiat\u0142a s\u0142onecznego.<\/p>\n<p>Wielozadaniowy wodoodporny i lekki wykonany z aluminium lotniczego, dobrze mie\u015bci si\u0119 np. w kieszeni lub na breloczku do kluczy.Pasuje r\u00f3wnie\u017c do he\u0142m\u00f3w roboczych z mocowaniem AHM02.<\/p>\n<p>Wizard Pro ma wielostopniow\u0105 regulacj\u0119 nat\u0119\u017cenia \u015bwiat\u0142a 4x, a tak\u017ce ustawienia lampy b\u0142yskowej, kt\u00f3re mog\u0105 dzia\u0142a\u0107 do 200 dni po na\u0142adowaniu. Szeroka wi\u0105zka zapewnia r\u00f3wnomierny i wysoki strumie\u0144 \u015bwiat\u0142a. Soczewka TIR jest wyposa\u017cona w szk\u0142o hartowane, kt\u00f3re chroni j\u0105 przed zarysowaniami i refleksami.<\/p>\n<p>Wyposa\u017cony w najnowsz\u0105 technologi\u0119 \u0142adowania akumulatora 18650 Li-ion, kt\u00f3ra zabezpiecza go przed zwarciem wraz z kontrol\u0105 temperatury w czasie rzeczywistym i niskim stanem akumulatora.<\/p>\n<p>Pe\u0142na ochrona przed wod\u0105, b\u0142otem i py\u0142em, wytrzymuje g\u0142\u0119boko\u015b\u0107 do 10m.<\/p>\n<p>Do mocowania zatrzaskowego do\u0142\u0105czona jest opaska na g\u0142ow\u0119, a tak\u017ce mocowanie, kt\u00f3re mo\u017cna umie\u015bci\u0107 na rowerze lub d\u0119tce.<\/p>\n<p>\u0141adowanie odbywa si\u0119 za pomoc\u0105 kabla USB pod\u0142\u0105czonego za pomoc\u0105 wodoodpornego klipsa magnetycznego do samej latarki, czas \u0142adowania wynosi 3 godziny i 40 minut.<\/p>\n<p>Rozmiar 112 x 33 mm, waga 115 gr. IP68.<\/p>\n<p>10 lat gwarancji<\/p>\n<p><iframe loading=\"lazy\" title=\"Armytek Wizard C2 Pro Nichia \u2014 latarka z CRI 90+ zapewniaj\u0105ca naturalne odwzorowanie kolor\u00f3w\" width=\"1020\" height=\"574\" src=\"https:\/\/www.youtube.com\/embed\/8H3KAmyc8JI?feature=oembed\" frameborder=\"0\" allow=\"accelerometer; autoplay; clipboard-write; encrypted-media; gyroscope; picture-in-picture\" allowfullscreen><\/iframe><\/p>","protected":false},"excerpt":{"rendered":"<p>Czarodziej Armytek Pro <strong><span style=\"color: #993366;\">NIKA<\/span><\/strong><span style=\"color: #993366;\"><span style=\"color: #000000;\"> Magnes USB o mocy 1600 mb i d\u0142ugo\u015bci 113 m<\/span><\/span><\/p>","protected":false},"featured_media":15000,"template":"","meta":[],"product_brand":[8034],"product_cat":[7893],"product_tag":[],"class_list":{"0":"post-15016","1":"product","2":"type-product","3":"status-publish","4":"has-post-thumbnail","6":"product_brand-allsafe","7":"product_cat-ljos","9":"first","10":"instock","11":"shipping-taxable","12":"product-type-simple"},"yoast_head":"<!-- This site is optimized with the Yoast SEO plugin v27.5 - https:\/\/yoast.com\/product\/yoast-seo-wordpress\/ -->\n<title>Armytek Wizard C2 Pro NICIA 1600Lm 113m - B&iacute;lasmi&eth;urinn<\/title>\n<meta name=\"robots\" content=\"index, follow, max-snippet:-1, max-image-preview:large, max-video-preview:-1\" \/>\n<link rel=\"canonical\" href=\"http:\/\/bilasmidurinn.is\/pl\/vefverslun\/ljos\/armytek-wizard-c2-pro-nicia-1600lm-113m\/\" \/>\n<meta property=\"og:locale\" content=\"pl_PL\" \/>\n<meta property=\"og:type\" content=\"article\" \/>\n<meta property=\"og:title\" content=\"Armytek Wizard C2 Pro NICIA 1600Lm 113m - B&iacute;lasmi&eth;urinn\" \/>\n<meta property=\"og:description\" content=\"Wizard Armytek Pro NICIA 1600Lm 113m USB magnet\" \/>\n<meta property=\"og:url\" content=\"http:\/\/bilasmidurinn.is\/pl\/vefverslun\/ljos\/armytek-wizard-c2-pro-nicia-1600lm-113m\/\" \/>\n<meta property=\"og:site_name\" content=\"B&iacute;lasmi&eth;urinn\" \/>\n<meta property=\"og:image\" content=\"https:\/\/bilasmidurinn.is\/wp-content\/uploads\/2022\/11\/Magnet-USB02_white.jpg\" \/>\n\t<meta property=\"og:image:width\" content=\"979\" \/>\n\t<meta property=\"og:image:height\" content=\"801\" \/>\n\t<meta property=\"og:image:type\" content=\"image\/jpeg\" \/>\n<meta name=\"twitter:card\" content=\"summary_large_image\" \/>\n<meta name=\"twitter:label1\" content=\"Szacowany czas czytania\" \/>\n\t<meta name=\"twitter:data1\" content=\"1 minuta\" \/>\n<script type=\"application\/ld+json\" class=\"yoast-schema-graph\">{\"@context\":\"https:\\\/\\\/schema.org\",\"@graph\":[{\"@type\":\"WebPage\",\"@id\":\"http:\\\/\\\/bilasmidurinn.is\\\/pl\\\/vefverslun\\\/ljos\\\/armytek-wizard-c2-pro-nicia-1600lm-113m\\\/\",\"url\":\"http:\\\/\\\/bilasmidurinn.is\\\/pl\\\/vefverslun\\\/ljos\\\/armytek-wizard-c2-pro-nicia-1600lm-113m\\\/\",\"name\":\"Armytek Wizard C2 Pro NICIA 1600Lm 113m - B&iacute;lasmi&eth;urinn\",\"isPartOf\":{\"@id\":\"https:\\\/\\\/bilasmidurinn.is\\\/#website\"},\"primaryImageOfPage\":{\"@id\":\"http:\\\/\\\/bilasmidurinn.is\\\/pl\\\/vefverslun\\\/ljos\\\/armytek-wizard-c2-pro-nicia-1600lm-113m\\\/#primaryimage\"},\"image\":{\"@id\":\"http:\\\/\\\/bilasmidurinn.is\\\/pl\\\/vefverslun\\\/ljos\\\/armytek-wizard-c2-pro-nicia-1600lm-113m\\\/#primaryimage\"},\"thumbnailUrl\":\"https:\\\/\\\/bilasmidurinn.is\\\/wp-content\\\/uploads\\\/2022\\\/11\\\/Magnet-USB02_white.jpg\",\"datePublished\":\"2022-11-23T21:39:32+00:00\",\"breadcrumb\":{\"@id\":\"http:\\\/\\\/bilasmidurinn.is\\\/pl\\\/vefverslun\\\/ljos\\\/armytek-wizard-c2-pro-nicia-1600lm-113m\\\/#breadcrumb\"},\"inLanguage\":\"pl-PL\",\"potentialAction\":[{\"@type\":\"ReadAction\",\"target\":[\"http:\\\/\\\/bilasmidurinn.is\\\/pl\\\/vefverslun\\\/ljos\\\/armytek-wizard-c2-pro-nicia-1600lm-113m\\\/\"]}]},{\"@type\":\"ImageObject\",\"inLanguage\":\"pl-PL\",\"@id\":\"http:\\\/\\\/bilasmidurinn.is\\\/pl\\\/vefverslun\\\/ljos\\\/armytek-wizard-c2-pro-nicia-1600lm-113m\\\/#primaryimage\",\"url\":\"https:\\\/\\\/bilasmidurinn.is\\\/wp-content\\\/uploads\\\/2022\\\/11\\\/Magnet-USB02_white.jpg\",\"contentUrl\":\"https:\\\/\\\/bilasmidurinn.is\\\/wp-content\\\/uploads\\\/2022\\\/11\\\/Magnet-USB02_white.jpg\",\"width\":979,\"height\":801},{\"@type\":\"BreadcrumbList\",\"@id\":\"http:\\\/\\\/bilasmidurinn.is\\\/pl\\\/vefverslun\\\/ljos\\\/armytek-wizard-c2-pro-nicia-1600lm-113m\\\/#breadcrumb\",\"itemListElement\":[{\"@type\":\"ListItem\",\"position\":1,\"name\":\"Home\",\"item\":\"https:\\\/\\\/bilasmidurinn.is\\\/\"},{\"@type\":\"ListItem\",\"position\":2,\"name\":\"V\u00f6rur \u00ed verslun\",\"item\":\"https:\\\/\\\/bilasmidurinn.is\\\/vefverslun\\\/\"},{\"@type\":\"ListItem\",\"position\":3,\"name\":\"Armytek Wizard C2 Pro NICIA 1600Lm 113m\"}]},{\"@type\":\"WebSite\",\"@id\":\"https:\\\/\\\/bilasmidurinn.is\\\/#website\",\"url\":\"https:\\\/\\\/bilasmidurinn.is\\\/\",\"name\":\"B&iacute;lasmi&eth;urinn\",\"description\":\"All sem &thorn;&uacute; &thorn;arft &iacute; t&aelig;ki&eth;\",\"potentialAction\":[{\"@type\":\"SearchAction\",\"target\":{\"@type\":\"EntryPoint\",\"urlTemplate\":\"https:\\\/\\\/bilasmidurinn.is\\\/?s={search_term_string}\"},\"query-input\":{\"@type\":\"PropertyValueSpecification\",\"valueRequired\":true,\"valueName\":\"search_term_string\"}}],\"inLanguage\":\"pl-PL\"}]}<\/script>\n<!-- \/ Yoast SEO plugin. -->","yoast_head_json":{"title":"Armytek Wizard C2 Pro NICIA 1600Lm 113m - B&iacute;lasmi&eth;urinn","robots":{"index":"index","follow":"follow","max-snippet":"max-snippet:-1","max-image-preview":"max-image-preview:large","max-video-preview":"max-video-preview:-1"},"canonical":"http:\/\/bilasmidurinn.is\/pl\/vefverslun\/ljos\/armytek-wizard-c2-pro-nicia-1600lm-113m\/","og_locale":"pl_PL","og_type":"article","og_title":"Armytek Wizard C2 Pro NICIA 1600Lm 113m - B&iacute;lasmi&eth;urinn","og_description":"Wizard Armytek Pro NICIA 1600Lm 113m USB magnet","og_url":"http:\/\/bilasmidurinn.is\/pl\/vefverslun\/ljos\/armytek-wizard-c2-pro-nicia-1600lm-113m\/","og_site_name":"B&iacute;lasmi&eth;urinn","og_image":[{"width":979,"height":801,"url":"https:\/\/bilasmidurinn.is\/wp-content\/uploads\/2022\/11\/Magnet-USB02_white.jpg","type":"image\/jpeg"}],"twitter_card":"summary_large_image","twitter_misc":{"Szacowany czas czytania":"1 minuta"},"schema":{"@context":"https:\/\/schema.org","@graph":[{"@type":"WebPage","@id":"http:\/\/bilasmidurinn.is\/pl\/vefverslun\/ljos\/armytek-wizard-c2-pro-nicia-1600lm-113m\/","url":"http:\/\/bilasmidurinn.is\/pl\/vefverslun\/ljos\/armytek-wizard-c2-pro-nicia-1600lm-113m\/","name":"Armytek Wizard C2 Pro NICIA 1600Lm 113m - B&iacute;lasmi&eth;urinn","isPartOf":{"@id":"https:\/\/bilasmidurinn.is\/#website"},"primaryImageOfPage":{"@id":"http:\/\/bilasmidurinn.is\/pl\/vefverslun\/ljos\/armytek-wizard-c2-pro-nicia-1600lm-113m\/#primaryimage"},"image":{"@id":"http:\/\/bilasmidurinn.is\/pl\/vefverslun\/ljos\/armytek-wizard-c2-pro-nicia-1600lm-113m\/#primaryimage"},"thumbnailUrl":"https:\/\/bilasmidurinn.is\/wp-content\/uploads\/2022\/11\/Magnet-USB02_white.jpg","datePublished":"2022-11-23T21:39:32+00:00","breadcrumb":{"@id":"http:\/\/bilasmidurinn.is\/pl\/vefverslun\/ljos\/armytek-wizard-c2-pro-nicia-1600lm-113m\/#breadcrumb"},"inLanguage":"pl-PL","potentialAction":[{"@type":"ReadAction","target":["http:\/\/bilasmidurinn.is\/pl\/vefverslun\/ljos\/armytek-wizard-c2-pro-nicia-1600lm-113m\/"]}]},{"@type":"ImageObject","inLanguage":"pl-PL","@id":"http:\/\/bilasmidurinn.is\/pl\/vefverslun\/ljos\/armytek-wizard-c2-pro-nicia-1600lm-113m\/#primaryimage","url":"https:\/\/bilasmidurinn.is\/wp-content\/uploads\/2022\/11\/Magnet-USB02_white.jpg","contentUrl":"https:\/\/bilasmidurinn.is\/wp-content\/uploads\/2022\/11\/Magnet-USB02_white.jpg","width":979,"height":801},{"@type":"BreadcrumbList","@id":"http:\/\/bilasmidurinn.is\/pl\/vefverslun\/ljos\/armytek-wizard-c2-pro-nicia-1600lm-113m\/#breadcrumb","itemListElement":[{"@type":"ListItem","position":1,"name":"Home","item":"https:\/\/bilasmidurinn.is\/"},{"@type":"ListItem","position":2,"name":"V\u00f6rur \u00ed verslun","item":"https:\/\/bilasmidurinn.is\/vefverslun\/"},{"@type":"ListItem","position":3,"name":"Armytek Wizard C2 Pro NICIA 1600Lm 113m"}]},{"@type":"WebSite","@id":"https:\/\/bilasmidurinn.is\/#website","url":"https:\/\/bilasmidurinn.is\/","name":"B&iacute;lasmi&eth;urinn","description":"All sem &thorn;&uacute; &thorn;arft &iacute; t&aelig;ki&eth;","potentialAction":[{"@type":"SearchAction","target":{"@type":"EntryPoint","urlTemplate":"https:\/\/bilasmidurinn.is\/?s={search_term_string}"},"query-input":{"@type":"PropertyValueSpecification","valueRequired":true,"valueName":"search_term_string"}}],"inLanguage":"pl-PL"}]}},"_links":{"self":[{"href":"https:\/\/bilasmidurinn.is\/pl\/wp-json\/wp\/v2\/product\/15016","targetHints":{"allow":["GET"]}}],"collection":[{"href":"https:\/\/bilasmidurinn.is\/pl\/wp-json\/wp\/v2\/product"}],"about":[{"href":"https:\/\/bilasmidurinn.is\/pl\/wp-json\/wp\/v2\/types\/product"}],"wp:featuredmedia":[{"embeddable":true,"href":"https:\/\/bilasmidurinn.is\/pl\/wp-json\/wp\/v2\/media\/15000"}],"wp:attachment":[{"href":"https:\/\/bilasmidurinn.is\/pl\/wp-json\/wp\/v2\/media?parent=15016"}],"wp:term":[{"taxonomy":"product_brand","embeddable":true,"href":"https:\/\/bilasmidurinn.is\/pl\/wp-json\/wp\/v2\/product_brand?post=15016"},{"taxonomy":"product_cat","embeddable":true,"href":"https:\/\/bilasmidurinn.is\/pl\/wp-json\/wp\/v2\/product_cat?post=15016"},{"taxonomy":"product_tag","embeddable":true,"href":"https:\/\/bilasmidurinn.is\/pl\/wp-json\/wp\/v2\/product_tag?post=15016"}],"curies":[{"name":"wp","href":"https:\/\/api.w.org\/{rel}","templated":true}]}}