{"id":15005,"date":"2022-11-23T21:23:57","date_gmt":"2022-11-23T21:23:57","guid":{"rendered":"https:\/\/bilasmidurinn.is\/?post_type=product&#038;p=15005"},"modified":"2023-10-03T17:55:22","modified_gmt":"2023-10-03T17:55:22","slug":"armytek-wizard-c2-magnet-wr-1100-230lm-98-41m","status":"publish","type":"product","link":"https:\/\/bilasmidurinn.is\/pl\/vefverslun\/ljos\/armytek-wizard-c2-magnet-wr-1100-230lm-98-41m\/","title":{"rendered":"Armytek Wizard C2 Magnet WR 1100\/230Lm 98\/41m"},"content":{"rendered":"<p>Latarka LED Amytek Wizard C1 Pro 1100Lm Bia\u0142a Zasi\u0119g 98m Bia\u0142a i Czerwona 230Lm Zasi\u0119g 41m &quot;3 w 1&quot;<\/p>\n<p>Wielozadaniowy wodoodporny i lekki wykonany z aluminium lotniczego, dobrze mie\u015bci si\u0119 np. w kieszeni lub na breloczku do kluczy.Pasuje r\u00f3wnie\u017c do he\u0142m\u00f3w roboczych z mocowaniem AHM02.<\/p>\n<p>Wizard Pro ma wielostopniow\u0105 regulacj\u0119 nat\u0119\u017cenia \u015bwiat\u0142a 4x, a tak\u017ce ustawienia lampy b\u0142yskowej, kt\u00f3re mog\u0105 dzia\u0142a\u0107 do 65 dni po na\u0142adowaniu. Szeroka wi\u0105zka zapewnia r\u00f3wnomierny i wysoki strumie\u0144 \u015bwiat\u0142a. Soczewka TIR jest wyposa\u017cona w szk\u0142o hartowane, kt\u00f3re chroni j\u0105 przed zarysowaniami i refleksami. Czerwone \u015bwiat\u0142o, kt\u00f3re jest prawie niewidoczne dla zwierz\u0105t, dzi\u0119ki czemu nadaje si\u0119 do polowania i noktowizora 5 ustawie\u0144. \u0141atwe prze\u0142\u0105czanie z bia\u0142ego na czerwone \u015bwiat\u0142o za pomoc\u0105 2 klikni\u0119\u0107.<\/p>\n<p>Wyposa\u017cony w najnowsz\u0105 technologi\u0119 akumulator\u00f3w 18350, kt\u00f3ra chroni go przed zwarciem wraz z kontrol\u0105 temperatury w czasie rzeczywistym i niskim stanem akumulatora.<\/p>\n<p>Pe\u0142na ochrona przed wod\u0105, b\u0142otem i py\u0142em, wytrzymuje g\u0142\u0119boko\u015b\u0107 do 10m.<\/p>\n<p>Do mocowania zatrzaskowego do\u0142\u0105czona jest opaska na g\u0142ow\u0119, a tak\u017ce mocowanie, kt\u00f3re mo\u017cna umie\u015bci\u0107 na rowerze lub d\u0119tce.<\/p>\n<p>\u0141adowanie jest pod\u0142\u0105czone przez USB za pomoc\u0105 wodoodpornego klipsa magnetycznego do samego \u015bwiat\u0142a, czas \u0142adowania wynosi 3 godziny i 20 minut.<\/p>\n<p>Rozmiar 112 x 33 mm, waga 115 gr. IP68.<\/p>\n<p><iframe loading=\"lazy\" title=\"Film instrukta\u017cowy Armytek Wizard C2 WR\" width=\"1020\" height=\"574\" src=\"https:\/\/www.youtube.com\/embed\/qRNOyu1mXuk?start=1&#038;feature=oembed\" frameborder=\"0\" allow=\"accelerometer; autoplay; clipboard-write; encrypted-media; gyroscope; picture-in-picture\" allowfullscreen><\/iframe><\/p>","protected":false},"excerpt":{"rendered":"<p>Wizard Armytek C2 WR bia\u0142o-czerwony 1100\/230Lm<\/p>","protected":false},"featured_media":15006,"template":"","meta":[],"product_brand":[8053],"product_cat":[7893],"product_tag":[],"class_list":{"0":"post-15005","1":"product","2":"type-product","3":"status-publish","4":"has-post-thumbnail","6":"product_brand-armytek","7":"product_cat-ljos","9":"first","10":"instock","11":"shipping-taxable","12":"product-type-simple"},"yoast_head":"<!-- This site is optimized with the Yoast SEO plugin v27.4 - https:\/\/yoast.com\/product\/yoast-seo-wordpress\/ -->\n<title>Armytek Wizard C2 Magnet WR 1100\/230Lm 98\/41m - B&iacute;lasmi&eth;urinn<\/title>\n<meta name=\"robots\" content=\"index, follow, max-snippet:-1, max-image-preview:large, max-video-preview:-1\" \/>\n<link rel=\"canonical\" href=\"https:\/\/bilasmidurinn.is\/pl\/vefverslun\/ljos\/armytek-wizard-c2-magnet-wr-1100-230lm-98-41m\/\" \/>\n<meta property=\"og:locale\" content=\"pl_PL\" \/>\n<meta property=\"og:type\" content=\"article\" \/>\n<meta property=\"og:title\" content=\"Armytek Wizard C2 Magnet WR 1100\/230Lm 98\/41m - B&iacute;lasmi&eth;urinn\" \/>\n<meta property=\"og:description\" content=\"Wizard Armytek C2 WR\u00a0 hv\u00edtt og rautt\u00a0 1100\/230Lm\" \/>\n<meta property=\"og:url\" content=\"https:\/\/bilasmidurinn.is\/pl\/vefverslun\/ljos\/armytek-wizard-c2-magnet-wr-1100-230lm-98-41m\/\" \/>\n<meta property=\"og:site_name\" content=\"B&iacute;lasmi&eth;urinn\" \/>\n<meta property=\"article:modified_time\" content=\"2023-10-03T17:55:22+00:00\" \/>\n<meta property=\"og:image\" content=\"https:\/\/bilasmidurinn.is\/wp-content\/uploads\/2022\/11\/Magnet-USB02_white-1.jpg\" \/>\n\t<meta property=\"og:image:width\" content=\"979\" \/>\n\t<meta property=\"og:image:height\" content=\"801\" \/>\n\t<meta property=\"og:image:type\" content=\"image\/jpeg\" \/>\n<meta name=\"twitter:card\" content=\"summary_large_image\" \/>\n<meta name=\"twitter:label1\" content=\"Szacowany czas czytania\" \/>\n\t<meta name=\"twitter:data1\" content=\"1 minuta\" \/>\n<script type=\"application\/ld+json\" class=\"yoast-schema-graph\">{\"@context\":\"https:\\\/\\\/schema.org\",\"@graph\":[{\"@type\":\"WebPage\",\"@id\":\"https:\\\/\\\/bilasmidurinn.is\\\/vefverslun\\\/ljos\\\/armytek-wizard-c2-magnet-wr-1100-230lm-98-41m\\\/\",\"url\":\"https:\\\/\\\/bilasmidurinn.is\\\/vefverslun\\\/ljos\\\/armytek-wizard-c2-magnet-wr-1100-230lm-98-41m\\\/\",\"name\":\"Armytek Wizard C2 Magnet WR 1100\\\/230Lm 98\\\/41m - B&iacute;lasmi&eth;urinn\",\"isPartOf\":{\"@id\":\"https:\\\/\\\/bilasmidurinn.is\\\/#website\"},\"primaryImageOfPage\":{\"@id\":\"https:\\\/\\\/bilasmidurinn.is\\\/vefverslun\\\/ljos\\\/armytek-wizard-c2-magnet-wr-1100-230lm-98-41m\\\/#primaryimage\"},\"image\":{\"@id\":\"https:\\\/\\\/bilasmidurinn.is\\\/vefverslun\\\/ljos\\\/armytek-wizard-c2-magnet-wr-1100-230lm-98-41m\\\/#primaryimage\"},\"thumbnailUrl\":\"https:\\\/\\\/bilasmidurinn.is\\\/wp-content\\\/uploads\\\/2022\\\/11\\\/Magnet-USB02_white-1.jpg\",\"datePublished\":\"2022-11-23T21:23:57+00:00\",\"dateModified\":\"2023-10-03T17:55:22+00:00\",\"breadcrumb\":{\"@id\":\"https:\\\/\\\/bilasmidurinn.is\\\/vefverslun\\\/ljos\\\/armytek-wizard-c2-magnet-wr-1100-230lm-98-41m\\\/#breadcrumb\"},\"inLanguage\":\"pl-PL\",\"potentialAction\":[{\"@type\":\"ReadAction\",\"target\":[\"https:\\\/\\\/bilasmidurinn.is\\\/vefverslun\\\/ljos\\\/armytek-wizard-c2-magnet-wr-1100-230lm-98-41m\\\/\"]}]},{\"@type\":\"ImageObject\",\"inLanguage\":\"pl-PL\",\"@id\":\"https:\\\/\\\/bilasmidurinn.is\\\/vefverslun\\\/ljos\\\/armytek-wizard-c2-magnet-wr-1100-230lm-98-41m\\\/#primaryimage\",\"url\":\"https:\\\/\\\/bilasmidurinn.is\\\/wp-content\\\/uploads\\\/2022\\\/11\\\/Magnet-USB02_white-1.jpg\",\"contentUrl\":\"https:\\\/\\\/bilasmidurinn.is\\\/wp-content\\\/uploads\\\/2022\\\/11\\\/Magnet-USB02_white-1.jpg\",\"width\":979,\"height\":801},{\"@type\":\"BreadcrumbList\",\"@id\":\"https:\\\/\\\/bilasmidurinn.is\\\/vefverslun\\\/ljos\\\/armytek-wizard-c2-magnet-wr-1100-230lm-98-41m\\\/#breadcrumb\",\"itemListElement\":[{\"@type\":\"ListItem\",\"position\":1,\"name\":\"Home\",\"item\":\"https:\\\/\\\/bilasmidurinn.is\\\/\"},{\"@type\":\"ListItem\",\"position\":2,\"name\":\"V\u00f6rur \u00ed verslun\",\"item\":\"https:\\\/\\\/bilasmidurinn.is\\\/vefverslun\\\/\"},{\"@type\":\"ListItem\",\"position\":3,\"name\":\"Armytek Wizard C2 Magnet WR 1100\\\/230Lm 98\\\/41m\"}]},{\"@type\":\"WebSite\",\"@id\":\"https:\\\/\\\/bilasmidurinn.is\\\/#website\",\"url\":\"https:\\\/\\\/bilasmidurinn.is\\\/\",\"name\":\"B&iacute;lasmi&eth;urinn\",\"description\":\"All sem &thorn;&uacute; &thorn;arft &iacute; t&aelig;ki&eth;\",\"potentialAction\":[{\"@type\":\"SearchAction\",\"target\":{\"@type\":\"EntryPoint\",\"urlTemplate\":\"https:\\\/\\\/bilasmidurinn.is\\\/?s={search_term_string}\"},\"query-input\":{\"@type\":\"PropertyValueSpecification\",\"valueRequired\":true,\"valueName\":\"search_term_string\"}}],\"inLanguage\":\"pl-PL\"}]}<\/script>\n<!-- \/ Yoast SEO plugin. -->","yoast_head_json":{"title":"Armytek Wizard C2 Magnet WR 1100\/230Lm 98\/41m - B&iacute;lasmi&eth;urinn","robots":{"index":"index","follow":"follow","max-snippet":"max-snippet:-1","max-image-preview":"max-image-preview:large","max-video-preview":"max-video-preview:-1"},"canonical":"https:\/\/bilasmidurinn.is\/pl\/vefverslun\/ljos\/armytek-wizard-c2-magnet-wr-1100-230lm-98-41m\/","og_locale":"pl_PL","og_type":"article","og_title":"Armytek Wizard C2 Magnet WR 1100\/230Lm 98\/41m - B&iacute;lasmi&eth;urinn","og_description":"Wizard Armytek C2 WR\u00a0 hv\u00edtt og rautt\u00a0 1100\/230Lm","og_url":"https:\/\/bilasmidurinn.is\/pl\/vefverslun\/ljos\/armytek-wizard-c2-magnet-wr-1100-230lm-98-41m\/","og_site_name":"B&iacute;lasmi&eth;urinn","article_modified_time":"2023-10-03T17:55:22+00:00","og_image":[{"width":979,"height":801,"url":"https:\/\/bilasmidurinn.is\/wp-content\/uploads\/2022\/11\/Magnet-USB02_white-1.jpg","type":"image\/jpeg"}],"twitter_card":"summary_large_image","twitter_misc":{"Szacowany czas czytania":"1 minuta"},"schema":{"@context":"https:\/\/schema.org","@graph":[{"@type":"WebPage","@id":"https:\/\/bilasmidurinn.is\/vefverslun\/ljos\/armytek-wizard-c2-magnet-wr-1100-230lm-98-41m\/","url":"https:\/\/bilasmidurinn.is\/vefverslun\/ljos\/armytek-wizard-c2-magnet-wr-1100-230lm-98-41m\/","name":"Armytek Wizard C2 Magnet WR 1100\/230Lm 98\/41m - B&iacute;lasmi&eth;urinn","isPartOf":{"@id":"https:\/\/bilasmidurinn.is\/#website"},"primaryImageOfPage":{"@id":"https:\/\/bilasmidurinn.is\/vefverslun\/ljos\/armytek-wizard-c2-magnet-wr-1100-230lm-98-41m\/#primaryimage"},"image":{"@id":"https:\/\/bilasmidurinn.is\/vefverslun\/ljos\/armytek-wizard-c2-magnet-wr-1100-230lm-98-41m\/#primaryimage"},"thumbnailUrl":"https:\/\/bilasmidurinn.is\/wp-content\/uploads\/2022\/11\/Magnet-USB02_white-1.jpg","datePublished":"2022-11-23T21:23:57+00:00","dateModified":"2023-10-03T17:55:22+00:00","breadcrumb":{"@id":"https:\/\/bilasmidurinn.is\/vefverslun\/ljos\/armytek-wizard-c2-magnet-wr-1100-230lm-98-41m\/#breadcrumb"},"inLanguage":"pl-PL","potentialAction":[{"@type":"ReadAction","target":["https:\/\/bilasmidurinn.is\/vefverslun\/ljos\/armytek-wizard-c2-magnet-wr-1100-230lm-98-41m\/"]}]},{"@type":"ImageObject","inLanguage":"pl-PL","@id":"https:\/\/bilasmidurinn.is\/vefverslun\/ljos\/armytek-wizard-c2-magnet-wr-1100-230lm-98-41m\/#primaryimage","url":"https:\/\/bilasmidurinn.is\/wp-content\/uploads\/2022\/11\/Magnet-USB02_white-1.jpg","contentUrl":"https:\/\/bilasmidurinn.is\/wp-content\/uploads\/2022\/11\/Magnet-USB02_white-1.jpg","width":979,"height":801},{"@type":"BreadcrumbList","@id":"https:\/\/bilasmidurinn.is\/vefverslun\/ljos\/armytek-wizard-c2-magnet-wr-1100-230lm-98-41m\/#breadcrumb","itemListElement":[{"@type":"ListItem","position":1,"name":"Home","item":"https:\/\/bilasmidurinn.is\/"},{"@type":"ListItem","position":2,"name":"V\u00f6rur \u00ed verslun","item":"https:\/\/bilasmidurinn.is\/vefverslun\/"},{"@type":"ListItem","position":3,"name":"Armytek Wizard C2 Magnet WR 1100\/230Lm 98\/41m"}]},{"@type":"WebSite","@id":"https:\/\/bilasmidurinn.is\/#website","url":"https:\/\/bilasmidurinn.is\/","name":"B&iacute;lasmi&eth;urinn","description":"All sem &thorn;&uacute; &thorn;arft &iacute; t&aelig;ki&eth;","potentialAction":[{"@type":"SearchAction","target":{"@type":"EntryPoint","urlTemplate":"https:\/\/bilasmidurinn.is\/?s={search_term_string}"},"query-input":{"@type":"PropertyValueSpecification","valueRequired":true,"valueName":"search_term_string"}}],"inLanguage":"pl-PL"}]}},"_links":{"self":[{"href":"https:\/\/bilasmidurinn.is\/pl\/wp-json\/wp\/v2\/product\/15005","targetHints":{"allow":["GET"]}}],"collection":[{"href":"https:\/\/bilasmidurinn.is\/pl\/wp-json\/wp\/v2\/product"}],"about":[{"href":"https:\/\/bilasmidurinn.is\/pl\/wp-json\/wp\/v2\/types\/product"}],"wp:featuredmedia":[{"embeddable":true,"href":"https:\/\/bilasmidurinn.is\/pl\/wp-json\/wp\/v2\/media\/15006"}],"wp:attachment":[{"href":"https:\/\/bilasmidurinn.is\/pl\/wp-json\/wp\/v2\/media?parent=15005"}],"wp:term":[{"taxonomy":"product_brand","embeddable":true,"href":"https:\/\/bilasmidurinn.is\/pl\/wp-json\/wp\/v2\/product_brand?post=15005"},{"taxonomy":"product_cat","embeddable":true,"href":"https:\/\/bilasmidurinn.is\/pl\/wp-json\/wp\/v2\/product_cat?post=15005"},{"taxonomy":"product_tag","embeddable":true,"href":"https:\/\/bilasmidurinn.is\/pl\/wp-json\/wp\/v2\/product_tag?post=15005"}],"curies":[{"name":"wp","href":"https:\/\/api.w.org\/{rel}","templated":true}]}}