{"id":14940,"date":"2022-11-08T20:26:47","date_gmt":"2022-11-08T20:26:47","guid":{"rendered":"https:\/\/bilasmidurinn.is\/?post_type=product&#038;p=14940"},"modified":"2022-11-08T20:26:47","modified_gmt":"2022-11-08T20:26:47","slug":"led-bar-pro-multi-stream-808mm-3200lm-med-varudarljosi","status":"publish","type":"product","link":"https:\/\/bilasmidurinn.is\/pl\/vefverslun\/ljos\/varudarljos\/led-bar-pro-multi-stream-808mm-3200lm-med-varudarljosi\/","title":{"rendered":"Listwa LED PRO-MULTI-STREAM 808mm 3200Lm ze \u015bwiat\u0142em ostrzegawczym"},"content":{"rendered":"<p>Listwa LED PRO-MULTI- STREAM Reflektor punktowy o d\u0142ugo\u015bci 808 mm i strumieniu \u015bwietlnym 3200 lm z \u017c\u00f3\u0142tymi migaj\u0105cymi \u015bwiat\u0142ami ostrzegawczymi na ko\u0144cach, dwa w jednym.<\/p>\n<p>19x wz\u00f3r b\u0142ysku, 30x dioda mocy dalekiego zasi\u0119gu. Bardzo cienki i \u0142atwy w monta\u017cu tam, gdzie przestrze\u0144 jest ograniczona.<\/p>\n<p>Soczewka z poliw\u0119glanu i korpus z aluminium, elementy z\u0142\u0105czne ze stali nierdzewnej. kabel 3m.<\/p>\n<p>12\/24 v 126 W ECE R10 ECE148 ECE65<\/p>\n<p>Wyprodukowane w Niemczech<\/p>\n<p><iframe loading=\"lazy\" title=\"PRO-MULTI-STREAM - Grzebie\u0144. LED Arbeitsscheinwerfer &amp; Kennleuchte \/ Robocza listwa \u015bwietlna LED\" width=\"1020\" height=\"574\" src=\"https:\/\/www.youtube.com\/embed\/8f94ic7DIAY?feature=oembed\" frameborder=\"0\" allow=\"accelerometer; autoplay; clipboard-write; encrypted-media; gyroscope; picture-in-picture\" allowfullscreen><\/iframe><\/p>","protected":false},"excerpt":{"rendered":"<p>Listwa LED Pro-Multi-Stream 808mm 320Lm z ostrzegawczymi migaj\u0105cymi \u015bwiat\u0142ami 12\/24v<\/p>\n<p>&nbsp;<\/p>","protected":false},"featured_media":14941,"template":"","meta":[],"product_brand":[7947],"product_cat":[7893,8042,8007],"product_tag":[],"class_list":{"0":"post-14940","1":"product","2":"type-product","3":"status-publish","4":"has-post-thumbnail","6":"product_brand-proplast","7":"product_cat-ljos","8":"product_cat-ljoskastarar","9":"product_cat-varudarljos","11":"first","12":"instock","13":"shipping-taxable","14":"product-type-simple"},"yoast_head":"<!-- This site is optimized with the Yoast SEO plugin v27.5 - https:\/\/yoast.com\/product\/yoast-seo-wordpress\/ -->\n<title>LED bar PRO-MULTI-STREAM 808mm 3200Lm me\u00f0 var\u00fa\u00f0arlj\u00f3si - B&iacute;lasmi&eth;urinn<\/title>\n<meta name=\"robots\" content=\"index, follow, max-snippet:-1, max-image-preview:large, max-video-preview:-1\" \/>\n<link rel=\"canonical\" href=\"https:\/\/bilasmidurinn.is\/pl\/vefverslun\/ljos\/varudarljos\/led-bar-pro-multi-stream-808mm-3200lm-med-varudarljosi\/\" \/>\n<meta property=\"og:locale\" content=\"pl_PL\" \/>\n<meta property=\"og:type\" content=\"article\" \/>\n<meta property=\"og:title\" content=\"LED bar PRO-MULTI-STREAM 808mm 3200Lm me\u00f0 var\u00fa\u00f0arlj\u00f3si - B&iacute;lasmi&eth;urinn\" \/>\n<meta property=\"og:description\" content=\"LED bar Pro-Multi-Stream 808mm 320Lm me\u00f0 var\u00fa\u00f0ar blikk lj\u00f3sum\u00a0 12\/24v  &nbsp;\" \/>\n<meta property=\"og:url\" content=\"https:\/\/bilasmidurinn.is\/pl\/vefverslun\/ljos\/varudarljos\/led-bar-pro-multi-stream-808mm-3200lm-med-varudarljosi\/\" \/>\n<meta property=\"og:site_name\" content=\"B&iacute;lasmi&eth;urinn\" \/>\n<meta property=\"og:image\" content=\"https:\/\/bilasmidurinn.is\/wp-content\/uploads\/2022\/11\/40435703_0.jpg\" \/>\n\t<meta property=\"og:image:width\" content=\"453\" \/>\n\t<meta property=\"og:image:height\" content=\"340\" \/>\n\t<meta property=\"og:image:type\" content=\"image\/jpeg\" \/>\n<meta name=\"twitter:card\" content=\"summary_large_image\" \/>\n<meta name=\"twitter:label1\" content=\"Szacowany czas czytania\" \/>\n\t<meta name=\"twitter:data1\" content=\"1 minuta\" \/>\n<script type=\"application\/ld+json\" class=\"yoast-schema-graph\">{\"@context\":\"https:\\\/\\\/schema.org\",\"@graph\":[{\"@type\":\"WebPage\",\"@id\":\"https:\\\/\\\/bilasmidurinn.is\\\/en\\\/vefverslun\\\/ljos\\\/varudarljos\\\/led-bar-pro-multi-stream-808mm-3200lm-med-varudarljosi\\\/\",\"url\":\"https:\\\/\\\/bilasmidurinn.is\\\/en\\\/vefverslun\\\/ljos\\\/varudarljos\\\/led-bar-pro-multi-stream-808mm-3200lm-med-varudarljosi\\\/\",\"name\":\"LED bar PRO-MULTI-STREAM 808mm 3200Lm me\u00f0 var\u00fa\u00f0arlj\u00f3si - B&iacute;lasmi&eth;urinn\",\"isPartOf\":{\"@id\":\"https:\\\/\\\/bilasmidurinn.is\\\/#website\"},\"primaryImageOfPage\":{\"@id\":\"https:\\\/\\\/bilasmidurinn.is\\\/en\\\/vefverslun\\\/ljos\\\/varudarljos\\\/led-bar-pro-multi-stream-808mm-3200lm-med-varudarljosi\\\/#primaryimage\"},\"image\":{\"@id\":\"https:\\\/\\\/bilasmidurinn.is\\\/en\\\/vefverslun\\\/ljos\\\/varudarljos\\\/led-bar-pro-multi-stream-808mm-3200lm-med-varudarljosi\\\/#primaryimage\"},\"thumbnailUrl\":\"https:\\\/\\\/bilasmidurinn.is\\\/wp-content\\\/uploads\\\/2022\\\/11\\\/40435703_0.jpg\",\"datePublished\":\"2022-11-08T20:26:47+00:00\",\"breadcrumb\":{\"@id\":\"https:\\\/\\\/bilasmidurinn.is\\\/en\\\/vefverslun\\\/ljos\\\/varudarljos\\\/led-bar-pro-multi-stream-808mm-3200lm-med-varudarljosi\\\/#breadcrumb\"},\"inLanguage\":\"pl-PL\",\"potentialAction\":[{\"@type\":\"ReadAction\",\"target\":[\"https:\\\/\\\/bilasmidurinn.is\\\/en\\\/vefverslun\\\/ljos\\\/varudarljos\\\/led-bar-pro-multi-stream-808mm-3200lm-med-varudarljosi\\\/\"]}]},{\"@type\":\"ImageObject\",\"inLanguage\":\"pl-PL\",\"@id\":\"https:\\\/\\\/bilasmidurinn.is\\\/en\\\/vefverslun\\\/ljos\\\/varudarljos\\\/led-bar-pro-multi-stream-808mm-3200lm-med-varudarljosi\\\/#primaryimage\",\"url\":\"https:\\\/\\\/bilasmidurinn.is\\\/wp-content\\\/uploads\\\/2022\\\/11\\\/40435703_0.jpg\",\"contentUrl\":\"https:\\\/\\\/bilasmidurinn.is\\\/wp-content\\\/uploads\\\/2022\\\/11\\\/40435703_0.jpg\",\"width\":453,\"height\":340},{\"@type\":\"BreadcrumbList\",\"@id\":\"https:\\\/\\\/bilasmidurinn.is\\\/en\\\/vefverslun\\\/ljos\\\/varudarljos\\\/led-bar-pro-multi-stream-808mm-3200lm-med-varudarljosi\\\/#breadcrumb\",\"itemListElement\":[{\"@type\":\"ListItem\",\"position\":1,\"name\":\"Home\",\"item\":\"https:\\\/\\\/bilasmidurinn.is\\\/\"},{\"@type\":\"ListItem\",\"position\":2,\"name\":\"V\u00f6rur \u00ed verslun\",\"item\":\"https:\\\/\\\/bilasmidurinn.is\\\/vefverslun\\\/\"},{\"@type\":\"ListItem\",\"position\":3,\"name\":\"LED bar PRO-MULTI-STREAM 808mm 3200Lm me\u00f0 var\u00fa\u00f0arlj\u00f3si\"}]},{\"@type\":\"WebSite\",\"@id\":\"https:\\\/\\\/bilasmidurinn.is\\\/#website\",\"url\":\"https:\\\/\\\/bilasmidurinn.is\\\/\",\"name\":\"B&iacute;lasmi&eth;urinn\",\"description\":\"All sem &thorn;&uacute; &thorn;arft &iacute; t&aelig;ki&eth;\",\"potentialAction\":[{\"@type\":\"SearchAction\",\"target\":{\"@type\":\"EntryPoint\",\"urlTemplate\":\"https:\\\/\\\/bilasmidurinn.is\\\/?s={search_term_string}\"},\"query-input\":{\"@type\":\"PropertyValueSpecification\",\"valueRequired\":true,\"valueName\":\"search_term_string\"}}],\"inLanguage\":\"pl-PL\"}]}<\/script>\n<!-- \/ Yoast SEO plugin. -->","yoast_head_json":{"title":"LED bar PRO-MULTI-STREAM 808mm 3200Lm me\u00f0 var\u00fa\u00f0arlj\u00f3si - B&iacute;lasmi&eth;urinn","robots":{"index":"index","follow":"follow","max-snippet":"max-snippet:-1","max-image-preview":"max-image-preview:large","max-video-preview":"max-video-preview:-1"},"canonical":"https:\/\/bilasmidurinn.is\/pl\/vefverslun\/ljos\/varudarljos\/led-bar-pro-multi-stream-808mm-3200lm-med-varudarljosi\/","og_locale":"pl_PL","og_type":"article","og_title":"LED bar PRO-MULTI-STREAM 808mm 3200Lm me\u00f0 var\u00fa\u00f0arlj\u00f3si - B&iacute;lasmi&eth;urinn","og_description":"LED bar Pro-Multi-Stream 808mm 320Lm me\u00f0 var\u00fa\u00f0ar blikk lj\u00f3sum\u00a0 12\/24v  &nbsp;","og_url":"https:\/\/bilasmidurinn.is\/pl\/vefverslun\/ljos\/varudarljos\/led-bar-pro-multi-stream-808mm-3200lm-med-varudarljosi\/","og_site_name":"B&iacute;lasmi&eth;urinn","og_image":[{"width":453,"height":340,"url":"https:\/\/bilasmidurinn.is\/wp-content\/uploads\/2022\/11\/40435703_0.jpg","type":"image\/jpeg"}],"twitter_card":"summary_large_image","twitter_misc":{"Szacowany czas czytania":"1 minuta"},"schema":{"@context":"https:\/\/schema.org","@graph":[{"@type":"WebPage","@id":"https:\/\/bilasmidurinn.is\/en\/vefverslun\/ljos\/varudarljos\/led-bar-pro-multi-stream-808mm-3200lm-med-varudarljosi\/","url":"https:\/\/bilasmidurinn.is\/en\/vefverslun\/ljos\/varudarljos\/led-bar-pro-multi-stream-808mm-3200lm-med-varudarljosi\/","name":"LED bar PRO-MULTI-STREAM 808mm 3200Lm me\u00f0 var\u00fa\u00f0arlj\u00f3si - B&iacute;lasmi&eth;urinn","isPartOf":{"@id":"https:\/\/bilasmidurinn.is\/#website"},"primaryImageOfPage":{"@id":"https:\/\/bilasmidurinn.is\/en\/vefverslun\/ljos\/varudarljos\/led-bar-pro-multi-stream-808mm-3200lm-med-varudarljosi\/#primaryimage"},"image":{"@id":"https:\/\/bilasmidurinn.is\/en\/vefverslun\/ljos\/varudarljos\/led-bar-pro-multi-stream-808mm-3200lm-med-varudarljosi\/#primaryimage"},"thumbnailUrl":"https:\/\/bilasmidurinn.is\/wp-content\/uploads\/2022\/11\/40435703_0.jpg","datePublished":"2022-11-08T20:26:47+00:00","breadcrumb":{"@id":"https:\/\/bilasmidurinn.is\/en\/vefverslun\/ljos\/varudarljos\/led-bar-pro-multi-stream-808mm-3200lm-med-varudarljosi\/#breadcrumb"},"inLanguage":"pl-PL","potentialAction":[{"@type":"ReadAction","target":["https:\/\/bilasmidurinn.is\/en\/vefverslun\/ljos\/varudarljos\/led-bar-pro-multi-stream-808mm-3200lm-med-varudarljosi\/"]}]},{"@type":"ImageObject","inLanguage":"pl-PL","@id":"https:\/\/bilasmidurinn.is\/en\/vefverslun\/ljos\/varudarljos\/led-bar-pro-multi-stream-808mm-3200lm-med-varudarljosi\/#primaryimage","url":"https:\/\/bilasmidurinn.is\/wp-content\/uploads\/2022\/11\/40435703_0.jpg","contentUrl":"https:\/\/bilasmidurinn.is\/wp-content\/uploads\/2022\/11\/40435703_0.jpg","width":453,"height":340},{"@type":"BreadcrumbList","@id":"https:\/\/bilasmidurinn.is\/en\/vefverslun\/ljos\/varudarljos\/led-bar-pro-multi-stream-808mm-3200lm-med-varudarljosi\/#breadcrumb","itemListElement":[{"@type":"ListItem","position":1,"name":"Home","item":"https:\/\/bilasmidurinn.is\/"},{"@type":"ListItem","position":2,"name":"V\u00f6rur \u00ed verslun","item":"https:\/\/bilasmidurinn.is\/vefverslun\/"},{"@type":"ListItem","position":3,"name":"LED bar PRO-MULTI-STREAM 808mm 3200Lm me\u00f0 var\u00fa\u00f0arlj\u00f3si"}]},{"@type":"WebSite","@id":"https:\/\/bilasmidurinn.is\/#website","url":"https:\/\/bilasmidurinn.is\/","name":"B&iacute;lasmi&eth;urinn","description":"All sem &thorn;&uacute; &thorn;arft &iacute; t&aelig;ki&eth;","potentialAction":[{"@type":"SearchAction","target":{"@type":"EntryPoint","urlTemplate":"https:\/\/bilasmidurinn.is\/?s={search_term_string}"},"query-input":{"@type":"PropertyValueSpecification","valueRequired":true,"valueName":"search_term_string"}}],"inLanguage":"pl-PL"}]}},"_links":{"self":[{"href":"https:\/\/bilasmidurinn.is\/pl\/wp-json\/wp\/v2\/product\/14940","targetHints":{"allow":["GET"]}}],"collection":[{"href":"https:\/\/bilasmidurinn.is\/pl\/wp-json\/wp\/v2\/product"}],"about":[{"href":"https:\/\/bilasmidurinn.is\/pl\/wp-json\/wp\/v2\/types\/product"}],"wp:featuredmedia":[{"embeddable":true,"href":"https:\/\/bilasmidurinn.is\/pl\/wp-json\/wp\/v2\/media\/14941"}],"wp:attachment":[{"href":"https:\/\/bilasmidurinn.is\/pl\/wp-json\/wp\/v2\/media?parent=14940"}],"wp:term":[{"taxonomy":"product_brand","embeddable":true,"href":"https:\/\/bilasmidurinn.is\/pl\/wp-json\/wp\/v2\/product_brand?post=14940"},{"taxonomy":"product_cat","embeddable":true,"href":"https:\/\/bilasmidurinn.is\/pl\/wp-json\/wp\/v2\/product_cat?post=14940"},{"taxonomy":"product_tag","embeddable":true,"href":"https:\/\/bilasmidurinn.is\/pl\/wp-json\/wp\/v2\/product_tag?post=14940"}],"curies":[{"name":"wp","href":"https:\/\/api.w.org\/{rel}","templated":true}]}}