{"id":14937,"date":"2022-11-08T20:16:24","date_gmt":"2022-11-08T20:16:24","guid":{"rendered":"https:\/\/bilasmidurinn.is\/?post_type=product&#038;p=14937"},"modified":"2022-11-08T20:16:24","modified_gmt":"2022-11-08T20:16:24","slug":"led-bar-pro-multi-stream-510mm-2000lm-med-varudarljosum","status":"publish","type":"product","link":"https:\/\/bilasmidurinn.is\/pl\/vefverslun\/ljos\/varudarljos\/led-bar-pro-multi-stream-510mm-2000lm-med-varudarljosum\/","title":{"rendered":"Listwa LED PRO-MULTI-STREAM 510mm 2000Lm, ze \u015bwiat\u0142ami ostrzegawczymi"},"content":{"rendered":"<p>Listwa \u015bwietlna LED 2000Lm d\u0142uga wi\u0105zka \u015bwiat\u0142a punktowego z wbudowanymi \u017c\u00f3\u0142tymi migaj\u0105cymi \u015bwiat\u0142ami ostrzegawczymi na ko\u0144cach ECE R148, Dwa w jednym praca i uwaga!<\/p>\n<p>19 r\u00f3\u017cnych lamp b\u0142yskowych, korpus wykonany z aluminium i soczewka poliw\u0119glanowa, wyj\u0105tkowo cienki i dzi\u0119ki temu \u0142atwy do zamontowania na przyk\u0142ad w grillu lub tam, gdzie przestrze\u0144 jest ograniczona.<\/p>\n<p>12\/24V 78W, kabel 3m ECE R10 -65 EMV, IP67<\/p>\n<p>armatura nierdzewna,<\/p>\n<p>Wyprodukowane w Niemczech<\/p>\n<p>&nbsp;<\/p>\n<p><iframe loading=\"lazy\" title=\"PRO-MULTI-STREAM - Grzebie\u0144. LED Arbeitsscheinwerfer &amp; Kennleuchte \/ Robocza listwa \u015bwietlna LED\" width=\"1020\" height=\"574\" src=\"https:\/\/www.youtube.com\/embed\/8f94ic7DIAY?feature=oembed\" frameborder=\"0\" allow=\"accelerometer; autoplay; clipboard-write; encrypted-media; gyroscope; picture-in-picture\" allowfullscreen><\/iframe><\/p>","protected":false},"excerpt":{"rendered":"<p>Listwa LED Pro-Multi-Stream na\u015bwietlacz ze \u015bwiat\u0142ami ostrzegawczymi o d\u0142ugo\u015bci 510mm<\/p>","protected":false},"featured_media":14938,"template":"","meta":[],"product_brand":[7947],"product_cat":[7893,8042,8007,8012],"product_tag":[],"class_list":{"0":"post-14937","1":"product","2":"type-product","3":"status-publish","4":"has-post-thumbnail","6":"product_brand-proplast","7":"product_cat-ljos","8":"product_cat-ljoskastarar","9":"product_cat-varudarljos","10":"product_cat-vinnuljos-ljos","12":"first","13":"instock","14":"shipping-taxable","15":"product-type-simple"},"yoast_head":"<!-- This site is optimized with the Yoast SEO plugin v27.5 - https:\/\/yoast.com\/product\/yoast-seo-wordpress\/ -->\n<title>LED bar PRO-MULTI-STREAM 510mm 2000Lm, me\u00f0 var\u00fa\u00f0arlj\u00f3sum - B&iacute;lasmi&eth;urinn<\/title>\n<meta name=\"robots\" content=\"index, follow, max-snippet:-1, max-image-preview:large, max-video-preview:-1\" \/>\n<link rel=\"canonical\" href=\"https:\/\/bilasmidurinn.is\/pl\/vefverslun\/ljos\/varudarljos\/led-bar-pro-multi-stream-510mm-2000lm-med-varudarljosum\/\" \/>\n<meta property=\"og:locale\" content=\"pl_PL\" \/>\n<meta property=\"og:type\" content=\"article\" \/>\n<meta property=\"og:title\" content=\"LED bar PRO-MULTI-STREAM 510mm 2000Lm, me\u00f0 var\u00fa\u00f0arlj\u00f3sum - B&iacute;lasmi&eth;urinn\" \/>\n<meta property=\"og:description\" content=\"LED bar Pro-Multi-Stream\u00a0 lj\u00f3skastari me\u00f0 var\u00f0\u00fa\u00f0arlj\u00f3sum 510mm langur\" \/>\n<meta property=\"og:url\" content=\"https:\/\/bilasmidurinn.is\/pl\/vefverslun\/ljos\/varudarljos\/led-bar-pro-multi-stream-510mm-2000lm-med-varudarljosum\/\" \/>\n<meta property=\"og:site_name\" content=\"B&iacute;lasmi&eth;urinn\" \/>\n<meta property=\"og:image\" content=\"https:\/\/bilasmidurinn.is\/wp-content\/uploads\/2022\/11\/40435503_0.jpg\" \/>\n\t<meta property=\"og:image:width\" content=\"453\" \/>\n\t<meta property=\"og:image:height\" content=\"340\" \/>\n\t<meta property=\"og:image:type\" content=\"image\/jpeg\" \/>\n<meta name=\"twitter:card\" content=\"summary_large_image\" \/>\n<meta name=\"twitter:label1\" content=\"Szacowany czas czytania\" \/>\n\t<meta name=\"twitter:data1\" content=\"1 minuta\" \/>\n<script type=\"application\/ld+json\" class=\"yoast-schema-graph\">{\"@context\":\"https:\\\/\\\/schema.org\",\"@graph\":[{\"@type\":\"WebPage\",\"@id\":\"https:\\\/\\\/bilasmidurinn.is\\\/en\\\/vefverslun\\\/ljos\\\/varudarljos\\\/led-bar-pro-multi-stream-510mm-2000lm-med-varudarljosum\\\/\",\"url\":\"https:\\\/\\\/bilasmidurinn.is\\\/en\\\/vefverslun\\\/ljos\\\/varudarljos\\\/led-bar-pro-multi-stream-510mm-2000lm-med-varudarljosum\\\/\",\"name\":\"LED bar PRO-MULTI-STREAM 510mm 2000Lm, me\u00f0 var\u00fa\u00f0arlj\u00f3sum - B&iacute;lasmi&eth;urinn\",\"isPartOf\":{\"@id\":\"https:\\\/\\\/bilasmidurinn.is\\\/#website\"},\"primaryImageOfPage\":{\"@id\":\"https:\\\/\\\/bilasmidurinn.is\\\/en\\\/vefverslun\\\/ljos\\\/varudarljos\\\/led-bar-pro-multi-stream-510mm-2000lm-med-varudarljosum\\\/#primaryimage\"},\"image\":{\"@id\":\"https:\\\/\\\/bilasmidurinn.is\\\/en\\\/vefverslun\\\/ljos\\\/varudarljos\\\/led-bar-pro-multi-stream-510mm-2000lm-med-varudarljosum\\\/#primaryimage\"},\"thumbnailUrl\":\"https:\\\/\\\/bilasmidurinn.is\\\/wp-content\\\/uploads\\\/2022\\\/11\\\/40435503_0.jpg\",\"datePublished\":\"2022-11-08T20:16:24+00:00\",\"breadcrumb\":{\"@id\":\"https:\\\/\\\/bilasmidurinn.is\\\/en\\\/vefverslun\\\/ljos\\\/varudarljos\\\/led-bar-pro-multi-stream-510mm-2000lm-med-varudarljosum\\\/#breadcrumb\"},\"inLanguage\":\"pl-PL\",\"potentialAction\":[{\"@type\":\"ReadAction\",\"target\":[\"https:\\\/\\\/bilasmidurinn.is\\\/en\\\/vefverslun\\\/ljos\\\/varudarljos\\\/led-bar-pro-multi-stream-510mm-2000lm-med-varudarljosum\\\/\"]}]},{\"@type\":\"ImageObject\",\"inLanguage\":\"pl-PL\",\"@id\":\"https:\\\/\\\/bilasmidurinn.is\\\/en\\\/vefverslun\\\/ljos\\\/varudarljos\\\/led-bar-pro-multi-stream-510mm-2000lm-med-varudarljosum\\\/#primaryimage\",\"url\":\"https:\\\/\\\/bilasmidurinn.is\\\/wp-content\\\/uploads\\\/2022\\\/11\\\/40435503_0.jpg\",\"contentUrl\":\"https:\\\/\\\/bilasmidurinn.is\\\/wp-content\\\/uploads\\\/2022\\\/11\\\/40435503_0.jpg\",\"width\":453,\"height\":340},{\"@type\":\"BreadcrumbList\",\"@id\":\"https:\\\/\\\/bilasmidurinn.is\\\/en\\\/vefverslun\\\/ljos\\\/varudarljos\\\/led-bar-pro-multi-stream-510mm-2000lm-med-varudarljosum\\\/#breadcrumb\",\"itemListElement\":[{\"@type\":\"ListItem\",\"position\":1,\"name\":\"Home\",\"item\":\"https:\\\/\\\/bilasmidurinn.is\\\/\"},{\"@type\":\"ListItem\",\"position\":2,\"name\":\"V\u00f6rur \u00ed verslun\",\"item\":\"https:\\\/\\\/bilasmidurinn.is\\\/vefverslun\\\/\"},{\"@type\":\"ListItem\",\"position\":3,\"name\":\"LED bar PRO-MULTI-STREAM 510mm 2000Lm, me\u00f0 var\u00fa\u00f0arlj\u00f3sum\"}]},{\"@type\":\"WebSite\",\"@id\":\"https:\\\/\\\/bilasmidurinn.is\\\/#website\",\"url\":\"https:\\\/\\\/bilasmidurinn.is\\\/\",\"name\":\"B&iacute;lasmi&eth;urinn\",\"description\":\"All sem &thorn;&uacute; &thorn;arft &iacute; t&aelig;ki&eth;\",\"potentialAction\":[{\"@type\":\"SearchAction\",\"target\":{\"@type\":\"EntryPoint\",\"urlTemplate\":\"https:\\\/\\\/bilasmidurinn.is\\\/?s={search_term_string}\"},\"query-input\":{\"@type\":\"PropertyValueSpecification\",\"valueRequired\":true,\"valueName\":\"search_term_string\"}}],\"inLanguage\":\"pl-PL\"}]}<\/script>\n<!-- \/ Yoast SEO plugin. -->","yoast_head_json":{"title":"LED bar PRO-MULTI-STREAM 510mm 2000Lm, me\u00f0 var\u00fa\u00f0arlj\u00f3sum - B&iacute;lasmi&eth;urinn","robots":{"index":"index","follow":"follow","max-snippet":"max-snippet:-1","max-image-preview":"max-image-preview:large","max-video-preview":"max-video-preview:-1"},"canonical":"https:\/\/bilasmidurinn.is\/pl\/vefverslun\/ljos\/varudarljos\/led-bar-pro-multi-stream-510mm-2000lm-med-varudarljosum\/","og_locale":"pl_PL","og_type":"article","og_title":"LED bar PRO-MULTI-STREAM 510mm 2000Lm, me\u00f0 var\u00fa\u00f0arlj\u00f3sum - B&iacute;lasmi&eth;urinn","og_description":"LED bar Pro-Multi-Stream\u00a0 lj\u00f3skastari me\u00f0 var\u00f0\u00fa\u00f0arlj\u00f3sum 510mm langur","og_url":"https:\/\/bilasmidurinn.is\/pl\/vefverslun\/ljos\/varudarljos\/led-bar-pro-multi-stream-510mm-2000lm-med-varudarljosum\/","og_site_name":"B&iacute;lasmi&eth;urinn","og_image":[{"width":453,"height":340,"url":"https:\/\/bilasmidurinn.is\/wp-content\/uploads\/2022\/11\/40435503_0.jpg","type":"image\/jpeg"}],"twitter_card":"summary_large_image","twitter_misc":{"Szacowany czas czytania":"1 minuta"},"schema":{"@context":"https:\/\/schema.org","@graph":[{"@type":"WebPage","@id":"https:\/\/bilasmidurinn.is\/en\/vefverslun\/ljos\/varudarljos\/led-bar-pro-multi-stream-510mm-2000lm-med-varudarljosum\/","url":"https:\/\/bilasmidurinn.is\/en\/vefverslun\/ljos\/varudarljos\/led-bar-pro-multi-stream-510mm-2000lm-med-varudarljosum\/","name":"LED bar PRO-MULTI-STREAM 510mm 2000Lm, me\u00f0 var\u00fa\u00f0arlj\u00f3sum - B&iacute;lasmi&eth;urinn","isPartOf":{"@id":"https:\/\/bilasmidurinn.is\/#website"},"primaryImageOfPage":{"@id":"https:\/\/bilasmidurinn.is\/en\/vefverslun\/ljos\/varudarljos\/led-bar-pro-multi-stream-510mm-2000lm-med-varudarljosum\/#primaryimage"},"image":{"@id":"https:\/\/bilasmidurinn.is\/en\/vefverslun\/ljos\/varudarljos\/led-bar-pro-multi-stream-510mm-2000lm-med-varudarljosum\/#primaryimage"},"thumbnailUrl":"https:\/\/bilasmidurinn.is\/wp-content\/uploads\/2022\/11\/40435503_0.jpg","datePublished":"2022-11-08T20:16:24+00:00","breadcrumb":{"@id":"https:\/\/bilasmidurinn.is\/en\/vefverslun\/ljos\/varudarljos\/led-bar-pro-multi-stream-510mm-2000lm-med-varudarljosum\/#breadcrumb"},"inLanguage":"pl-PL","potentialAction":[{"@type":"ReadAction","target":["https:\/\/bilasmidurinn.is\/en\/vefverslun\/ljos\/varudarljos\/led-bar-pro-multi-stream-510mm-2000lm-med-varudarljosum\/"]}]},{"@type":"ImageObject","inLanguage":"pl-PL","@id":"https:\/\/bilasmidurinn.is\/en\/vefverslun\/ljos\/varudarljos\/led-bar-pro-multi-stream-510mm-2000lm-med-varudarljosum\/#primaryimage","url":"https:\/\/bilasmidurinn.is\/wp-content\/uploads\/2022\/11\/40435503_0.jpg","contentUrl":"https:\/\/bilasmidurinn.is\/wp-content\/uploads\/2022\/11\/40435503_0.jpg","width":453,"height":340},{"@type":"BreadcrumbList","@id":"https:\/\/bilasmidurinn.is\/en\/vefverslun\/ljos\/varudarljos\/led-bar-pro-multi-stream-510mm-2000lm-med-varudarljosum\/#breadcrumb","itemListElement":[{"@type":"ListItem","position":1,"name":"Home","item":"https:\/\/bilasmidurinn.is\/"},{"@type":"ListItem","position":2,"name":"V\u00f6rur \u00ed verslun","item":"https:\/\/bilasmidurinn.is\/vefverslun\/"},{"@type":"ListItem","position":3,"name":"LED bar PRO-MULTI-STREAM 510mm 2000Lm, me\u00f0 var\u00fa\u00f0arlj\u00f3sum"}]},{"@type":"WebSite","@id":"https:\/\/bilasmidurinn.is\/#website","url":"https:\/\/bilasmidurinn.is\/","name":"B&iacute;lasmi&eth;urinn","description":"All sem &thorn;&uacute; &thorn;arft &iacute; t&aelig;ki&eth;","potentialAction":[{"@type":"SearchAction","target":{"@type":"EntryPoint","urlTemplate":"https:\/\/bilasmidurinn.is\/?s={search_term_string}"},"query-input":{"@type":"PropertyValueSpecification","valueRequired":true,"valueName":"search_term_string"}}],"inLanguage":"pl-PL"}]}},"_links":{"self":[{"href":"https:\/\/bilasmidurinn.is\/pl\/wp-json\/wp\/v2\/product\/14937","targetHints":{"allow":["GET"]}}],"collection":[{"href":"https:\/\/bilasmidurinn.is\/pl\/wp-json\/wp\/v2\/product"}],"about":[{"href":"https:\/\/bilasmidurinn.is\/pl\/wp-json\/wp\/v2\/types\/product"}],"wp:featuredmedia":[{"embeddable":true,"href":"https:\/\/bilasmidurinn.is\/pl\/wp-json\/wp\/v2\/media\/14938"}],"wp:attachment":[{"href":"https:\/\/bilasmidurinn.is\/pl\/wp-json\/wp\/v2\/media?parent=14937"}],"wp:term":[{"taxonomy":"product_brand","embeddable":true,"href":"https:\/\/bilasmidurinn.is\/pl\/wp-json\/wp\/v2\/product_brand?post=14937"},{"taxonomy":"product_cat","embeddable":true,"href":"https:\/\/bilasmidurinn.is\/pl\/wp-json\/wp\/v2\/product_cat?post=14937"},{"taxonomy":"product_tag","embeddable":true,"href":"https:\/\/bilasmidurinn.is\/pl\/wp-json\/wp\/v2\/product_tag?post=14937"}],"curies":[{"name":"wp","href":"https:\/\/api.w.org\/{rel}","templated":true}]}}