{"id":14909,"date":"2022-11-01T16:20:20","date_gmt":"2022-11-01T16:20:20","guid":{"rendered":"https:\/\/bilasmidurinn.is\/?post_type=product&#038;p=14909"},"modified":"2023-05-12T11:04:00","modified_gmt":"2023-05-12T11:04:00","slug":"led-bar-180w-550cm-tvofold-rod-15120lm-12-28v","status":"publish","type":"product","link":"https:\/\/bilasmidurinn.is\/pl\/vefverslun\/ljos\/ljoskastarar\/led-bar-180w-550cm-tvofold-rod-15120lm-12-28v\/","title":{"rendered":"Listwa LED 180W reflektor 21\u2033 550cm dwurz\u0119dowy 15120Lm 12\/28v E9 EXPLORER"},"content":{"rendered":"<p>Listwa \u015bwietlna LED podw\u00f3jna 15120Lm 180W. akumulator nap\u0119dowy, niesamowicie mocny. Soczewka rozci\u0105ga si\u0119 a\u017c do kraw\u0119dzi i nie kumuluje.<\/p>\n<p>Diody LED 12\/28v 36x5w. jednostki. 550x77x56mm<\/p>\n<p>IP67 ECE R10 R112 Homologacja typu E.<\/p>\n<p>Niet\u0142uk\u0105ca soczewka z poliw\u0119glanu, aluminiowa obudowa i nierdzewne elementy mocuj\u0105ce.<\/p>\n<p>Niemiecki port<\/p>\n<p>Zasi\u0119g 650m<\/p>","protected":false},"excerpt":{"rendered":"<p>Listwa LED do \u015bwiate\u0142 drogowych 1520Lm 180W dual 12\/24v 650m zasi\u0119g, nierdzewne okucia i wodoodporne z\u0142\u0105cze Deutche.<\/p>","protected":false},"featured_media":14910,"template":"","meta":[],"product_brand":[7927],"product_cat":[7893,8042],"product_tag":[],"class_list":{"0":"post-14909","1":"product","2":"type-product","3":"status-publish","4":"has-post-thumbnail","6":"product_brand-www-247lighting-net","7":"product_cat-ljos","8":"product_cat-ljoskastarar","10":"first","11":"instock","12":"shipping-taxable","13":"product-type-simple"},"yoast_head":"<!-- This site is optimized with the Yoast SEO plugin v27.5 - https:\/\/yoast.com\/product\/yoast-seo-wordpress\/ -->\n<title>LED bar 180W lj\u00f3skastari 21&quot; 550cm tv\u00f6f\u00f6ld r\u00f6\u00f0 15120Lm 12\/28v E9 EXPLORER - B&iacute;lasmi&eth;urinn<\/title>\n<meta name=\"robots\" content=\"index, follow, max-snippet:-1, max-image-preview:large, max-video-preview:-1\" \/>\n<link rel=\"canonical\" href=\"https:\/\/bilasmidurinn.is\/pl\/vefverslun\/ljos\/ljoskastarar\/led-bar-180w-550cm-tvofold-rod-15120lm-12-28v\/\" \/>\n<meta property=\"og:locale\" content=\"pl_PL\" \/>\n<meta property=\"og:type\" content=\"article\" \/>\n<meta property=\"og:title\" content=\"LED bar 180W lj\u00f3skastari 21&quot; 550cm tv\u00f6f\u00f6ld r\u00f6\u00f0 15120Lm 12\/28v E9 EXPLORER - B&iacute;lasmi&eth;urinn\" \/>\n<meta property=\"og:description\" content=\"LED bar \u00f6kulj\u00f3s 1520Lm\u00a0 180W\u00a0 tv\u00f6faldur\u00a0 12\/24v\u00a0\u00a0 650m dr\u00e6gni, ry\u00f0fr\u00edar festingar og vatnsheld Deutche tengi.\" \/>\n<meta property=\"og:url\" content=\"https:\/\/bilasmidurinn.is\/pl\/vefverslun\/ljos\/ljoskastarar\/led-bar-180w-550cm-tvofold-rod-15120lm-12-28v\/\" \/>\n<meta property=\"og:site_name\" content=\"B&iacute;lasmi&eth;urinn\" \/>\n<meta property=\"article:modified_time\" content=\"2023-05-12T11:04:00+00:00\" \/>\n<meta property=\"og:image\" content=\"https:\/\/bilasmidurinn.is\/wp-content\/uploads\/2022\/11\/CA6147.png\" \/>\n\t<meta property=\"og:image:width\" content=\"500\" \/>\n\t<meta property=\"og:image:height\" content=\"500\" \/>\n\t<meta property=\"og:image:type\" content=\"image\/png\" \/>\n<meta name=\"twitter:card\" content=\"summary_large_image\" \/>\n<script type=\"application\/ld+json\" class=\"yoast-schema-graph\">{\"@context\":\"https:\\\/\\\/schema.org\",\"@graph\":[{\"@type\":\"WebPage\",\"@id\":\"https:\\\/\\\/bilasmidurinn.is\\\/vefverslun\\\/ljos\\\/ljoskastarar\\\/led-bar-180w-550cm-tvofold-rod-15120lm-12-28v\\\/\",\"url\":\"https:\\\/\\\/bilasmidurinn.is\\\/vefverslun\\\/ljos\\\/ljoskastarar\\\/led-bar-180w-550cm-tvofold-rod-15120lm-12-28v\\\/\",\"name\":\"LED bar 180W lj\u00f3skastari 21\\\" 550cm tv\u00f6f\u00f6ld r\u00f6\u00f0 15120Lm 12\\\/28v E9 EXPLORER - B&iacute;lasmi&eth;urinn\",\"isPartOf\":{\"@id\":\"https:\\\/\\\/bilasmidurinn.is\\\/#website\"},\"primaryImageOfPage\":{\"@id\":\"https:\\\/\\\/bilasmidurinn.is\\\/vefverslun\\\/ljos\\\/ljoskastarar\\\/led-bar-180w-550cm-tvofold-rod-15120lm-12-28v\\\/#primaryimage\"},\"image\":{\"@id\":\"https:\\\/\\\/bilasmidurinn.is\\\/vefverslun\\\/ljos\\\/ljoskastarar\\\/led-bar-180w-550cm-tvofold-rod-15120lm-12-28v\\\/#primaryimage\"},\"thumbnailUrl\":\"https:\\\/\\\/bilasmidurinn.is\\\/wp-content\\\/uploads\\\/2022\\\/11\\\/CA6147.png\",\"datePublished\":\"2022-11-01T16:20:20+00:00\",\"dateModified\":\"2023-05-12T11:04:00+00:00\",\"breadcrumb\":{\"@id\":\"https:\\\/\\\/bilasmidurinn.is\\\/vefverslun\\\/ljos\\\/ljoskastarar\\\/led-bar-180w-550cm-tvofold-rod-15120lm-12-28v\\\/#breadcrumb\"},\"inLanguage\":\"pl-PL\",\"potentialAction\":[{\"@type\":\"ReadAction\",\"target\":[\"https:\\\/\\\/bilasmidurinn.is\\\/vefverslun\\\/ljos\\\/ljoskastarar\\\/led-bar-180w-550cm-tvofold-rod-15120lm-12-28v\\\/\"]}]},{\"@type\":\"ImageObject\",\"inLanguage\":\"pl-PL\",\"@id\":\"https:\\\/\\\/bilasmidurinn.is\\\/vefverslun\\\/ljos\\\/ljoskastarar\\\/led-bar-180w-550cm-tvofold-rod-15120lm-12-28v\\\/#primaryimage\",\"url\":\"https:\\\/\\\/bilasmidurinn.is\\\/wp-content\\\/uploads\\\/2022\\\/11\\\/CA6147.png\",\"contentUrl\":\"https:\\\/\\\/bilasmidurinn.is\\\/wp-content\\\/uploads\\\/2022\\\/11\\\/CA6147.png\",\"width\":500,\"height\":500},{\"@type\":\"BreadcrumbList\",\"@id\":\"https:\\\/\\\/bilasmidurinn.is\\\/vefverslun\\\/ljos\\\/ljoskastarar\\\/led-bar-180w-550cm-tvofold-rod-15120lm-12-28v\\\/#breadcrumb\",\"itemListElement\":[{\"@type\":\"ListItem\",\"position\":1,\"name\":\"Home\",\"item\":\"https:\\\/\\\/bilasmidurinn.is\\\/\"},{\"@type\":\"ListItem\",\"position\":2,\"name\":\"V\u00f6rur \u00ed verslun\",\"item\":\"https:\\\/\\\/bilasmidurinn.is\\\/vefverslun\\\/\"},{\"@type\":\"ListItem\",\"position\":3,\"name\":\"LED bar 180W lj\u00f3skastari 21&#8243; 550cm tv\u00f6f\u00f6ld r\u00f6\u00f0 15120Lm 12\\\/28v E9 EXPLORER\"}]},{\"@type\":\"WebSite\",\"@id\":\"https:\\\/\\\/bilasmidurinn.is\\\/#website\",\"url\":\"https:\\\/\\\/bilasmidurinn.is\\\/\",\"name\":\"B&iacute;lasmi&eth;urinn\",\"description\":\"All sem &thorn;&uacute; &thorn;arft &iacute; t&aelig;ki&eth;\",\"potentialAction\":[{\"@type\":\"SearchAction\",\"target\":{\"@type\":\"EntryPoint\",\"urlTemplate\":\"https:\\\/\\\/bilasmidurinn.is\\\/?s={search_term_string}\"},\"query-input\":{\"@type\":\"PropertyValueSpecification\",\"valueRequired\":true,\"valueName\":\"search_term_string\"}}],\"inLanguage\":\"pl-PL\"}]}<\/script>\n<!-- \/ Yoast SEO plugin. -->","yoast_head_json":{"title":"LED bar 180W lj\u00f3skastari 21\" 550cm tv\u00f6f\u00f6ld r\u00f6\u00f0 15120Lm 12\/28v E9 EXPLORER - B&iacute;lasmi&eth;urinn","robots":{"index":"index","follow":"follow","max-snippet":"max-snippet:-1","max-image-preview":"max-image-preview:large","max-video-preview":"max-video-preview:-1"},"canonical":"https:\/\/bilasmidurinn.is\/pl\/vefverslun\/ljos\/ljoskastarar\/led-bar-180w-550cm-tvofold-rod-15120lm-12-28v\/","og_locale":"pl_PL","og_type":"article","og_title":"LED bar 180W lj\u00f3skastari 21\" 550cm tv\u00f6f\u00f6ld r\u00f6\u00f0 15120Lm 12\/28v E9 EXPLORER - B&iacute;lasmi&eth;urinn","og_description":"LED bar \u00f6kulj\u00f3s 1520Lm\u00a0 180W\u00a0 tv\u00f6faldur\u00a0 12\/24v\u00a0\u00a0 650m dr\u00e6gni, ry\u00f0fr\u00edar festingar og vatnsheld Deutche tengi.","og_url":"https:\/\/bilasmidurinn.is\/pl\/vefverslun\/ljos\/ljoskastarar\/led-bar-180w-550cm-tvofold-rod-15120lm-12-28v\/","og_site_name":"B&iacute;lasmi&eth;urinn","article_modified_time":"2023-05-12T11:04:00+00:00","og_image":[{"width":500,"height":500,"url":"https:\/\/bilasmidurinn.is\/wp-content\/uploads\/2022\/11\/CA6147.png","type":"image\/png"}],"twitter_card":"summary_large_image","schema":{"@context":"https:\/\/schema.org","@graph":[{"@type":"WebPage","@id":"https:\/\/bilasmidurinn.is\/vefverslun\/ljos\/ljoskastarar\/led-bar-180w-550cm-tvofold-rod-15120lm-12-28v\/","url":"https:\/\/bilasmidurinn.is\/vefverslun\/ljos\/ljoskastarar\/led-bar-180w-550cm-tvofold-rod-15120lm-12-28v\/","name":"LED bar 180W lj\u00f3skastari 21\" 550cm tv\u00f6f\u00f6ld r\u00f6\u00f0 15120Lm 12\/28v E9 EXPLORER - B&iacute;lasmi&eth;urinn","isPartOf":{"@id":"https:\/\/bilasmidurinn.is\/#website"},"primaryImageOfPage":{"@id":"https:\/\/bilasmidurinn.is\/vefverslun\/ljos\/ljoskastarar\/led-bar-180w-550cm-tvofold-rod-15120lm-12-28v\/#primaryimage"},"image":{"@id":"https:\/\/bilasmidurinn.is\/vefverslun\/ljos\/ljoskastarar\/led-bar-180w-550cm-tvofold-rod-15120lm-12-28v\/#primaryimage"},"thumbnailUrl":"https:\/\/bilasmidurinn.is\/wp-content\/uploads\/2022\/11\/CA6147.png","datePublished":"2022-11-01T16:20:20+00:00","dateModified":"2023-05-12T11:04:00+00:00","breadcrumb":{"@id":"https:\/\/bilasmidurinn.is\/vefverslun\/ljos\/ljoskastarar\/led-bar-180w-550cm-tvofold-rod-15120lm-12-28v\/#breadcrumb"},"inLanguage":"pl-PL","potentialAction":[{"@type":"ReadAction","target":["https:\/\/bilasmidurinn.is\/vefverslun\/ljos\/ljoskastarar\/led-bar-180w-550cm-tvofold-rod-15120lm-12-28v\/"]}]},{"@type":"ImageObject","inLanguage":"pl-PL","@id":"https:\/\/bilasmidurinn.is\/vefverslun\/ljos\/ljoskastarar\/led-bar-180w-550cm-tvofold-rod-15120lm-12-28v\/#primaryimage","url":"https:\/\/bilasmidurinn.is\/wp-content\/uploads\/2022\/11\/CA6147.png","contentUrl":"https:\/\/bilasmidurinn.is\/wp-content\/uploads\/2022\/11\/CA6147.png","width":500,"height":500},{"@type":"BreadcrumbList","@id":"https:\/\/bilasmidurinn.is\/vefverslun\/ljos\/ljoskastarar\/led-bar-180w-550cm-tvofold-rod-15120lm-12-28v\/#breadcrumb","itemListElement":[{"@type":"ListItem","position":1,"name":"Home","item":"https:\/\/bilasmidurinn.is\/"},{"@type":"ListItem","position":2,"name":"V\u00f6rur \u00ed verslun","item":"https:\/\/bilasmidurinn.is\/vefverslun\/"},{"@type":"ListItem","position":3,"name":"LED bar 180W lj\u00f3skastari 21&#8243; 550cm tv\u00f6f\u00f6ld r\u00f6\u00f0 15120Lm 12\/28v E9 EXPLORER"}]},{"@type":"WebSite","@id":"https:\/\/bilasmidurinn.is\/#website","url":"https:\/\/bilasmidurinn.is\/","name":"B&iacute;lasmi&eth;urinn","description":"All sem &thorn;&uacute; &thorn;arft &iacute; t&aelig;ki&eth;","potentialAction":[{"@type":"SearchAction","target":{"@type":"EntryPoint","urlTemplate":"https:\/\/bilasmidurinn.is\/?s={search_term_string}"},"query-input":{"@type":"PropertyValueSpecification","valueRequired":true,"valueName":"search_term_string"}}],"inLanguage":"pl-PL"}]}},"_links":{"self":[{"href":"https:\/\/bilasmidurinn.is\/pl\/wp-json\/wp\/v2\/product\/14909","targetHints":{"allow":["GET"]}}],"collection":[{"href":"https:\/\/bilasmidurinn.is\/pl\/wp-json\/wp\/v2\/product"}],"about":[{"href":"https:\/\/bilasmidurinn.is\/pl\/wp-json\/wp\/v2\/types\/product"}],"wp:featuredmedia":[{"embeddable":true,"href":"https:\/\/bilasmidurinn.is\/pl\/wp-json\/wp\/v2\/media\/14910"}],"wp:attachment":[{"href":"https:\/\/bilasmidurinn.is\/pl\/wp-json\/wp\/v2\/media?parent=14909"}],"wp:term":[{"taxonomy":"product_brand","embeddable":true,"href":"https:\/\/bilasmidurinn.is\/pl\/wp-json\/wp\/v2\/product_brand?post=14909"},{"taxonomy":"product_cat","embeddable":true,"href":"https:\/\/bilasmidurinn.is\/pl\/wp-json\/wp\/v2\/product_cat?post=14909"},{"taxonomy":"product_tag","embeddable":true,"href":"https:\/\/bilasmidurinn.is\/pl\/wp-json\/wp\/v2\/product_tag?post=14909"}],"curies":[{"name":"wp","href":"https:\/\/api.w.org\/{rel}","templated":true}]}}