{"id":14838,"date":"2022-10-20T20:12:41","date_gmt":"2022-10-20T20:12:41","guid":{"rendered":"https:\/\/bilasmidurinn.is\/?post_type=product&#038;p=14838"},"modified":"2023-10-18T17:12:00","modified_gmt":"2023-10-18T17:12:00","slug":"relay-box-med-8-takka-rofabordi","status":"publish","type":"product","link":"https:\/\/bilasmidurinn.is\/pl\/vefverslun\/rafmagnsvorur\/rafmagnsvorur-rafmagnsvorur\/skor-og-tengi\/relay-box-med-8-takka-rofabordi\/","title":{"rendered":"Skrzynka przeka\u017anikowa z 8-przyciskow\u0105 tablic\u0105 rozdzielcz\u0105"},"content":{"rendered":"<p>Skrzynka przeka\u017anikowa z 8-przyciskow\u0105 central\u0105 12-24v dla np. dodatkowych \u015bwiate\u0142 lub innych u\u017cytkownik\u00f3w.<\/p>\n<p>Maksymalnie 60A lub 720W przy 12v,<\/p>\n<p>Wyj\u015bcia 1 i 5 to 30 A, wyj\u015bcia 2 i 6 to 20 A, wyj\u015bcia 3 i 7 to 10 A, a wyj\u015bcia 4 i 8 to 5 A, dioda LED dla ka\u017cdego bezpiecznika. Maksymalne obci\u0105\u017cenie wyj\u015bcia nie mo\u017ce przekracza\u0107 25 A na kana\u0142 przy 12 V<\/p>\n<p>Wbudowany Bluetooth do kontroli aplikacji, mo\u017cna zaprogramowa\u0107 tak, aby ka\u017cdy przycisk m\u00f3g\u0142 mie\u0107 do 3 r\u00f3\u017cnych tryb\u00f3w, - W\u0141.\/WY\u0141. i stroboskop, je\u015bli zostanie przytrzymany przez kilka sekund.<\/p>\n<p>Zabezpieczony przed przegrzaniem, zwarciem i odwrotn\u0105 polaryzacj\u0105, pod\u015bwietlenie klawiszy z mo\u017cliwo\u015bci\u0105 zmiany koloru.<\/p>\n<p>Nast\u0119puje wiele znacze\u0144. 3 lata gwarancji<\/p>","protected":false},"excerpt":{"rendered":"<p>Klawiatura z programowaln\u0105 skrzynk\u0105 przeka\u017anik\u00f3w dla 8 u\u017cytkownik\u00f3w, bluetooth + aplikacja 12\/24v<\/p>","protected":false},"featured_media":14839,"template":"","meta":[],"product_brand":[8049],"product_cat":[7893,8050,8042,7969,8008,8022,8007,8012],"product_tag":[],"class_list":{"0":"post-14838","1":"product","2":"type-product","3":"status-publish","4":"has-post-thumbnail","6":"product_brand-vool","7":"product_cat-ljos","8":"product_cat-ljosagrindur","9":"product_cat-ljoskastarar","10":"product_cat-rafmagnsvorur","11":"product_cat-rofar","12":"product_cat-skor-og-tengi","13":"product_cat-varudarljos","14":"product_cat-vinnuljos-ljos","16":"first","17":"instock","18":"shipping-taxable","19":"product-type-simple"},"yoast_head":"<!-- This site is optimized with the Yoast SEO plugin v27.4 - https:\/\/yoast.com\/product\/yoast-seo-wordpress\/ -->\n<title>Relay box me\u00f0 8 takka rofabor\u00f0i - B&iacute;lasmi&eth;urinn<\/title>\n<meta name=\"robots\" content=\"index, follow, max-snippet:-1, max-image-preview:large, max-video-preview:-1\" \/>\n<link rel=\"canonical\" href=\"https:\/\/bilasmidurinn.is\/pl\/vefverslun\/rafmagnsvorur\/rafmagnsvorur-rafmagnsvorur\/skor-og-tengi\/relay-box-med-8-takka-rofabordi\/\" \/>\n<meta property=\"og:locale\" content=\"pl_PL\" \/>\n<meta property=\"og:type\" content=\"article\" \/>\n<meta property=\"og:title\" content=\"Relay box me\u00f0 8 takka rofabor\u00f0i - B&iacute;lasmi&eth;urinn\" \/>\n<meta property=\"og:description\" content=\"Takkabor\u00f0 me\u00f0 relayboxi sem er forritanlegt fyrir 8x notendur, bluetooth + App\u00a0 12\/24v\" \/>\n<meta property=\"og:url\" content=\"https:\/\/bilasmidurinn.is\/pl\/vefverslun\/rafmagnsvorur\/rafmagnsvorur-rafmagnsvorur\/skor-og-tengi\/relay-box-med-8-takka-rofabordi\/\" \/>\n<meta property=\"og:site_name\" content=\"B&iacute;lasmi&eth;urinn\" \/>\n<meta property=\"article:modified_time\" content=\"2023-10-18T17:12:00+00:00\" \/>\n<meta property=\"og:image\" content=\"https:\/\/bilasmidurinn.is\/wp-content\/uploads\/2022\/10\/V50-176_1.png\" \/>\n\t<meta property=\"og:image:width\" content=\"400\" \/>\n\t<meta property=\"og:image:height\" content=\"325\" \/>\n\t<meta property=\"og:image:type\" content=\"image\/png\" \/>\n<meta name=\"twitter:card\" content=\"summary_large_image\" \/>\n<meta name=\"twitter:label1\" content=\"Szacowany czas czytania\" \/>\n\t<meta name=\"twitter:data1\" content=\"1 minuta\" \/>\n<script type=\"application\/ld+json\" class=\"yoast-schema-graph\">{\"@context\":\"https:\\\/\\\/schema.org\",\"@graph\":[{\"@type\":\"WebPage\",\"@id\":\"https:\\\/\\\/bilasmidurinn.is\\\/vefverslun\\\/rafmagnsvorur\\\/rafmagnsvorur-rafmagnsvorur\\\/skor-og-tengi\\\/relay-box-med-8-takka-rofabordi\\\/\",\"url\":\"https:\\\/\\\/bilasmidurinn.is\\\/vefverslun\\\/rafmagnsvorur\\\/rafmagnsvorur-rafmagnsvorur\\\/skor-og-tengi\\\/relay-box-med-8-takka-rofabordi\\\/\",\"name\":\"Relay box me\u00f0 8 takka rofabor\u00f0i - B&iacute;lasmi&eth;urinn\",\"isPartOf\":{\"@id\":\"https:\\\/\\\/bilasmidurinn.is\\\/#website\"},\"primaryImageOfPage\":{\"@id\":\"https:\\\/\\\/bilasmidurinn.is\\\/vefverslun\\\/rafmagnsvorur\\\/rafmagnsvorur-rafmagnsvorur\\\/skor-og-tengi\\\/relay-box-med-8-takka-rofabordi\\\/#primaryimage\"},\"image\":{\"@id\":\"https:\\\/\\\/bilasmidurinn.is\\\/vefverslun\\\/rafmagnsvorur\\\/rafmagnsvorur-rafmagnsvorur\\\/skor-og-tengi\\\/relay-box-med-8-takka-rofabordi\\\/#primaryimage\"},\"thumbnailUrl\":\"https:\\\/\\\/bilasmidurinn.is\\\/wp-content\\\/uploads\\\/2022\\\/10\\\/V50-176_1.png\",\"datePublished\":\"2022-10-20T20:12:41+00:00\",\"dateModified\":\"2023-10-18T17:12:00+00:00\",\"breadcrumb\":{\"@id\":\"https:\\\/\\\/bilasmidurinn.is\\\/vefverslun\\\/rafmagnsvorur\\\/rafmagnsvorur-rafmagnsvorur\\\/skor-og-tengi\\\/relay-box-med-8-takka-rofabordi\\\/#breadcrumb\"},\"inLanguage\":\"pl-PL\",\"potentialAction\":[{\"@type\":\"ReadAction\",\"target\":[\"https:\\\/\\\/bilasmidurinn.is\\\/vefverslun\\\/rafmagnsvorur\\\/rafmagnsvorur-rafmagnsvorur\\\/skor-og-tengi\\\/relay-box-med-8-takka-rofabordi\\\/\"]}]},{\"@type\":\"ImageObject\",\"inLanguage\":\"pl-PL\",\"@id\":\"https:\\\/\\\/bilasmidurinn.is\\\/vefverslun\\\/rafmagnsvorur\\\/rafmagnsvorur-rafmagnsvorur\\\/skor-og-tengi\\\/relay-box-med-8-takka-rofabordi\\\/#primaryimage\",\"url\":\"https:\\\/\\\/bilasmidurinn.is\\\/wp-content\\\/uploads\\\/2022\\\/10\\\/V50-176_1.png\",\"contentUrl\":\"https:\\\/\\\/bilasmidurinn.is\\\/wp-content\\\/uploads\\\/2022\\\/10\\\/V50-176_1.png\",\"width\":400,\"height\":325},{\"@type\":\"BreadcrumbList\",\"@id\":\"https:\\\/\\\/bilasmidurinn.is\\\/vefverslun\\\/rafmagnsvorur\\\/rafmagnsvorur-rafmagnsvorur\\\/skor-og-tengi\\\/relay-box-med-8-takka-rofabordi\\\/#breadcrumb\",\"itemListElement\":[{\"@type\":\"ListItem\",\"position\":1,\"name\":\"Home\",\"item\":\"https:\\\/\\\/bilasmidurinn.is\\\/\"},{\"@type\":\"ListItem\",\"position\":2,\"name\":\"V\u00f6rur \u00ed verslun\",\"item\":\"https:\\\/\\\/bilasmidurinn.is\\\/vefverslun\\\/\"},{\"@type\":\"ListItem\",\"position\":3,\"name\":\"Relay box me\u00f0 8 takka rofabor\u00f0i\"}]},{\"@type\":\"WebSite\",\"@id\":\"https:\\\/\\\/bilasmidurinn.is\\\/#website\",\"url\":\"https:\\\/\\\/bilasmidurinn.is\\\/\",\"name\":\"B&iacute;lasmi&eth;urinn\",\"description\":\"All sem &thorn;&uacute; &thorn;arft &iacute; t&aelig;ki&eth;\",\"potentialAction\":[{\"@type\":\"SearchAction\",\"target\":{\"@type\":\"EntryPoint\",\"urlTemplate\":\"https:\\\/\\\/bilasmidurinn.is\\\/?s={search_term_string}\"},\"query-input\":{\"@type\":\"PropertyValueSpecification\",\"valueRequired\":true,\"valueName\":\"search_term_string\"}}],\"inLanguage\":\"pl-PL\"}]}<\/script>\n<!-- \/ Yoast SEO plugin. -->","yoast_head_json":{"title":"Relay box me\u00f0 8 takka rofabor\u00f0i - B&iacute;lasmi&eth;urinn","robots":{"index":"index","follow":"follow","max-snippet":"max-snippet:-1","max-image-preview":"max-image-preview:large","max-video-preview":"max-video-preview:-1"},"canonical":"https:\/\/bilasmidurinn.is\/pl\/vefverslun\/rafmagnsvorur\/rafmagnsvorur-rafmagnsvorur\/skor-og-tengi\/relay-box-med-8-takka-rofabordi\/","og_locale":"pl_PL","og_type":"article","og_title":"Relay box me\u00f0 8 takka rofabor\u00f0i - B&iacute;lasmi&eth;urinn","og_description":"Takkabor\u00f0 me\u00f0 relayboxi sem er forritanlegt fyrir 8x notendur, bluetooth + App\u00a0 12\/24v","og_url":"https:\/\/bilasmidurinn.is\/pl\/vefverslun\/rafmagnsvorur\/rafmagnsvorur-rafmagnsvorur\/skor-og-tengi\/relay-box-med-8-takka-rofabordi\/","og_site_name":"B&iacute;lasmi&eth;urinn","article_modified_time":"2023-10-18T17:12:00+00:00","og_image":[{"width":400,"height":325,"url":"https:\/\/bilasmidurinn.is\/wp-content\/uploads\/2022\/10\/V50-176_1.png","type":"image\/png"}],"twitter_card":"summary_large_image","twitter_misc":{"Szacowany czas czytania":"1 minuta"},"schema":{"@context":"https:\/\/schema.org","@graph":[{"@type":"WebPage","@id":"https:\/\/bilasmidurinn.is\/vefverslun\/rafmagnsvorur\/rafmagnsvorur-rafmagnsvorur\/skor-og-tengi\/relay-box-med-8-takka-rofabordi\/","url":"https:\/\/bilasmidurinn.is\/vefverslun\/rafmagnsvorur\/rafmagnsvorur-rafmagnsvorur\/skor-og-tengi\/relay-box-med-8-takka-rofabordi\/","name":"Relay box me\u00f0 8 takka rofabor\u00f0i - B&iacute;lasmi&eth;urinn","isPartOf":{"@id":"https:\/\/bilasmidurinn.is\/#website"},"primaryImageOfPage":{"@id":"https:\/\/bilasmidurinn.is\/vefverslun\/rafmagnsvorur\/rafmagnsvorur-rafmagnsvorur\/skor-og-tengi\/relay-box-med-8-takka-rofabordi\/#primaryimage"},"image":{"@id":"https:\/\/bilasmidurinn.is\/vefverslun\/rafmagnsvorur\/rafmagnsvorur-rafmagnsvorur\/skor-og-tengi\/relay-box-med-8-takka-rofabordi\/#primaryimage"},"thumbnailUrl":"https:\/\/bilasmidurinn.is\/wp-content\/uploads\/2022\/10\/V50-176_1.png","datePublished":"2022-10-20T20:12:41+00:00","dateModified":"2023-10-18T17:12:00+00:00","breadcrumb":{"@id":"https:\/\/bilasmidurinn.is\/vefverslun\/rafmagnsvorur\/rafmagnsvorur-rafmagnsvorur\/skor-og-tengi\/relay-box-med-8-takka-rofabordi\/#breadcrumb"},"inLanguage":"pl-PL","potentialAction":[{"@type":"ReadAction","target":["https:\/\/bilasmidurinn.is\/vefverslun\/rafmagnsvorur\/rafmagnsvorur-rafmagnsvorur\/skor-og-tengi\/relay-box-med-8-takka-rofabordi\/"]}]},{"@type":"ImageObject","inLanguage":"pl-PL","@id":"https:\/\/bilasmidurinn.is\/vefverslun\/rafmagnsvorur\/rafmagnsvorur-rafmagnsvorur\/skor-og-tengi\/relay-box-med-8-takka-rofabordi\/#primaryimage","url":"https:\/\/bilasmidurinn.is\/wp-content\/uploads\/2022\/10\/V50-176_1.png","contentUrl":"https:\/\/bilasmidurinn.is\/wp-content\/uploads\/2022\/10\/V50-176_1.png","width":400,"height":325},{"@type":"BreadcrumbList","@id":"https:\/\/bilasmidurinn.is\/vefverslun\/rafmagnsvorur\/rafmagnsvorur-rafmagnsvorur\/skor-og-tengi\/relay-box-med-8-takka-rofabordi\/#breadcrumb","itemListElement":[{"@type":"ListItem","position":1,"name":"Home","item":"https:\/\/bilasmidurinn.is\/"},{"@type":"ListItem","position":2,"name":"V\u00f6rur \u00ed verslun","item":"https:\/\/bilasmidurinn.is\/vefverslun\/"},{"@type":"ListItem","position":3,"name":"Relay box me\u00f0 8 takka rofabor\u00f0i"}]},{"@type":"WebSite","@id":"https:\/\/bilasmidurinn.is\/#website","url":"https:\/\/bilasmidurinn.is\/","name":"B&iacute;lasmi&eth;urinn","description":"All sem &thorn;&uacute; &thorn;arft &iacute; t&aelig;ki&eth;","potentialAction":[{"@type":"SearchAction","target":{"@type":"EntryPoint","urlTemplate":"https:\/\/bilasmidurinn.is\/?s={search_term_string}"},"query-input":{"@type":"PropertyValueSpecification","valueRequired":true,"valueName":"search_term_string"}}],"inLanguage":"pl-PL"}]}},"_links":{"self":[{"href":"https:\/\/bilasmidurinn.is\/pl\/wp-json\/wp\/v2\/product\/14838","targetHints":{"allow":["GET"]}}],"collection":[{"href":"https:\/\/bilasmidurinn.is\/pl\/wp-json\/wp\/v2\/product"}],"about":[{"href":"https:\/\/bilasmidurinn.is\/pl\/wp-json\/wp\/v2\/types\/product"}],"wp:featuredmedia":[{"embeddable":true,"href":"https:\/\/bilasmidurinn.is\/pl\/wp-json\/wp\/v2\/media\/14839"}],"wp:attachment":[{"href":"https:\/\/bilasmidurinn.is\/pl\/wp-json\/wp\/v2\/media?parent=14838"}],"wp:term":[{"taxonomy":"product_brand","embeddable":true,"href":"https:\/\/bilasmidurinn.is\/pl\/wp-json\/wp\/v2\/product_brand?post=14838"},{"taxonomy":"product_cat","embeddable":true,"href":"https:\/\/bilasmidurinn.is\/pl\/wp-json\/wp\/v2\/product_cat?post=14838"},{"taxonomy":"product_tag","embeddable":true,"href":"https:\/\/bilasmidurinn.is\/pl\/wp-json\/wp\/v2\/product_tag?post=14838"}],"curies":[{"name":"wp","href":"https:\/\/api.w.org\/{rel}","templated":true}]}}