{"id":14829,"date":"2022-10-20T19:50:00","date_gmt":"2022-10-20T19:50:00","guid":{"rendered":"https:\/\/bilasmidurinn.is\/?post_type=product&#038;p=14829"},"modified":"2024-03-13T18:48:27","modified_gmt":"2024-03-13T18:48:27","slug":"led-ljoskastari-v-sight-roadking-r65-e-9","status":"publish","type":"product","link":"https:\/\/bilasmidurinn.is\/pl\/vefverslun\/ljos\/ljoskastarar\/led-ljoskastari-v-sight-roadking-r65-e-9\/","title":{"rendered":"Reflektor ledowy V-SIGHT ROADKING R65 E 9\u2033"},"content":{"rendered":"<p>Dodatkowe \u015bwiat\u0142o LED V-SIGHT ROAD KING R65 E z homologacj\u0105 ekstra wysok\u0105<\/p>\n<p>9\u2033 lub 22,5 mm z kurtk\u0105 i migaj\u0105cym \u015bwiat\u0142em (\u015bwiat\u0142o ostrzegawcze)<\/p>\n<p>12500Lm 135W 9-36V 12 i 24V<\/p>\n<p>K\u0105t \u015bwiecenia 15\u00b0, ECE R148\/R10 \/R65, EMC.<\/p>\n<p>Wbudowana ochrona przed odwrotn\u0105 polaryzacj\u0105 i napi\u0119ciem<\/p>\n<p>6-pinowe z\u0142\u0105cze DT<\/p>\n<p><iframe loading=\"lazy\" title=\"V-Sight Roadking VOOL\" width=\"1020\" height=\"574\" src=\"https:\/\/www.youtube.com\/embed\/Xt_avF8kv3A?feature=oembed\" frameborder=\"0\" allow=\"accelerometer; autoplay; clipboard-write; encrypted-media; gyroscope; picture-in-picture; web-share\" allowfullscreen><\/iframe><\/p>","protected":false},"excerpt":{"rendered":"<p>LED V-SIGHT ROADKING R65 E o mocy 136W \u2013 zasi\u0119g 900m, pierwsza na rynku lampa pomocnicza LED z homologowanymi \u015bwiat\u0142ami ostrzegawczymi.<\/p>","protected":false},"featured_media":14830,"template":"","meta":[],"product_brand":[8049],"product_cat":[7893,8042],"product_tag":[],"class_list":{"0":"post-14829","1":"product","2":"type-product","3":"status-publish","4":"has-post-thumbnail","6":"product_brand-vool","7":"product_cat-ljos","8":"product_cat-ljoskastarar","10":"first","11":"instock","12":"shipping-taxable","13":"product-type-simple"},"yoast_head":"<!-- This site is optimized with the Yoast SEO plugin v27.4 - https:\/\/yoast.com\/product\/yoast-seo-wordpress\/ -->\n<title>Led lj\u00f3skastari V-SIGHT ROADKING R65 E 9&quot; - B&iacute;lasmi&eth;urinn<\/title>\n<meta name=\"robots\" content=\"index, follow, max-snippet:-1, max-image-preview:large, max-video-preview:-1\" \/>\n<link rel=\"canonical\" href=\"https:\/\/bilasmidurinn.is\/pl\/vefverslun\/ljos\/ljoskastarar\/led-ljoskastari-v-sight-roadking-r65-e-9\/\" \/>\n<meta property=\"og:locale\" content=\"pl_PL\" \/>\n<meta property=\"og:type\" content=\"article\" \/>\n<meta property=\"og:title\" content=\"Led lj\u00f3skastari V-SIGHT ROADKING R65 E 9&quot; - B&iacute;lasmi&eth;urinn\" \/>\n<meta property=\"og:description\" content=\"LED V-SIGHT ROADKING R65\u00a0 E merkt 136W - 900m dr\u00e6gni, fyrsta Led aukalj\u00f3si\u00f0 \u00e1 marka\u00f0inum sem er me\u00f0 vi\u00f0urkennd var\u00f0\u00fa\u00f0arlj\u00f3sum.\" \/>\n<meta property=\"og:url\" content=\"https:\/\/bilasmidurinn.is\/pl\/vefverslun\/ljos\/ljoskastarar\/led-ljoskastari-v-sight-roadking-r65-e-9\/\" \/>\n<meta property=\"og:site_name\" content=\"B&iacute;lasmi&eth;urinn\" \/>\n<meta property=\"article:modified_time\" content=\"2024-03-13T18:48:27+00:00\" \/>\n<meta property=\"og:image\" content=\"https:\/\/bilasmidurinn.is\/wp-content\/uploads\/2022\/10\/V50-033_1.jpg\" \/>\n\t<meta property=\"og:image:width\" content=\"746\" \/>\n\t<meta property=\"og:image:height\" content=\"597\" \/>\n\t<meta property=\"og:image:type\" content=\"image\/jpeg\" \/>\n<meta name=\"twitter:card\" content=\"summary_large_image\" \/>\n<meta name=\"twitter:label1\" content=\"Szacowany czas czytania\" \/>\n\t<meta name=\"twitter:data1\" content=\"1 minuta\" \/>\n<script type=\"application\/ld+json\" class=\"yoast-schema-graph\">{\"@context\":\"https:\\\/\\\/schema.org\",\"@graph\":[{\"@type\":\"WebPage\",\"@id\":\"https:\\\/\\\/bilasmidurinn.is\\\/vefverslun\\\/ljos\\\/ljoskastarar\\\/led-ljoskastari-v-sight-roadking-r65-e-9\\\/\",\"url\":\"https:\\\/\\\/bilasmidurinn.is\\\/vefverslun\\\/ljos\\\/ljoskastarar\\\/led-ljoskastari-v-sight-roadking-r65-e-9\\\/\",\"name\":\"Led lj\u00f3skastari V-SIGHT ROADKING R65 E 9\\\" - B&iacute;lasmi&eth;urinn\",\"isPartOf\":{\"@id\":\"https:\\\/\\\/bilasmidurinn.is\\\/#website\"},\"primaryImageOfPage\":{\"@id\":\"https:\\\/\\\/bilasmidurinn.is\\\/vefverslun\\\/ljos\\\/ljoskastarar\\\/led-ljoskastari-v-sight-roadking-r65-e-9\\\/#primaryimage\"},\"image\":{\"@id\":\"https:\\\/\\\/bilasmidurinn.is\\\/vefverslun\\\/ljos\\\/ljoskastarar\\\/led-ljoskastari-v-sight-roadking-r65-e-9\\\/#primaryimage\"},\"thumbnailUrl\":\"https:\\\/\\\/bilasmidurinn.is\\\/wp-content\\\/uploads\\\/2022\\\/10\\\/V50-033_1.jpg\",\"datePublished\":\"2022-10-20T19:50:00+00:00\",\"dateModified\":\"2024-03-13T18:48:27+00:00\",\"breadcrumb\":{\"@id\":\"https:\\\/\\\/bilasmidurinn.is\\\/vefverslun\\\/ljos\\\/ljoskastarar\\\/led-ljoskastari-v-sight-roadking-r65-e-9\\\/#breadcrumb\"},\"inLanguage\":\"pl-PL\",\"potentialAction\":[{\"@type\":\"ReadAction\",\"target\":[\"https:\\\/\\\/bilasmidurinn.is\\\/vefverslun\\\/ljos\\\/ljoskastarar\\\/led-ljoskastari-v-sight-roadking-r65-e-9\\\/\"]}]},{\"@type\":\"ImageObject\",\"inLanguage\":\"pl-PL\",\"@id\":\"https:\\\/\\\/bilasmidurinn.is\\\/vefverslun\\\/ljos\\\/ljoskastarar\\\/led-ljoskastari-v-sight-roadking-r65-e-9\\\/#primaryimage\",\"url\":\"https:\\\/\\\/bilasmidurinn.is\\\/wp-content\\\/uploads\\\/2022\\\/10\\\/V50-033_1.jpg\",\"contentUrl\":\"https:\\\/\\\/bilasmidurinn.is\\\/wp-content\\\/uploads\\\/2022\\\/10\\\/V50-033_1.jpg\",\"width\":746,\"height\":597},{\"@type\":\"BreadcrumbList\",\"@id\":\"https:\\\/\\\/bilasmidurinn.is\\\/vefverslun\\\/ljos\\\/ljoskastarar\\\/led-ljoskastari-v-sight-roadking-r65-e-9\\\/#breadcrumb\",\"itemListElement\":[{\"@type\":\"ListItem\",\"position\":1,\"name\":\"Home\",\"item\":\"https:\\\/\\\/bilasmidurinn.is\\\/\"},{\"@type\":\"ListItem\",\"position\":2,\"name\":\"V\u00f6rur \u00ed verslun\",\"item\":\"https:\\\/\\\/bilasmidurinn.is\\\/vefverslun\\\/\"},{\"@type\":\"ListItem\",\"position\":3,\"name\":\"Led lj\u00f3skastari V-SIGHT ROADKING R65 E 9&#8243;\"}]},{\"@type\":\"WebSite\",\"@id\":\"https:\\\/\\\/bilasmidurinn.is\\\/#website\",\"url\":\"https:\\\/\\\/bilasmidurinn.is\\\/\",\"name\":\"B&iacute;lasmi&eth;urinn\",\"description\":\"All sem &thorn;&uacute; &thorn;arft &iacute; t&aelig;ki&eth;\",\"potentialAction\":[{\"@type\":\"SearchAction\",\"target\":{\"@type\":\"EntryPoint\",\"urlTemplate\":\"https:\\\/\\\/bilasmidurinn.is\\\/?s={search_term_string}\"},\"query-input\":{\"@type\":\"PropertyValueSpecification\",\"valueRequired\":true,\"valueName\":\"search_term_string\"}}],\"inLanguage\":\"pl-PL\"}]}<\/script>\n<!-- \/ Yoast SEO plugin. -->","yoast_head_json":{"title":"Led lj\u00f3skastari V-SIGHT ROADKING R65 E 9\" - B&iacute;lasmi&eth;urinn","robots":{"index":"index","follow":"follow","max-snippet":"max-snippet:-1","max-image-preview":"max-image-preview:large","max-video-preview":"max-video-preview:-1"},"canonical":"https:\/\/bilasmidurinn.is\/pl\/vefverslun\/ljos\/ljoskastarar\/led-ljoskastari-v-sight-roadking-r65-e-9\/","og_locale":"pl_PL","og_type":"article","og_title":"Led lj\u00f3skastari V-SIGHT ROADKING R65 E 9\" - B&iacute;lasmi&eth;urinn","og_description":"LED V-SIGHT ROADKING R65\u00a0 E merkt 136W - 900m dr\u00e6gni, fyrsta Led aukalj\u00f3si\u00f0 \u00e1 marka\u00f0inum sem er me\u00f0 vi\u00f0urkennd var\u00f0\u00fa\u00f0arlj\u00f3sum.","og_url":"https:\/\/bilasmidurinn.is\/pl\/vefverslun\/ljos\/ljoskastarar\/led-ljoskastari-v-sight-roadking-r65-e-9\/","og_site_name":"B&iacute;lasmi&eth;urinn","article_modified_time":"2024-03-13T18:48:27+00:00","og_image":[{"width":746,"height":597,"url":"https:\/\/bilasmidurinn.is\/wp-content\/uploads\/2022\/10\/V50-033_1.jpg","type":"image\/jpeg"}],"twitter_card":"summary_large_image","twitter_misc":{"Szacowany czas czytania":"1 minuta"},"schema":{"@context":"https:\/\/schema.org","@graph":[{"@type":"WebPage","@id":"https:\/\/bilasmidurinn.is\/vefverslun\/ljos\/ljoskastarar\/led-ljoskastari-v-sight-roadking-r65-e-9\/","url":"https:\/\/bilasmidurinn.is\/vefverslun\/ljos\/ljoskastarar\/led-ljoskastari-v-sight-roadking-r65-e-9\/","name":"Led lj\u00f3skastari V-SIGHT ROADKING R65 E 9\" - B&iacute;lasmi&eth;urinn","isPartOf":{"@id":"https:\/\/bilasmidurinn.is\/#website"},"primaryImageOfPage":{"@id":"https:\/\/bilasmidurinn.is\/vefverslun\/ljos\/ljoskastarar\/led-ljoskastari-v-sight-roadking-r65-e-9\/#primaryimage"},"image":{"@id":"https:\/\/bilasmidurinn.is\/vefverslun\/ljos\/ljoskastarar\/led-ljoskastari-v-sight-roadking-r65-e-9\/#primaryimage"},"thumbnailUrl":"https:\/\/bilasmidurinn.is\/wp-content\/uploads\/2022\/10\/V50-033_1.jpg","datePublished":"2022-10-20T19:50:00+00:00","dateModified":"2024-03-13T18:48:27+00:00","breadcrumb":{"@id":"https:\/\/bilasmidurinn.is\/vefverslun\/ljos\/ljoskastarar\/led-ljoskastari-v-sight-roadking-r65-e-9\/#breadcrumb"},"inLanguage":"pl-PL","potentialAction":[{"@type":"ReadAction","target":["https:\/\/bilasmidurinn.is\/vefverslun\/ljos\/ljoskastarar\/led-ljoskastari-v-sight-roadking-r65-e-9\/"]}]},{"@type":"ImageObject","inLanguage":"pl-PL","@id":"https:\/\/bilasmidurinn.is\/vefverslun\/ljos\/ljoskastarar\/led-ljoskastari-v-sight-roadking-r65-e-9\/#primaryimage","url":"https:\/\/bilasmidurinn.is\/wp-content\/uploads\/2022\/10\/V50-033_1.jpg","contentUrl":"https:\/\/bilasmidurinn.is\/wp-content\/uploads\/2022\/10\/V50-033_1.jpg","width":746,"height":597},{"@type":"BreadcrumbList","@id":"https:\/\/bilasmidurinn.is\/vefverslun\/ljos\/ljoskastarar\/led-ljoskastari-v-sight-roadking-r65-e-9\/#breadcrumb","itemListElement":[{"@type":"ListItem","position":1,"name":"Home","item":"https:\/\/bilasmidurinn.is\/"},{"@type":"ListItem","position":2,"name":"V\u00f6rur \u00ed verslun","item":"https:\/\/bilasmidurinn.is\/vefverslun\/"},{"@type":"ListItem","position":3,"name":"Led lj\u00f3skastari V-SIGHT ROADKING R65 E 9&#8243;"}]},{"@type":"WebSite","@id":"https:\/\/bilasmidurinn.is\/#website","url":"https:\/\/bilasmidurinn.is\/","name":"B&iacute;lasmi&eth;urinn","description":"All sem &thorn;&uacute; &thorn;arft &iacute; t&aelig;ki&eth;","potentialAction":[{"@type":"SearchAction","target":{"@type":"EntryPoint","urlTemplate":"https:\/\/bilasmidurinn.is\/?s={search_term_string}"},"query-input":{"@type":"PropertyValueSpecification","valueRequired":true,"valueName":"search_term_string"}}],"inLanguage":"pl-PL"}]}},"_links":{"self":[{"href":"https:\/\/bilasmidurinn.is\/pl\/wp-json\/wp\/v2\/product\/14829","targetHints":{"allow":["GET"]}}],"collection":[{"href":"https:\/\/bilasmidurinn.is\/pl\/wp-json\/wp\/v2\/product"}],"about":[{"href":"https:\/\/bilasmidurinn.is\/pl\/wp-json\/wp\/v2\/types\/product"}],"wp:featuredmedia":[{"embeddable":true,"href":"https:\/\/bilasmidurinn.is\/pl\/wp-json\/wp\/v2\/media\/14830"}],"wp:attachment":[{"href":"https:\/\/bilasmidurinn.is\/pl\/wp-json\/wp\/v2\/media?parent=14829"}],"wp:term":[{"taxonomy":"product_brand","embeddable":true,"href":"https:\/\/bilasmidurinn.is\/pl\/wp-json\/wp\/v2\/product_brand?post=14829"},{"taxonomy":"product_cat","embeddable":true,"href":"https:\/\/bilasmidurinn.is\/pl\/wp-json\/wp\/v2\/product_cat?post=14829"},{"taxonomy":"product_tag","embeddable":true,"href":"https:\/\/bilasmidurinn.is\/pl\/wp-json\/wp\/v2\/product_tag?post=14829"}],"curies":[{"name":"wp","href":"https:\/\/api.w.org\/{rel}","templated":true}]}}