{"id":14792,"date":"2022-10-19T18:03:05","date_gmt":"2022-10-19T18:03:05","guid":{"rendered":"https:\/\/bilasmidurinn.is\/?post_type=product&#038;p=14792"},"modified":"2022-10-20T08:26:44","modified_gmt":"2022-10-20T08:26:44","slug":"ljosagrind-ur-rydfriu-stali-fyrir-jeep-cherokee-2012-2015","status":"publish","type":"product","link":"https:\/\/bilasmidurinn.is\/pl\/vefverslun\/ljosagrindur\/ljosagrind-ur-rydfriu-stali-fyrir-jeep-cherokee-2012-2015\/","title":{"rendered":"Lekka rama ze stali nierdzewnej do Jeepa Cherokee 2012-2015"},"content":{"rendered":"<p>Lekka rama ze stali nierdzewnej do Jeepa Cherokee 2012-2015<\/p>\n<p>Grubo\u015b\u0107 60 mm<\/p>\n<p>\u015aruby i elementy mocuj\u0105ce w zestawie.<\/p>\n<p>-Specjalne zam\u00f3wienie-<\/p>","protected":false},"excerpt":{"rendered":"<p>Lekka rama ze stali nierdzewnej do Jeepa Cherokee 2012-2015<\/p>","protected":false},"featured_media":14785,"template":"","meta":[],"product_brand":[8049],"product_cat":[8050],"product_tag":[],"class_list":{"0":"post-14792","1":"product","2":"type-product","3":"status-publish","4":"has-post-thumbnail","6":"product_brand-vool","7":"product_cat-ljosagrindur","9":"first","10":"outofstock","11":"shipping-taxable","12":"product-type-simple"},"yoast_head":"<!-- This site is optimized with the Yoast SEO plugin v27.4 - https:\/\/yoast.com\/product\/yoast-seo-wordpress\/ -->\n<title>Lj\u00f3sagrind \u00far ry\u00f0fr\u00edu st\u00e1li fyrir Jeep Cherokee 2012-2015 - B&iacute;lasmi&eth;urinn<\/title>\n<meta name=\"robots\" content=\"index, follow, max-snippet:-1, max-image-preview:large, max-video-preview:-1\" \/>\n<link rel=\"canonical\" href=\"http:\/\/bilasmidurinn.is\/pl\/vefverslun\/ljosagrindur\/ljosagrind-ur-rydfriu-stali-fyrir-jeep-cherokee-2012-2015\/\" \/>\n<meta property=\"og:locale\" content=\"pl_PL\" \/>\n<meta property=\"og:type\" content=\"article\" \/>\n<meta property=\"og:title\" content=\"Lj\u00f3sagrind \u00far ry\u00f0fr\u00edu st\u00e1li fyrir Jeep Cherokee 2012-2015 - B&iacute;lasmi&eth;urinn\" \/>\n<meta property=\"og:description\" content=\"Lj\u00f3sagrind \u00far ry\u00f0fr\u00edu st\u00e1li fyrir Jeep Cherokee 2012-2015\" \/>\n<meta property=\"og:url\" content=\"http:\/\/bilasmidurinn.is\/pl\/vefverslun\/ljosagrindur\/ljosagrind-ur-rydfriu-stali-fyrir-jeep-cherokee-2012-2015\/\" \/>\n<meta property=\"og:site_name\" content=\"B&iacute;lasmi&eth;urinn\" \/>\n<meta property=\"article:modified_time\" content=\"2022-10-20T08:26:44+00:00\" \/>\n<meta property=\"og:image\" content=\"https:\/\/bilasmidurinn.is\/wp-content\/uploads\/2022\/10\/V721-170_stor1.jpg\" \/>\n\t<meta property=\"og:image:width\" content=\"746\" \/>\n\t<meta property=\"og:image:height\" content=\"496\" \/>\n\t<meta property=\"og:image:type\" content=\"image\/jpeg\" \/>\n<meta name=\"twitter:card\" content=\"summary_large_image\" \/>\n<script type=\"application\/ld+json\" class=\"yoast-schema-graph\">{\"@context\":\"https:\\\/\\\/schema.org\",\"@graph\":[{\"@type\":\"WebPage\",\"@id\":\"http:\\\/\\\/bilasmidurinn.is\\\/en\\\/vefverslun\\\/ljosagrindur\\\/ljosagrind-ur-rydfriu-stali-fyrir-jeep-cherokee-2012-2015\\\/\",\"url\":\"http:\\\/\\\/bilasmidurinn.is\\\/en\\\/vefverslun\\\/ljosagrindur\\\/ljosagrind-ur-rydfriu-stali-fyrir-jeep-cherokee-2012-2015\\\/\",\"name\":\"Lj\u00f3sagrind \u00far ry\u00f0fr\u00edu st\u00e1li fyrir Jeep Cherokee 2012-2015 - B&iacute;lasmi&eth;urinn\",\"isPartOf\":{\"@id\":\"https:\\\/\\\/bilasmidurinn.is\\\/#website\"},\"primaryImageOfPage\":{\"@id\":\"http:\\\/\\\/bilasmidurinn.is\\\/en\\\/vefverslun\\\/ljosagrindur\\\/ljosagrind-ur-rydfriu-stali-fyrir-jeep-cherokee-2012-2015\\\/#primaryimage\"},\"image\":{\"@id\":\"http:\\\/\\\/bilasmidurinn.is\\\/en\\\/vefverslun\\\/ljosagrindur\\\/ljosagrind-ur-rydfriu-stali-fyrir-jeep-cherokee-2012-2015\\\/#primaryimage\"},\"thumbnailUrl\":\"https:\\\/\\\/bilasmidurinn.is\\\/wp-content\\\/uploads\\\/2022\\\/10\\\/V721-170_stor1.jpg\",\"datePublished\":\"2022-10-19T18:03:05+00:00\",\"dateModified\":\"2022-10-20T08:26:44+00:00\",\"breadcrumb\":{\"@id\":\"http:\\\/\\\/bilasmidurinn.is\\\/en\\\/vefverslun\\\/ljosagrindur\\\/ljosagrind-ur-rydfriu-stali-fyrir-jeep-cherokee-2012-2015\\\/#breadcrumb\"},\"inLanguage\":\"pl-PL\",\"potentialAction\":[{\"@type\":\"ReadAction\",\"target\":[\"http:\\\/\\\/bilasmidurinn.is\\\/en\\\/vefverslun\\\/ljosagrindur\\\/ljosagrind-ur-rydfriu-stali-fyrir-jeep-cherokee-2012-2015\\\/\"]}]},{\"@type\":\"ImageObject\",\"inLanguage\":\"pl-PL\",\"@id\":\"http:\\\/\\\/bilasmidurinn.is\\\/en\\\/vefverslun\\\/ljosagrindur\\\/ljosagrind-ur-rydfriu-stali-fyrir-jeep-cherokee-2012-2015\\\/#primaryimage\",\"url\":\"https:\\\/\\\/bilasmidurinn.is\\\/wp-content\\\/uploads\\\/2022\\\/10\\\/V721-170_stor1.jpg\",\"contentUrl\":\"https:\\\/\\\/bilasmidurinn.is\\\/wp-content\\\/uploads\\\/2022\\\/10\\\/V721-170_stor1.jpg\",\"width\":746,\"height\":496},{\"@type\":\"BreadcrumbList\",\"@id\":\"http:\\\/\\\/bilasmidurinn.is\\\/en\\\/vefverslun\\\/ljosagrindur\\\/ljosagrind-ur-rydfriu-stali-fyrir-jeep-cherokee-2012-2015\\\/#breadcrumb\",\"itemListElement\":[{\"@type\":\"ListItem\",\"position\":1,\"name\":\"Home\",\"item\":\"https:\\\/\\\/bilasmidurinn.is\\\/\"},{\"@type\":\"ListItem\",\"position\":2,\"name\":\"V\u00f6rur \u00ed verslun\",\"item\":\"https:\\\/\\\/bilasmidurinn.is\\\/vefverslun\\\/\"},{\"@type\":\"ListItem\",\"position\":3,\"name\":\"Lj\u00f3sagrind \u00far ry\u00f0fr\u00edu st\u00e1li fyrir Jeep Cherokee 2012-2015\"}]},{\"@type\":\"WebSite\",\"@id\":\"https:\\\/\\\/bilasmidurinn.is\\\/#website\",\"url\":\"https:\\\/\\\/bilasmidurinn.is\\\/\",\"name\":\"B&iacute;lasmi&eth;urinn\",\"description\":\"All sem &thorn;&uacute; &thorn;arft &iacute; t&aelig;ki&eth;\",\"potentialAction\":[{\"@type\":\"SearchAction\",\"target\":{\"@type\":\"EntryPoint\",\"urlTemplate\":\"https:\\\/\\\/bilasmidurinn.is\\\/?s={search_term_string}\"},\"query-input\":{\"@type\":\"PropertyValueSpecification\",\"valueRequired\":true,\"valueName\":\"search_term_string\"}}],\"inLanguage\":\"pl-PL\"}]}<\/script>\n<!-- \/ Yoast SEO plugin. -->","yoast_head_json":{"title":"Lj\u00f3sagrind \u00far ry\u00f0fr\u00edu st\u00e1li fyrir Jeep Cherokee 2012-2015 - B&iacute;lasmi&eth;urinn","robots":{"index":"index","follow":"follow","max-snippet":"max-snippet:-1","max-image-preview":"max-image-preview:large","max-video-preview":"max-video-preview:-1"},"canonical":"http:\/\/bilasmidurinn.is\/pl\/vefverslun\/ljosagrindur\/ljosagrind-ur-rydfriu-stali-fyrir-jeep-cherokee-2012-2015\/","og_locale":"pl_PL","og_type":"article","og_title":"Lj\u00f3sagrind \u00far ry\u00f0fr\u00edu st\u00e1li fyrir Jeep Cherokee 2012-2015 - B&iacute;lasmi&eth;urinn","og_description":"Lj\u00f3sagrind \u00far ry\u00f0fr\u00edu st\u00e1li fyrir Jeep Cherokee 2012-2015","og_url":"http:\/\/bilasmidurinn.is\/pl\/vefverslun\/ljosagrindur\/ljosagrind-ur-rydfriu-stali-fyrir-jeep-cherokee-2012-2015\/","og_site_name":"B&iacute;lasmi&eth;urinn","article_modified_time":"2022-10-20T08:26:44+00:00","og_image":[{"width":746,"height":496,"url":"https:\/\/bilasmidurinn.is\/wp-content\/uploads\/2022\/10\/V721-170_stor1.jpg","type":"image\/jpeg"}],"twitter_card":"summary_large_image","schema":{"@context":"https:\/\/schema.org","@graph":[{"@type":"WebPage","@id":"http:\/\/bilasmidurinn.is\/en\/vefverslun\/ljosagrindur\/ljosagrind-ur-rydfriu-stali-fyrir-jeep-cherokee-2012-2015\/","url":"http:\/\/bilasmidurinn.is\/en\/vefverslun\/ljosagrindur\/ljosagrind-ur-rydfriu-stali-fyrir-jeep-cherokee-2012-2015\/","name":"Lj\u00f3sagrind \u00far ry\u00f0fr\u00edu st\u00e1li fyrir Jeep Cherokee 2012-2015 - B&iacute;lasmi&eth;urinn","isPartOf":{"@id":"https:\/\/bilasmidurinn.is\/#website"},"primaryImageOfPage":{"@id":"http:\/\/bilasmidurinn.is\/en\/vefverslun\/ljosagrindur\/ljosagrind-ur-rydfriu-stali-fyrir-jeep-cherokee-2012-2015\/#primaryimage"},"image":{"@id":"http:\/\/bilasmidurinn.is\/en\/vefverslun\/ljosagrindur\/ljosagrind-ur-rydfriu-stali-fyrir-jeep-cherokee-2012-2015\/#primaryimage"},"thumbnailUrl":"https:\/\/bilasmidurinn.is\/wp-content\/uploads\/2022\/10\/V721-170_stor1.jpg","datePublished":"2022-10-19T18:03:05+00:00","dateModified":"2022-10-20T08:26:44+00:00","breadcrumb":{"@id":"http:\/\/bilasmidurinn.is\/en\/vefverslun\/ljosagrindur\/ljosagrind-ur-rydfriu-stali-fyrir-jeep-cherokee-2012-2015\/#breadcrumb"},"inLanguage":"pl-PL","potentialAction":[{"@type":"ReadAction","target":["http:\/\/bilasmidurinn.is\/en\/vefverslun\/ljosagrindur\/ljosagrind-ur-rydfriu-stali-fyrir-jeep-cherokee-2012-2015\/"]}]},{"@type":"ImageObject","inLanguage":"pl-PL","@id":"http:\/\/bilasmidurinn.is\/en\/vefverslun\/ljosagrindur\/ljosagrind-ur-rydfriu-stali-fyrir-jeep-cherokee-2012-2015\/#primaryimage","url":"https:\/\/bilasmidurinn.is\/wp-content\/uploads\/2022\/10\/V721-170_stor1.jpg","contentUrl":"https:\/\/bilasmidurinn.is\/wp-content\/uploads\/2022\/10\/V721-170_stor1.jpg","width":746,"height":496},{"@type":"BreadcrumbList","@id":"http:\/\/bilasmidurinn.is\/en\/vefverslun\/ljosagrindur\/ljosagrind-ur-rydfriu-stali-fyrir-jeep-cherokee-2012-2015\/#breadcrumb","itemListElement":[{"@type":"ListItem","position":1,"name":"Home","item":"https:\/\/bilasmidurinn.is\/"},{"@type":"ListItem","position":2,"name":"V\u00f6rur \u00ed verslun","item":"https:\/\/bilasmidurinn.is\/vefverslun\/"},{"@type":"ListItem","position":3,"name":"Lj\u00f3sagrind \u00far ry\u00f0fr\u00edu st\u00e1li fyrir Jeep Cherokee 2012-2015"}]},{"@type":"WebSite","@id":"https:\/\/bilasmidurinn.is\/#website","url":"https:\/\/bilasmidurinn.is\/","name":"B&iacute;lasmi&eth;urinn","description":"All sem &thorn;&uacute; &thorn;arft &iacute; t&aelig;ki&eth;","potentialAction":[{"@type":"SearchAction","target":{"@type":"EntryPoint","urlTemplate":"https:\/\/bilasmidurinn.is\/?s={search_term_string}"},"query-input":{"@type":"PropertyValueSpecification","valueRequired":true,"valueName":"search_term_string"}}],"inLanguage":"pl-PL"}]}},"_links":{"self":[{"href":"https:\/\/bilasmidurinn.is\/pl\/wp-json\/wp\/v2\/product\/14792","targetHints":{"allow":["GET"]}}],"collection":[{"href":"https:\/\/bilasmidurinn.is\/pl\/wp-json\/wp\/v2\/product"}],"about":[{"href":"https:\/\/bilasmidurinn.is\/pl\/wp-json\/wp\/v2\/types\/product"}],"wp:featuredmedia":[{"embeddable":true,"href":"https:\/\/bilasmidurinn.is\/pl\/wp-json\/wp\/v2\/media\/14785"}],"wp:attachment":[{"href":"https:\/\/bilasmidurinn.is\/pl\/wp-json\/wp\/v2\/media?parent=14792"}],"wp:term":[{"taxonomy":"product_brand","embeddable":true,"href":"https:\/\/bilasmidurinn.is\/pl\/wp-json\/wp\/v2\/product_brand?post=14792"},{"taxonomy":"product_cat","embeddable":true,"href":"https:\/\/bilasmidurinn.is\/pl\/wp-json\/wp\/v2\/product_cat?post=14792"},{"taxonomy":"product_tag","embeddable":true,"href":"https:\/\/bilasmidurinn.is\/pl\/wp-json\/wp\/v2\/product_tag?post=14792"}],"curies":[{"name":"wp","href":"https:\/\/api.w.org\/{rel}","templated":true}]}}