{"id":14611,"date":"2022-02-28T16:42:51","date_gmt":"2022-02-28T16:42:51","guid":{"rendered":"https:\/\/bilasmidurinn.is\/?post_type=product&#038;p=14611"},"modified":"2022-02-28T16:42:51","modified_gmt":"2022-02-28T16:42:51","slug":"brettabreikknun-58mm-vertical","status":"publish","type":"product","link":"https:\/\/bilasmidurinn.is\/pl\/vefverslun\/bretti\/brettabreikkun\/brettabreikknun-58mm-vertical\/","title":{"rendered":"Szeroko\u015b\u0107 deski 58mm w pionie"},"content":{"rendered":"<p>Poszerzenie deski\/ Kraw\u0119d\u017a deski poszerzaj\u0105ca si\u0119 o 58mm wykonana z PCV o d\u0142ugo\u015bci 1,5m 2x w paczce z ta\u015bm\u0105 klej\u0105c\u0105, wkr\u0119ty do monta\u017cu w komplecie.<\/p>\n<p>&nbsp;<\/p>","protected":false},"excerpt":{"rendered":"<p>Szeroko\u015b\u0107 deski 58mm w pionie. 2\u00d71,5m<\/p>","protected":false},"featured_media":14613,"template":"","meta":[],"product_brand":[8046],"product_cat":[8047],"product_tag":[],"class_list":{"0":"post-14611","1":"product","2":"type-product","3":"status-publish","4":"has-post-thumbnail","6":"product_brand-combicar","7":"product_cat-brettabreikkun","9":"first","10":"instock","11":"shipping-taxable","12":"product-type-simple"},"yoast_head":"<!-- This site is optimized with the Yoast SEO plugin v27.4 - https:\/\/yoast.com\/product\/yoast-seo-wordpress\/ -->\n<title>Brettabreikknun 58mm vertical - B&iacute;lasmi&eth;urinn<\/title>\n<meta name=\"robots\" content=\"index, follow, max-snippet:-1, max-image-preview:large, max-video-preview:-1\" \/>\n<link rel=\"canonical\" href=\"http:\/\/bilasmidurinn.is\/pl\/vefverslun\/bretti\/brettabreikkun\/brettabreikknun-58mm-vertical\/\" \/>\n<meta property=\"og:locale\" content=\"pl_PL\" \/>\n<meta property=\"og:type\" content=\"article\" \/>\n<meta property=\"og:title\" content=\"Brettabreikknun 58mm vertical - B&iacute;lasmi&eth;urinn\" \/>\n<meta property=\"og:description\" content=\"Brettabreikknun 58mm vertical. 2x1,5m\" \/>\n<meta property=\"og:url\" content=\"http:\/\/bilasmidurinn.is\/pl\/vefverslun\/bretti\/brettabreikkun\/brettabreikknun-58mm-vertical\/\" \/>\n<meta property=\"og:site_name\" content=\"B&iacute;lasmi&eth;urinn\" \/>\n<meta property=\"og:image\" content=\"https:\/\/bilasmidurinn.is\/wp-content\/uploads\/2022\/02\/264N.1093.png\" \/>\n\t<meta property=\"og:image:width\" content=\"348\" \/>\n\t<meta property=\"og:image:height\" content=\"319\" \/>\n\t<meta property=\"og:image:type\" content=\"image\/png\" \/>\n<meta name=\"twitter:card\" content=\"summary_large_image\" \/>\n<script type=\"application\/ld+json\" class=\"yoast-schema-graph\">{\"@context\":\"https:\\\/\\\/schema.org\",\"@graph\":[{\"@type\":\"WebPage\",\"@id\":\"http:\\\/\\\/bilasmidurinn.is\\\/en\\\/vefverslun\\\/bretti\\\/brettabreikkun\\\/brettabreikknun-58mm-vertical\\\/\",\"url\":\"http:\\\/\\\/bilasmidurinn.is\\\/en\\\/vefverslun\\\/bretti\\\/brettabreikkun\\\/brettabreikknun-58mm-vertical\\\/\",\"name\":\"Brettabreikknun 58mm vertical - B&iacute;lasmi&eth;urinn\",\"isPartOf\":{\"@id\":\"https:\\\/\\\/bilasmidurinn.is\\\/#website\"},\"primaryImageOfPage\":{\"@id\":\"http:\\\/\\\/bilasmidurinn.is\\\/en\\\/vefverslun\\\/bretti\\\/brettabreikkun\\\/brettabreikknun-58mm-vertical\\\/#primaryimage\"},\"image\":{\"@id\":\"http:\\\/\\\/bilasmidurinn.is\\\/en\\\/vefverslun\\\/bretti\\\/brettabreikkun\\\/brettabreikknun-58mm-vertical\\\/#primaryimage\"},\"thumbnailUrl\":\"https:\\\/\\\/bilasmidurinn.is\\\/wp-content\\\/uploads\\\/2022\\\/02\\\/264N.1093.png\",\"datePublished\":\"2022-02-28T16:42:51+00:00\",\"breadcrumb\":{\"@id\":\"http:\\\/\\\/bilasmidurinn.is\\\/en\\\/vefverslun\\\/bretti\\\/brettabreikkun\\\/brettabreikknun-58mm-vertical\\\/#breadcrumb\"},\"inLanguage\":\"pl-PL\",\"potentialAction\":[{\"@type\":\"ReadAction\",\"target\":[\"http:\\\/\\\/bilasmidurinn.is\\\/en\\\/vefverslun\\\/bretti\\\/brettabreikkun\\\/brettabreikknun-58mm-vertical\\\/\"]}]},{\"@type\":\"ImageObject\",\"inLanguage\":\"pl-PL\",\"@id\":\"http:\\\/\\\/bilasmidurinn.is\\\/en\\\/vefverslun\\\/bretti\\\/brettabreikkun\\\/brettabreikknun-58mm-vertical\\\/#primaryimage\",\"url\":\"https:\\\/\\\/bilasmidurinn.is\\\/wp-content\\\/uploads\\\/2022\\\/02\\\/264N.1093.png\",\"contentUrl\":\"https:\\\/\\\/bilasmidurinn.is\\\/wp-content\\\/uploads\\\/2022\\\/02\\\/264N.1093.png\",\"width\":348,\"height\":319},{\"@type\":\"BreadcrumbList\",\"@id\":\"http:\\\/\\\/bilasmidurinn.is\\\/en\\\/vefverslun\\\/bretti\\\/brettabreikkun\\\/brettabreikknun-58mm-vertical\\\/#breadcrumb\",\"itemListElement\":[{\"@type\":\"ListItem\",\"position\":1,\"name\":\"Home\",\"item\":\"https:\\\/\\\/bilasmidurinn.is\\\/\"},{\"@type\":\"ListItem\",\"position\":2,\"name\":\"V\u00f6rur \u00ed verslun\",\"item\":\"https:\\\/\\\/bilasmidurinn.is\\\/vefverslun\\\/\"},{\"@type\":\"ListItem\",\"position\":3,\"name\":\"Brettabreikknun 58mm vertical\"}]},{\"@type\":\"WebSite\",\"@id\":\"https:\\\/\\\/bilasmidurinn.is\\\/#website\",\"url\":\"https:\\\/\\\/bilasmidurinn.is\\\/\",\"name\":\"B&iacute;lasmi&eth;urinn\",\"description\":\"All sem &thorn;&uacute; &thorn;arft &iacute; t&aelig;ki&eth;\",\"potentialAction\":[{\"@type\":\"SearchAction\",\"target\":{\"@type\":\"EntryPoint\",\"urlTemplate\":\"https:\\\/\\\/bilasmidurinn.is\\\/?s={search_term_string}\"},\"query-input\":{\"@type\":\"PropertyValueSpecification\",\"valueRequired\":true,\"valueName\":\"search_term_string\"}}],\"inLanguage\":\"pl-PL\"}]}<\/script>\n<!-- \/ Yoast SEO plugin. -->","yoast_head_json":{"title":"Brettabreikknun 58mm vertical - B&iacute;lasmi&eth;urinn","robots":{"index":"index","follow":"follow","max-snippet":"max-snippet:-1","max-image-preview":"max-image-preview:large","max-video-preview":"max-video-preview:-1"},"canonical":"http:\/\/bilasmidurinn.is\/pl\/vefverslun\/bretti\/brettabreikkun\/brettabreikknun-58mm-vertical\/","og_locale":"pl_PL","og_type":"article","og_title":"Brettabreikknun 58mm vertical - B&iacute;lasmi&eth;urinn","og_description":"Brettabreikknun 58mm vertical. 2x1,5m","og_url":"http:\/\/bilasmidurinn.is\/pl\/vefverslun\/bretti\/brettabreikkun\/brettabreikknun-58mm-vertical\/","og_site_name":"B&iacute;lasmi&eth;urinn","og_image":[{"width":348,"height":319,"url":"https:\/\/bilasmidurinn.is\/wp-content\/uploads\/2022\/02\/264N.1093.png","type":"image\/png"}],"twitter_card":"summary_large_image","schema":{"@context":"https:\/\/schema.org","@graph":[{"@type":"WebPage","@id":"http:\/\/bilasmidurinn.is\/en\/vefverslun\/bretti\/brettabreikkun\/brettabreikknun-58mm-vertical\/","url":"http:\/\/bilasmidurinn.is\/en\/vefverslun\/bretti\/brettabreikkun\/brettabreikknun-58mm-vertical\/","name":"Brettabreikknun 58mm vertical - B&iacute;lasmi&eth;urinn","isPartOf":{"@id":"https:\/\/bilasmidurinn.is\/#website"},"primaryImageOfPage":{"@id":"http:\/\/bilasmidurinn.is\/en\/vefverslun\/bretti\/brettabreikkun\/brettabreikknun-58mm-vertical\/#primaryimage"},"image":{"@id":"http:\/\/bilasmidurinn.is\/en\/vefverslun\/bretti\/brettabreikkun\/brettabreikknun-58mm-vertical\/#primaryimage"},"thumbnailUrl":"https:\/\/bilasmidurinn.is\/wp-content\/uploads\/2022\/02\/264N.1093.png","datePublished":"2022-02-28T16:42:51+00:00","breadcrumb":{"@id":"http:\/\/bilasmidurinn.is\/en\/vefverslun\/bretti\/brettabreikkun\/brettabreikknun-58mm-vertical\/#breadcrumb"},"inLanguage":"pl-PL","potentialAction":[{"@type":"ReadAction","target":["http:\/\/bilasmidurinn.is\/en\/vefverslun\/bretti\/brettabreikkun\/brettabreikknun-58mm-vertical\/"]}]},{"@type":"ImageObject","inLanguage":"pl-PL","@id":"http:\/\/bilasmidurinn.is\/en\/vefverslun\/bretti\/brettabreikkun\/brettabreikknun-58mm-vertical\/#primaryimage","url":"https:\/\/bilasmidurinn.is\/wp-content\/uploads\/2022\/02\/264N.1093.png","contentUrl":"https:\/\/bilasmidurinn.is\/wp-content\/uploads\/2022\/02\/264N.1093.png","width":348,"height":319},{"@type":"BreadcrumbList","@id":"http:\/\/bilasmidurinn.is\/en\/vefverslun\/bretti\/brettabreikkun\/brettabreikknun-58mm-vertical\/#breadcrumb","itemListElement":[{"@type":"ListItem","position":1,"name":"Home","item":"https:\/\/bilasmidurinn.is\/"},{"@type":"ListItem","position":2,"name":"V\u00f6rur \u00ed verslun","item":"https:\/\/bilasmidurinn.is\/vefverslun\/"},{"@type":"ListItem","position":3,"name":"Brettabreikknun 58mm vertical"}]},{"@type":"WebSite","@id":"https:\/\/bilasmidurinn.is\/#website","url":"https:\/\/bilasmidurinn.is\/","name":"B&iacute;lasmi&eth;urinn","description":"All sem &thorn;&uacute; &thorn;arft &iacute; t&aelig;ki&eth;","potentialAction":[{"@type":"SearchAction","target":{"@type":"EntryPoint","urlTemplate":"https:\/\/bilasmidurinn.is\/?s={search_term_string}"},"query-input":{"@type":"PropertyValueSpecification","valueRequired":true,"valueName":"search_term_string"}}],"inLanguage":"pl-PL"}]}},"_links":{"self":[{"href":"https:\/\/bilasmidurinn.is\/pl\/wp-json\/wp\/v2\/product\/14611","targetHints":{"allow":["GET"]}}],"collection":[{"href":"https:\/\/bilasmidurinn.is\/pl\/wp-json\/wp\/v2\/product"}],"about":[{"href":"https:\/\/bilasmidurinn.is\/pl\/wp-json\/wp\/v2\/types\/product"}],"wp:featuredmedia":[{"embeddable":true,"href":"https:\/\/bilasmidurinn.is\/pl\/wp-json\/wp\/v2\/media\/14613"}],"wp:attachment":[{"href":"https:\/\/bilasmidurinn.is\/pl\/wp-json\/wp\/v2\/media?parent=14611"}],"wp:term":[{"taxonomy":"product_brand","embeddable":true,"href":"https:\/\/bilasmidurinn.is\/pl\/wp-json\/wp\/v2\/product_brand?post=14611"},{"taxonomy":"product_cat","embeddable":true,"href":"https:\/\/bilasmidurinn.is\/pl\/wp-json\/wp\/v2\/product_cat?post=14611"},{"taxonomy":"product_tag","embeddable":true,"href":"https:\/\/bilasmidurinn.is\/pl\/wp-json\/wp\/v2\/product_tag?post=14611"}],"curies":[{"name":"wp","href":"https:\/\/api.w.org\/{rel}","templated":true}]}}