{"id":14608,"date":"2022-02-28T16:35:38","date_gmt":"2022-02-28T16:35:38","guid":{"rendered":"https:\/\/bilasmidurinn.is\/?post_type=product&#038;p=14608"},"modified":"2023-02-13T16:56:03","modified_gmt":"2023-02-13T16:56:03","slug":"brettabreikknun-50mm-6m","status":"publish","type":"product","link":"https:\/\/bilasmidurinn.is\/pl\/vefverslun\/bretti\/brettabreikkun\/brettabreikknun-50mm-6m\/","title":{"rendered":"Szeroko\u015b\u0107 deski 50mm 6m"},"content":{"rendered":"<p>Poszerzenie deski\/ Kraw\u0119d\u017a deski 50mm z PCV 6m w pude\u0142ku, wkr\u0119ty w komplecie.<\/p>\n<p>Kraw\u0119d\u017a jest wzmocniona w\u0142\u00f3knem, aby zapobiec deformacji. Do\u0142\u0105czona ta\u015bma samoprzylepna 3M u\u0142atwia aplikacj\u0119.<\/p>\n<p>&nbsp;<\/p>\n<p>&nbsp;<\/p>","protected":false},"excerpt":{"rendered":"<p>Szeroko\u015b\u0107 deski 50 mm 6 mw kartonie<\/p>","protected":false},"featured_media":14609,"template":"","meta":[],"product_brand":[8046],"product_cat":[8047],"product_tag":[],"class_list":{"0":"post-14608","1":"product","2":"type-product","3":"status-publish","4":"has-post-thumbnail","6":"product_brand-combicar","7":"product_cat-brettabreikkun","9":"first","10":"instock","11":"shipping-taxable","12":"product-type-simple"},"yoast_head":"<!-- This site is optimized with the Yoast SEO plugin v27.4 - https:\/\/yoast.com\/product\/yoast-seo-wordpress\/ -->\n<title>Brettabreikknun 50mm 6m - B&iacute;lasmi&eth;urinn<\/title>\n<meta name=\"robots\" content=\"index, follow, max-snippet:-1, max-image-preview:large, max-video-preview:-1\" \/>\n<link rel=\"canonical\" href=\"http:\/\/bilasmidurinn.is\/pl\/vefverslun\/bretti\/brettabreikkun\/brettabreikknun-50mm-6m\/\" \/>\n<meta property=\"og:locale\" content=\"pl_PL\" \/>\n<meta property=\"og:type\" content=\"article\" \/>\n<meta property=\"og:title\" content=\"Brettabreikknun 50mm 6m - B&iacute;lasmi&eth;urinn\" \/>\n<meta property=\"og:description\" content=\"Brettabreikknun 50mmm 6m \u00ed kassa\" \/>\n<meta property=\"og:url\" content=\"http:\/\/bilasmidurinn.is\/pl\/vefverslun\/bretti\/brettabreikkun\/brettabreikknun-50mm-6m\/\" \/>\n<meta property=\"og:site_name\" content=\"B&iacute;lasmi&eth;urinn\" \/>\n<meta property=\"article:modified_time\" content=\"2023-02-13T16:56:03+00:00\" \/>\n<meta property=\"og:image\" content=\"https:\/\/bilasmidurinn.is\/wp-content\/uploads\/2022\/02\/205.jpg\" \/>\n\t<meta property=\"og:image:width\" content=\"401\" \/>\n\t<meta property=\"og:image:height\" content=\"412\" \/>\n\t<meta property=\"og:image:type\" content=\"image\/jpeg\" \/>\n<meta name=\"twitter:card\" content=\"summary_large_image\" \/>\n<script type=\"application\/ld+json\" class=\"yoast-schema-graph\">{\"@context\":\"https:\\\/\\\/schema.org\",\"@graph\":[{\"@type\":\"WebPage\",\"@id\":\"http:\\\/\\\/bilasmidurinn.is\\\/en\\\/vefverslun\\\/bretti\\\/brettabreikkun\\\/brettabreikknun-50mm-6m\\\/\",\"url\":\"http:\\\/\\\/bilasmidurinn.is\\\/en\\\/vefverslun\\\/bretti\\\/brettabreikkun\\\/brettabreikknun-50mm-6m\\\/\",\"name\":\"Brettabreikknun 50mm 6m - B&iacute;lasmi&eth;urinn\",\"isPartOf\":{\"@id\":\"https:\\\/\\\/bilasmidurinn.is\\\/#website\"},\"primaryImageOfPage\":{\"@id\":\"http:\\\/\\\/bilasmidurinn.is\\\/en\\\/vefverslun\\\/bretti\\\/brettabreikkun\\\/brettabreikknun-50mm-6m\\\/#primaryimage\"},\"image\":{\"@id\":\"http:\\\/\\\/bilasmidurinn.is\\\/en\\\/vefverslun\\\/bretti\\\/brettabreikkun\\\/brettabreikknun-50mm-6m\\\/#primaryimage\"},\"thumbnailUrl\":\"https:\\\/\\\/bilasmidurinn.is\\\/wp-content\\\/uploads\\\/2022\\\/02\\\/205.jpg\",\"datePublished\":\"2022-02-28T16:35:38+00:00\",\"dateModified\":\"2023-02-13T16:56:03+00:00\",\"breadcrumb\":{\"@id\":\"http:\\\/\\\/bilasmidurinn.is\\\/en\\\/vefverslun\\\/bretti\\\/brettabreikkun\\\/brettabreikknun-50mm-6m\\\/#breadcrumb\"},\"inLanguage\":\"pl-PL\",\"potentialAction\":[{\"@type\":\"ReadAction\",\"target\":[\"http:\\\/\\\/bilasmidurinn.is\\\/en\\\/vefverslun\\\/bretti\\\/brettabreikkun\\\/brettabreikknun-50mm-6m\\\/\"]}]},{\"@type\":\"ImageObject\",\"inLanguage\":\"pl-PL\",\"@id\":\"http:\\\/\\\/bilasmidurinn.is\\\/en\\\/vefverslun\\\/bretti\\\/brettabreikkun\\\/brettabreikknun-50mm-6m\\\/#primaryimage\",\"url\":\"https:\\\/\\\/bilasmidurinn.is\\\/wp-content\\\/uploads\\\/2022\\\/02\\\/205.jpg\",\"contentUrl\":\"https:\\\/\\\/bilasmidurinn.is\\\/wp-content\\\/uploads\\\/2022\\\/02\\\/205.jpg\",\"width\":401,\"height\":412},{\"@type\":\"BreadcrumbList\",\"@id\":\"http:\\\/\\\/bilasmidurinn.is\\\/en\\\/vefverslun\\\/bretti\\\/brettabreikkun\\\/brettabreikknun-50mm-6m\\\/#breadcrumb\",\"itemListElement\":[{\"@type\":\"ListItem\",\"position\":1,\"name\":\"Home\",\"item\":\"https:\\\/\\\/bilasmidurinn.is\\\/\"},{\"@type\":\"ListItem\",\"position\":2,\"name\":\"V\u00f6rur \u00ed verslun\",\"item\":\"https:\\\/\\\/bilasmidurinn.is\\\/vefverslun\\\/\"},{\"@type\":\"ListItem\",\"position\":3,\"name\":\"Brettabreikknun 50mm 6m\"}]},{\"@type\":\"WebSite\",\"@id\":\"https:\\\/\\\/bilasmidurinn.is\\\/#website\",\"url\":\"https:\\\/\\\/bilasmidurinn.is\\\/\",\"name\":\"B&iacute;lasmi&eth;urinn\",\"description\":\"All sem &thorn;&uacute; &thorn;arft &iacute; t&aelig;ki&eth;\",\"potentialAction\":[{\"@type\":\"SearchAction\",\"target\":{\"@type\":\"EntryPoint\",\"urlTemplate\":\"https:\\\/\\\/bilasmidurinn.is\\\/?s={search_term_string}\"},\"query-input\":{\"@type\":\"PropertyValueSpecification\",\"valueRequired\":true,\"valueName\":\"search_term_string\"}}],\"inLanguage\":\"pl-PL\"}]}<\/script>\n<!-- \/ Yoast SEO plugin. -->","yoast_head_json":{"title":"Brettabreikknun 50mm 6m - B&iacute;lasmi&eth;urinn","robots":{"index":"index","follow":"follow","max-snippet":"max-snippet:-1","max-image-preview":"max-image-preview:large","max-video-preview":"max-video-preview:-1"},"canonical":"http:\/\/bilasmidurinn.is\/pl\/vefverslun\/bretti\/brettabreikkun\/brettabreikknun-50mm-6m\/","og_locale":"pl_PL","og_type":"article","og_title":"Brettabreikknun 50mm 6m - B&iacute;lasmi&eth;urinn","og_description":"Brettabreikknun 50mmm 6m \u00ed kassa","og_url":"http:\/\/bilasmidurinn.is\/pl\/vefverslun\/bretti\/brettabreikkun\/brettabreikknun-50mm-6m\/","og_site_name":"B&iacute;lasmi&eth;urinn","article_modified_time":"2023-02-13T16:56:03+00:00","og_image":[{"width":401,"height":412,"url":"https:\/\/bilasmidurinn.is\/wp-content\/uploads\/2022\/02\/205.jpg","type":"image\/jpeg"}],"twitter_card":"summary_large_image","schema":{"@context":"https:\/\/schema.org","@graph":[{"@type":"WebPage","@id":"http:\/\/bilasmidurinn.is\/en\/vefverslun\/bretti\/brettabreikkun\/brettabreikknun-50mm-6m\/","url":"http:\/\/bilasmidurinn.is\/en\/vefverslun\/bretti\/brettabreikkun\/brettabreikknun-50mm-6m\/","name":"Brettabreikknun 50mm 6m - B&iacute;lasmi&eth;urinn","isPartOf":{"@id":"https:\/\/bilasmidurinn.is\/#website"},"primaryImageOfPage":{"@id":"http:\/\/bilasmidurinn.is\/en\/vefverslun\/bretti\/brettabreikkun\/brettabreikknun-50mm-6m\/#primaryimage"},"image":{"@id":"http:\/\/bilasmidurinn.is\/en\/vefverslun\/bretti\/brettabreikkun\/brettabreikknun-50mm-6m\/#primaryimage"},"thumbnailUrl":"https:\/\/bilasmidurinn.is\/wp-content\/uploads\/2022\/02\/205.jpg","datePublished":"2022-02-28T16:35:38+00:00","dateModified":"2023-02-13T16:56:03+00:00","breadcrumb":{"@id":"http:\/\/bilasmidurinn.is\/en\/vefverslun\/bretti\/brettabreikkun\/brettabreikknun-50mm-6m\/#breadcrumb"},"inLanguage":"pl-PL","potentialAction":[{"@type":"ReadAction","target":["http:\/\/bilasmidurinn.is\/en\/vefverslun\/bretti\/brettabreikkun\/brettabreikknun-50mm-6m\/"]}]},{"@type":"ImageObject","inLanguage":"pl-PL","@id":"http:\/\/bilasmidurinn.is\/en\/vefverslun\/bretti\/brettabreikkun\/brettabreikknun-50mm-6m\/#primaryimage","url":"https:\/\/bilasmidurinn.is\/wp-content\/uploads\/2022\/02\/205.jpg","contentUrl":"https:\/\/bilasmidurinn.is\/wp-content\/uploads\/2022\/02\/205.jpg","width":401,"height":412},{"@type":"BreadcrumbList","@id":"http:\/\/bilasmidurinn.is\/en\/vefverslun\/bretti\/brettabreikkun\/brettabreikknun-50mm-6m\/#breadcrumb","itemListElement":[{"@type":"ListItem","position":1,"name":"Home","item":"https:\/\/bilasmidurinn.is\/"},{"@type":"ListItem","position":2,"name":"V\u00f6rur \u00ed verslun","item":"https:\/\/bilasmidurinn.is\/vefverslun\/"},{"@type":"ListItem","position":3,"name":"Brettabreikknun 50mm 6m"}]},{"@type":"WebSite","@id":"https:\/\/bilasmidurinn.is\/#website","url":"https:\/\/bilasmidurinn.is\/","name":"B&iacute;lasmi&eth;urinn","description":"All sem &thorn;&uacute; &thorn;arft &iacute; t&aelig;ki&eth;","potentialAction":[{"@type":"SearchAction","target":{"@type":"EntryPoint","urlTemplate":"https:\/\/bilasmidurinn.is\/?s={search_term_string}"},"query-input":{"@type":"PropertyValueSpecification","valueRequired":true,"valueName":"search_term_string"}}],"inLanguage":"pl-PL"}]}},"_links":{"self":[{"href":"https:\/\/bilasmidurinn.is\/pl\/wp-json\/wp\/v2\/product\/14608","targetHints":{"allow":["GET"]}}],"collection":[{"href":"https:\/\/bilasmidurinn.is\/pl\/wp-json\/wp\/v2\/product"}],"about":[{"href":"https:\/\/bilasmidurinn.is\/pl\/wp-json\/wp\/v2\/types\/product"}],"wp:featuredmedia":[{"embeddable":true,"href":"https:\/\/bilasmidurinn.is\/pl\/wp-json\/wp\/v2\/media\/14609"}],"wp:attachment":[{"href":"https:\/\/bilasmidurinn.is\/pl\/wp-json\/wp\/v2\/media?parent=14608"}],"wp:term":[{"taxonomy":"product_brand","embeddable":true,"href":"https:\/\/bilasmidurinn.is\/pl\/wp-json\/wp\/v2\/product_brand?post=14608"},{"taxonomy":"product_cat","embeddable":true,"href":"https:\/\/bilasmidurinn.is\/pl\/wp-json\/wp\/v2\/product_cat?post=14608"},{"taxonomy":"product_tag","embeddable":true,"href":"https:\/\/bilasmidurinn.is\/pl\/wp-json\/wp\/v2\/product_tag?post=14608"}],"curies":[{"name":"wp","href":"https:\/\/api.w.org\/{rel}","templated":true}]}}