{"id":14539,"date":"2022-02-08T20:48:14","date_gmt":"2022-02-08T20:48:14","guid":{"rendered":"https:\/\/bilasmidurinn.is\/?post_type=product&#038;p=14539"},"modified":"2024-01-05T08:30:48","modified_gmt":"2024-01-05T08:30:48","slug":"rydfri-braut-telescopic-hd-400","status":"publish","type":"product","link":"https:\/\/bilasmidurinn.is\/pl\/vefverslun\/adrar-vorur\/rydfri-braut-telescopic-hd-400\/","title":{"rendered":"Teleskopowa g\u0105sienica ze stali nierdzewnej HD 400"},"content":{"rendered":"<p>Teleskopowy tor nierdzewny 400m -800mm No\u015bno\u015b\u0107 160-140kg.<\/p>\n<p>Sprzedawane jako zestaw.<\/p>\n<p>&nbsp;<\/p>","protected":false},"excerpt":{"rendered":"<p>G\u0105sienice teleskopowe ze stali nierdzewnej 400-800mm 140-160kg<\/p>","protected":false},"featured_media":14540,"template":"","meta":[],"product_brand":[],"product_cat":[7951],"product_tag":[],"class_list":{"0":"post-14539","1":"product","2":"type-product","3":"status-publish","4":"has-post-thumbnail","6":"product_cat-adrar-vorur","8":"first","9":"instock","10":"shipping-taxable","11":"product-type-simple"},"yoast_head":"<!-- This site is optimized with the Yoast SEO plugin v27.5 - https:\/\/yoast.com\/product\/yoast-seo-wordpress\/ -->\n<title>Ry\u00f0fr\u00ed braut telescopic HD 400 - B&iacute;lasmi&eth;urinn<\/title>\n<meta name=\"robots\" content=\"index, follow, max-snippet:-1, max-image-preview:large, max-video-preview:-1\" \/>\n<link rel=\"canonical\" href=\"https:\/\/bilasmidurinn.is\/pl\/vefverslun\/adrar-vorur\/rydfri-braut-telescopic-hd-400\/\" \/>\n<meta property=\"og:locale\" content=\"pl_PL\" \/>\n<meta property=\"og:type\" content=\"article\" \/>\n<meta property=\"og:title\" content=\"Ry\u00f0fr\u00ed braut telescopic HD 400 - B&iacute;lasmi&eth;urinn\" \/>\n<meta property=\"og:description\" content=\"Ry\u00f0fr\u00ed telescopic braut 400-800mm 140-160kg\" \/>\n<meta property=\"og:url\" content=\"https:\/\/bilasmidurinn.is\/pl\/vefverslun\/adrar-vorur\/rydfri-braut-telescopic-hd-400\/\" \/>\n<meta property=\"og:site_name\" content=\"B&iacute;lasmi&eth;urinn\" \/>\n<meta property=\"article:modified_time\" content=\"2024-01-05T08:30:48+00:00\" \/>\n<meta property=\"og:image\" content=\"https:\/\/bilasmidurinn.is\/wp-content\/uploads\/2022\/02\/ds5321_2_-resized.jpg\" \/>\n\t<meta property=\"og:image:width\" content=\"700\" \/>\n\t<meta property=\"og:image:height\" content=\"700\" \/>\n\t<meta property=\"og:image:type\" content=\"image\/jpeg\" \/>\n<meta name=\"twitter:card\" content=\"summary_large_image\" \/>\n<meta name=\"twitter:label1\" content=\"Szacowany czas czytania\" \/>\n\t<meta name=\"twitter:data1\" content=\"1 minuta\" \/>\n<script type=\"application\/ld+json\" class=\"yoast-schema-graph\">{\"@context\":\"https:\\\/\\\/schema.org\",\"@graph\":[{\"@type\":\"WebPage\",\"@id\":\"https:\\\/\\\/bilasmidurinn.is\\\/vefverslun\\\/adrar-vorur\\\/rydfri-braut-telescopic-hd-400\\\/\",\"url\":\"https:\\\/\\\/bilasmidurinn.is\\\/vefverslun\\\/adrar-vorur\\\/rydfri-braut-telescopic-hd-400\\\/\",\"name\":\"Ry\u00f0fr\u00ed braut telescopic HD 400 - B&iacute;lasmi&eth;urinn\",\"isPartOf\":{\"@id\":\"https:\\\/\\\/bilasmidurinn.is\\\/#website\"},\"primaryImageOfPage\":{\"@id\":\"https:\\\/\\\/bilasmidurinn.is\\\/vefverslun\\\/adrar-vorur\\\/rydfri-braut-telescopic-hd-400\\\/#primaryimage\"},\"image\":{\"@id\":\"https:\\\/\\\/bilasmidurinn.is\\\/vefverslun\\\/adrar-vorur\\\/rydfri-braut-telescopic-hd-400\\\/#primaryimage\"},\"thumbnailUrl\":\"https:\\\/\\\/bilasmidurinn.is\\\/wp-content\\\/uploads\\\/2022\\\/02\\\/ds5321_2_-resized.jpg\",\"datePublished\":\"2022-02-08T20:48:14+00:00\",\"dateModified\":\"2024-01-05T08:30:48+00:00\",\"breadcrumb\":{\"@id\":\"https:\\\/\\\/bilasmidurinn.is\\\/vefverslun\\\/adrar-vorur\\\/rydfri-braut-telescopic-hd-400\\\/#breadcrumb\"},\"inLanguage\":\"pl-PL\",\"potentialAction\":[{\"@type\":\"ReadAction\",\"target\":[\"https:\\\/\\\/bilasmidurinn.is\\\/vefverslun\\\/adrar-vorur\\\/rydfri-braut-telescopic-hd-400\\\/\"]}]},{\"@type\":\"ImageObject\",\"inLanguage\":\"pl-PL\",\"@id\":\"https:\\\/\\\/bilasmidurinn.is\\\/vefverslun\\\/adrar-vorur\\\/rydfri-braut-telescopic-hd-400\\\/#primaryimage\",\"url\":\"https:\\\/\\\/bilasmidurinn.is\\\/wp-content\\\/uploads\\\/2022\\\/02\\\/ds5321_2_-resized.jpg\",\"contentUrl\":\"https:\\\/\\\/bilasmidurinn.is\\\/wp-content\\\/uploads\\\/2022\\\/02\\\/ds5321_2_-resized.jpg\",\"width\":700,\"height\":700},{\"@type\":\"BreadcrumbList\",\"@id\":\"https:\\\/\\\/bilasmidurinn.is\\\/vefverslun\\\/adrar-vorur\\\/rydfri-braut-telescopic-hd-400\\\/#breadcrumb\",\"itemListElement\":[{\"@type\":\"ListItem\",\"position\":1,\"name\":\"Home\",\"item\":\"https:\\\/\\\/bilasmidurinn.is\\\/\"},{\"@type\":\"ListItem\",\"position\":2,\"name\":\"V\u00f6rur \u00ed verslun\",\"item\":\"https:\\\/\\\/bilasmidurinn.is\\\/vefverslun\\\/\"},{\"@type\":\"ListItem\",\"position\":3,\"name\":\"Ry\u00f0fr\u00ed braut telescopic HD 400\"}]},{\"@type\":\"WebSite\",\"@id\":\"https:\\\/\\\/bilasmidurinn.is\\\/#website\",\"url\":\"https:\\\/\\\/bilasmidurinn.is\\\/\",\"name\":\"B&iacute;lasmi&eth;urinn\",\"description\":\"All sem &thorn;&uacute; &thorn;arft &iacute; t&aelig;ki&eth;\",\"potentialAction\":[{\"@type\":\"SearchAction\",\"target\":{\"@type\":\"EntryPoint\",\"urlTemplate\":\"https:\\\/\\\/bilasmidurinn.is\\\/?s={search_term_string}\"},\"query-input\":{\"@type\":\"PropertyValueSpecification\",\"valueRequired\":true,\"valueName\":\"search_term_string\"}}],\"inLanguage\":\"pl-PL\"}]}<\/script>\n<!-- \/ Yoast SEO plugin. -->","yoast_head_json":{"title":"Ry\u00f0fr\u00ed braut telescopic HD 400 - B&iacute;lasmi&eth;urinn","robots":{"index":"index","follow":"follow","max-snippet":"max-snippet:-1","max-image-preview":"max-image-preview:large","max-video-preview":"max-video-preview:-1"},"canonical":"https:\/\/bilasmidurinn.is\/pl\/vefverslun\/adrar-vorur\/rydfri-braut-telescopic-hd-400\/","og_locale":"pl_PL","og_type":"article","og_title":"Ry\u00f0fr\u00ed braut telescopic HD 400 - B&iacute;lasmi&eth;urinn","og_description":"Ry\u00f0fr\u00ed telescopic braut 400-800mm 140-160kg","og_url":"https:\/\/bilasmidurinn.is\/pl\/vefverslun\/adrar-vorur\/rydfri-braut-telescopic-hd-400\/","og_site_name":"B&iacute;lasmi&eth;urinn","article_modified_time":"2024-01-05T08:30:48+00:00","og_image":[{"width":700,"height":700,"url":"https:\/\/bilasmidurinn.is\/wp-content\/uploads\/2022\/02\/ds5321_2_-resized.jpg","type":"image\/jpeg"}],"twitter_card":"summary_large_image","twitter_misc":{"Szacowany czas czytania":"1 minuta"},"schema":{"@context":"https:\/\/schema.org","@graph":[{"@type":"WebPage","@id":"https:\/\/bilasmidurinn.is\/vefverslun\/adrar-vorur\/rydfri-braut-telescopic-hd-400\/","url":"https:\/\/bilasmidurinn.is\/vefverslun\/adrar-vorur\/rydfri-braut-telescopic-hd-400\/","name":"Ry\u00f0fr\u00ed braut telescopic HD 400 - B&iacute;lasmi&eth;urinn","isPartOf":{"@id":"https:\/\/bilasmidurinn.is\/#website"},"primaryImageOfPage":{"@id":"https:\/\/bilasmidurinn.is\/vefverslun\/adrar-vorur\/rydfri-braut-telescopic-hd-400\/#primaryimage"},"image":{"@id":"https:\/\/bilasmidurinn.is\/vefverslun\/adrar-vorur\/rydfri-braut-telescopic-hd-400\/#primaryimage"},"thumbnailUrl":"https:\/\/bilasmidurinn.is\/wp-content\/uploads\/2022\/02\/ds5321_2_-resized.jpg","datePublished":"2022-02-08T20:48:14+00:00","dateModified":"2024-01-05T08:30:48+00:00","breadcrumb":{"@id":"https:\/\/bilasmidurinn.is\/vefverslun\/adrar-vorur\/rydfri-braut-telescopic-hd-400\/#breadcrumb"},"inLanguage":"pl-PL","potentialAction":[{"@type":"ReadAction","target":["https:\/\/bilasmidurinn.is\/vefverslun\/adrar-vorur\/rydfri-braut-telescopic-hd-400\/"]}]},{"@type":"ImageObject","inLanguage":"pl-PL","@id":"https:\/\/bilasmidurinn.is\/vefverslun\/adrar-vorur\/rydfri-braut-telescopic-hd-400\/#primaryimage","url":"https:\/\/bilasmidurinn.is\/wp-content\/uploads\/2022\/02\/ds5321_2_-resized.jpg","contentUrl":"https:\/\/bilasmidurinn.is\/wp-content\/uploads\/2022\/02\/ds5321_2_-resized.jpg","width":700,"height":700},{"@type":"BreadcrumbList","@id":"https:\/\/bilasmidurinn.is\/vefverslun\/adrar-vorur\/rydfri-braut-telescopic-hd-400\/#breadcrumb","itemListElement":[{"@type":"ListItem","position":1,"name":"Home","item":"https:\/\/bilasmidurinn.is\/"},{"@type":"ListItem","position":2,"name":"V\u00f6rur \u00ed verslun","item":"https:\/\/bilasmidurinn.is\/vefverslun\/"},{"@type":"ListItem","position":3,"name":"Ry\u00f0fr\u00ed braut telescopic HD 400"}]},{"@type":"WebSite","@id":"https:\/\/bilasmidurinn.is\/#website","url":"https:\/\/bilasmidurinn.is\/","name":"B&iacute;lasmi&eth;urinn","description":"All sem &thorn;&uacute; &thorn;arft &iacute; t&aelig;ki&eth;","potentialAction":[{"@type":"SearchAction","target":{"@type":"EntryPoint","urlTemplate":"https:\/\/bilasmidurinn.is\/?s={search_term_string}"},"query-input":{"@type":"PropertyValueSpecification","valueRequired":true,"valueName":"search_term_string"}}],"inLanguage":"pl-PL"}]}},"_links":{"self":[{"href":"https:\/\/bilasmidurinn.is\/pl\/wp-json\/wp\/v2\/product\/14539","targetHints":{"allow":["GET"]}}],"collection":[{"href":"https:\/\/bilasmidurinn.is\/pl\/wp-json\/wp\/v2\/product"}],"about":[{"href":"https:\/\/bilasmidurinn.is\/pl\/wp-json\/wp\/v2\/types\/product"}],"wp:featuredmedia":[{"embeddable":true,"href":"https:\/\/bilasmidurinn.is\/pl\/wp-json\/wp\/v2\/media\/14540"}],"wp:attachment":[{"href":"https:\/\/bilasmidurinn.is\/pl\/wp-json\/wp\/v2\/media?parent=14539"}],"wp:term":[{"taxonomy":"product_brand","embeddable":true,"href":"https:\/\/bilasmidurinn.is\/pl\/wp-json\/wp\/v2\/product_brand?post=14539"},{"taxonomy":"product_cat","embeddable":true,"href":"https:\/\/bilasmidurinn.is\/pl\/wp-json\/wp\/v2\/product_cat?post=14539"},{"taxonomy":"product_tag","embeddable":true,"href":"https:\/\/bilasmidurinn.is\/pl\/wp-json\/wp\/v2\/product_tag?post=14539"}],"curies":[{"name":"wp","href":"https:\/\/api.w.org\/{rel}","templated":true}]}}