{"id":14475,"date":"2022-02-01T19:48:20","date_gmt":"2022-02-01T19:48:20","guid":{"rendered":"https:\/\/bilasmidurinn.is\/?post_type=product&#038;p=14475"},"modified":"2022-02-01T19:48:20","modified_gmt":"2022-02-01T19:48:20","slug":"oryggisbelti-3punkta","status":"publish","type":"product","link":"https:\/\/bilasmidurinn.is\/pl\/vefverslun\/oryggisvorur\/oryggisbelti-3punkta\/","title":{"rendered":"3-punktowy pas bezpiecze\u0144stwa"},"content":{"rendered":"<p>3-punktowy pas bezpiecze\u0144stwa z rolk\u0105 ECE 3,15m, czarny<\/p>\n<p>Klamra paska nie jest do\u0142\u0105czona, zwr\u00f3\u0107 uwag\u0119 na r\u00f3\u017cne modele<\/p>\n<p>Mo\u017cliwo\u015b\u0107 dostarczenia innych kolor\u00f3w.<\/p>\n<p>Wyprodukowane we W\u0142oszech<\/p>\n<p>&nbsp;<\/p>","protected":false},"excerpt":{"rendered":"<p>\u0141atka bezpiecze\u0144stwa 3 szt. z rolk\u0105 3,15 m<\/p>","protected":false},"featured_media":14476,"template":"","meta":[],"product_brand":[8044],"product_cat":[7968],"product_tag":[],"class_list":{"0":"post-14475","1":"product","2":"type-product","3":"status-publish","4":"has-post-thumbnail","6":"product_brand-velm","7":"product_cat-oryggisvorur","9":"first","10":"instock","11":"shipping-taxable","12":"product-type-simple"},"yoast_head":"<!-- This site is optimized with the Yoast SEO plugin v27.4 - https:\/\/yoast.com\/product\/yoast-seo-wordpress\/ -->\n<title>\u00d6ryggisbelti 3punkta - B&iacute;lasmi&eth;urinn<\/title>\n<meta name=\"robots\" content=\"index, follow, max-snippet:-1, max-image-preview:large, max-video-preview:-1\" \/>\n<link rel=\"canonical\" href=\"http:\/\/bilasmidurinn.is\/pl\/vefverslun\/oryggisvorur\/oryggisbelti-3punkta\/\" \/>\n<meta property=\"og:locale\" content=\"pl_PL\" \/>\n<meta property=\"og:type\" content=\"article\" \/>\n<meta property=\"og:title\" content=\"\u00d6ryggisbelti 3punkta - B&iacute;lasmi&eth;urinn\" \/>\n<meta property=\"og:description\" content=\"3p \u00f6ryggisbleti me\u00f0 r\u00fallu\u00a0 3,15m\" \/>\n<meta property=\"og:url\" content=\"http:\/\/bilasmidurinn.is\/pl\/vefverslun\/oryggisvorur\/oryggisbelti-3punkta\/\" \/>\n<meta property=\"og:site_name\" content=\"B&iacute;lasmi&eth;urinn\" \/>\n<meta property=\"og:image\" content=\"https:\/\/bilasmidurinn.is\/wp-content\/uploads\/2022\/02\/beispiel-elr-automatik-3-punkt-gurt.png\" \/>\n\t<meta property=\"og:image:width\" content=\"510\" \/>\n\t<meta property=\"og:image:height\" content=\"510\" \/>\n\t<meta property=\"og:image:type\" content=\"image\/png\" \/>\n<meta name=\"twitter:card\" content=\"summary_large_image\" \/>\n<script type=\"application\/ld+json\" class=\"yoast-schema-graph\">{\"@context\":\"https:\\\/\\\/schema.org\",\"@graph\":[{\"@type\":\"WebPage\",\"@id\":\"http:\\\/\\\/bilasmidurinn.is\\\/en\\\/vefverslun\\\/oryggisvorur\\\/oryggisbelti-3punkta\\\/\",\"url\":\"http:\\\/\\\/bilasmidurinn.is\\\/en\\\/vefverslun\\\/oryggisvorur\\\/oryggisbelti-3punkta\\\/\",\"name\":\"\u00d6ryggisbelti 3punkta - B&iacute;lasmi&eth;urinn\",\"isPartOf\":{\"@id\":\"https:\\\/\\\/bilasmidurinn.is\\\/#website\"},\"primaryImageOfPage\":{\"@id\":\"http:\\\/\\\/bilasmidurinn.is\\\/en\\\/vefverslun\\\/oryggisvorur\\\/oryggisbelti-3punkta\\\/#primaryimage\"},\"image\":{\"@id\":\"http:\\\/\\\/bilasmidurinn.is\\\/en\\\/vefverslun\\\/oryggisvorur\\\/oryggisbelti-3punkta\\\/#primaryimage\"},\"thumbnailUrl\":\"https:\\\/\\\/bilasmidurinn.is\\\/wp-content\\\/uploads\\\/2022\\\/02\\\/beispiel-elr-automatik-3-punkt-gurt.png\",\"datePublished\":\"2022-02-01T19:48:20+00:00\",\"breadcrumb\":{\"@id\":\"http:\\\/\\\/bilasmidurinn.is\\\/en\\\/vefverslun\\\/oryggisvorur\\\/oryggisbelti-3punkta\\\/#breadcrumb\"},\"inLanguage\":\"pl-PL\",\"potentialAction\":[{\"@type\":\"ReadAction\",\"target\":[\"http:\\\/\\\/bilasmidurinn.is\\\/en\\\/vefverslun\\\/oryggisvorur\\\/oryggisbelti-3punkta\\\/\"]}]},{\"@type\":\"ImageObject\",\"inLanguage\":\"pl-PL\",\"@id\":\"http:\\\/\\\/bilasmidurinn.is\\\/en\\\/vefverslun\\\/oryggisvorur\\\/oryggisbelti-3punkta\\\/#primaryimage\",\"url\":\"https:\\\/\\\/bilasmidurinn.is\\\/wp-content\\\/uploads\\\/2022\\\/02\\\/beispiel-elr-automatik-3-punkt-gurt.png\",\"contentUrl\":\"https:\\\/\\\/bilasmidurinn.is\\\/wp-content\\\/uploads\\\/2022\\\/02\\\/beispiel-elr-automatik-3-punkt-gurt.png\",\"width\":510,\"height\":510},{\"@type\":\"BreadcrumbList\",\"@id\":\"http:\\\/\\\/bilasmidurinn.is\\\/en\\\/vefverslun\\\/oryggisvorur\\\/oryggisbelti-3punkta\\\/#breadcrumb\",\"itemListElement\":[{\"@type\":\"ListItem\",\"position\":1,\"name\":\"Home\",\"item\":\"https:\\\/\\\/bilasmidurinn.is\\\/\"},{\"@type\":\"ListItem\",\"position\":2,\"name\":\"V\u00f6rur \u00ed verslun\",\"item\":\"https:\\\/\\\/bilasmidurinn.is\\\/vefverslun\\\/\"},{\"@type\":\"ListItem\",\"position\":3,\"name\":\"\u00d6ryggisbelti 3punkta\"}]},{\"@type\":\"WebSite\",\"@id\":\"https:\\\/\\\/bilasmidurinn.is\\\/#website\",\"url\":\"https:\\\/\\\/bilasmidurinn.is\\\/\",\"name\":\"B&iacute;lasmi&eth;urinn\",\"description\":\"All sem &thorn;&uacute; &thorn;arft &iacute; t&aelig;ki&eth;\",\"potentialAction\":[{\"@type\":\"SearchAction\",\"target\":{\"@type\":\"EntryPoint\",\"urlTemplate\":\"https:\\\/\\\/bilasmidurinn.is\\\/?s={search_term_string}\"},\"query-input\":{\"@type\":\"PropertyValueSpecification\",\"valueRequired\":true,\"valueName\":\"search_term_string\"}}],\"inLanguage\":\"pl-PL\"}]}<\/script>\n<!-- \/ Yoast SEO plugin. -->","yoast_head_json":{"title":"\u00d6ryggisbelti 3punkta - B&iacute;lasmi&eth;urinn","robots":{"index":"index","follow":"follow","max-snippet":"max-snippet:-1","max-image-preview":"max-image-preview:large","max-video-preview":"max-video-preview:-1"},"canonical":"http:\/\/bilasmidurinn.is\/pl\/vefverslun\/oryggisvorur\/oryggisbelti-3punkta\/","og_locale":"pl_PL","og_type":"article","og_title":"\u00d6ryggisbelti 3punkta - B&iacute;lasmi&eth;urinn","og_description":"3p \u00f6ryggisbleti me\u00f0 r\u00fallu\u00a0 3,15m","og_url":"http:\/\/bilasmidurinn.is\/pl\/vefverslun\/oryggisvorur\/oryggisbelti-3punkta\/","og_site_name":"B&iacute;lasmi&eth;urinn","og_image":[{"width":510,"height":510,"url":"https:\/\/bilasmidurinn.is\/wp-content\/uploads\/2022\/02\/beispiel-elr-automatik-3-punkt-gurt.png","type":"image\/png"}],"twitter_card":"summary_large_image","schema":{"@context":"https:\/\/schema.org","@graph":[{"@type":"WebPage","@id":"http:\/\/bilasmidurinn.is\/en\/vefverslun\/oryggisvorur\/oryggisbelti-3punkta\/","url":"http:\/\/bilasmidurinn.is\/en\/vefverslun\/oryggisvorur\/oryggisbelti-3punkta\/","name":"\u00d6ryggisbelti 3punkta - B&iacute;lasmi&eth;urinn","isPartOf":{"@id":"https:\/\/bilasmidurinn.is\/#website"},"primaryImageOfPage":{"@id":"http:\/\/bilasmidurinn.is\/en\/vefverslun\/oryggisvorur\/oryggisbelti-3punkta\/#primaryimage"},"image":{"@id":"http:\/\/bilasmidurinn.is\/en\/vefverslun\/oryggisvorur\/oryggisbelti-3punkta\/#primaryimage"},"thumbnailUrl":"https:\/\/bilasmidurinn.is\/wp-content\/uploads\/2022\/02\/beispiel-elr-automatik-3-punkt-gurt.png","datePublished":"2022-02-01T19:48:20+00:00","breadcrumb":{"@id":"http:\/\/bilasmidurinn.is\/en\/vefverslun\/oryggisvorur\/oryggisbelti-3punkta\/#breadcrumb"},"inLanguage":"pl-PL","potentialAction":[{"@type":"ReadAction","target":["http:\/\/bilasmidurinn.is\/en\/vefverslun\/oryggisvorur\/oryggisbelti-3punkta\/"]}]},{"@type":"ImageObject","inLanguage":"pl-PL","@id":"http:\/\/bilasmidurinn.is\/en\/vefverslun\/oryggisvorur\/oryggisbelti-3punkta\/#primaryimage","url":"https:\/\/bilasmidurinn.is\/wp-content\/uploads\/2022\/02\/beispiel-elr-automatik-3-punkt-gurt.png","contentUrl":"https:\/\/bilasmidurinn.is\/wp-content\/uploads\/2022\/02\/beispiel-elr-automatik-3-punkt-gurt.png","width":510,"height":510},{"@type":"BreadcrumbList","@id":"http:\/\/bilasmidurinn.is\/en\/vefverslun\/oryggisvorur\/oryggisbelti-3punkta\/#breadcrumb","itemListElement":[{"@type":"ListItem","position":1,"name":"Home","item":"https:\/\/bilasmidurinn.is\/"},{"@type":"ListItem","position":2,"name":"V\u00f6rur \u00ed verslun","item":"https:\/\/bilasmidurinn.is\/vefverslun\/"},{"@type":"ListItem","position":3,"name":"\u00d6ryggisbelti 3punkta"}]},{"@type":"WebSite","@id":"https:\/\/bilasmidurinn.is\/#website","url":"https:\/\/bilasmidurinn.is\/","name":"B&iacute;lasmi&eth;urinn","description":"All sem &thorn;&uacute; &thorn;arft &iacute; t&aelig;ki&eth;","potentialAction":[{"@type":"SearchAction","target":{"@type":"EntryPoint","urlTemplate":"https:\/\/bilasmidurinn.is\/?s={search_term_string}"},"query-input":{"@type":"PropertyValueSpecification","valueRequired":true,"valueName":"search_term_string"}}],"inLanguage":"pl-PL"}]}},"_links":{"self":[{"href":"https:\/\/bilasmidurinn.is\/pl\/wp-json\/wp\/v2\/product\/14475","targetHints":{"allow":["GET"]}}],"collection":[{"href":"https:\/\/bilasmidurinn.is\/pl\/wp-json\/wp\/v2\/product"}],"about":[{"href":"https:\/\/bilasmidurinn.is\/pl\/wp-json\/wp\/v2\/types\/product"}],"wp:featuredmedia":[{"embeddable":true,"href":"https:\/\/bilasmidurinn.is\/pl\/wp-json\/wp\/v2\/media\/14476"}],"wp:attachment":[{"href":"https:\/\/bilasmidurinn.is\/pl\/wp-json\/wp\/v2\/media?parent=14475"}],"wp:term":[{"taxonomy":"product_brand","embeddable":true,"href":"https:\/\/bilasmidurinn.is\/pl\/wp-json\/wp\/v2\/product_brand?post=14475"},{"taxonomy":"product_cat","embeddable":true,"href":"https:\/\/bilasmidurinn.is\/pl\/wp-json\/wp\/v2\/product_cat?post=14475"},{"taxonomy":"product_tag","embeddable":true,"href":"https:\/\/bilasmidurinn.is\/pl\/wp-json\/wp\/v2\/product_tag?post=14475"}],"curies":[{"name":"wp","href":"https:\/\/api.w.org\/{rel}","templated":true}]}}