{"id":14359,"date":"2022-01-12T21:44:02","date_gmt":"2022-01-12T21:44:02","guid":{"rendered":"https:\/\/bilasmidurinn.is\/?post_type=product&#038;p=14359"},"modified":"2022-01-12T21:53:25","modified_gmt":"2022-01-12T21:53:25","slug":"recaro-pro-racer-fia-keppnisstolar","status":"publish","type":"product","link":"https:\/\/bilasmidurinn.is\/pl\/vefverslun\/stolar\/recaro-pro-racer-fia-keppnisstolar\/","title":{"rendered":"Fotele wy\u015bcigowe RECARO PRO RACER FIA"},"content":{"rendered":"<p>Fotele wy\u015bcigowe RECARO PRO RACER sprawdzi\u0142y si\u0119 na ca\u0142ym \u015bwiecie i s\u0105 najlepszymi kierowcami rajdowymi RECARO, nie tylko ze wzgl\u0119du na ich wyj\u0105tkowe w\u0142a\u015bciwo\u015bci no\u015bne i wytrzyma\u0142o\u015b\u0107, ale tak\u017ce jako\u015b\u0107 jest doskona\u0142a, poniewa\u017c dobre samopoczucie kierowcy ma r\u00f3wnie\u017c znaczenie najwy\u017cszej wagi. patrz broszura PDF<\/p>\n<p>Fotele FIA nie s\u0105 dost\u0119pne na magazynie i musz\u0105 by\u0107 zamawiane, s\u0105 datowane specjalnymi oznaczeniami. Czas dostawy mo\u017ce wynie\u015b\u0107 do 10-16 tygodni.<\/p>\n<p>\u0141\u0105czniki nale\u017cy zamawia\u0107 oddzielnie, w przeciwnym razie s\u0105 wykonane z aluminium lub stali,<\/p>\n<p>&nbsp;<\/p>","protected":false},"excerpt":{"rendered":"<p>RECARO Pro-Racer SPG i SPA<\/p>","protected":false},"featured_media":14365,"template":"","meta":[],"product_brand":[],"product_cat":[7971],"product_tag":[],"class_list":{"0":"post-14359","1":"product","2":"type-product","3":"status-publish","4":"has-post-thumbnail","6":"product_cat-stolar","8":"first","9":"instock","10":"shipping-taxable","11":"product-type-simple"},"yoast_head":"<!-- This site is optimized with the Yoast SEO plugin v27.4 - https:\/\/yoast.com\/product\/yoast-seo-wordpress\/ -->\n<title>RECARO PRO RACER FIA keppnisst\u00f3lar - B&iacute;lasmi&eth;urinn<\/title>\n<meta name=\"robots\" content=\"index, follow, max-snippet:-1, max-image-preview:large, max-video-preview:-1\" \/>\n<link rel=\"canonical\" href=\"http:\/\/bilasmidurinn.is\/pl\/vefverslun\/stolar\/recaro-pro-racer-fia-keppnisstolar\/\" \/>\n<meta property=\"og:locale\" content=\"pl_PL\" \/>\n<meta property=\"og:type\" content=\"article\" \/>\n<meta property=\"og:title\" content=\"RECARO PRO RACER FIA keppnisst\u00f3lar - B&iacute;lasmi&eth;urinn\" \/>\n<meta property=\"og:description\" content=\"RECARO Pro-Racer SPG og SPA\" \/>\n<meta property=\"og:url\" content=\"http:\/\/bilasmidurinn.is\/pl\/vefverslun\/stolar\/recaro-pro-racer-fia-keppnisstolar\/\" \/>\n<meta property=\"og:site_name\" content=\"B&iacute;lasmi&eth;urinn\" \/>\n<meta property=\"article:modified_time\" content=\"2022-01-12T21:53:25+00:00\" \/>\n<meta property=\"og:image\" content=\"https:\/\/bilasmidurinn.is\/wp-content\/uploads\/2022\/01\/recaro-pro-racer-spg-velour-black-web.png\" \/>\n\t<meta property=\"og:image:width\" content=\"300\" \/>\n\t<meta property=\"og:image:height\" content=\"400\" \/>\n\t<meta property=\"og:image:type\" content=\"image\/png\" \/>\n<meta name=\"twitter:card\" content=\"summary_large_image\" \/>\n<script type=\"application\/ld+json\" class=\"yoast-schema-graph\">{\"@context\":\"https:\\\/\\\/schema.org\",\"@graph\":[{\"@type\":\"WebPage\",\"@id\":\"http:\\\/\\\/bilasmidurinn.is\\\/en\\\/vefverslun\\\/stolar\\\/recaro-pro-racer-fia-keppnisstolar\\\/\",\"url\":\"http:\\\/\\\/bilasmidurinn.is\\\/en\\\/vefverslun\\\/stolar\\\/recaro-pro-racer-fia-keppnisstolar\\\/\",\"name\":\"RECARO PRO RACER FIA keppnisst\u00f3lar - B&iacute;lasmi&eth;urinn\",\"isPartOf\":{\"@id\":\"https:\\\/\\\/bilasmidurinn.is\\\/#website\"},\"primaryImageOfPage\":{\"@id\":\"http:\\\/\\\/bilasmidurinn.is\\\/en\\\/vefverslun\\\/stolar\\\/recaro-pro-racer-fia-keppnisstolar\\\/#primaryimage\"},\"image\":{\"@id\":\"http:\\\/\\\/bilasmidurinn.is\\\/en\\\/vefverslun\\\/stolar\\\/recaro-pro-racer-fia-keppnisstolar\\\/#primaryimage\"},\"thumbnailUrl\":\"https:\\\/\\\/bilasmidurinn.is\\\/wp-content\\\/uploads\\\/2022\\\/01\\\/recaro-pro-racer-spg-velour-black-web.png\",\"datePublished\":\"2022-01-12T21:44:02+00:00\",\"dateModified\":\"2022-01-12T21:53:25+00:00\",\"breadcrumb\":{\"@id\":\"http:\\\/\\\/bilasmidurinn.is\\\/en\\\/vefverslun\\\/stolar\\\/recaro-pro-racer-fia-keppnisstolar\\\/#breadcrumb\"},\"inLanguage\":\"pl-PL\",\"potentialAction\":[{\"@type\":\"ReadAction\",\"target\":[\"http:\\\/\\\/bilasmidurinn.is\\\/en\\\/vefverslun\\\/stolar\\\/recaro-pro-racer-fia-keppnisstolar\\\/\"]}]},{\"@type\":\"ImageObject\",\"inLanguage\":\"pl-PL\",\"@id\":\"http:\\\/\\\/bilasmidurinn.is\\\/en\\\/vefverslun\\\/stolar\\\/recaro-pro-racer-fia-keppnisstolar\\\/#primaryimage\",\"url\":\"https:\\\/\\\/bilasmidurinn.is\\\/wp-content\\\/uploads\\\/2022\\\/01\\\/recaro-pro-racer-spg-velour-black-web.png\",\"contentUrl\":\"https:\\\/\\\/bilasmidurinn.is\\\/wp-content\\\/uploads\\\/2022\\\/01\\\/recaro-pro-racer-spg-velour-black-web.png\",\"width\":300,\"height\":400},{\"@type\":\"BreadcrumbList\",\"@id\":\"http:\\\/\\\/bilasmidurinn.is\\\/en\\\/vefverslun\\\/stolar\\\/recaro-pro-racer-fia-keppnisstolar\\\/#breadcrumb\",\"itemListElement\":[{\"@type\":\"ListItem\",\"position\":1,\"name\":\"Home\",\"item\":\"https:\\\/\\\/bilasmidurinn.is\\\/\"},{\"@type\":\"ListItem\",\"position\":2,\"name\":\"V\u00f6rur \u00ed verslun\",\"item\":\"https:\\\/\\\/bilasmidurinn.is\\\/vefverslun\\\/\"},{\"@type\":\"ListItem\",\"position\":3,\"name\":\"RECARO PRO RACER FIA keppnisst\u00f3lar\"}]},{\"@type\":\"WebSite\",\"@id\":\"https:\\\/\\\/bilasmidurinn.is\\\/#website\",\"url\":\"https:\\\/\\\/bilasmidurinn.is\\\/\",\"name\":\"B&iacute;lasmi&eth;urinn\",\"description\":\"All sem &thorn;&uacute; &thorn;arft &iacute; t&aelig;ki&eth;\",\"potentialAction\":[{\"@type\":\"SearchAction\",\"target\":{\"@type\":\"EntryPoint\",\"urlTemplate\":\"https:\\\/\\\/bilasmidurinn.is\\\/?s={search_term_string}\"},\"query-input\":{\"@type\":\"PropertyValueSpecification\",\"valueRequired\":true,\"valueName\":\"search_term_string\"}}],\"inLanguage\":\"pl-PL\"}]}<\/script>\n<!-- \/ Yoast SEO plugin. -->","yoast_head_json":{"title":"RECARO PRO RACER FIA keppnisst\u00f3lar - B&iacute;lasmi&eth;urinn","robots":{"index":"index","follow":"follow","max-snippet":"max-snippet:-1","max-image-preview":"max-image-preview:large","max-video-preview":"max-video-preview:-1"},"canonical":"http:\/\/bilasmidurinn.is\/pl\/vefverslun\/stolar\/recaro-pro-racer-fia-keppnisstolar\/","og_locale":"pl_PL","og_type":"article","og_title":"RECARO PRO RACER FIA keppnisst\u00f3lar - B&iacute;lasmi&eth;urinn","og_description":"RECARO Pro-Racer SPG og SPA","og_url":"http:\/\/bilasmidurinn.is\/pl\/vefverslun\/stolar\/recaro-pro-racer-fia-keppnisstolar\/","og_site_name":"B&iacute;lasmi&eth;urinn","article_modified_time":"2022-01-12T21:53:25+00:00","og_image":[{"width":300,"height":400,"url":"https:\/\/bilasmidurinn.is\/wp-content\/uploads\/2022\/01\/recaro-pro-racer-spg-velour-black-web.png","type":"image\/png"}],"twitter_card":"summary_large_image","schema":{"@context":"https:\/\/schema.org","@graph":[{"@type":"WebPage","@id":"http:\/\/bilasmidurinn.is\/en\/vefverslun\/stolar\/recaro-pro-racer-fia-keppnisstolar\/","url":"http:\/\/bilasmidurinn.is\/en\/vefverslun\/stolar\/recaro-pro-racer-fia-keppnisstolar\/","name":"RECARO PRO RACER FIA keppnisst\u00f3lar - B&iacute;lasmi&eth;urinn","isPartOf":{"@id":"https:\/\/bilasmidurinn.is\/#website"},"primaryImageOfPage":{"@id":"http:\/\/bilasmidurinn.is\/en\/vefverslun\/stolar\/recaro-pro-racer-fia-keppnisstolar\/#primaryimage"},"image":{"@id":"http:\/\/bilasmidurinn.is\/en\/vefverslun\/stolar\/recaro-pro-racer-fia-keppnisstolar\/#primaryimage"},"thumbnailUrl":"https:\/\/bilasmidurinn.is\/wp-content\/uploads\/2022\/01\/recaro-pro-racer-spg-velour-black-web.png","datePublished":"2022-01-12T21:44:02+00:00","dateModified":"2022-01-12T21:53:25+00:00","breadcrumb":{"@id":"http:\/\/bilasmidurinn.is\/en\/vefverslun\/stolar\/recaro-pro-racer-fia-keppnisstolar\/#breadcrumb"},"inLanguage":"pl-PL","potentialAction":[{"@type":"ReadAction","target":["http:\/\/bilasmidurinn.is\/en\/vefverslun\/stolar\/recaro-pro-racer-fia-keppnisstolar\/"]}]},{"@type":"ImageObject","inLanguage":"pl-PL","@id":"http:\/\/bilasmidurinn.is\/en\/vefverslun\/stolar\/recaro-pro-racer-fia-keppnisstolar\/#primaryimage","url":"https:\/\/bilasmidurinn.is\/wp-content\/uploads\/2022\/01\/recaro-pro-racer-spg-velour-black-web.png","contentUrl":"https:\/\/bilasmidurinn.is\/wp-content\/uploads\/2022\/01\/recaro-pro-racer-spg-velour-black-web.png","width":300,"height":400},{"@type":"BreadcrumbList","@id":"http:\/\/bilasmidurinn.is\/en\/vefverslun\/stolar\/recaro-pro-racer-fia-keppnisstolar\/#breadcrumb","itemListElement":[{"@type":"ListItem","position":1,"name":"Home","item":"https:\/\/bilasmidurinn.is\/"},{"@type":"ListItem","position":2,"name":"V\u00f6rur \u00ed verslun","item":"https:\/\/bilasmidurinn.is\/vefverslun\/"},{"@type":"ListItem","position":3,"name":"RECARO PRO RACER FIA keppnisst\u00f3lar"}]},{"@type":"WebSite","@id":"https:\/\/bilasmidurinn.is\/#website","url":"https:\/\/bilasmidurinn.is\/","name":"B&iacute;lasmi&eth;urinn","description":"All sem &thorn;&uacute; &thorn;arft &iacute; t&aelig;ki&eth;","potentialAction":[{"@type":"SearchAction","target":{"@type":"EntryPoint","urlTemplate":"https:\/\/bilasmidurinn.is\/?s={search_term_string}"},"query-input":{"@type":"PropertyValueSpecification","valueRequired":true,"valueName":"search_term_string"}}],"inLanguage":"pl-PL"}]}},"_links":{"self":[{"href":"https:\/\/bilasmidurinn.is\/pl\/wp-json\/wp\/v2\/product\/14359","targetHints":{"allow":["GET"]}}],"collection":[{"href":"https:\/\/bilasmidurinn.is\/pl\/wp-json\/wp\/v2\/product"}],"about":[{"href":"https:\/\/bilasmidurinn.is\/pl\/wp-json\/wp\/v2\/types\/product"}],"wp:featuredmedia":[{"embeddable":true,"href":"https:\/\/bilasmidurinn.is\/pl\/wp-json\/wp\/v2\/media\/14365"}],"wp:attachment":[{"href":"https:\/\/bilasmidurinn.is\/pl\/wp-json\/wp\/v2\/media?parent=14359"}],"wp:term":[{"taxonomy":"product_brand","embeddable":true,"href":"https:\/\/bilasmidurinn.is\/pl\/wp-json\/wp\/v2\/product_brand?post=14359"},{"taxonomy":"product_cat","embeddable":true,"href":"https:\/\/bilasmidurinn.is\/pl\/wp-json\/wp\/v2\/product_cat?post=14359"},{"taxonomy":"product_tag","embeddable":true,"href":"https:\/\/bilasmidurinn.is\/pl\/wp-json\/wp\/v2\/product_tag?post=14359"}],"curies":[{"name":"wp","href":"https:\/\/api.w.org\/{rel}","templated":true}]}}