{"id":14336,"date":"2022-01-12T21:17:05","date_gmt":"2022-01-12T21:17:05","guid":{"rendered":"https:\/\/bilasmidurinn.is\/?post_type=product&#038;p=14336"},"modified":"2022-01-12T21:17:06","modified_gmt":"2022-01-12T21:17:06","slug":"recaro-ergomed-stolar","status":"publish","type":"product","link":"https:\/\/bilasmidurinn.is\/pl\/vefverslun\/stolar\/recaro-ergomed-stolar\/","title":{"rendered":"Krzes\u0142a RECARO ERGOMED"},"content":{"rendered":"<p>RECARO ERGOMED to szczyt krzese\u0142 RECARO o wyj\u0105tkowym komforcie, poniewa\u017c krzes\u0142o mo\u017cna ca\u0142kowicie dopasowa\u0107 do cia\u0142a ka\u017cdej osoby. 5 ustawie\u0144 poduszki powietrznej w oparciu i siedzisku, kt\u00f3re zapewniaj\u0105 odpowiednie podparcie w ka\u017cdych warunkach. Ogrzewanie i wentylacja siedziska i oparcia, elektrycznie regulowane nachylenie oparcia oraz regulacja siedziska prz\u00f3d i ty\u0142. Przyciski stylu znajduj\u0105 si\u0119 z boku siedziska po prawej lub lewej stronie. Siedzenie mo\u017cna przed\u0142u\u017cy\u0107 dla wysokich os\u00f3b. Wyb\u00f3r tapicerki dost\u0119pnej z wysokiej jako\u015bci sk\u00f3ry. Dost\u0119pne s\u0105 prowadnice pod siedzenie lub specjalne podk\u0142adki dystansowe do niekt\u00f3rych po\u0142\u0105cze\u0144 samochodowych. RECARO ERGOMED nale\u017cy zam\u00f3wi\u0107 osobno, ale w sklepie mamy krzes\u0142o, kt\u00f3re mo\u017cesz wypr\u00f3bowa\u0107. Cena zale\u017cna od projektu. \u2013 patrz pdf.broszura.<\/p>","protected":false},"excerpt":{"rendered":"<p>Krzes\u0142a RECARO ERGOMED<\/p>","protected":false},"featured_media":14343,"template":"","meta":[],"product_brand":[7943],"product_cat":[7971],"product_tag":[],"class_list":{"0":"post-14336","1":"product","2":"type-product","3":"status-publish","4":"has-post-thumbnail","6":"product_brand-recaro-automotive","7":"product_cat-stolar","9":"first","10":"instock","11":"shipping-taxable","12":"product-type-simple"},"yoast_head":"<!-- This site is optimized with the Yoast SEO plugin v27.4 - https:\/\/yoast.com\/product\/yoast-seo-wordpress\/ -->\n<title>RECARO ERGOMED st\u00f3lar - B&iacute;lasmi&eth;urinn<\/title>\n<meta name=\"robots\" content=\"index, follow, max-snippet:-1, max-image-preview:large, max-video-preview:-1\" \/>\n<link rel=\"canonical\" href=\"http:\/\/bilasmidurinn.is\/pl\/vefverslun\/stolar\/recaro-ergomed-stolar\/\" \/>\n<meta property=\"og:locale\" content=\"pl_PL\" \/>\n<meta property=\"og:type\" content=\"article\" \/>\n<meta property=\"og:title\" content=\"RECARO ERGOMED st\u00f3lar - B&iacute;lasmi&eth;urinn\" \/>\n<meta property=\"og:description\" content=\"RECARO ERGOMED st\u00f3lar\" \/>\n<meta property=\"og:url\" content=\"http:\/\/bilasmidurinn.is\/pl\/vefverslun\/stolar\/recaro-ergomed-stolar\/\" \/>\n<meta property=\"og:site_name\" content=\"B&iacute;lasmi&eth;urinn\" \/>\n<meta property=\"article:modified_time\" content=\"2022-01-12T21:17:06+00:00\" \/>\n<meta property=\"og:image\" content=\"https:\/\/bilasmidurinn.is\/wp-content\/uploads\/2022\/01\/recaro-ergomed-es-sab-leder-schwarz-web.png\" \/>\n\t<meta property=\"og:image:width\" content=\"300\" \/>\n\t<meta property=\"og:image:height\" content=\"400\" \/>\n\t<meta property=\"og:image:type\" content=\"image\/png\" \/>\n<meta name=\"twitter:card\" content=\"summary_large_image\" \/>\n<meta name=\"twitter:label1\" content=\"Szacowany czas czytania\" \/>\n\t<meta name=\"twitter:data1\" content=\"1 minuta\" \/>\n<script type=\"application\/ld+json\" class=\"yoast-schema-graph\">{\"@context\":\"https:\\\/\\\/schema.org\",\"@graph\":[{\"@type\":\"WebPage\",\"@id\":\"http:\\\/\\\/bilasmidurinn.is\\\/en\\\/vefverslun\\\/stolar\\\/recaro-ergomed-stolar\\\/\",\"url\":\"http:\\\/\\\/bilasmidurinn.is\\\/en\\\/vefverslun\\\/stolar\\\/recaro-ergomed-stolar\\\/\",\"name\":\"RECARO ERGOMED st\u00f3lar - B&iacute;lasmi&eth;urinn\",\"isPartOf\":{\"@id\":\"https:\\\/\\\/bilasmidurinn.is\\\/#website\"},\"primaryImageOfPage\":{\"@id\":\"http:\\\/\\\/bilasmidurinn.is\\\/en\\\/vefverslun\\\/stolar\\\/recaro-ergomed-stolar\\\/#primaryimage\"},\"image\":{\"@id\":\"http:\\\/\\\/bilasmidurinn.is\\\/en\\\/vefverslun\\\/stolar\\\/recaro-ergomed-stolar\\\/#primaryimage\"},\"thumbnailUrl\":\"https:\\\/\\\/bilasmidurinn.is\\\/wp-content\\\/uploads\\\/2022\\\/01\\\/recaro-ergomed-es-sab-leder-schwarz-web.png\",\"datePublished\":\"2022-01-12T21:17:05+00:00\",\"dateModified\":\"2022-01-12T21:17:06+00:00\",\"breadcrumb\":{\"@id\":\"http:\\\/\\\/bilasmidurinn.is\\\/en\\\/vefverslun\\\/stolar\\\/recaro-ergomed-stolar\\\/#breadcrumb\"},\"inLanguage\":\"pl-PL\",\"potentialAction\":[{\"@type\":\"ReadAction\",\"target\":[\"http:\\\/\\\/bilasmidurinn.is\\\/en\\\/vefverslun\\\/stolar\\\/recaro-ergomed-stolar\\\/\"]}]},{\"@type\":\"ImageObject\",\"inLanguage\":\"pl-PL\",\"@id\":\"http:\\\/\\\/bilasmidurinn.is\\\/en\\\/vefverslun\\\/stolar\\\/recaro-ergomed-stolar\\\/#primaryimage\",\"url\":\"https:\\\/\\\/bilasmidurinn.is\\\/wp-content\\\/uploads\\\/2022\\\/01\\\/recaro-ergomed-es-sab-leder-schwarz-web.png\",\"contentUrl\":\"https:\\\/\\\/bilasmidurinn.is\\\/wp-content\\\/uploads\\\/2022\\\/01\\\/recaro-ergomed-es-sab-leder-schwarz-web.png\",\"width\":300,\"height\":400},{\"@type\":\"BreadcrumbList\",\"@id\":\"http:\\\/\\\/bilasmidurinn.is\\\/en\\\/vefverslun\\\/stolar\\\/recaro-ergomed-stolar\\\/#breadcrumb\",\"itemListElement\":[{\"@type\":\"ListItem\",\"position\":1,\"name\":\"Home\",\"item\":\"https:\\\/\\\/bilasmidurinn.is\\\/\"},{\"@type\":\"ListItem\",\"position\":2,\"name\":\"V\u00f6rur \u00ed verslun\",\"item\":\"https:\\\/\\\/bilasmidurinn.is\\\/vefverslun\\\/\"},{\"@type\":\"ListItem\",\"position\":3,\"name\":\"RECARO ERGOMED st\u00f3lar\"}]},{\"@type\":\"WebSite\",\"@id\":\"https:\\\/\\\/bilasmidurinn.is\\\/#website\",\"url\":\"https:\\\/\\\/bilasmidurinn.is\\\/\",\"name\":\"B&iacute;lasmi&eth;urinn\",\"description\":\"All sem &thorn;&uacute; &thorn;arft &iacute; t&aelig;ki&eth;\",\"potentialAction\":[{\"@type\":\"SearchAction\",\"target\":{\"@type\":\"EntryPoint\",\"urlTemplate\":\"https:\\\/\\\/bilasmidurinn.is\\\/?s={search_term_string}\"},\"query-input\":{\"@type\":\"PropertyValueSpecification\",\"valueRequired\":true,\"valueName\":\"search_term_string\"}}],\"inLanguage\":\"pl-PL\"}]}<\/script>\n<!-- \/ Yoast SEO plugin. -->","yoast_head_json":{"title":"RECARO ERGOMED st\u00f3lar - B&iacute;lasmi&eth;urinn","robots":{"index":"index","follow":"follow","max-snippet":"max-snippet:-1","max-image-preview":"max-image-preview:large","max-video-preview":"max-video-preview:-1"},"canonical":"http:\/\/bilasmidurinn.is\/pl\/vefverslun\/stolar\/recaro-ergomed-stolar\/","og_locale":"pl_PL","og_type":"article","og_title":"RECARO ERGOMED st\u00f3lar - B&iacute;lasmi&eth;urinn","og_description":"RECARO ERGOMED st\u00f3lar","og_url":"http:\/\/bilasmidurinn.is\/pl\/vefverslun\/stolar\/recaro-ergomed-stolar\/","og_site_name":"B&iacute;lasmi&eth;urinn","article_modified_time":"2022-01-12T21:17:06+00:00","og_image":[{"width":300,"height":400,"url":"https:\/\/bilasmidurinn.is\/wp-content\/uploads\/2022\/01\/recaro-ergomed-es-sab-leder-schwarz-web.png","type":"image\/png"}],"twitter_card":"summary_large_image","twitter_misc":{"Szacowany czas czytania":"1 minuta"},"schema":{"@context":"https:\/\/schema.org","@graph":[{"@type":"WebPage","@id":"http:\/\/bilasmidurinn.is\/en\/vefverslun\/stolar\/recaro-ergomed-stolar\/","url":"http:\/\/bilasmidurinn.is\/en\/vefverslun\/stolar\/recaro-ergomed-stolar\/","name":"RECARO ERGOMED st\u00f3lar - B&iacute;lasmi&eth;urinn","isPartOf":{"@id":"https:\/\/bilasmidurinn.is\/#website"},"primaryImageOfPage":{"@id":"http:\/\/bilasmidurinn.is\/en\/vefverslun\/stolar\/recaro-ergomed-stolar\/#primaryimage"},"image":{"@id":"http:\/\/bilasmidurinn.is\/en\/vefverslun\/stolar\/recaro-ergomed-stolar\/#primaryimage"},"thumbnailUrl":"https:\/\/bilasmidurinn.is\/wp-content\/uploads\/2022\/01\/recaro-ergomed-es-sab-leder-schwarz-web.png","datePublished":"2022-01-12T21:17:05+00:00","dateModified":"2022-01-12T21:17:06+00:00","breadcrumb":{"@id":"http:\/\/bilasmidurinn.is\/en\/vefverslun\/stolar\/recaro-ergomed-stolar\/#breadcrumb"},"inLanguage":"pl-PL","potentialAction":[{"@type":"ReadAction","target":["http:\/\/bilasmidurinn.is\/en\/vefverslun\/stolar\/recaro-ergomed-stolar\/"]}]},{"@type":"ImageObject","inLanguage":"pl-PL","@id":"http:\/\/bilasmidurinn.is\/en\/vefverslun\/stolar\/recaro-ergomed-stolar\/#primaryimage","url":"https:\/\/bilasmidurinn.is\/wp-content\/uploads\/2022\/01\/recaro-ergomed-es-sab-leder-schwarz-web.png","contentUrl":"https:\/\/bilasmidurinn.is\/wp-content\/uploads\/2022\/01\/recaro-ergomed-es-sab-leder-schwarz-web.png","width":300,"height":400},{"@type":"BreadcrumbList","@id":"http:\/\/bilasmidurinn.is\/en\/vefverslun\/stolar\/recaro-ergomed-stolar\/#breadcrumb","itemListElement":[{"@type":"ListItem","position":1,"name":"Home","item":"https:\/\/bilasmidurinn.is\/"},{"@type":"ListItem","position":2,"name":"V\u00f6rur \u00ed verslun","item":"https:\/\/bilasmidurinn.is\/vefverslun\/"},{"@type":"ListItem","position":3,"name":"RECARO ERGOMED st\u00f3lar"}]},{"@type":"WebSite","@id":"https:\/\/bilasmidurinn.is\/#website","url":"https:\/\/bilasmidurinn.is\/","name":"B&iacute;lasmi&eth;urinn","description":"All sem &thorn;&uacute; &thorn;arft &iacute; t&aelig;ki&eth;","potentialAction":[{"@type":"SearchAction","target":{"@type":"EntryPoint","urlTemplate":"https:\/\/bilasmidurinn.is\/?s={search_term_string}"},"query-input":{"@type":"PropertyValueSpecification","valueRequired":true,"valueName":"search_term_string"}}],"inLanguage":"pl-PL"}]}},"_links":{"self":[{"href":"https:\/\/bilasmidurinn.is\/pl\/wp-json\/wp\/v2\/product\/14336","targetHints":{"allow":["GET"]}}],"collection":[{"href":"https:\/\/bilasmidurinn.is\/pl\/wp-json\/wp\/v2\/product"}],"about":[{"href":"https:\/\/bilasmidurinn.is\/pl\/wp-json\/wp\/v2\/types\/product"}],"wp:featuredmedia":[{"embeddable":true,"href":"https:\/\/bilasmidurinn.is\/pl\/wp-json\/wp\/v2\/media\/14343"}],"wp:attachment":[{"href":"https:\/\/bilasmidurinn.is\/pl\/wp-json\/wp\/v2\/media?parent=14336"}],"wp:term":[{"taxonomy":"product_brand","embeddable":true,"href":"https:\/\/bilasmidurinn.is\/pl\/wp-json\/wp\/v2\/product_brand?post=14336"},{"taxonomy":"product_cat","embeddable":true,"href":"https:\/\/bilasmidurinn.is\/pl\/wp-json\/wp\/v2\/product_cat?post=14336"},{"taxonomy":"product_tag","embeddable":true,"href":"https:\/\/bilasmidurinn.is\/pl\/wp-json\/wp\/v2\/product_tag?post=14336"}],"curies":[{"name":"wp","href":"https:\/\/api.w.org\/{rel}","templated":true}]}}