{"id":14325,"date":"2022-01-12T20:36:31","date_gmt":"2022-01-12T20:36:31","guid":{"rendered":"https:\/\/bilasmidurinn.is\/?post_type=product&#038;p=14325"},"modified":"2022-01-12T20:40:46","modified_gmt":"2022-01-12T20:40:46","slug":"recaro-cross-sportster-cs-haegri","status":"publish","type":"product","link":"https:\/\/bilasmidurinn.is\/pl\/vefverslun\/stolar\/recaro-cross-sportster-cs-haegri\/","title":{"rendered":"RECARO Cross Sportster CS prawy"},"content":{"rendered":"<p>Unikalny fotel sportowy RECARO Cross Sportser CS, kt\u00f3ry doskonale sprawdza si\u0119 w samochodach 4\u00d74, bardzo dobre podparcie cia\u0142a i ramion, niskie kraw\u0119dzie siedziska u\u0142atwiaj\u0105ce wsiadanie i wysiadanie z wy\u017cszych aut. Rewers zak\u0142ada, \u017ce mo\u017cna umie\u015bci\u0107 4 pensy. pas bezpiecze\u0144stwa na \u017cyczenie. Ty\u0142 mo\u017cna odchyla\u0107 w spos\u00f3b ci\u0105g\u0142y i sk\u0142ada\u0107 do przodu, aby u\u0142atwi\u0107 wsiadanie dodatkowych pasa\u017cer\u00f3w w samochodach 2-drzwiowych. Tapicerka to Diamica Alcantara po\u015brodku i sk\u00f3ra Ambla po bokach. Zak\u0142ada si\u0119, \u017ce pod siedzeniem mo\u017cna umie\u015bci\u0107 sanki lub specjalne adaptery w zale\u017cno\u015bci od modelu samochodu.<\/p>\n<p>Obraz pokazuje prawo<\/p>\n<p>&nbsp;<\/p>","protected":false},"excerpt":{"rendered":"<p>RECARO Cross Sportser CS einstakur sportst\u00f3ll sem hentar fr\u00e1b\u00e6rlega fyrir 4&#215;4 b\u00edla, mj\u00f6g g\u00f3\u00f0ur l\u00edkamsstu\u00f0ningur og axlir, l\u00e1gir kantar \u00e1 setu sem au\u00f0velda inn og \u00fatstig \u00ed h\u00e6rri b\u00edlum. Baki\u00f0 gerir r\u00e1\u00f0f fyrir a\u00f0 h\u00e6gt s\u00e9 a\u00f0 setja 4p. \u00f6ryggis belti s\u00e9 \u00feess \u00f3ska\u00f0. Bakinu er h\u00e6gt a\u00f0 halls stiglaust og fella \u00fea\u00f0 fram til [&#8230;]\n","protected":false},"featured_media":14319,"template":"","meta":[],"product_brand":[7943],"product_cat":[7971],"product_tag":[],"class_list":{"0":"post-14325","1":"product","2":"type-product","3":"status-publish","4":"has-post-thumbnail","6":"product_brand-recaro-automotive","7":"product_cat-stolar","9":"first","10":"instock","11":"shipping-taxable","12":"product-type-simple"},"yoast_head":"<!-- This site is optimized with the Yoast SEO plugin v27.4 - https:\/\/yoast.com\/product\/yoast-seo-wordpress\/ -->\n<title>RECARO Cross Sportster CS h\u00e6gri - B&iacute;lasmi&eth;urinn<\/title>\n<meta name=\"robots\" content=\"index, follow, max-snippet:-1, max-image-preview:large, max-video-preview:-1\" \/>\n<link rel=\"canonical\" href=\"http:\/\/bilasmidurinn.is\/pl\/vefverslun\/stolar\/recaro-cross-sportster-cs-haegri\/\" \/>\n<meta property=\"og:locale\" content=\"pl_PL\" \/>\n<meta property=\"og:type\" content=\"article\" \/>\n<meta property=\"og:title\" content=\"RECARO Cross Sportster CS h\u00e6gri - B&iacute;lasmi&eth;urinn\" \/>\n<meta property=\"og:description\" content=\"RECARO Cross Sportser CS einstakur sportst\u00f3ll sem hentar fr\u00e1b\u00e6rlega fyrir 4&#215;4 b\u00edla, mj\u00f6g g\u00f3\u00f0ur l\u00edkamsstu\u00f0ningur og axlir, l\u00e1gir kantar \u00e1 setu sem au\u00f0velda inn og \u00fatstig \u00ed h\u00e6rri b\u00edlum. Baki\u00f0 gerir r\u00e1\u00f0f fyrir a\u00f0 h\u00e6gt s\u00e9 a\u00f0 setja 4p. \u00f6ryggis belti s\u00e9 \u00feess \u00f3ska\u00f0. Bakinu er h\u00e6gt a\u00f0 halls stiglaust og fella \u00fea\u00f0 fram til [...]\" \/>\n<meta property=\"og:url\" content=\"http:\/\/bilasmidurinn.is\/pl\/vefverslun\/stolar\/recaro-cross-sportster-cs-haegri\/\" \/>\n<meta property=\"og:site_name\" content=\"B&iacute;lasmi&eth;urinn\" \/>\n<meta property=\"article:modified_time\" content=\"2022-01-12T20:40:46+00:00\" \/>\n<meta property=\"og:image\" content=\"https:\/\/bilasmidurinn.is\/wp-content\/uploads\/2022\/01\/recaro-cross-sportster-cs-ambla-leather-black-dinamica-black-web.png\" \/>\n\t<meta property=\"og:image:width\" content=\"368\" \/>\n\t<meta property=\"og:image:height\" content=\"542\" \/>\n\t<meta property=\"og:image:type\" content=\"image\/png\" \/>\n<meta name=\"twitter:card\" content=\"summary_large_image\" \/>\n<meta name=\"twitter:label1\" content=\"Szacowany czas czytania\" \/>\n\t<meta name=\"twitter:data1\" content=\"1 minuta\" \/>\n<script type=\"application\/ld+json\" class=\"yoast-schema-graph\">{\"@context\":\"https:\\\/\\\/schema.org\",\"@graph\":[{\"@type\":\"WebPage\",\"@id\":\"http:\\\/\\\/bilasmidurinn.is\\\/en\\\/vefverslun\\\/stolar\\\/recaro-cross-sportster-cs-haegri\\\/\",\"url\":\"http:\\\/\\\/bilasmidurinn.is\\\/en\\\/vefverslun\\\/stolar\\\/recaro-cross-sportster-cs-haegri\\\/\",\"name\":\"RECARO Cross Sportster CS h\u00e6gri - B&iacute;lasmi&eth;urinn\",\"isPartOf\":{\"@id\":\"https:\\\/\\\/bilasmidurinn.is\\\/#website\"},\"primaryImageOfPage\":{\"@id\":\"http:\\\/\\\/bilasmidurinn.is\\\/en\\\/vefverslun\\\/stolar\\\/recaro-cross-sportster-cs-haegri\\\/#primaryimage\"},\"image\":{\"@id\":\"http:\\\/\\\/bilasmidurinn.is\\\/en\\\/vefverslun\\\/stolar\\\/recaro-cross-sportster-cs-haegri\\\/#primaryimage\"},\"thumbnailUrl\":\"https:\\\/\\\/bilasmidurinn.is\\\/wp-content\\\/uploads\\\/2022\\\/01\\\/recaro-cross-sportster-cs-ambla-leather-black-dinamica-black-web.png\",\"datePublished\":\"2022-01-12T20:36:31+00:00\",\"dateModified\":\"2022-01-12T20:40:46+00:00\",\"breadcrumb\":{\"@id\":\"http:\\\/\\\/bilasmidurinn.is\\\/en\\\/vefverslun\\\/stolar\\\/recaro-cross-sportster-cs-haegri\\\/#breadcrumb\"},\"inLanguage\":\"pl-PL\",\"potentialAction\":[{\"@type\":\"ReadAction\",\"target\":[\"http:\\\/\\\/bilasmidurinn.is\\\/en\\\/vefverslun\\\/stolar\\\/recaro-cross-sportster-cs-haegri\\\/\"]}]},{\"@type\":\"ImageObject\",\"inLanguage\":\"pl-PL\",\"@id\":\"http:\\\/\\\/bilasmidurinn.is\\\/en\\\/vefverslun\\\/stolar\\\/recaro-cross-sportster-cs-haegri\\\/#primaryimage\",\"url\":\"https:\\\/\\\/bilasmidurinn.is\\\/wp-content\\\/uploads\\\/2022\\\/01\\\/recaro-cross-sportster-cs-ambla-leather-black-dinamica-black-web.png\",\"contentUrl\":\"https:\\\/\\\/bilasmidurinn.is\\\/wp-content\\\/uploads\\\/2022\\\/01\\\/recaro-cross-sportster-cs-ambla-leather-black-dinamica-black-web.png\",\"width\":368,\"height\":542},{\"@type\":\"BreadcrumbList\",\"@id\":\"http:\\\/\\\/bilasmidurinn.is\\\/en\\\/vefverslun\\\/stolar\\\/recaro-cross-sportster-cs-haegri\\\/#breadcrumb\",\"itemListElement\":[{\"@type\":\"ListItem\",\"position\":1,\"name\":\"Home\",\"item\":\"https:\\\/\\\/bilasmidurinn.is\\\/\"},{\"@type\":\"ListItem\",\"position\":2,\"name\":\"V\u00f6rur \u00ed verslun\",\"item\":\"https:\\\/\\\/bilasmidurinn.is\\\/vefverslun\\\/\"},{\"@type\":\"ListItem\",\"position\":3,\"name\":\"RECARO Cross Sportster CS h\u00e6gri\"}]},{\"@type\":\"WebSite\",\"@id\":\"https:\\\/\\\/bilasmidurinn.is\\\/#website\",\"url\":\"https:\\\/\\\/bilasmidurinn.is\\\/\",\"name\":\"B&iacute;lasmi&eth;urinn\",\"description\":\"All sem &thorn;&uacute; &thorn;arft &iacute; t&aelig;ki&eth;\",\"potentialAction\":[{\"@type\":\"SearchAction\",\"target\":{\"@type\":\"EntryPoint\",\"urlTemplate\":\"https:\\\/\\\/bilasmidurinn.is\\\/?s={search_term_string}\"},\"query-input\":{\"@type\":\"PropertyValueSpecification\",\"valueRequired\":true,\"valueName\":\"search_term_string\"}}],\"inLanguage\":\"pl-PL\"}]}<\/script>\n<!-- \/ Yoast SEO plugin. -->","yoast_head_json":{"title":"RECARO Cross Sportster CS h\u00e6gri - B&iacute;lasmi&eth;urinn","robots":{"index":"index","follow":"follow","max-snippet":"max-snippet:-1","max-image-preview":"max-image-preview:large","max-video-preview":"max-video-preview:-1"},"canonical":"http:\/\/bilasmidurinn.is\/pl\/vefverslun\/stolar\/recaro-cross-sportster-cs-haegri\/","og_locale":"pl_PL","og_type":"article","og_title":"RECARO Cross Sportster CS h\u00e6gri - B&iacute;lasmi&eth;urinn","og_description":"RECARO Cross Sportser CS einstakur sportst\u00f3ll sem hentar fr\u00e1b\u00e6rlega fyrir 4&#215;4 b\u00edla, mj\u00f6g g\u00f3\u00f0ur l\u00edkamsstu\u00f0ningur og axlir, l\u00e1gir kantar \u00e1 setu sem au\u00f0velda inn og \u00fatstig \u00ed h\u00e6rri b\u00edlum. Baki\u00f0 gerir r\u00e1\u00f0f fyrir a\u00f0 h\u00e6gt s\u00e9 a\u00f0 setja 4p. \u00f6ryggis belti s\u00e9 \u00feess \u00f3ska\u00f0. Bakinu er h\u00e6gt a\u00f0 halls stiglaust og fella \u00fea\u00f0 fram til [...]","og_url":"http:\/\/bilasmidurinn.is\/pl\/vefverslun\/stolar\/recaro-cross-sportster-cs-haegri\/","og_site_name":"B&iacute;lasmi&eth;urinn","article_modified_time":"2022-01-12T20:40:46+00:00","og_image":[{"width":368,"height":542,"url":"https:\/\/bilasmidurinn.is\/wp-content\/uploads\/2022\/01\/recaro-cross-sportster-cs-ambla-leather-black-dinamica-black-web.png","type":"image\/png"}],"twitter_card":"summary_large_image","twitter_misc":{"Szacowany czas czytania":"1 minuta"},"schema":{"@context":"https:\/\/schema.org","@graph":[{"@type":"WebPage","@id":"http:\/\/bilasmidurinn.is\/en\/vefverslun\/stolar\/recaro-cross-sportster-cs-haegri\/","url":"http:\/\/bilasmidurinn.is\/en\/vefverslun\/stolar\/recaro-cross-sportster-cs-haegri\/","name":"RECARO Cross Sportster CS h\u00e6gri - B&iacute;lasmi&eth;urinn","isPartOf":{"@id":"https:\/\/bilasmidurinn.is\/#website"},"primaryImageOfPage":{"@id":"http:\/\/bilasmidurinn.is\/en\/vefverslun\/stolar\/recaro-cross-sportster-cs-haegri\/#primaryimage"},"image":{"@id":"http:\/\/bilasmidurinn.is\/en\/vefverslun\/stolar\/recaro-cross-sportster-cs-haegri\/#primaryimage"},"thumbnailUrl":"https:\/\/bilasmidurinn.is\/wp-content\/uploads\/2022\/01\/recaro-cross-sportster-cs-ambla-leather-black-dinamica-black-web.png","datePublished":"2022-01-12T20:36:31+00:00","dateModified":"2022-01-12T20:40:46+00:00","breadcrumb":{"@id":"http:\/\/bilasmidurinn.is\/en\/vefverslun\/stolar\/recaro-cross-sportster-cs-haegri\/#breadcrumb"},"inLanguage":"pl-PL","potentialAction":[{"@type":"ReadAction","target":["http:\/\/bilasmidurinn.is\/en\/vefverslun\/stolar\/recaro-cross-sportster-cs-haegri\/"]}]},{"@type":"ImageObject","inLanguage":"pl-PL","@id":"http:\/\/bilasmidurinn.is\/en\/vefverslun\/stolar\/recaro-cross-sportster-cs-haegri\/#primaryimage","url":"https:\/\/bilasmidurinn.is\/wp-content\/uploads\/2022\/01\/recaro-cross-sportster-cs-ambla-leather-black-dinamica-black-web.png","contentUrl":"https:\/\/bilasmidurinn.is\/wp-content\/uploads\/2022\/01\/recaro-cross-sportster-cs-ambla-leather-black-dinamica-black-web.png","width":368,"height":542},{"@type":"BreadcrumbList","@id":"http:\/\/bilasmidurinn.is\/en\/vefverslun\/stolar\/recaro-cross-sportster-cs-haegri\/#breadcrumb","itemListElement":[{"@type":"ListItem","position":1,"name":"Home","item":"https:\/\/bilasmidurinn.is\/"},{"@type":"ListItem","position":2,"name":"V\u00f6rur \u00ed verslun","item":"https:\/\/bilasmidurinn.is\/vefverslun\/"},{"@type":"ListItem","position":3,"name":"RECARO Cross Sportster CS h\u00e6gri"}]},{"@type":"WebSite","@id":"https:\/\/bilasmidurinn.is\/#website","url":"https:\/\/bilasmidurinn.is\/","name":"B&iacute;lasmi&eth;urinn","description":"All sem &thorn;&uacute; &thorn;arft &iacute; t&aelig;ki&eth;","potentialAction":[{"@type":"SearchAction","target":{"@type":"EntryPoint","urlTemplate":"https:\/\/bilasmidurinn.is\/?s={search_term_string}"},"query-input":{"@type":"PropertyValueSpecification","valueRequired":true,"valueName":"search_term_string"}}],"inLanguage":"pl-PL"}]}},"_links":{"self":[{"href":"https:\/\/bilasmidurinn.is\/pl\/wp-json\/wp\/v2\/product\/14325","targetHints":{"allow":["GET"]}}],"collection":[{"href":"https:\/\/bilasmidurinn.is\/pl\/wp-json\/wp\/v2\/product"}],"about":[{"href":"https:\/\/bilasmidurinn.is\/pl\/wp-json\/wp\/v2\/types\/product"}],"wp:featuredmedia":[{"embeddable":true,"href":"https:\/\/bilasmidurinn.is\/pl\/wp-json\/wp\/v2\/media\/14319"}],"wp:attachment":[{"href":"https:\/\/bilasmidurinn.is\/pl\/wp-json\/wp\/v2\/media?parent=14325"}],"wp:term":[{"taxonomy":"product_brand","embeddable":true,"href":"https:\/\/bilasmidurinn.is\/pl\/wp-json\/wp\/v2\/product_brand?post=14325"},{"taxonomy":"product_cat","embeddable":true,"href":"https:\/\/bilasmidurinn.is\/pl\/wp-json\/wp\/v2\/product_cat?post=14325"},{"taxonomy":"product_tag","embeddable":true,"href":"https:\/\/bilasmidurinn.is\/pl\/wp-json\/wp\/v2\/product_tag?post=14325"}],"curies":[{"name":"wp","href":"https:\/\/api.w.org\/{rel}","templated":true}]}}