{"id":14256,"date":"2022-01-04T19:05:13","date_gmt":"2022-01-04T19:05:13","guid":{"rendered":"https:\/\/bilasmidurinn.is\/?post_type=product&#038;p=14256"},"modified":"2023-04-24T10:01:12","modified_gmt":"2023-04-24T10:01:12","slug":"innfelld-t-laesing-med-lykli-ryfri","status":"publish","type":"product","link":"https:\/\/bilasmidurinn.is\/pl\/vefverslun\/laesingar\/innfelld-t-laesing-med-lykli-ryfri\/","title":{"rendered":"Zamek T wpuszczany z kluczem, nierdzewny"},"content":{"rendered":"<p>Wpuszczany rdzawy zamek T z kluczem, pr\u0119t regulowany od g\u0142\u0119boko\u015bci 39-57mm<\/p>","protected":false},"excerpt":{"rendered":"<p>Wpuszczany zamek typu T ze stali nierdzewnej 39-57mm<\/p>","protected":false},"featured_media":14257,"template":"","meta":[],"product_brand":[7944],"product_cat":[7965],"product_tag":[],"class_list":{"0":"post-14256","1":"product","2":"type-product","3":"status-publish","4":"has-post-thumbnail","6":"product_brand-pommier","7":"product_cat-laesingar","9":"first","10":"instock","11":"shipping-taxable","12":"product-type-simple"},"yoast_head":"<!-- This site is optimized with the Yoast SEO plugin v27.3 - https:\/\/yoast.com\/product\/yoast-seo-wordpress\/ -->\n<title>Innfelld T l\u00e6sing me\u00f0 lykli, ry\u00f0fr\u00ed - B&iacute;lasmi&eth;urinn<\/title>\n<meta name=\"robots\" content=\"index, follow, max-snippet:-1, max-image-preview:large, max-video-preview:-1\" \/>\n<link rel=\"canonical\" href=\"https:\/\/bilasmidurinn.is\/pl\/vefverslun\/laesingar\/innfelld-t-laesing-med-lykli-ryfri\/\" \/>\n<meta property=\"og:locale\" content=\"pl_PL\" \/>\n<meta property=\"og:type\" content=\"article\" \/>\n<meta property=\"og:title\" content=\"Innfelld T l\u00e6sing me\u00f0 lykli, ry\u00f0fr\u00ed - B&iacute;lasmi&eth;urinn\" \/>\n<meta property=\"og:description\" content=\"Innfelld ry\u00f0fr\u00ed T l\u00e6sing 39-57mm\" \/>\n<meta property=\"og:url\" content=\"https:\/\/bilasmidurinn.is\/pl\/vefverslun\/laesingar\/innfelld-t-laesing-med-lykli-ryfri\/\" \/>\n<meta property=\"og:site_name\" content=\"B&iacute;lasmi&eth;urinn\" \/>\n<meta property=\"article:modified_time\" content=\"2023-04-24T10:01:12+00:00\" \/>\n<meta property=\"og:image\" content=\"https:\/\/bilasmidurinn.is\/wp-content\/uploads\/2022\/01\/21.41215.png\" \/>\n\t<meta property=\"og:image:width\" content=\"521\" \/>\n\t<meta property=\"og:image:height\" content=\"400\" \/>\n\t<meta property=\"og:image:type\" content=\"image\/png\" \/>\n<meta name=\"twitter:card\" content=\"summary_large_image\" \/>\n<script type=\"application\/ld+json\" class=\"yoast-schema-graph\">{\"@context\":\"https:\\\/\\\/schema.org\",\"@graph\":[{\"@type\":\"WebPage\",\"@id\":\"https:\\\/\\\/bilasmidurinn.is\\\/vefverslun\\\/laesingar\\\/innfelld-t-laesing-med-lykli-ryfri\\\/\",\"url\":\"https:\\\/\\\/bilasmidurinn.is\\\/vefverslun\\\/laesingar\\\/innfelld-t-laesing-med-lykli-ryfri\\\/\",\"name\":\"Innfelld T l\u00e6sing me\u00f0 lykli, ry\u00f0fr\u00ed - B&iacute;lasmi&eth;urinn\",\"isPartOf\":{\"@id\":\"https:\\\/\\\/bilasmidurinn.is\\\/#website\"},\"primaryImageOfPage\":{\"@id\":\"https:\\\/\\\/bilasmidurinn.is\\\/vefverslun\\\/laesingar\\\/innfelld-t-laesing-med-lykli-ryfri\\\/#primaryimage\"},\"image\":{\"@id\":\"https:\\\/\\\/bilasmidurinn.is\\\/vefverslun\\\/laesingar\\\/innfelld-t-laesing-med-lykli-ryfri\\\/#primaryimage\"},\"thumbnailUrl\":\"https:\\\/\\\/bilasmidurinn.is\\\/wp-content\\\/uploads\\\/2022\\\/01\\\/21.41215.png\",\"datePublished\":\"2022-01-04T19:05:13+00:00\",\"dateModified\":\"2023-04-24T10:01:12+00:00\",\"breadcrumb\":{\"@id\":\"https:\\\/\\\/bilasmidurinn.is\\\/vefverslun\\\/laesingar\\\/innfelld-t-laesing-med-lykli-ryfri\\\/#breadcrumb\"},\"inLanguage\":\"pl-PL\",\"potentialAction\":[{\"@type\":\"ReadAction\",\"target\":[\"https:\\\/\\\/bilasmidurinn.is\\\/vefverslun\\\/laesingar\\\/innfelld-t-laesing-med-lykli-ryfri\\\/\"]}]},{\"@type\":\"ImageObject\",\"inLanguage\":\"pl-PL\",\"@id\":\"https:\\\/\\\/bilasmidurinn.is\\\/vefverslun\\\/laesingar\\\/innfelld-t-laesing-med-lykli-ryfri\\\/#primaryimage\",\"url\":\"https:\\\/\\\/bilasmidurinn.is\\\/wp-content\\\/uploads\\\/2022\\\/01\\\/21.41215.png\",\"contentUrl\":\"https:\\\/\\\/bilasmidurinn.is\\\/wp-content\\\/uploads\\\/2022\\\/01\\\/21.41215.png\",\"width\":521,\"height\":400},{\"@type\":\"BreadcrumbList\",\"@id\":\"https:\\\/\\\/bilasmidurinn.is\\\/vefverslun\\\/laesingar\\\/innfelld-t-laesing-med-lykli-ryfri\\\/#breadcrumb\",\"itemListElement\":[{\"@type\":\"ListItem\",\"position\":1,\"name\":\"Home\",\"item\":\"https:\\\/\\\/bilasmidurinn.is\\\/\"},{\"@type\":\"ListItem\",\"position\":2,\"name\":\"V\u00f6rur \u00ed verslun\",\"item\":\"https:\\\/\\\/bilasmidurinn.is\\\/vefverslun\\\/\"},{\"@type\":\"ListItem\",\"position\":3,\"name\":\"Innfelld T l\u00e6sing me\u00f0 lykli, ry\u00f0fr\u00ed\"}]},{\"@type\":\"WebSite\",\"@id\":\"https:\\\/\\\/bilasmidurinn.is\\\/#website\",\"url\":\"https:\\\/\\\/bilasmidurinn.is\\\/\",\"name\":\"B&iacute;lasmi&eth;urinn\",\"description\":\"All sem &thorn;&uacute; &thorn;arft &iacute; t&aelig;ki&eth;\",\"potentialAction\":[{\"@type\":\"SearchAction\",\"target\":{\"@type\":\"EntryPoint\",\"urlTemplate\":\"https:\\\/\\\/bilasmidurinn.is\\\/?s={search_term_string}\"},\"query-input\":{\"@type\":\"PropertyValueSpecification\",\"valueRequired\":true,\"valueName\":\"search_term_string\"}}],\"inLanguage\":\"pl-PL\"}]}<\/script>\n<!-- \/ Yoast SEO plugin. -->","yoast_head_json":{"title":"Innfelld T l\u00e6sing me\u00f0 lykli, ry\u00f0fr\u00ed - B&iacute;lasmi&eth;urinn","robots":{"index":"index","follow":"follow","max-snippet":"max-snippet:-1","max-image-preview":"max-image-preview:large","max-video-preview":"max-video-preview:-1"},"canonical":"https:\/\/bilasmidurinn.is\/pl\/vefverslun\/laesingar\/innfelld-t-laesing-med-lykli-ryfri\/","og_locale":"pl_PL","og_type":"article","og_title":"Innfelld T l\u00e6sing me\u00f0 lykli, ry\u00f0fr\u00ed - B&iacute;lasmi&eth;urinn","og_description":"Innfelld ry\u00f0fr\u00ed T l\u00e6sing 39-57mm","og_url":"https:\/\/bilasmidurinn.is\/pl\/vefverslun\/laesingar\/innfelld-t-laesing-med-lykli-ryfri\/","og_site_name":"B&iacute;lasmi&eth;urinn","article_modified_time":"2023-04-24T10:01:12+00:00","og_image":[{"width":521,"height":400,"url":"https:\/\/bilasmidurinn.is\/wp-content\/uploads\/2022\/01\/21.41215.png","type":"image\/png"}],"twitter_card":"summary_large_image","schema":{"@context":"https:\/\/schema.org","@graph":[{"@type":"WebPage","@id":"https:\/\/bilasmidurinn.is\/vefverslun\/laesingar\/innfelld-t-laesing-med-lykli-ryfri\/","url":"https:\/\/bilasmidurinn.is\/vefverslun\/laesingar\/innfelld-t-laesing-med-lykli-ryfri\/","name":"Innfelld T l\u00e6sing me\u00f0 lykli, ry\u00f0fr\u00ed - B&iacute;lasmi&eth;urinn","isPartOf":{"@id":"https:\/\/bilasmidurinn.is\/#website"},"primaryImageOfPage":{"@id":"https:\/\/bilasmidurinn.is\/vefverslun\/laesingar\/innfelld-t-laesing-med-lykli-ryfri\/#primaryimage"},"image":{"@id":"https:\/\/bilasmidurinn.is\/vefverslun\/laesingar\/innfelld-t-laesing-med-lykli-ryfri\/#primaryimage"},"thumbnailUrl":"https:\/\/bilasmidurinn.is\/wp-content\/uploads\/2022\/01\/21.41215.png","datePublished":"2022-01-04T19:05:13+00:00","dateModified":"2023-04-24T10:01:12+00:00","breadcrumb":{"@id":"https:\/\/bilasmidurinn.is\/vefverslun\/laesingar\/innfelld-t-laesing-med-lykli-ryfri\/#breadcrumb"},"inLanguage":"pl-PL","potentialAction":[{"@type":"ReadAction","target":["https:\/\/bilasmidurinn.is\/vefverslun\/laesingar\/innfelld-t-laesing-med-lykli-ryfri\/"]}]},{"@type":"ImageObject","inLanguage":"pl-PL","@id":"https:\/\/bilasmidurinn.is\/vefverslun\/laesingar\/innfelld-t-laesing-med-lykli-ryfri\/#primaryimage","url":"https:\/\/bilasmidurinn.is\/wp-content\/uploads\/2022\/01\/21.41215.png","contentUrl":"https:\/\/bilasmidurinn.is\/wp-content\/uploads\/2022\/01\/21.41215.png","width":521,"height":400},{"@type":"BreadcrumbList","@id":"https:\/\/bilasmidurinn.is\/vefverslun\/laesingar\/innfelld-t-laesing-med-lykli-ryfri\/#breadcrumb","itemListElement":[{"@type":"ListItem","position":1,"name":"Home","item":"https:\/\/bilasmidurinn.is\/"},{"@type":"ListItem","position":2,"name":"V\u00f6rur \u00ed verslun","item":"https:\/\/bilasmidurinn.is\/vefverslun\/"},{"@type":"ListItem","position":3,"name":"Innfelld T l\u00e6sing me\u00f0 lykli, ry\u00f0fr\u00ed"}]},{"@type":"WebSite","@id":"https:\/\/bilasmidurinn.is\/#website","url":"https:\/\/bilasmidurinn.is\/","name":"B&iacute;lasmi&eth;urinn","description":"All sem &thorn;&uacute; &thorn;arft &iacute; t&aelig;ki&eth;","potentialAction":[{"@type":"SearchAction","target":{"@type":"EntryPoint","urlTemplate":"https:\/\/bilasmidurinn.is\/?s={search_term_string}"},"query-input":{"@type":"PropertyValueSpecification","valueRequired":true,"valueName":"search_term_string"}}],"inLanguage":"pl-PL"}]}},"_links":{"self":[{"href":"https:\/\/bilasmidurinn.is\/pl\/wp-json\/wp\/v2\/product\/14256","targetHints":{"allow":["GET"]}}],"collection":[{"href":"https:\/\/bilasmidurinn.is\/pl\/wp-json\/wp\/v2\/product"}],"about":[{"href":"https:\/\/bilasmidurinn.is\/pl\/wp-json\/wp\/v2\/types\/product"}],"wp:featuredmedia":[{"embeddable":true,"href":"https:\/\/bilasmidurinn.is\/pl\/wp-json\/wp\/v2\/media\/14257"}],"wp:attachment":[{"href":"https:\/\/bilasmidurinn.is\/pl\/wp-json\/wp\/v2\/media?parent=14256"}],"wp:term":[{"taxonomy":"product_brand","embeddable":true,"href":"https:\/\/bilasmidurinn.is\/pl\/wp-json\/wp\/v2\/product_brand?post=14256"},{"taxonomy":"product_cat","embeddable":true,"href":"https:\/\/bilasmidurinn.is\/pl\/wp-json\/wp\/v2\/product_cat?post=14256"},{"taxonomy":"product_tag","embeddable":true,"href":"https:\/\/bilasmidurinn.is\/pl\/wp-json\/wp\/v2\/product_tag?post=14256"}],"curies":[{"name":"wp","href":"https:\/\/api.w.org\/{rel}","templated":true}]}}