{"id":14131,"date":"2021-11-23T21:40:25","date_gmt":"2021-11-23T21:40:25","guid":{"rendered":"https:\/\/bilasmidurinn.is\/?post_type=product&#038;p=14131"},"modified":"2023-05-25T17:33:57","modified_gmt":"2023-05-25T17:33:57","slug":"webasto-air-top-40-marine-batasett-24v-standard","status":"publish","type":"product","link":"https:\/\/bilasmidurinn.is\/pl\/vefverslun\/midstodvar\/webasto-air-top-40-marine-batasett-24v-standard\/","title":{"rendered":"Zestaw \u0142odzi Webasto Air Top 4.0 Marine 24v standard"},"content":{"rendered":"<p>Centrum \u0142odzi Webasto Air Top 4.0 24v, zestaw zawiera wszystko, czego potrzebujesz do podstawowej instalacji na \u0142odziach, wszystkie cz\u0119\u015bci s\u0105 nierdzewne, nadmuchiwana kora o d\u0142ugo\u015bci 1,8 m z kompaktowym t\u0142umikiem, d\u0142u\u017csze okablowanie i wi\u0119cej.<\/p>\n<p>Mo\u017cna zainstalowa\u0107 bezstopniow\u0105 regulacj\u0119 temperatury 5-35\u00b0C, timer Multicontrol lub aplikacj\u0119 ThermoConnec2<\/p>\n<p>Cichy, ekonomiczny i bezpieczny.<\/p>\n<p>Wyb\u00f3r dost\u0119pnych akcesori\u00f3w.<\/p>\n<p>Wyprodukowane w Niemczech<\/p>","protected":false},"excerpt":{"rendered":"<p>Air Top 4.0 Marine 24V<\/p>\n<p>&nbsp;<\/p>","protected":false},"featured_media":14132,"template":"","meta":[],"product_brand":[7925],"product_cat":[7967],"product_tag":[],"class_list":{"0":"post-14131","1":"product","2":"type-product","3":"status-publish","4":"has-post-thumbnail","6":"product_brand-webasto","7":"product_cat-midstodvar","9":"first","10":"instock","11":"shipping-taxable","12":"product-type-simple"},"yoast_head":"<!-- This site is optimized with the Yoast SEO plugin v27.4 - https:\/\/yoast.com\/product\/yoast-seo-wordpress\/ -->\n<title>Webasto Air Top 4,0 Marine b\u00e1tasett 24v standard - B&iacute;lasmi&eth;urinn<\/title>\n<meta name=\"robots\" content=\"index, follow, max-snippet:-1, max-image-preview:large, max-video-preview:-1\" \/>\n<link rel=\"canonical\" href=\"https:\/\/bilasmidurinn.is\/pl\/vefverslun\/midstodvar\/webasto-air-top-40-marine-batasett-24v-standard\/\" \/>\n<meta property=\"og:locale\" content=\"pl_PL\" \/>\n<meta property=\"og:type\" content=\"article\" \/>\n<meta property=\"og:title\" content=\"Webasto Air Top 4,0 Marine b\u00e1tasett 24v standard - B&iacute;lasmi&eth;urinn\" \/>\n<meta property=\"og:description\" content=\"Air Top 4,0 Marine 24V  &nbsp;\" \/>\n<meta property=\"og:url\" content=\"https:\/\/bilasmidurinn.is\/pl\/vefverslun\/midstodvar\/webasto-air-top-40-marine-batasett-24v-standard\/\" \/>\n<meta property=\"og:site_name\" content=\"B&iacute;lasmi&eth;urinn\" \/>\n<meta property=\"article:modified_time\" content=\"2023-05-25T17:33:57+00:00\" \/>\n<meta property=\"og:image\" content=\"https:\/\/bilasmidurinn.is\/wp-content\/uploads\/2021\/11\/9029250A.jpg\" \/>\n\t<meta property=\"og:image:width\" content=\"600\" \/>\n\t<meta property=\"og:image:height\" content=\"342\" \/>\n\t<meta property=\"og:image:type\" content=\"image\/jpeg\" \/>\n<meta name=\"twitter:card\" content=\"summary_large_image\" \/>\n<meta name=\"twitter:label1\" content=\"Szacowany czas czytania\" \/>\n\t<meta name=\"twitter:data1\" content=\"1 minuta\" \/>\n<script type=\"application\/ld+json\" class=\"yoast-schema-graph\">{\"@context\":\"https:\\\/\\\/schema.org\",\"@graph\":[{\"@type\":\"WebPage\",\"@id\":\"https:\\\/\\\/bilasmidurinn.is\\\/vefverslun\\\/midstodvar\\\/webasto-air-top-40-marine-batasett-24v-standard\\\/\",\"url\":\"https:\\\/\\\/bilasmidurinn.is\\\/vefverslun\\\/midstodvar\\\/webasto-air-top-40-marine-batasett-24v-standard\\\/\",\"name\":\"Webasto Air Top 4,0 Marine b\u00e1tasett 24v standard - B&iacute;lasmi&eth;urinn\",\"isPartOf\":{\"@id\":\"https:\\\/\\\/bilasmidurinn.is\\\/#website\"},\"primaryImageOfPage\":{\"@id\":\"https:\\\/\\\/bilasmidurinn.is\\\/vefverslun\\\/midstodvar\\\/webasto-air-top-40-marine-batasett-24v-standard\\\/#primaryimage\"},\"image\":{\"@id\":\"https:\\\/\\\/bilasmidurinn.is\\\/vefverslun\\\/midstodvar\\\/webasto-air-top-40-marine-batasett-24v-standard\\\/#primaryimage\"},\"thumbnailUrl\":\"https:\\\/\\\/bilasmidurinn.is\\\/wp-content\\\/uploads\\\/2021\\\/11\\\/9029250A.jpg\",\"datePublished\":\"2021-11-23T21:40:25+00:00\",\"dateModified\":\"2023-05-25T17:33:57+00:00\",\"breadcrumb\":{\"@id\":\"https:\\\/\\\/bilasmidurinn.is\\\/vefverslun\\\/midstodvar\\\/webasto-air-top-40-marine-batasett-24v-standard\\\/#breadcrumb\"},\"inLanguage\":\"pl-PL\",\"potentialAction\":[{\"@type\":\"ReadAction\",\"target\":[\"https:\\\/\\\/bilasmidurinn.is\\\/vefverslun\\\/midstodvar\\\/webasto-air-top-40-marine-batasett-24v-standard\\\/\"]}]},{\"@type\":\"ImageObject\",\"inLanguage\":\"pl-PL\",\"@id\":\"https:\\\/\\\/bilasmidurinn.is\\\/vefverslun\\\/midstodvar\\\/webasto-air-top-40-marine-batasett-24v-standard\\\/#primaryimage\",\"url\":\"https:\\\/\\\/bilasmidurinn.is\\\/wp-content\\\/uploads\\\/2021\\\/11\\\/9029250A.jpg\",\"contentUrl\":\"https:\\\/\\\/bilasmidurinn.is\\\/wp-content\\\/uploads\\\/2021\\\/11\\\/9029250A.jpg\",\"width\":600,\"height\":342},{\"@type\":\"BreadcrumbList\",\"@id\":\"https:\\\/\\\/bilasmidurinn.is\\\/vefverslun\\\/midstodvar\\\/webasto-air-top-40-marine-batasett-24v-standard\\\/#breadcrumb\",\"itemListElement\":[{\"@type\":\"ListItem\",\"position\":1,\"name\":\"Home\",\"item\":\"https:\\\/\\\/bilasmidurinn.is\\\/\"},{\"@type\":\"ListItem\",\"position\":2,\"name\":\"V\u00f6rur \u00ed verslun\",\"item\":\"https:\\\/\\\/bilasmidurinn.is\\\/vefverslun\\\/\"},{\"@type\":\"ListItem\",\"position\":3,\"name\":\"Webasto Air Top 4,0 Marine b\u00e1tasett 24v standard\"}]},{\"@type\":\"WebSite\",\"@id\":\"https:\\\/\\\/bilasmidurinn.is\\\/#website\",\"url\":\"https:\\\/\\\/bilasmidurinn.is\\\/\",\"name\":\"B&iacute;lasmi&eth;urinn\",\"description\":\"All sem &thorn;&uacute; &thorn;arft &iacute; t&aelig;ki&eth;\",\"potentialAction\":[{\"@type\":\"SearchAction\",\"target\":{\"@type\":\"EntryPoint\",\"urlTemplate\":\"https:\\\/\\\/bilasmidurinn.is\\\/?s={search_term_string}\"},\"query-input\":{\"@type\":\"PropertyValueSpecification\",\"valueRequired\":true,\"valueName\":\"search_term_string\"}}],\"inLanguage\":\"pl-PL\"}]}<\/script>\n<!-- \/ Yoast SEO plugin. -->","yoast_head_json":{"title":"Webasto Air Top 4,0 Marine b\u00e1tasett 24v standard - B&iacute;lasmi&eth;urinn","robots":{"index":"index","follow":"follow","max-snippet":"max-snippet:-1","max-image-preview":"max-image-preview:large","max-video-preview":"max-video-preview:-1"},"canonical":"https:\/\/bilasmidurinn.is\/pl\/vefverslun\/midstodvar\/webasto-air-top-40-marine-batasett-24v-standard\/","og_locale":"pl_PL","og_type":"article","og_title":"Webasto Air Top 4,0 Marine b\u00e1tasett 24v standard - B&iacute;lasmi&eth;urinn","og_description":"Air Top 4,0 Marine 24V  &nbsp;","og_url":"https:\/\/bilasmidurinn.is\/pl\/vefverslun\/midstodvar\/webasto-air-top-40-marine-batasett-24v-standard\/","og_site_name":"B&iacute;lasmi&eth;urinn","article_modified_time":"2023-05-25T17:33:57+00:00","og_image":[{"width":600,"height":342,"url":"https:\/\/bilasmidurinn.is\/wp-content\/uploads\/2021\/11\/9029250A.jpg","type":"image\/jpeg"}],"twitter_card":"summary_large_image","twitter_misc":{"Szacowany czas czytania":"1 minuta"},"schema":{"@context":"https:\/\/schema.org","@graph":[{"@type":"WebPage","@id":"https:\/\/bilasmidurinn.is\/vefverslun\/midstodvar\/webasto-air-top-40-marine-batasett-24v-standard\/","url":"https:\/\/bilasmidurinn.is\/vefverslun\/midstodvar\/webasto-air-top-40-marine-batasett-24v-standard\/","name":"Webasto Air Top 4,0 Marine b\u00e1tasett 24v standard - B&iacute;lasmi&eth;urinn","isPartOf":{"@id":"https:\/\/bilasmidurinn.is\/#website"},"primaryImageOfPage":{"@id":"https:\/\/bilasmidurinn.is\/vefverslun\/midstodvar\/webasto-air-top-40-marine-batasett-24v-standard\/#primaryimage"},"image":{"@id":"https:\/\/bilasmidurinn.is\/vefverslun\/midstodvar\/webasto-air-top-40-marine-batasett-24v-standard\/#primaryimage"},"thumbnailUrl":"https:\/\/bilasmidurinn.is\/wp-content\/uploads\/2021\/11\/9029250A.jpg","datePublished":"2021-11-23T21:40:25+00:00","dateModified":"2023-05-25T17:33:57+00:00","breadcrumb":{"@id":"https:\/\/bilasmidurinn.is\/vefverslun\/midstodvar\/webasto-air-top-40-marine-batasett-24v-standard\/#breadcrumb"},"inLanguage":"pl-PL","potentialAction":[{"@type":"ReadAction","target":["https:\/\/bilasmidurinn.is\/vefverslun\/midstodvar\/webasto-air-top-40-marine-batasett-24v-standard\/"]}]},{"@type":"ImageObject","inLanguage":"pl-PL","@id":"https:\/\/bilasmidurinn.is\/vefverslun\/midstodvar\/webasto-air-top-40-marine-batasett-24v-standard\/#primaryimage","url":"https:\/\/bilasmidurinn.is\/wp-content\/uploads\/2021\/11\/9029250A.jpg","contentUrl":"https:\/\/bilasmidurinn.is\/wp-content\/uploads\/2021\/11\/9029250A.jpg","width":600,"height":342},{"@type":"BreadcrumbList","@id":"https:\/\/bilasmidurinn.is\/vefverslun\/midstodvar\/webasto-air-top-40-marine-batasett-24v-standard\/#breadcrumb","itemListElement":[{"@type":"ListItem","position":1,"name":"Home","item":"https:\/\/bilasmidurinn.is\/"},{"@type":"ListItem","position":2,"name":"V\u00f6rur \u00ed verslun","item":"https:\/\/bilasmidurinn.is\/vefverslun\/"},{"@type":"ListItem","position":3,"name":"Webasto Air Top 4,0 Marine b\u00e1tasett 24v standard"}]},{"@type":"WebSite","@id":"https:\/\/bilasmidurinn.is\/#website","url":"https:\/\/bilasmidurinn.is\/","name":"B&iacute;lasmi&eth;urinn","description":"All sem &thorn;&uacute; &thorn;arft &iacute; t&aelig;ki&eth;","potentialAction":[{"@type":"SearchAction","target":{"@type":"EntryPoint","urlTemplate":"https:\/\/bilasmidurinn.is\/?s={search_term_string}"},"query-input":{"@type":"PropertyValueSpecification","valueRequired":true,"valueName":"search_term_string"}}],"inLanguage":"pl-PL"}]}},"_links":{"self":[{"href":"https:\/\/bilasmidurinn.is\/pl\/wp-json\/wp\/v2\/product\/14131","targetHints":{"allow":["GET"]}}],"collection":[{"href":"https:\/\/bilasmidurinn.is\/pl\/wp-json\/wp\/v2\/product"}],"about":[{"href":"https:\/\/bilasmidurinn.is\/pl\/wp-json\/wp\/v2\/types\/product"}],"wp:featuredmedia":[{"embeddable":true,"href":"https:\/\/bilasmidurinn.is\/pl\/wp-json\/wp\/v2\/media\/14132"}],"wp:attachment":[{"href":"https:\/\/bilasmidurinn.is\/pl\/wp-json\/wp\/v2\/media?parent=14131"}],"wp:term":[{"taxonomy":"product_brand","embeddable":true,"href":"https:\/\/bilasmidurinn.is\/pl\/wp-json\/wp\/v2\/product_brand?post=14131"},{"taxonomy":"product_cat","embeddable":true,"href":"https:\/\/bilasmidurinn.is\/pl\/wp-json\/wp\/v2\/product_cat?post=14131"},{"taxonomy":"product_tag","embeddable":true,"href":"https:\/\/bilasmidurinn.is\/pl\/wp-json\/wp\/v2\/product_tag?post=14131"}],"curies":[{"name":"wp","href":"https:\/\/api.w.org\/{rel}","templated":true}]}}