{"id":14084,"date":"2021-11-16T20:41:45","date_gmt":"2021-11-16T20:41:45","guid":{"rendered":"https:\/\/bilasmidurinn.is\/?post_type=product&#038;p=14084"},"modified":"2024-02-19T17:03:08","modified_gmt":"2024-02-19T17:03:08","slug":"thermo-top-evo5-12v-bensin-midstod","status":"publish","type":"product","link":"https:\/\/bilasmidurinn.is\/pl\/vefverslun\/midstodvar\/thermo-top-evo5-12v-bensin-midstod\/","title":{"rendered":"Piasta benzynowa Webasto Thermo Top Evo5 12v"},"content":{"rendered":"<p>Piasta benzynowa Webasto Thermo Top Evo5 12v, kt\u00f3ra podgrzewa wod\u0119 ch\u0142odz\u0105c\u0105 samoch\u00f3d, uruchamia swoj\u0105 centraln\u0105 dmuchaw\u0119, dzi\u0119ki czemu jednocze\u015bnie nagrzewa wn\u0119trze samochodu i silnik samochodu.<\/p>\n<p>Grzejnik jest sterowany np. zegarem czasowym, pilotem lub smartfonem (aplikacja). Normalny czas podgrzewania to 20-30 min, ale mo\u017cna go ustawi\u0107 na 120 min. patrz pfd. oraz na stronach technicznych.<\/p>\n<p>zestaw monta\u017cowy i sterowanie nale\u017cy dokupi\u0107 w zale\u017cno\u015bci od samochodu, do kt\u00f3rego urz\u0105dzenie ma trafi\u0107. Warsztat serwisowy producenta samochod\u00f3w zajmuje si\u0119 instalacj\u0105 i konserwacj\u0105 na \u017c\u0105danie.<\/p>\n<p>W razie potrzeby skontaktuj si\u0119 ze sprzedawc\u0105, aby uzyska\u0107 ofert\u0119 lub cen\u0119 zestaw\u00f3w instalacyjnych.<\/p>\n<p>Zmniejsza zanieczyszczenie i zu\u017cycie silnika, oszcz\u0119dza paliwo i zwi\u0119ksza bezpiecze\u0144stwo.<\/p>","protected":false},"excerpt":{"rendered":"<p>Thermo Top evo5 benzyna<\/p>","protected":false},"featured_media":14079,"template":"","meta":[],"product_brand":[7925],"product_cat":[7967],"product_tag":[],"class_list":{"0":"post-14084","1":"product","2":"type-product","3":"status-publish","4":"has-post-thumbnail","6":"product_brand-webasto","7":"product_cat-midstodvar","9":"first","10":"instock","11":"shipping-taxable","12":"product-type-simple"},"yoast_head":"<!-- This site is optimized with the Yoast SEO plugin v27.4 - https:\/\/yoast.com\/product\/yoast-seo-wordpress\/ -->\n<title>Webasto Thermo Top Evo5 12v bens\u00edn mi\u00f0st\u00f6\u00f0 - B&iacute;lasmi&eth;urinn<\/title>\n<meta name=\"robots\" content=\"index, follow, max-snippet:-1, max-image-preview:large, max-video-preview:-1\" \/>\n<link rel=\"canonical\" href=\"https:\/\/bilasmidurinn.is\/pl\/vefverslun\/midstodvar\/thermo-top-evo5-12v-bensin-midstod\/\" \/>\n<meta property=\"og:locale\" content=\"pl_PL\" \/>\n<meta property=\"og:type\" content=\"article\" \/>\n<meta property=\"og:title\" content=\"Webasto Thermo Top Evo5 12v bens\u00edn mi\u00f0st\u00f6\u00f0 - B&iacute;lasmi&eth;urinn\" \/>\n<meta property=\"og:description\" content=\"Thermo Top evo5 bens\u00edn\" \/>\n<meta property=\"og:url\" content=\"https:\/\/bilasmidurinn.is\/pl\/vefverslun\/midstodvar\/thermo-top-evo5-12v-bensin-midstod\/\" \/>\n<meta property=\"og:site_name\" content=\"B&iacute;lasmi&eth;urinn\" \/>\n<meta property=\"article:modified_time\" content=\"2024-02-19T17:03:08+00:00\" \/>\n<meta property=\"og:image\" content=\"https:\/\/bilasmidurinn.is\/wp-content\/uploads\/2021\/11\/TT-evo-scaled.jpg\" \/>\n\t<meta property=\"og:image:width\" content=\"2560\" \/>\n\t<meta property=\"og:image:height\" content=\"1936\" \/>\n\t<meta property=\"og:image:type\" content=\"image\/jpeg\" \/>\n<meta name=\"twitter:card\" content=\"summary_large_image\" \/>\n<meta name=\"twitter:label1\" content=\"Szacowany czas czytania\" \/>\n\t<meta name=\"twitter:data1\" content=\"1 minuta\" \/>\n<script type=\"application\/ld+json\" class=\"yoast-schema-graph\">{\"@context\":\"https:\\\/\\\/schema.org\",\"@graph\":[{\"@type\":\"WebPage\",\"@id\":\"https:\\\/\\\/bilasmidurinn.is\\\/vefverslun\\\/midstodvar\\\/thermo-top-evo5-12v-bensin-midstod\\\/\",\"url\":\"https:\\\/\\\/bilasmidurinn.is\\\/vefverslun\\\/midstodvar\\\/thermo-top-evo5-12v-bensin-midstod\\\/\",\"name\":\"Webasto Thermo Top Evo5 12v bens\u00edn mi\u00f0st\u00f6\u00f0 - B&iacute;lasmi&eth;urinn\",\"isPartOf\":{\"@id\":\"https:\\\/\\\/bilasmidurinn.is\\\/#website\"},\"primaryImageOfPage\":{\"@id\":\"https:\\\/\\\/bilasmidurinn.is\\\/vefverslun\\\/midstodvar\\\/thermo-top-evo5-12v-bensin-midstod\\\/#primaryimage\"},\"image\":{\"@id\":\"https:\\\/\\\/bilasmidurinn.is\\\/vefverslun\\\/midstodvar\\\/thermo-top-evo5-12v-bensin-midstod\\\/#primaryimage\"},\"thumbnailUrl\":\"https:\\\/\\\/bilasmidurinn.is\\\/wp-content\\\/uploads\\\/2021\\\/11\\\/TT-evo-scaled.jpg\",\"datePublished\":\"2021-11-16T20:41:45+00:00\",\"dateModified\":\"2024-02-19T17:03:08+00:00\",\"breadcrumb\":{\"@id\":\"https:\\\/\\\/bilasmidurinn.is\\\/vefverslun\\\/midstodvar\\\/thermo-top-evo5-12v-bensin-midstod\\\/#breadcrumb\"},\"inLanguage\":\"pl-PL\",\"potentialAction\":[{\"@type\":\"ReadAction\",\"target\":[\"https:\\\/\\\/bilasmidurinn.is\\\/vefverslun\\\/midstodvar\\\/thermo-top-evo5-12v-bensin-midstod\\\/\"]}]},{\"@type\":\"ImageObject\",\"inLanguage\":\"pl-PL\",\"@id\":\"https:\\\/\\\/bilasmidurinn.is\\\/vefverslun\\\/midstodvar\\\/thermo-top-evo5-12v-bensin-midstod\\\/#primaryimage\",\"url\":\"https:\\\/\\\/bilasmidurinn.is\\\/wp-content\\\/uploads\\\/2021\\\/11\\\/TT-evo-scaled.jpg\",\"contentUrl\":\"https:\\\/\\\/bilasmidurinn.is\\\/wp-content\\\/uploads\\\/2021\\\/11\\\/TT-evo-scaled.jpg\",\"width\":2560,\"height\":1936},{\"@type\":\"BreadcrumbList\",\"@id\":\"https:\\\/\\\/bilasmidurinn.is\\\/vefverslun\\\/midstodvar\\\/thermo-top-evo5-12v-bensin-midstod\\\/#breadcrumb\",\"itemListElement\":[{\"@type\":\"ListItem\",\"position\":1,\"name\":\"Home\",\"item\":\"https:\\\/\\\/bilasmidurinn.is\\\/\"},{\"@type\":\"ListItem\",\"position\":2,\"name\":\"V\u00f6rur \u00ed verslun\",\"item\":\"https:\\\/\\\/bilasmidurinn.is\\\/vefverslun\\\/\"},{\"@type\":\"ListItem\",\"position\":3,\"name\":\"Webasto Thermo Top Evo5 12v bens\u00edn mi\u00f0st\u00f6\u00f0\"}]},{\"@type\":\"WebSite\",\"@id\":\"https:\\\/\\\/bilasmidurinn.is\\\/#website\",\"url\":\"https:\\\/\\\/bilasmidurinn.is\\\/\",\"name\":\"B&iacute;lasmi&eth;urinn\",\"description\":\"All sem &thorn;&uacute; &thorn;arft &iacute; t&aelig;ki&eth;\",\"potentialAction\":[{\"@type\":\"SearchAction\",\"target\":{\"@type\":\"EntryPoint\",\"urlTemplate\":\"https:\\\/\\\/bilasmidurinn.is\\\/?s={search_term_string}\"},\"query-input\":{\"@type\":\"PropertyValueSpecification\",\"valueRequired\":true,\"valueName\":\"search_term_string\"}}],\"inLanguage\":\"pl-PL\"}]}<\/script>\n<!-- \/ Yoast SEO plugin. -->","yoast_head_json":{"title":"Webasto Thermo Top Evo5 12v bens\u00edn mi\u00f0st\u00f6\u00f0 - B&iacute;lasmi&eth;urinn","robots":{"index":"index","follow":"follow","max-snippet":"max-snippet:-1","max-image-preview":"max-image-preview:large","max-video-preview":"max-video-preview:-1"},"canonical":"https:\/\/bilasmidurinn.is\/pl\/vefverslun\/midstodvar\/thermo-top-evo5-12v-bensin-midstod\/","og_locale":"pl_PL","og_type":"article","og_title":"Webasto Thermo Top Evo5 12v bens\u00edn mi\u00f0st\u00f6\u00f0 - B&iacute;lasmi&eth;urinn","og_description":"Thermo Top evo5 bens\u00edn","og_url":"https:\/\/bilasmidurinn.is\/pl\/vefverslun\/midstodvar\/thermo-top-evo5-12v-bensin-midstod\/","og_site_name":"B&iacute;lasmi&eth;urinn","article_modified_time":"2024-02-19T17:03:08+00:00","og_image":[{"width":2560,"height":1936,"url":"https:\/\/bilasmidurinn.is\/wp-content\/uploads\/2021\/11\/TT-evo-scaled.jpg","type":"image\/jpeg"}],"twitter_card":"summary_large_image","twitter_misc":{"Szacowany czas czytania":"1 minuta"},"schema":{"@context":"https:\/\/schema.org","@graph":[{"@type":"WebPage","@id":"https:\/\/bilasmidurinn.is\/vefverslun\/midstodvar\/thermo-top-evo5-12v-bensin-midstod\/","url":"https:\/\/bilasmidurinn.is\/vefverslun\/midstodvar\/thermo-top-evo5-12v-bensin-midstod\/","name":"Webasto Thermo Top Evo5 12v bens\u00edn mi\u00f0st\u00f6\u00f0 - B&iacute;lasmi&eth;urinn","isPartOf":{"@id":"https:\/\/bilasmidurinn.is\/#website"},"primaryImageOfPage":{"@id":"https:\/\/bilasmidurinn.is\/vefverslun\/midstodvar\/thermo-top-evo5-12v-bensin-midstod\/#primaryimage"},"image":{"@id":"https:\/\/bilasmidurinn.is\/vefverslun\/midstodvar\/thermo-top-evo5-12v-bensin-midstod\/#primaryimage"},"thumbnailUrl":"https:\/\/bilasmidurinn.is\/wp-content\/uploads\/2021\/11\/TT-evo-scaled.jpg","datePublished":"2021-11-16T20:41:45+00:00","dateModified":"2024-02-19T17:03:08+00:00","breadcrumb":{"@id":"https:\/\/bilasmidurinn.is\/vefverslun\/midstodvar\/thermo-top-evo5-12v-bensin-midstod\/#breadcrumb"},"inLanguage":"pl-PL","potentialAction":[{"@type":"ReadAction","target":["https:\/\/bilasmidurinn.is\/vefverslun\/midstodvar\/thermo-top-evo5-12v-bensin-midstod\/"]}]},{"@type":"ImageObject","inLanguage":"pl-PL","@id":"https:\/\/bilasmidurinn.is\/vefverslun\/midstodvar\/thermo-top-evo5-12v-bensin-midstod\/#primaryimage","url":"https:\/\/bilasmidurinn.is\/wp-content\/uploads\/2021\/11\/TT-evo-scaled.jpg","contentUrl":"https:\/\/bilasmidurinn.is\/wp-content\/uploads\/2021\/11\/TT-evo-scaled.jpg","width":2560,"height":1936},{"@type":"BreadcrumbList","@id":"https:\/\/bilasmidurinn.is\/vefverslun\/midstodvar\/thermo-top-evo5-12v-bensin-midstod\/#breadcrumb","itemListElement":[{"@type":"ListItem","position":1,"name":"Home","item":"https:\/\/bilasmidurinn.is\/"},{"@type":"ListItem","position":2,"name":"V\u00f6rur \u00ed verslun","item":"https:\/\/bilasmidurinn.is\/vefverslun\/"},{"@type":"ListItem","position":3,"name":"Webasto Thermo Top Evo5 12v bens\u00edn mi\u00f0st\u00f6\u00f0"}]},{"@type":"WebSite","@id":"https:\/\/bilasmidurinn.is\/#website","url":"https:\/\/bilasmidurinn.is\/","name":"B&iacute;lasmi&eth;urinn","description":"All sem &thorn;&uacute; &thorn;arft &iacute; t&aelig;ki&eth;","potentialAction":[{"@type":"SearchAction","target":{"@type":"EntryPoint","urlTemplate":"https:\/\/bilasmidurinn.is\/?s={search_term_string}"},"query-input":{"@type":"PropertyValueSpecification","valueRequired":true,"valueName":"search_term_string"}}],"inLanguage":"pl-PL"}]}},"_links":{"self":[{"href":"https:\/\/bilasmidurinn.is\/pl\/wp-json\/wp\/v2\/product\/14084","targetHints":{"allow":["GET"]}}],"collection":[{"href":"https:\/\/bilasmidurinn.is\/pl\/wp-json\/wp\/v2\/product"}],"about":[{"href":"https:\/\/bilasmidurinn.is\/pl\/wp-json\/wp\/v2\/types\/product"}],"wp:featuredmedia":[{"embeddable":true,"href":"https:\/\/bilasmidurinn.is\/pl\/wp-json\/wp\/v2\/media\/14079"}],"wp:attachment":[{"href":"https:\/\/bilasmidurinn.is\/pl\/wp-json\/wp\/v2\/media?parent=14084"}],"wp:term":[{"taxonomy":"product_brand","embeddable":true,"href":"https:\/\/bilasmidurinn.is\/pl\/wp-json\/wp\/v2\/product_brand?post=14084"},{"taxonomy":"product_cat","embeddable":true,"href":"https:\/\/bilasmidurinn.is\/pl\/wp-json\/wp\/v2\/product_cat?post=14084"},{"taxonomy":"product_tag","embeddable":true,"href":"https:\/\/bilasmidurinn.is\/pl\/wp-json\/wp\/v2\/product_tag?post=14084"}],"curies":[{"name":"wp","href":"https:\/\/api.w.org\/{rel}","templated":true}]}}