{"id":13986,"date":"2021-10-25T21:26:50","date_gmt":"2021-10-25T21:26:50","guid":{"rendered":"https:\/\/bilasmidurinn.is\/?post_type=product&#038;p=13986"},"modified":"2022-01-10T13:32:06","modified_gmt":"2022-01-10T13:32:06","slug":"led-proj-3038-framljos-hai-lagi-park-og-stefnuljos-haegra-megin","status":"publish","type":"product","link":"https:\/\/bilasmidurinn.is\/pl\/vefverslun\/ljos\/ljoskastarar\/led-proj-3038-framljos-hai-lagi-park-og-stefnuljos-haegra-megin\/","title":{"rendered":"Projekt LED 3038 reflektor wysoki\/niski\/postojowy i kierunkowskaz po prawej stronie"},"content":{"rendered":"<p>Reflektory LED do maszyn i narz\u0119dzi roboczych, \u015bwiat\u0142a drogowe i mijania, kierunkowskazy, podgrzewane szyby<\/p>\n<p>6-pinowe z\u0142\u0105cze niemieckie<\/p>\n<p>EKG<\/p>\n<p>patrz pfd<\/p>","protected":false},"excerpt":{"rendered":"<p>projekt LED 3830 w prawo<\/p>","protected":false},"featured_media":13983,"template":"","meta":[],"product_brand":[7993,7992],"product_cat":[8042],"product_tag":[],"class_list":{"0":"post-13986","1":"product","2":"type-product","3":"status-publish","4":"has-post-thumbnail","6":"product_brand-abl","7":"product_brand-vignal","8":"product_cat-ljoskastarar","10":"first","11":"instock","12":"shipping-taxable","13":"product-type-simple"},"yoast_head":"<!-- This site is optimized with the Yoast SEO plugin v27.3 - https:\/\/yoast.com\/product\/yoast-seo-wordpress\/ -->\n<title>LED Proj. 3038 framlj\u00f3s h\u00e1i\/l\u00e1gi\/ park og stefnulj\u00f3s h\u00e6gra megin - B&iacute;lasmi&eth;urinn<\/title>\n<meta name=\"robots\" content=\"index, follow, max-snippet:-1, max-image-preview:large, max-video-preview:-1\" \/>\n<link rel=\"canonical\" href=\"http:\/\/bilasmidurinn.is\/pl\/vefverslun\/ljos\/ljoskastarar\/led-proj-3038-framljos-hai-lagi-park-og-stefnuljos-haegra-megin\/\" \/>\n<meta property=\"og:locale\" content=\"pl_PL\" \/>\n<meta property=\"og:type\" content=\"article\" \/>\n<meta property=\"og:title\" content=\"LED Proj. 3038 framlj\u00f3s h\u00e1i\/l\u00e1gi\/ park og stefnulj\u00f3s h\u00e6gra megin - B&iacute;lasmi&eth;urinn\" \/>\n<meta property=\"og:description\" content=\"LED proj. 3830 h\u00e6gra\" \/>\n<meta property=\"og:url\" content=\"http:\/\/bilasmidurinn.is\/pl\/vefverslun\/ljos\/ljoskastarar\/led-proj-3038-framljos-hai-lagi-park-og-stefnuljos-haegra-megin\/\" \/>\n<meta property=\"og:site_name\" content=\"B&iacute;lasmi&eth;urinn\" \/>\n<meta property=\"article:modified_time\" content=\"2022-01-10T13:32:06+00:00\" \/>\n<meta property=\"og:image\" content=\"https:\/\/bilasmidurinn.is\/wp-content\/uploads\/2021\/10\/ABL-3800-LED-heavy-duty-driving-light-3.jpg\" \/>\n\t<meta property=\"og:image:width\" content=\"254\" \/>\n\t<meta property=\"og:image:height\" content=\"209\" \/>\n\t<meta property=\"og:image:type\" content=\"image\/jpeg\" \/>\n<meta name=\"twitter:card\" content=\"summary_large_image\" \/>\n<script type=\"application\/ld+json\" class=\"yoast-schema-graph\">{\"@context\":\"https:\\\/\\\/schema.org\",\"@graph\":[{\"@type\":\"WebPage\",\"@id\":\"http:\\\/\\\/bilasmidurinn.is\\\/en\\\/vefverslun\\\/ljos\\\/ljoskastarar\\\/led-proj-3038-framljos-hai-lagi-park-og-stefnuljos-haegra-megin\\\/\",\"url\":\"http:\\\/\\\/bilasmidurinn.is\\\/en\\\/vefverslun\\\/ljos\\\/ljoskastarar\\\/led-proj-3038-framljos-hai-lagi-park-og-stefnuljos-haegra-megin\\\/\",\"name\":\"LED Proj. 3038 framlj\u00f3s h\u00e1i\\\/l\u00e1gi\\\/ park og stefnulj\u00f3s h\u00e6gra megin - B&iacute;lasmi&eth;urinn\",\"isPartOf\":{\"@id\":\"https:\\\/\\\/bilasmidurinn.is\\\/#website\"},\"primaryImageOfPage\":{\"@id\":\"http:\\\/\\\/bilasmidurinn.is\\\/en\\\/vefverslun\\\/ljos\\\/ljoskastarar\\\/led-proj-3038-framljos-hai-lagi-park-og-stefnuljos-haegra-megin\\\/#primaryimage\"},\"image\":{\"@id\":\"http:\\\/\\\/bilasmidurinn.is\\\/en\\\/vefverslun\\\/ljos\\\/ljoskastarar\\\/led-proj-3038-framljos-hai-lagi-park-og-stefnuljos-haegra-megin\\\/#primaryimage\"},\"thumbnailUrl\":\"https:\\\/\\\/bilasmidurinn.is\\\/wp-content\\\/uploads\\\/2021\\\/10\\\/ABL-3800-LED-heavy-duty-driving-light-3.jpg\",\"datePublished\":\"2021-10-25T21:26:50+00:00\",\"dateModified\":\"2022-01-10T13:32:06+00:00\",\"breadcrumb\":{\"@id\":\"http:\\\/\\\/bilasmidurinn.is\\\/en\\\/vefverslun\\\/ljos\\\/ljoskastarar\\\/led-proj-3038-framljos-hai-lagi-park-og-stefnuljos-haegra-megin\\\/#breadcrumb\"},\"inLanguage\":\"pl-PL\",\"potentialAction\":[{\"@type\":\"ReadAction\",\"target\":[\"http:\\\/\\\/bilasmidurinn.is\\\/en\\\/vefverslun\\\/ljos\\\/ljoskastarar\\\/led-proj-3038-framljos-hai-lagi-park-og-stefnuljos-haegra-megin\\\/\"]}]},{\"@type\":\"ImageObject\",\"inLanguage\":\"pl-PL\",\"@id\":\"http:\\\/\\\/bilasmidurinn.is\\\/en\\\/vefverslun\\\/ljos\\\/ljoskastarar\\\/led-proj-3038-framljos-hai-lagi-park-og-stefnuljos-haegra-megin\\\/#primaryimage\",\"url\":\"https:\\\/\\\/bilasmidurinn.is\\\/wp-content\\\/uploads\\\/2021\\\/10\\\/ABL-3800-LED-heavy-duty-driving-light-3.jpg\",\"contentUrl\":\"https:\\\/\\\/bilasmidurinn.is\\\/wp-content\\\/uploads\\\/2021\\\/10\\\/ABL-3800-LED-heavy-duty-driving-light-3.jpg\",\"width\":254,\"height\":209},{\"@type\":\"BreadcrumbList\",\"@id\":\"http:\\\/\\\/bilasmidurinn.is\\\/en\\\/vefverslun\\\/ljos\\\/ljoskastarar\\\/led-proj-3038-framljos-hai-lagi-park-og-stefnuljos-haegra-megin\\\/#breadcrumb\",\"itemListElement\":[{\"@type\":\"ListItem\",\"position\":1,\"name\":\"Home\",\"item\":\"https:\\\/\\\/bilasmidurinn.is\\\/\"},{\"@type\":\"ListItem\",\"position\":2,\"name\":\"V\u00f6rur \u00ed verslun\",\"item\":\"https:\\\/\\\/bilasmidurinn.is\\\/vefverslun\\\/\"},{\"@type\":\"ListItem\",\"position\":3,\"name\":\"LED Proj. 3038 framlj\u00f3s h\u00e1i\\\/l\u00e1gi\\\/ park og stefnulj\u00f3s h\u00e6gra megin\"}]},{\"@type\":\"WebSite\",\"@id\":\"https:\\\/\\\/bilasmidurinn.is\\\/#website\",\"url\":\"https:\\\/\\\/bilasmidurinn.is\\\/\",\"name\":\"B&iacute;lasmi&eth;urinn\",\"description\":\"All sem &thorn;&uacute; &thorn;arft &iacute; t&aelig;ki&eth;\",\"potentialAction\":[{\"@type\":\"SearchAction\",\"target\":{\"@type\":\"EntryPoint\",\"urlTemplate\":\"https:\\\/\\\/bilasmidurinn.is\\\/?s={search_term_string}\"},\"query-input\":{\"@type\":\"PropertyValueSpecification\",\"valueRequired\":true,\"valueName\":\"search_term_string\"}}],\"inLanguage\":\"pl-PL\"}]}<\/script>\n<!-- \/ Yoast SEO plugin. -->","yoast_head_json":{"title":"LED Proj. 3038 framlj\u00f3s h\u00e1i\/l\u00e1gi\/ park og stefnulj\u00f3s h\u00e6gra megin - B&iacute;lasmi&eth;urinn","robots":{"index":"index","follow":"follow","max-snippet":"max-snippet:-1","max-image-preview":"max-image-preview:large","max-video-preview":"max-video-preview:-1"},"canonical":"http:\/\/bilasmidurinn.is\/pl\/vefverslun\/ljos\/ljoskastarar\/led-proj-3038-framljos-hai-lagi-park-og-stefnuljos-haegra-megin\/","og_locale":"pl_PL","og_type":"article","og_title":"LED Proj. 3038 framlj\u00f3s h\u00e1i\/l\u00e1gi\/ park og stefnulj\u00f3s h\u00e6gra megin - B&iacute;lasmi&eth;urinn","og_description":"LED proj. 3830 h\u00e6gra","og_url":"http:\/\/bilasmidurinn.is\/pl\/vefverslun\/ljos\/ljoskastarar\/led-proj-3038-framljos-hai-lagi-park-og-stefnuljos-haegra-megin\/","og_site_name":"B&iacute;lasmi&eth;urinn","article_modified_time":"2022-01-10T13:32:06+00:00","og_image":[{"width":254,"height":209,"url":"https:\/\/bilasmidurinn.is\/wp-content\/uploads\/2021\/10\/ABL-3800-LED-heavy-duty-driving-light-3.jpg","type":"image\/jpeg"}],"twitter_card":"summary_large_image","schema":{"@context":"https:\/\/schema.org","@graph":[{"@type":"WebPage","@id":"http:\/\/bilasmidurinn.is\/en\/vefverslun\/ljos\/ljoskastarar\/led-proj-3038-framljos-hai-lagi-park-og-stefnuljos-haegra-megin\/","url":"http:\/\/bilasmidurinn.is\/en\/vefverslun\/ljos\/ljoskastarar\/led-proj-3038-framljos-hai-lagi-park-og-stefnuljos-haegra-megin\/","name":"LED Proj. 3038 framlj\u00f3s h\u00e1i\/l\u00e1gi\/ park og stefnulj\u00f3s h\u00e6gra megin - B&iacute;lasmi&eth;urinn","isPartOf":{"@id":"https:\/\/bilasmidurinn.is\/#website"},"primaryImageOfPage":{"@id":"http:\/\/bilasmidurinn.is\/en\/vefverslun\/ljos\/ljoskastarar\/led-proj-3038-framljos-hai-lagi-park-og-stefnuljos-haegra-megin\/#primaryimage"},"image":{"@id":"http:\/\/bilasmidurinn.is\/en\/vefverslun\/ljos\/ljoskastarar\/led-proj-3038-framljos-hai-lagi-park-og-stefnuljos-haegra-megin\/#primaryimage"},"thumbnailUrl":"https:\/\/bilasmidurinn.is\/wp-content\/uploads\/2021\/10\/ABL-3800-LED-heavy-duty-driving-light-3.jpg","datePublished":"2021-10-25T21:26:50+00:00","dateModified":"2022-01-10T13:32:06+00:00","breadcrumb":{"@id":"http:\/\/bilasmidurinn.is\/en\/vefverslun\/ljos\/ljoskastarar\/led-proj-3038-framljos-hai-lagi-park-og-stefnuljos-haegra-megin\/#breadcrumb"},"inLanguage":"pl-PL","potentialAction":[{"@type":"ReadAction","target":["http:\/\/bilasmidurinn.is\/en\/vefverslun\/ljos\/ljoskastarar\/led-proj-3038-framljos-hai-lagi-park-og-stefnuljos-haegra-megin\/"]}]},{"@type":"ImageObject","inLanguage":"pl-PL","@id":"http:\/\/bilasmidurinn.is\/en\/vefverslun\/ljos\/ljoskastarar\/led-proj-3038-framljos-hai-lagi-park-og-stefnuljos-haegra-megin\/#primaryimage","url":"https:\/\/bilasmidurinn.is\/wp-content\/uploads\/2021\/10\/ABL-3800-LED-heavy-duty-driving-light-3.jpg","contentUrl":"https:\/\/bilasmidurinn.is\/wp-content\/uploads\/2021\/10\/ABL-3800-LED-heavy-duty-driving-light-3.jpg","width":254,"height":209},{"@type":"BreadcrumbList","@id":"http:\/\/bilasmidurinn.is\/en\/vefverslun\/ljos\/ljoskastarar\/led-proj-3038-framljos-hai-lagi-park-og-stefnuljos-haegra-megin\/#breadcrumb","itemListElement":[{"@type":"ListItem","position":1,"name":"Home","item":"https:\/\/bilasmidurinn.is\/"},{"@type":"ListItem","position":2,"name":"V\u00f6rur \u00ed verslun","item":"https:\/\/bilasmidurinn.is\/vefverslun\/"},{"@type":"ListItem","position":3,"name":"LED Proj. 3038 framlj\u00f3s h\u00e1i\/l\u00e1gi\/ park og stefnulj\u00f3s h\u00e6gra megin"}]},{"@type":"WebSite","@id":"https:\/\/bilasmidurinn.is\/#website","url":"https:\/\/bilasmidurinn.is\/","name":"B&iacute;lasmi&eth;urinn","description":"All sem &thorn;&uacute; &thorn;arft &iacute; t&aelig;ki&eth;","potentialAction":[{"@type":"SearchAction","target":{"@type":"EntryPoint","urlTemplate":"https:\/\/bilasmidurinn.is\/?s={search_term_string}"},"query-input":{"@type":"PropertyValueSpecification","valueRequired":true,"valueName":"search_term_string"}}],"inLanguage":"pl-PL"}]}},"_links":{"self":[{"href":"https:\/\/bilasmidurinn.is\/pl\/wp-json\/wp\/v2\/product\/13986","targetHints":{"allow":["GET"]}}],"collection":[{"href":"https:\/\/bilasmidurinn.is\/pl\/wp-json\/wp\/v2\/product"}],"about":[{"href":"https:\/\/bilasmidurinn.is\/pl\/wp-json\/wp\/v2\/types\/product"}],"wp:featuredmedia":[{"embeddable":true,"href":"https:\/\/bilasmidurinn.is\/pl\/wp-json\/wp\/v2\/media\/13983"}],"wp:attachment":[{"href":"https:\/\/bilasmidurinn.is\/pl\/wp-json\/wp\/v2\/media?parent=13986"}],"wp:term":[{"taxonomy":"product_brand","embeddable":true,"href":"https:\/\/bilasmidurinn.is\/pl\/wp-json\/wp\/v2\/product_brand?post=13986"},{"taxonomy":"product_cat","embeddable":true,"href":"https:\/\/bilasmidurinn.is\/pl\/wp-json\/wp\/v2\/product_cat?post=13986"},{"taxonomy":"product_tag","embeddable":true,"href":"https:\/\/bilasmidurinn.is\/pl\/wp-json\/wp\/v2\/product_tag?post=13986"}],"curies":[{"name":"wp","href":"https:\/\/api.w.org\/{rel}","templated":true}]}}