{"id":13617,"date":"2021-09-22T19:20:47","date_gmt":"2021-09-22T19:20:47","guid":{"rendered":"https:\/\/bilasmidurinn.is\/?post_type=product&#038;p=13617"},"modified":"2022-01-04T17:53:40","modified_gmt":"2022-01-04T17:53:40","slug":"led-minibar-varudarljos-med-segli-gult","status":"publish","type":"product","link":"https:\/\/bilasmidurinn.is\/pl\/vefverslun\/ljos\/varudarljos\/led-minibar-varudarljos-med-segli-gult\/","title":{"rendered":"Lampka ostrzegawcza LED do minibaru z magnesem - \u017c\u00f3\u0142ta"},"content":{"rendered":"<p>Lampka ostrzegawcza LED do minibaru z magnesem i kablem, przezroczysta\/\u017c\u00f3\u0142ta<\/p>\n<p>12\/24 V<\/p>\n<p>R10<\/p>\n<p>Wysoko\u015b\u0107 88 mm. D\u0142ugo\u015b\u0107 277mm. szeroko\u015b\u0107 68mm<\/p>\n<p>5 lat gwarancji.<\/p>","protected":false},"excerpt":{"rendered":"<p>Lampka ostrzegawcza LED A100 z magnesem<\/p>","protected":false},"featured_media":13618,"template":"","meta":[],"product_brand":[7977],"product_cat":[8007],"product_tag":[],"class_list":{"0":"post-13617","1":"product","2":"type-product","3":"status-publish","4":"has-post-thumbnail","6":"product_brand-ecco-esg","7":"product_cat-varudarljos","9":"first","10":"instock","11":"shipping-taxable","12":"product-type-simple"},"yoast_head":"<!-- This site is optimized with the Yoast SEO plugin v27.5 - https:\/\/yoast.com\/product\/yoast-seo-wordpress\/ -->\n<title>Var\u00fa\u00f0arlj\u00f3s LED minibar me\u00f0 segli -gult - B&iacute;lasmi&eth;urinn<\/title>\n<meta name=\"robots\" content=\"index, follow, max-snippet:-1, max-image-preview:large, max-video-preview:-1\" \/>\n<link rel=\"canonical\" href=\"http:\/\/bilasmidurinn.is\/pl\/vefverslun\/ljos\/varudarljos\/led-minibar-varudarljos-med-segli-gult\/\" \/>\n<meta property=\"og:locale\" content=\"pl_PL\" \/>\n<meta property=\"og:type\" content=\"article\" \/>\n<meta property=\"og:title\" content=\"Var\u00fa\u00f0arlj\u00f3s LED minibar me\u00f0 segli -gult - B&iacute;lasmi&eth;urinn\" \/>\n<meta property=\"og:description\" content=\"LED var\u00fa\u00f0arlj\u00f3s A100 me\u00f0 segli\" \/>\n<meta property=\"og:url\" content=\"http:\/\/bilasmidurinn.is\/pl\/vefverslun\/ljos\/varudarljos\/led-minibar-varudarljos-med-segli-gult\/\" \/>\n<meta property=\"og:site_name\" content=\"B&iacute;lasmi&eth;urinn\" \/>\n<meta property=\"article:modified_time\" content=\"2022-01-04T17:53:40+00:00\" \/>\n<meta property=\"og:image\" content=\"https:\/\/bilasmidurinn.is\/wp-content\/uploads\/2021\/09\/A100.00.ldv_.png\" \/>\n\t<meta property=\"og:image:width\" content=\"500\" \/>\n\t<meta property=\"og:image:height\" content=\"500\" \/>\n\t<meta property=\"og:image:type\" content=\"image\/png\" \/>\n<meta name=\"twitter:card\" content=\"summary_large_image\" \/>\n<script type=\"application\/ld+json\" class=\"yoast-schema-graph\">{\"@context\":\"https:\\\/\\\/schema.org\",\"@graph\":[{\"@type\":\"WebPage\",\"@id\":\"http:\\\/\\\/bilasmidurinn.is\\\/pl\\\/vefverslun\\\/ljos\\\/varudarljos\\\/led-minibar-varudarljos-med-segli-gult\\\/\",\"url\":\"http:\\\/\\\/bilasmidurinn.is\\\/pl\\\/vefverslun\\\/ljos\\\/varudarljos\\\/led-minibar-varudarljos-med-segli-gult\\\/\",\"name\":\"Var\u00fa\u00f0arlj\u00f3s LED minibar me\u00f0 segli -gult - B&iacute;lasmi&eth;urinn\",\"isPartOf\":{\"@id\":\"https:\\\/\\\/bilasmidurinn.is\\\/#website\"},\"primaryImageOfPage\":{\"@id\":\"http:\\\/\\\/bilasmidurinn.is\\\/pl\\\/vefverslun\\\/ljos\\\/varudarljos\\\/led-minibar-varudarljos-med-segli-gult\\\/#primaryimage\"},\"image\":{\"@id\":\"http:\\\/\\\/bilasmidurinn.is\\\/pl\\\/vefverslun\\\/ljos\\\/varudarljos\\\/led-minibar-varudarljos-med-segli-gult\\\/#primaryimage\"},\"thumbnailUrl\":\"https:\\\/\\\/bilasmidurinn.is\\\/wp-content\\\/uploads\\\/2021\\\/09\\\/A100.00.ldv_.png\",\"datePublished\":\"2021-09-22T19:20:47+00:00\",\"dateModified\":\"2022-01-04T17:53:40+00:00\",\"breadcrumb\":{\"@id\":\"http:\\\/\\\/bilasmidurinn.is\\\/pl\\\/vefverslun\\\/ljos\\\/varudarljos\\\/led-minibar-varudarljos-med-segli-gult\\\/#breadcrumb\"},\"inLanguage\":\"pl-PL\",\"potentialAction\":[{\"@type\":\"ReadAction\",\"target\":[\"http:\\\/\\\/bilasmidurinn.is\\\/pl\\\/vefverslun\\\/ljos\\\/varudarljos\\\/led-minibar-varudarljos-med-segli-gult\\\/\"]}]},{\"@type\":\"ImageObject\",\"inLanguage\":\"pl-PL\",\"@id\":\"http:\\\/\\\/bilasmidurinn.is\\\/pl\\\/vefverslun\\\/ljos\\\/varudarljos\\\/led-minibar-varudarljos-med-segli-gult\\\/#primaryimage\",\"url\":\"https:\\\/\\\/bilasmidurinn.is\\\/wp-content\\\/uploads\\\/2021\\\/09\\\/A100.00.ldv_.png\",\"contentUrl\":\"https:\\\/\\\/bilasmidurinn.is\\\/wp-content\\\/uploads\\\/2021\\\/09\\\/A100.00.ldv_.png\",\"width\":500,\"height\":500},{\"@type\":\"BreadcrumbList\",\"@id\":\"http:\\\/\\\/bilasmidurinn.is\\\/pl\\\/vefverslun\\\/ljos\\\/varudarljos\\\/led-minibar-varudarljos-med-segli-gult\\\/#breadcrumb\",\"itemListElement\":[{\"@type\":\"ListItem\",\"position\":1,\"name\":\"Home\",\"item\":\"https:\\\/\\\/bilasmidurinn.is\\\/\"},{\"@type\":\"ListItem\",\"position\":2,\"name\":\"V\u00f6rur \u00ed verslun\",\"item\":\"https:\\\/\\\/bilasmidurinn.is\\\/vefverslun\\\/\"},{\"@type\":\"ListItem\",\"position\":3,\"name\":\"Var\u00fa\u00f0arlj\u00f3s LED minibar me\u00f0 segli -gult\"}]},{\"@type\":\"WebSite\",\"@id\":\"https:\\\/\\\/bilasmidurinn.is\\\/#website\",\"url\":\"https:\\\/\\\/bilasmidurinn.is\\\/\",\"name\":\"B&iacute;lasmi&eth;urinn\",\"description\":\"All sem &thorn;&uacute; &thorn;arft &iacute; t&aelig;ki&eth;\",\"potentialAction\":[{\"@type\":\"SearchAction\",\"target\":{\"@type\":\"EntryPoint\",\"urlTemplate\":\"https:\\\/\\\/bilasmidurinn.is\\\/?s={search_term_string}\"},\"query-input\":{\"@type\":\"PropertyValueSpecification\",\"valueRequired\":true,\"valueName\":\"search_term_string\"}}],\"inLanguage\":\"pl-PL\"}]}<\/script>\n<!-- \/ Yoast SEO plugin. -->","yoast_head_json":{"title":"Var\u00fa\u00f0arlj\u00f3s LED minibar me\u00f0 segli -gult - B&iacute;lasmi&eth;urinn","robots":{"index":"index","follow":"follow","max-snippet":"max-snippet:-1","max-image-preview":"max-image-preview:large","max-video-preview":"max-video-preview:-1"},"canonical":"http:\/\/bilasmidurinn.is\/pl\/vefverslun\/ljos\/varudarljos\/led-minibar-varudarljos-med-segli-gult\/","og_locale":"pl_PL","og_type":"article","og_title":"Var\u00fa\u00f0arlj\u00f3s LED minibar me\u00f0 segli -gult - B&iacute;lasmi&eth;urinn","og_description":"LED var\u00fa\u00f0arlj\u00f3s A100 me\u00f0 segli","og_url":"http:\/\/bilasmidurinn.is\/pl\/vefverslun\/ljos\/varudarljos\/led-minibar-varudarljos-med-segli-gult\/","og_site_name":"B&iacute;lasmi&eth;urinn","article_modified_time":"2022-01-04T17:53:40+00:00","og_image":[{"width":500,"height":500,"url":"https:\/\/bilasmidurinn.is\/wp-content\/uploads\/2021\/09\/A100.00.ldv_.png","type":"image\/png"}],"twitter_card":"summary_large_image","schema":{"@context":"https:\/\/schema.org","@graph":[{"@type":"WebPage","@id":"http:\/\/bilasmidurinn.is\/pl\/vefverslun\/ljos\/varudarljos\/led-minibar-varudarljos-med-segli-gult\/","url":"http:\/\/bilasmidurinn.is\/pl\/vefverslun\/ljos\/varudarljos\/led-minibar-varudarljos-med-segli-gult\/","name":"Var\u00fa\u00f0arlj\u00f3s LED minibar me\u00f0 segli -gult - B&iacute;lasmi&eth;urinn","isPartOf":{"@id":"https:\/\/bilasmidurinn.is\/#website"},"primaryImageOfPage":{"@id":"http:\/\/bilasmidurinn.is\/pl\/vefverslun\/ljos\/varudarljos\/led-minibar-varudarljos-med-segli-gult\/#primaryimage"},"image":{"@id":"http:\/\/bilasmidurinn.is\/pl\/vefverslun\/ljos\/varudarljos\/led-minibar-varudarljos-med-segli-gult\/#primaryimage"},"thumbnailUrl":"https:\/\/bilasmidurinn.is\/wp-content\/uploads\/2021\/09\/A100.00.ldv_.png","datePublished":"2021-09-22T19:20:47+00:00","dateModified":"2022-01-04T17:53:40+00:00","breadcrumb":{"@id":"http:\/\/bilasmidurinn.is\/pl\/vefverslun\/ljos\/varudarljos\/led-minibar-varudarljos-med-segli-gult\/#breadcrumb"},"inLanguage":"pl-PL","potentialAction":[{"@type":"ReadAction","target":["http:\/\/bilasmidurinn.is\/pl\/vefverslun\/ljos\/varudarljos\/led-minibar-varudarljos-med-segli-gult\/"]}]},{"@type":"ImageObject","inLanguage":"pl-PL","@id":"http:\/\/bilasmidurinn.is\/pl\/vefverslun\/ljos\/varudarljos\/led-minibar-varudarljos-med-segli-gult\/#primaryimage","url":"https:\/\/bilasmidurinn.is\/wp-content\/uploads\/2021\/09\/A100.00.ldv_.png","contentUrl":"https:\/\/bilasmidurinn.is\/wp-content\/uploads\/2021\/09\/A100.00.ldv_.png","width":500,"height":500},{"@type":"BreadcrumbList","@id":"http:\/\/bilasmidurinn.is\/pl\/vefverslun\/ljos\/varudarljos\/led-minibar-varudarljos-med-segli-gult\/#breadcrumb","itemListElement":[{"@type":"ListItem","position":1,"name":"Home","item":"https:\/\/bilasmidurinn.is\/"},{"@type":"ListItem","position":2,"name":"V\u00f6rur \u00ed verslun","item":"https:\/\/bilasmidurinn.is\/vefverslun\/"},{"@type":"ListItem","position":3,"name":"Var\u00fa\u00f0arlj\u00f3s LED minibar me\u00f0 segli -gult"}]},{"@type":"WebSite","@id":"https:\/\/bilasmidurinn.is\/#website","url":"https:\/\/bilasmidurinn.is\/","name":"B&iacute;lasmi&eth;urinn","description":"All sem &thorn;&uacute; &thorn;arft &iacute; t&aelig;ki&eth;","potentialAction":[{"@type":"SearchAction","target":{"@type":"EntryPoint","urlTemplate":"https:\/\/bilasmidurinn.is\/?s={search_term_string}"},"query-input":{"@type":"PropertyValueSpecification","valueRequired":true,"valueName":"search_term_string"}}],"inLanguage":"pl-PL"}]}},"_links":{"self":[{"href":"https:\/\/bilasmidurinn.is\/pl\/wp-json\/wp\/v2\/product\/13617","targetHints":{"allow":["GET"]}}],"collection":[{"href":"https:\/\/bilasmidurinn.is\/pl\/wp-json\/wp\/v2\/product"}],"about":[{"href":"https:\/\/bilasmidurinn.is\/pl\/wp-json\/wp\/v2\/types\/product"}],"wp:featuredmedia":[{"embeddable":true,"href":"https:\/\/bilasmidurinn.is\/pl\/wp-json\/wp\/v2\/media\/13618"}],"wp:attachment":[{"href":"https:\/\/bilasmidurinn.is\/pl\/wp-json\/wp\/v2\/media?parent=13617"}],"wp:term":[{"taxonomy":"product_brand","embeddable":true,"href":"https:\/\/bilasmidurinn.is\/pl\/wp-json\/wp\/v2\/product_brand?post=13617"},{"taxonomy":"product_cat","embeddable":true,"href":"https:\/\/bilasmidurinn.is\/pl\/wp-json\/wp\/v2\/product_cat?post=13617"},{"taxonomy":"product_tag","embeddable":true,"href":"https:\/\/bilasmidurinn.is\/pl\/wp-json\/wp\/v2\/product_tag?post=13617"}],"curies":[{"name":"wp","href":"https:\/\/api.w.org\/{rel}","templated":true}]}}