{"id":13582,"date":"2021-09-20T21:47:22","date_gmt":"2021-09-20T21:47:22","guid":{"rendered":"https:\/\/bilasmidurinn.is\/?post_type=product&#038;p=13582"},"modified":"2021-09-20T21:49:23","modified_gmt":"2021-09-20T21:49:23","slug":"klaedning-a-handbremsu-skaft-sprinter","status":"publish","type":"product","link":"https:\/\/bilasmidurinn.is\/pl\/vefverslun\/stolar\/snuningar\/klaedning-a-handbremsu-skaft-sprinter\/","title":{"rendered":"Os\u0142ona wa\u0142ka hamulca r\u0119cznego Sprintera"},"content":{"rendered":"<p>Uszczelnienie winylowe na wa\u0142ek hamulca do MB Sprinter po opuszczeniu w wyniku obrotu<\/p>\n<p>Zestaw redukcyjny nr. ACAFMS<\/p>\n<p>Nr obrotu CBTO15G2<\/p>","protected":false},"excerpt":{"rendered":"<p>Os\u0142ona wa\u0142ka hamulca r\u0119cznego Sprintera<\/p>","protected":false},"featured_media":13583,"template":"","meta":[],"product_brand":[7982],"product_cat":[8039],"product_tag":[],"class_list":{"0":"post-13582","1":"product","2":"type-product","3":"status-publish","4":"has-post-thumbnail","6":"product_brand-scopema","7":"product_cat-snuningar","9":"first","10":"instock","11":"shipping-taxable","12":"product-type-simple"},"yoast_head":"<!-- This site is optimized with the Yoast SEO plugin v27.4 - https:\/\/yoast.com\/product\/yoast-seo-wordpress\/ -->\n<title>Kl\u00e6\u00f0ning \u00e1 handbremsu skaft Sprinter - B&iacute;lasmi&eth;urinn<\/title>\n<meta name=\"robots\" content=\"index, follow, max-snippet:-1, max-image-preview:large, max-video-preview:-1\" \/>\n<link rel=\"canonical\" href=\"http:\/\/bilasmidurinn.is\/pl\/vefverslun\/stolar\/snuningar\/klaedning-a-handbremsu-skaft-sprinter\/\" \/>\n<meta property=\"og:locale\" content=\"pl_PL\" \/>\n<meta property=\"og:type\" content=\"article\" \/>\n<meta property=\"og:title\" content=\"Kl\u00e6\u00f0ning \u00e1 handbremsu skaft Sprinter - B&iacute;lasmi&eth;urinn\" \/>\n<meta property=\"og:description\" content=\"Kl\u00e6\u00f0ing \u00e1 handbremsuskaft Sprinter\" \/>\n<meta property=\"og:url\" content=\"http:\/\/bilasmidurinn.is\/pl\/vefverslun\/stolar\/snuningar\/klaedning-a-handbremsu-skaft-sprinter\/\" \/>\n<meta property=\"og:site_name\" content=\"B&iacute;lasmi&eth;urinn\" \/>\n<meta property=\"article:modified_time\" content=\"2021-09-20T21:49:23+00:00\" \/>\n<meta name=\"twitter:card\" content=\"summary_large_image\" \/>\n<script type=\"application\/ld+json\" class=\"yoast-schema-graph\">{\"@context\":\"https:\\\/\\\/schema.org\",\"@graph\":[{\"@type\":\"WebPage\",\"@id\":\"http:\\\/\\\/bilasmidurinn.is\\\/en\\\/vefverslun\\\/stolar\\\/snuningar\\\/klaedning-a-handbremsu-skaft-sprinter\\\/\",\"url\":\"http:\\\/\\\/bilasmidurinn.is\\\/en\\\/vefverslun\\\/stolar\\\/snuningar\\\/klaedning-a-handbremsu-skaft-sprinter\\\/\",\"name\":\"Kl\u00e6\u00f0ning \u00e1 handbremsu skaft Sprinter - B&iacute;lasmi&eth;urinn\",\"isPartOf\":{\"@id\":\"https:\\\/\\\/bilasmidurinn.is\\\/#website\"},\"primaryImageOfPage\":{\"@id\":\"http:\\\/\\\/bilasmidurinn.is\\\/en\\\/vefverslun\\\/stolar\\\/snuningar\\\/klaedning-a-handbremsu-skaft-sprinter\\\/#primaryimage\"},\"image\":{\"@id\":\"http:\\\/\\\/bilasmidurinn.is\\\/en\\\/vefverslun\\\/stolar\\\/snuningar\\\/klaedning-a-handbremsu-skaft-sprinter\\\/#primaryimage\"},\"thumbnailUrl\":\"https:\\\/\\\/bilasmidurinn.is\\\/wp-content\\\/uploads\\\/2021\\\/09\\\/Plans-de-montage-CBTO18G2C-indice-B-51-1-1-pdf.jpg\",\"datePublished\":\"2021-09-20T21:47:22+00:00\",\"dateModified\":\"2021-09-20T21:49:23+00:00\",\"breadcrumb\":{\"@id\":\"http:\\\/\\\/bilasmidurinn.is\\\/en\\\/vefverslun\\\/stolar\\\/snuningar\\\/klaedning-a-handbremsu-skaft-sprinter\\\/#breadcrumb\"},\"inLanguage\":\"pl-PL\",\"potentialAction\":[{\"@type\":\"ReadAction\",\"target\":[\"http:\\\/\\\/bilasmidurinn.is\\\/en\\\/vefverslun\\\/stolar\\\/snuningar\\\/klaedning-a-handbremsu-skaft-sprinter\\\/\"]}]},{\"@type\":\"ImageObject\",\"inLanguage\":\"pl-PL\",\"@id\":\"http:\\\/\\\/bilasmidurinn.is\\\/en\\\/vefverslun\\\/stolar\\\/snuningar\\\/klaedning-a-handbremsu-skaft-sprinter\\\/#primaryimage\",\"url\":\"https:\\\/\\\/bilasmidurinn.is\\\/wp-content\\\/uploads\\\/2021\\\/09\\\/Plans-de-montage-CBTO18G2C-indice-B-51-1-1-pdf.jpg\",\"contentUrl\":\"https:\\\/\\\/bilasmidurinn.is\\\/wp-content\\\/uploads\\\/2021\\\/09\\\/Plans-de-montage-CBTO18G2C-indice-B-51-1-1-pdf.jpg\"},{\"@type\":\"BreadcrumbList\",\"@id\":\"http:\\\/\\\/bilasmidurinn.is\\\/en\\\/vefverslun\\\/stolar\\\/snuningar\\\/klaedning-a-handbremsu-skaft-sprinter\\\/#breadcrumb\",\"itemListElement\":[{\"@type\":\"ListItem\",\"position\":1,\"name\":\"Home\",\"item\":\"https:\\\/\\\/bilasmidurinn.is\\\/\"},{\"@type\":\"ListItem\",\"position\":2,\"name\":\"V\u00f6rur \u00ed verslun\",\"item\":\"https:\\\/\\\/bilasmidurinn.is\\\/vefverslun\\\/\"},{\"@type\":\"ListItem\",\"position\":3,\"name\":\"Kl\u00e6\u00f0ning \u00e1 handbremsu skaft Sprinter\"}]},{\"@type\":\"WebSite\",\"@id\":\"https:\\\/\\\/bilasmidurinn.is\\\/#website\",\"url\":\"https:\\\/\\\/bilasmidurinn.is\\\/\",\"name\":\"B&iacute;lasmi&eth;urinn\",\"description\":\"All sem &thorn;&uacute; &thorn;arft &iacute; t&aelig;ki&eth;\",\"potentialAction\":[{\"@type\":\"SearchAction\",\"target\":{\"@type\":\"EntryPoint\",\"urlTemplate\":\"https:\\\/\\\/bilasmidurinn.is\\\/?s={search_term_string}\"},\"query-input\":{\"@type\":\"PropertyValueSpecification\",\"valueRequired\":true,\"valueName\":\"search_term_string\"}}],\"inLanguage\":\"pl-PL\"}]}<\/script>\n<!-- \/ Yoast SEO plugin. -->","yoast_head_json":{"title":"Kl\u00e6\u00f0ning \u00e1 handbremsu skaft Sprinter - B&iacute;lasmi&eth;urinn","robots":{"index":"index","follow":"follow","max-snippet":"max-snippet:-1","max-image-preview":"max-image-preview:large","max-video-preview":"max-video-preview:-1"},"canonical":"http:\/\/bilasmidurinn.is\/pl\/vefverslun\/stolar\/snuningar\/klaedning-a-handbremsu-skaft-sprinter\/","og_locale":"pl_PL","og_type":"article","og_title":"Kl\u00e6\u00f0ning \u00e1 handbremsu skaft Sprinter - B&iacute;lasmi&eth;urinn","og_description":"Kl\u00e6\u00f0ing \u00e1 handbremsuskaft Sprinter","og_url":"http:\/\/bilasmidurinn.is\/pl\/vefverslun\/stolar\/snuningar\/klaedning-a-handbremsu-skaft-sprinter\/","og_site_name":"B&iacute;lasmi&eth;urinn","article_modified_time":"2021-09-20T21:49:23+00:00","twitter_card":"summary_large_image","schema":{"@context":"https:\/\/schema.org","@graph":[{"@type":"WebPage","@id":"http:\/\/bilasmidurinn.is\/en\/vefverslun\/stolar\/snuningar\/klaedning-a-handbremsu-skaft-sprinter\/","url":"http:\/\/bilasmidurinn.is\/en\/vefverslun\/stolar\/snuningar\/klaedning-a-handbremsu-skaft-sprinter\/","name":"Kl\u00e6\u00f0ning \u00e1 handbremsu skaft Sprinter - B&iacute;lasmi&eth;urinn","isPartOf":{"@id":"https:\/\/bilasmidurinn.is\/#website"},"primaryImageOfPage":{"@id":"http:\/\/bilasmidurinn.is\/en\/vefverslun\/stolar\/snuningar\/klaedning-a-handbremsu-skaft-sprinter\/#primaryimage"},"image":{"@id":"http:\/\/bilasmidurinn.is\/en\/vefverslun\/stolar\/snuningar\/klaedning-a-handbremsu-skaft-sprinter\/#primaryimage"},"thumbnailUrl":"https:\/\/bilasmidurinn.is\/wp-content\/uploads\/2021\/09\/Plans-de-montage-CBTO18G2C-indice-B-51-1-1-pdf.jpg","datePublished":"2021-09-20T21:47:22+00:00","dateModified":"2021-09-20T21:49:23+00:00","breadcrumb":{"@id":"http:\/\/bilasmidurinn.is\/en\/vefverslun\/stolar\/snuningar\/klaedning-a-handbremsu-skaft-sprinter\/#breadcrumb"},"inLanguage":"pl-PL","potentialAction":[{"@type":"ReadAction","target":["http:\/\/bilasmidurinn.is\/en\/vefverslun\/stolar\/snuningar\/klaedning-a-handbremsu-skaft-sprinter\/"]}]},{"@type":"ImageObject","inLanguage":"pl-PL","@id":"http:\/\/bilasmidurinn.is\/en\/vefverslun\/stolar\/snuningar\/klaedning-a-handbremsu-skaft-sprinter\/#primaryimage","url":"https:\/\/bilasmidurinn.is\/wp-content\/uploads\/2021\/09\/Plans-de-montage-CBTO18G2C-indice-B-51-1-1-pdf.jpg","contentUrl":"https:\/\/bilasmidurinn.is\/wp-content\/uploads\/2021\/09\/Plans-de-montage-CBTO18G2C-indice-B-51-1-1-pdf.jpg"},{"@type":"BreadcrumbList","@id":"http:\/\/bilasmidurinn.is\/en\/vefverslun\/stolar\/snuningar\/klaedning-a-handbremsu-skaft-sprinter\/#breadcrumb","itemListElement":[{"@type":"ListItem","position":1,"name":"Home","item":"https:\/\/bilasmidurinn.is\/"},{"@type":"ListItem","position":2,"name":"V\u00f6rur \u00ed verslun","item":"https:\/\/bilasmidurinn.is\/vefverslun\/"},{"@type":"ListItem","position":3,"name":"Kl\u00e6\u00f0ning \u00e1 handbremsu skaft Sprinter"}]},{"@type":"WebSite","@id":"https:\/\/bilasmidurinn.is\/#website","url":"https:\/\/bilasmidurinn.is\/","name":"B&iacute;lasmi&eth;urinn","description":"All sem &thorn;&uacute; &thorn;arft &iacute; t&aelig;ki&eth;","potentialAction":[{"@type":"SearchAction","target":{"@type":"EntryPoint","urlTemplate":"https:\/\/bilasmidurinn.is\/?s={search_term_string}"},"query-input":{"@type":"PropertyValueSpecification","valueRequired":true,"valueName":"search_term_string"}}],"inLanguage":"pl-PL"}]}},"_links":{"self":[{"href":"https:\/\/bilasmidurinn.is\/pl\/wp-json\/wp\/v2\/product\/13582","targetHints":{"allow":["GET"]}}],"collection":[{"href":"https:\/\/bilasmidurinn.is\/pl\/wp-json\/wp\/v2\/product"}],"about":[{"href":"https:\/\/bilasmidurinn.is\/pl\/wp-json\/wp\/v2\/types\/product"}],"wp:featuredmedia":[{"embeddable":true,"href":"https:\/\/bilasmidurinn.is\/pl\/wp-json\/wp\/v2\/media\/13583"}],"wp:attachment":[{"href":"https:\/\/bilasmidurinn.is\/pl\/wp-json\/wp\/v2\/media?parent=13582"}],"wp:term":[{"taxonomy":"product_brand","embeddable":true,"href":"https:\/\/bilasmidurinn.is\/pl\/wp-json\/wp\/v2\/product_brand?post=13582"},{"taxonomy":"product_cat","embeddable":true,"href":"https:\/\/bilasmidurinn.is\/pl\/wp-json\/wp\/v2\/product_cat?post=13582"},{"taxonomy":"product_tag","embeddable":true,"href":"https:\/\/bilasmidurinn.is\/pl\/wp-json\/wp\/v2\/product_tag?post=13582"}],"curies":[{"name":"wp","href":"https:\/\/api.w.org\/{rel}","templated":true}]}}