{"id":13571,"date":"2021-09-20T21:06:06","date_gmt":"2021-09-20T21:06:06","guid":{"rendered":"https:\/\/bilasmidurinn.is\/?post_type=product&#038;p=13571"},"modified":"2022-05-20T15:52:41","modified_gmt":"2022-05-20T15:52:41","slug":"snuningur-mb-sprinter-2002-2018-vw-crafter-2006-2016-vinstri","status":"publish","type":"product","link":"https:\/\/bilasmidurinn.is\/pl\/vefverslun\/stolar\/snuningar\/snuningur-mb-sprinter-2002-2018-vw-crafter-2006-2016-vinstri\/","title":{"rendered":"Rotacja MB Sprinter 2002-2018 VW Crafter 2006-2016 lewa"},"content":{"rendered":"<p>Rotacja dla MB Sprinter 2002-2018 (VW Crafter 2006-2016 po lewej stronie)<\/p>\n<p>Pasuje do standardowego krzes\u0142a, kt\u00f3re nie ma zawieszenia, wymagany jest zestaw obni\u017caj\u0105cy do hamulca r\u0119cznego, kt\u00f3ry nale\u017cy zam\u00f3wi\u0107 Nr. ACAFMS i opatrunek przegubu hamulca r\u0119cznego Nr. AHPFMS<\/p>","protected":false},"excerpt":{"rendered":"<p>Rotacja dla Spriner\/Crafter \u2013 standardowe krzes\u0142o po lewej stronie<\/p>","protected":false},"featured_media":13566,"template":"","meta":[],"product_brand":[7982],"product_cat":[8039,7971],"product_tag":[],"class_list":{"0":"post-13571","1":"product","2":"type-product","3":"status-publish","4":"has-post-thumbnail","6":"product_brand-scopema","7":"product_cat-snuningar","8":"product_cat-stolar","10":"first","11":"instock","12":"shipping-taxable","13":"product-type-simple"},"yoast_head":"<!-- This site is optimized with the Yoast SEO plugin v27.4 - https:\/\/yoast.com\/product\/yoast-seo-wordpress\/ -->\n<title>Sn\u00faningur MB Sprinter 2002-2018 VW Crafter 2006-2016 vinstri - B&iacute;lasmi&eth;urinn<\/title>\n<meta name=\"robots\" content=\"index, follow, max-snippet:-1, max-image-preview:large, max-video-preview:-1\" \/>\n<link rel=\"canonical\" href=\"http:\/\/bilasmidurinn.is\/pl\/vefverslun\/stolar\/snuningar\/snuningur-mb-sprinter-2002-2018-vw-crafter-2006-2016-vinstri\/\" \/>\n<meta property=\"og:locale\" content=\"pl_PL\" \/>\n<meta property=\"og:type\" content=\"article\" \/>\n<meta property=\"og:title\" content=\"Sn\u00faningur MB Sprinter 2002-2018 VW Crafter 2006-2016 vinstri - B&iacute;lasmi&eth;urinn\" \/>\n<meta property=\"og:description\" content=\"Sn\u00faningur fyrir Spriner\/ Crafter - standard st\u00f3ll vinstra megin\" \/>\n<meta property=\"og:url\" content=\"http:\/\/bilasmidurinn.is\/pl\/vefverslun\/stolar\/snuningar\/snuningur-mb-sprinter-2002-2018-vw-crafter-2006-2016-vinstri\/\" \/>\n<meta property=\"og:site_name\" content=\"B&iacute;lasmi&eth;urinn\" \/>\n<meta property=\"article:modified_time\" content=\"2022-05-20T15:52:41+00:00\" \/>\n<meta property=\"og:image\" content=\"https:\/\/bilasmidurinn.is\/wp-content\/uploads\/2021\/09\/Snuningurindex-3.jpg\" \/>\n\t<meta property=\"og:image:width\" content=\"225\" \/>\n\t<meta property=\"og:image:height\" content=\"225\" \/>\n\t<meta property=\"og:image:type\" content=\"image\/jpeg\" \/>\n<meta name=\"twitter:card\" content=\"summary_large_image\" \/>\n<script type=\"application\/ld+json\" class=\"yoast-schema-graph\">{\"@context\":\"https:\\\/\\\/schema.org\",\"@graph\":[{\"@type\":\"WebPage\",\"@id\":\"http:\\\/\\\/bilasmidurinn.is\\\/en\\\/vefverslun\\\/stolar\\\/snuningar\\\/snuningur-mb-sprinter-2002-2018-vw-crafter-2006-2016-vinstri\\\/\",\"url\":\"http:\\\/\\\/bilasmidurinn.is\\\/en\\\/vefverslun\\\/stolar\\\/snuningar\\\/snuningur-mb-sprinter-2002-2018-vw-crafter-2006-2016-vinstri\\\/\",\"name\":\"Sn\u00faningur MB Sprinter 2002-2018 VW Crafter 2006-2016 vinstri - B&iacute;lasmi&eth;urinn\",\"isPartOf\":{\"@id\":\"https:\\\/\\\/bilasmidurinn.is\\\/#website\"},\"primaryImageOfPage\":{\"@id\":\"http:\\\/\\\/bilasmidurinn.is\\\/en\\\/vefverslun\\\/stolar\\\/snuningar\\\/snuningur-mb-sprinter-2002-2018-vw-crafter-2006-2016-vinstri\\\/#primaryimage\"},\"image\":{\"@id\":\"http:\\\/\\\/bilasmidurinn.is\\\/en\\\/vefverslun\\\/stolar\\\/snuningar\\\/snuningur-mb-sprinter-2002-2018-vw-crafter-2006-2016-vinstri\\\/#primaryimage\"},\"thumbnailUrl\":\"https:\\\/\\\/bilasmidurinn.is\\\/wp-content\\\/uploads\\\/2021\\\/09\\\/Snuningurindex-3.jpg\",\"datePublished\":\"2021-09-20T21:06:06+00:00\",\"dateModified\":\"2022-05-20T15:52:41+00:00\",\"breadcrumb\":{\"@id\":\"http:\\\/\\\/bilasmidurinn.is\\\/en\\\/vefverslun\\\/stolar\\\/snuningar\\\/snuningur-mb-sprinter-2002-2018-vw-crafter-2006-2016-vinstri\\\/#breadcrumb\"},\"inLanguage\":\"pl-PL\",\"potentialAction\":[{\"@type\":\"ReadAction\",\"target\":[\"http:\\\/\\\/bilasmidurinn.is\\\/en\\\/vefverslun\\\/stolar\\\/snuningar\\\/snuningur-mb-sprinter-2002-2018-vw-crafter-2006-2016-vinstri\\\/\"]}]},{\"@type\":\"ImageObject\",\"inLanguage\":\"pl-PL\",\"@id\":\"http:\\\/\\\/bilasmidurinn.is\\\/en\\\/vefverslun\\\/stolar\\\/snuningar\\\/snuningur-mb-sprinter-2002-2018-vw-crafter-2006-2016-vinstri\\\/#primaryimage\",\"url\":\"https:\\\/\\\/bilasmidurinn.is\\\/wp-content\\\/uploads\\\/2021\\\/09\\\/Snuningurindex-3.jpg\",\"contentUrl\":\"https:\\\/\\\/bilasmidurinn.is\\\/wp-content\\\/uploads\\\/2021\\\/09\\\/Snuningurindex-3.jpg\",\"width\":225,\"height\":225},{\"@type\":\"BreadcrumbList\",\"@id\":\"http:\\\/\\\/bilasmidurinn.is\\\/en\\\/vefverslun\\\/stolar\\\/snuningar\\\/snuningur-mb-sprinter-2002-2018-vw-crafter-2006-2016-vinstri\\\/#breadcrumb\",\"itemListElement\":[{\"@type\":\"ListItem\",\"position\":1,\"name\":\"Home\",\"item\":\"https:\\\/\\\/bilasmidurinn.is\\\/\"},{\"@type\":\"ListItem\",\"position\":2,\"name\":\"V\u00f6rur \u00ed verslun\",\"item\":\"https:\\\/\\\/bilasmidurinn.is\\\/vefverslun\\\/\"},{\"@type\":\"ListItem\",\"position\":3,\"name\":\"Sn\u00faningur MB Sprinter 2002-2018 VW Crafter 2006-2016 vinstri\"}]},{\"@type\":\"WebSite\",\"@id\":\"https:\\\/\\\/bilasmidurinn.is\\\/#website\",\"url\":\"https:\\\/\\\/bilasmidurinn.is\\\/\",\"name\":\"B&iacute;lasmi&eth;urinn\",\"description\":\"All sem &thorn;&uacute; &thorn;arft &iacute; t&aelig;ki&eth;\",\"potentialAction\":[{\"@type\":\"SearchAction\",\"target\":{\"@type\":\"EntryPoint\",\"urlTemplate\":\"https:\\\/\\\/bilasmidurinn.is\\\/?s={search_term_string}\"},\"query-input\":{\"@type\":\"PropertyValueSpecification\",\"valueRequired\":true,\"valueName\":\"search_term_string\"}}],\"inLanguage\":\"pl-PL\"}]}<\/script>\n<!-- \/ Yoast SEO plugin. -->","yoast_head_json":{"title":"Sn\u00faningur MB Sprinter 2002-2018 VW Crafter 2006-2016 vinstri - B&iacute;lasmi&eth;urinn","robots":{"index":"index","follow":"follow","max-snippet":"max-snippet:-1","max-image-preview":"max-image-preview:large","max-video-preview":"max-video-preview:-1"},"canonical":"http:\/\/bilasmidurinn.is\/pl\/vefverslun\/stolar\/snuningar\/snuningur-mb-sprinter-2002-2018-vw-crafter-2006-2016-vinstri\/","og_locale":"pl_PL","og_type":"article","og_title":"Sn\u00faningur MB Sprinter 2002-2018 VW Crafter 2006-2016 vinstri - B&iacute;lasmi&eth;urinn","og_description":"Sn\u00faningur fyrir Spriner\/ Crafter - standard st\u00f3ll vinstra megin","og_url":"http:\/\/bilasmidurinn.is\/pl\/vefverslun\/stolar\/snuningar\/snuningur-mb-sprinter-2002-2018-vw-crafter-2006-2016-vinstri\/","og_site_name":"B&iacute;lasmi&eth;urinn","article_modified_time":"2022-05-20T15:52:41+00:00","og_image":[{"width":225,"height":225,"url":"https:\/\/bilasmidurinn.is\/wp-content\/uploads\/2021\/09\/Snuningurindex-3.jpg","type":"image\/jpeg"}],"twitter_card":"summary_large_image","schema":{"@context":"https:\/\/schema.org","@graph":[{"@type":"WebPage","@id":"http:\/\/bilasmidurinn.is\/en\/vefverslun\/stolar\/snuningar\/snuningur-mb-sprinter-2002-2018-vw-crafter-2006-2016-vinstri\/","url":"http:\/\/bilasmidurinn.is\/en\/vefverslun\/stolar\/snuningar\/snuningur-mb-sprinter-2002-2018-vw-crafter-2006-2016-vinstri\/","name":"Sn\u00faningur MB Sprinter 2002-2018 VW Crafter 2006-2016 vinstri - B&iacute;lasmi&eth;urinn","isPartOf":{"@id":"https:\/\/bilasmidurinn.is\/#website"},"primaryImageOfPage":{"@id":"http:\/\/bilasmidurinn.is\/en\/vefverslun\/stolar\/snuningar\/snuningur-mb-sprinter-2002-2018-vw-crafter-2006-2016-vinstri\/#primaryimage"},"image":{"@id":"http:\/\/bilasmidurinn.is\/en\/vefverslun\/stolar\/snuningar\/snuningur-mb-sprinter-2002-2018-vw-crafter-2006-2016-vinstri\/#primaryimage"},"thumbnailUrl":"https:\/\/bilasmidurinn.is\/wp-content\/uploads\/2021\/09\/Snuningurindex-3.jpg","datePublished":"2021-09-20T21:06:06+00:00","dateModified":"2022-05-20T15:52:41+00:00","breadcrumb":{"@id":"http:\/\/bilasmidurinn.is\/en\/vefverslun\/stolar\/snuningar\/snuningur-mb-sprinter-2002-2018-vw-crafter-2006-2016-vinstri\/#breadcrumb"},"inLanguage":"pl-PL","potentialAction":[{"@type":"ReadAction","target":["http:\/\/bilasmidurinn.is\/en\/vefverslun\/stolar\/snuningar\/snuningur-mb-sprinter-2002-2018-vw-crafter-2006-2016-vinstri\/"]}]},{"@type":"ImageObject","inLanguage":"pl-PL","@id":"http:\/\/bilasmidurinn.is\/en\/vefverslun\/stolar\/snuningar\/snuningur-mb-sprinter-2002-2018-vw-crafter-2006-2016-vinstri\/#primaryimage","url":"https:\/\/bilasmidurinn.is\/wp-content\/uploads\/2021\/09\/Snuningurindex-3.jpg","contentUrl":"https:\/\/bilasmidurinn.is\/wp-content\/uploads\/2021\/09\/Snuningurindex-3.jpg","width":225,"height":225},{"@type":"BreadcrumbList","@id":"http:\/\/bilasmidurinn.is\/en\/vefverslun\/stolar\/snuningar\/snuningur-mb-sprinter-2002-2018-vw-crafter-2006-2016-vinstri\/#breadcrumb","itemListElement":[{"@type":"ListItem","position":1,"name":"Home","item":"https:\/\/bilasmidurinn.is\/"},{"@type":"ListItem","position":2,"name":"V\u00f6rur \u00ed verslun","item":"https:\/\/bilasmidurinn.is\/vefverslun\/"},{"@type":"ListItem","position":3,"name":"Sn\u00faningur MB Sprinter 2002-2018 VW Crafter 2006-2016 vinstri"}]},{"@type":"WebSite","@id":"https:\/\/bilasmidurinn.is\/#website","url":"https:\/\/bilasmidurinn.is\/","name":"B&iacute;lasmi&eth;urinn","description":"All sem &thorn;&uacute; &thorn;arft &iacute; t&aelig;ki&eth;","potentialAction":[{"@type":"SearchAction","target":{"@type":"EntryPoint","urlTemplate":"https:\/\/bilasmidurinn.is\/?s={search_term_string}"},"query-input":{"@type":"PropertyValueSpecification","valueRequired":true,"valueName":"search_term_string"}}],"inLanguage":"pl-PL"}]}},"_links":{"self":[{"href":"https:\/\/bilasmidurinn.is\/pl\/wp-json\/wp\/v2\/product\/13571","targetHints":{"allow":["GET"]}}],"collection":[{"href":"https:\/\/bilasmidurinn.is\/pl\/wp-json\/wp\/v2\/product"}],"about":[{"href":"https:\/\/bilasmidurinn.is\/pl\/wp-json\/wp\/v2\/types\/product"}],"wp:featuredmedia":[{"embeddable":true,"href":"https:\/\/bilasmidurinn.is\/pl\/wp-json\/wp\/v2\/media\/13566"}],"wp:attachment":[{"href":"https:\/\/bilasmidurinn.is\/pl\/wp-json\/wp\/v2\/media?parent=13571"}],"wp:term":[{"taxonomy":"product_brand","embeddable":true,"href":"https:\/\/bilasmidurinn.is\/pl\/wp-json\/wp\/v2\/product_brand?post=13571"},{"taxonomy":"product_cat","embeddable":true,"href":"https:\/\/bilasmidurinn.is\/pl\/wp-json\/wp\/v2\/product_cat?post=13571"},{"taxonomy":"product_tag","embeddable":true,"href":"https:\/\/bilasmidurinn.is\/pl\/wp-json\/wp\/v2\/product_tag?post=13571"}],"curies":[{"name":"wp","href":"https:\/\/api.w.org\/{rel}","templated":true}]}}