{"id":13479,"date":"2021-09-15T22:00:59","date_gmt":"2021-09-15T22:00:59","guid":{"rendered":"https:\/\/bilasmidurinn.is\/?post_type=product&#038;p=13479"},"modified":"2025-07-01T10:16:24","modified_gmt":"2025-07-01T10:16:24","slug":"krani-fyrir-16mm-slongu-stjornbarka","status":"publish","type":"product","link":"https:\/\/bilasmidurinn.is\/pl\/vefverslun\/midstodvar\/vatnsmidstodvar\/krani-fyrir-16mm-slongu-stjornbarka\/","title":{"rendered":"Kran do rurki kontrolnej 16mm"},"content":{"rendered":"<p>Zaw\u00f3r 16 mm do rury \u015brodkowej i teleskopowej rury steruj\u0105cej<\/p>","protected":false},"excerpt":{"rendered":"<p>\u017buraw 16mm do teleskopowej kontroli tchawicy<\/p>","protected":false},"featured_media":13480,"template":"","meta":[],"product_brand":[8035],"product_cat":[8036],"product_tag":[],"class_list":{"0":"post-13479","1":"product","2":"type-product","3":"status-publish","4":"has-post-thumbnail","6":"product_brand-kalori","7":"product_cat-vatnsmidstodvar","9":"first","10":"instock","11":"shipping-taxable","12":"product-type-simple"},"yoast_head":"<!-- This site is optimized with the Yoast SEO plugin v27.4 - https:\/\/yoast.com\/product\/yoast-seo-wordpress\/ -->\n<title>Krani fyrir 16mm sl\u00f6ngu stj\u00f3rnbarka - B&iacute;lasmi&eth;urinn<\/title>\n<meta name=\"robots\" content=\"index, follow, max-snippet:-1, max-image-preview:large, max-video-preview:-1\" \/>\n<link rel=\"canonical\" href=\"https:\/\/bilasmidurinn.is\/pl\/vefverslun\/midstodvar\/vatnsmidstodvar\/krani-fyrir-16mm-slongu-stjornbarka\/\" \/>\n<meta property=\"og:locale\" content=\"pl_PL\" \/>\n<meta property=\"og:type\" content=\"article\" \/>\n<meta property=\"og:title\" content=\"Krani fyrir 16mm sl\u00f6ngu stj\u00f3rnbarka - B&iacute;lasmi&eth;urinn\" \/>\n<meta property=\"og:description\" content=\"Krani 16mm fyrir telescopic barkast\u00fdringu\" \/>\n<meta property=\"og:url\" content=\"https:\/\/bilasmidurinn.is\/pl\/vefverslun\/midstodvar\/vatnsmidstodvar\/krani-fyrir-16mm-slongu-stjornbarka\/\" \/>\n<meta property=\"og:site_name\" content=\"B&iacute;lasmi&eth;urinn\" \/>\n<meta property=\"article:modified_time\" content=\"2025-07-01T10:16:24+00:00\" \/>\n<meta property=\"og:image\" content=\"https:\/\/bilasmidurinn.is\/wp-content\/uploads\/2021\/09\/8300340500030.jpg\" \/>\n\t<meta property=\"og:image:width\" content=\"510\" \/>\n\t<meta property=\"og:image:height\" content=\"340\" \/>\n\t<meta property=\"og:image:type\" content=\"image\/jpeg\" \/>\n<meta name=\"twitter:card\" content=\"summary_large_image\" \/>\n<script type=\"application\/ld+json\" class=\"yoast-schema-graph\">{\"@context\":\"https:\\\/\\\/schema.org\",\"@graph\":[{\"@type\":\"WebPage\",\"@id\":\"https:\\\/\\\/bilasmidurinn.is\\\/vefverslun\\\/midstodvar\\\/vatnsmidstodvar\\\/krani-fyrir-16mm-slongu-stjornbarka\\\/\",\"url\":\"https:\\\/\\\/bilasmidurinn.is\\\/vefverslun\\\/midstodvar\\\/vatnsmidstodvar\\\/krani-fyrir-16mm-slongu-stjornbarka\\\/\",\"name\":\"Krani fyrir 16mm sl\u00f6ngu stj\u00f3rnbarka - B&iacute;lasmi&eth;urinn\",\"isPartOf\":{\"@id\":\"https:\\\/\\\/bilasmidurinn.is\\\/#website\"},\"primaryImageOfPage\":{\"@id\":\"https:\\\/\\\/bilasmidurinn.is\\\/vefverslun\\\/midstodvar\\\/vatnsmidstodvar\\\/krani-fyrir-16mm-slongu-stjornbarka\\\/#primaryimage\"},\"image\":{\"@id\":\"https:\\\/\\\/bilasmidurinn.is\\\/vefverslun\\\/midstodvar\\\/vatnsmidstodvar\\\/krani-fyrir-16mm-slongu-stjornbarka\\\/#primaryimage\"},\"thumbnailUrl\":\"https:\\\/\\\/bilasmidurinn.is\\\/wp-content\\\/uploads\\\/2021\\\/09\\\/8300340500030.jpg\",\"datePublished\":\"2021-09-15T22:00:59+00:00\",\"dateModified\":\"2025-07-01T10:16:24+00:00\",\"breadcrumb\":{\"@id\":\"https:\\\/\\\/bilasmidurinn.is\\\/vefverslun\\\/midstodvar\\\/vatnsmidstodvar\\\/krani-fyrir-16mm-slongu-stjornbarka\\\/#breadcrumb\"},\"inLanguage\":\"pl-PL\",\"potentialAction\":[{\"@type\":\"ReadAction\",\"target\":[\"https:\\\/\\\/bilasmidurinn.is\\\/vefverslun\\\/midstodvar\\\/vatnsmidstodvar\\\/krani-fyrir-16mm-slongu-stjornbarka\\\/\"]}]},{\"@type\":\"ImageObject\",\"inLanguage\":\"pl-PL\",\"@id\":\"https:\\\/\\\/bilasmidurinn.is\\\/vefverslun\\\/midstodvar\\\/vatnsmidstodvar\\\/krani-fyrir-16mm-slongu-stjornbarka\\\/#primaryimage\",\"url\":\"https:\\\/\\\/bilasmidurinn.is\\\/wp-content\\\/uploads\\\/2021\\\/09\\\/8300340500030.jpg\",\"contentUrl\":\"https:\\\/\\\/bilasmidurinn.is\\\/wp-content\\\/uploads\\\/2021\\\/09\\\/8300340500030.jpg\",\"width\":510,\"height\":340},{\"@type\":\"BreadcrumbList\",\"@id\":\"https:\\\/\\\/bilasmidurinn.is\\\/vefverslun\\\/midstodvar\\\/vatnsmidstodvar\\\/krani-fyrir-16mm-slongu-stjornbarka\\\/#breadcrumb\",\"itemListElement\":[{\"@type\":\"ListItem\",\"position\":1,\"name\":\"Home\",\"item\":\"https:\\\/\\\/bilasmidurinn.is\\\/\"},{\"@type\":\"ListItem\",\"position\":2,\"name\":\"V\u00f6rur \u00ed verslun\",\"item\":\"https:\\\/\\\/bilasmidurinn.is\\\/vefverslun\\\/\"},{\"@type\":\"ListItem\",\"position\":3,\"name\":\"Krani fyrir 16mm sl\u00f6ngu stj\u00f3rnbarka\"}]},{\"@type\":\"WebSite\",\"@id\":\"https:\\\/\\\/bilasmidurinn.is\\\/#website\",\"url\":\"https:\\\/\\\/bilasmidurinn.is\\\/\",\"name\":\"B&iacute;lasmi&eth;urinn\",\"description\":\"All sem &thorn;&uacute; &thorn;arft &iacute; t&aelig;ki&eth;\",\"potentialAction\":[{\"@type\":\"SearchAction\",\"target\":{\"@type\":\"EntryPoint\",\"urlTemplate\":\"https:\\\/\\\/bilasmidurinn.is\\\/?s={search_term_string}\"},\"query-input\":{\"@type\":\"PropertyValueSpecification\",\"valueRequired\":true,\"valueName\":\"search_term_string\"}}],\"inLanguage\":\"pl-PL\"}]}<\/script>\n<!-- \/ Yoast SEO plugin. -->","yoast_head_json":{"title":"Krani fyrir 16mm sl\u00f6ngu stj\u00f3rnbarka - B&iacute;lasmi&eth;urinn","robots":{"index":"index","follow":"follow","max-snippet":"max-snippet:-1","max-image-preview":"max-image-preview:large","max-video-preview":"max-video-preview:-1"},"canonical":"https:\/\/bilasmidurinn.is\/pl\/vefverslun\/midstodvar\/vatnsmidstodvar\/krani-fyrir-16mm-slongu-stjornbarka\/","og_locale":"pl_PL","og_type":"article","og_title":"Krani fyrir 16mm sl\u00f6ngu stj\u00f3rnbarka - B&iacute;lasmi&eth;urinn","og_description":"Krani 16mm fyrir telescopic barkast\u00fdringu","og_url":"https:\/\/bilasmidurinn.is\/pl\/vefverslun\/midstodvar\/vatnsmidstodvar\/krani-fyrir-16mm-slongu-stjornbarka\/","og_site_name":"B&iacute;lasmi&eth;urinn","article_modified_time":"2025-07-01T10:16:24+00:00","og_image":[{"width":510,"height":340,"url":"https:\/\/bilasmidurinn.is\/wp-content\/uploads\/2021\/09\/8300340500030.jpg","type":"image\/jpeg"}],"twitter_card":"summary_large_image","schema":{"@context":"https:\/\/schema.org","@graph":[{"@type":"WebPage","@id":"https:\/\/bilasmidurinn.is\/vefverslun\/midstodvar\/vatnsmidstodvar\/krani-fyrir-16mm-slongu-stjornbarka\/","url":"https:\/\/bilasmidurinn.is\/vefverslun\/midstodvar\/vatnsmidstodvar\/krani-fyrir-16mm-slongu-stjornbarka\/","name":"Krani fyrir 16mm sl\u00f6ngu stj\u00f3rnbarka - B&iacute;lasmi&eth;urinn","isPartOf":{"@id":"https:\/\/bilasmidurinn.is\/#website"},"primaryImageOfPage":{"@id":"https:\/\/bilasmidurinn.is\/vefverslun\/midstodvar\/vatnsmidstodvar\/krani-fyrir-16mm-slongu-stjornbarka\/#primaryimage"},"image":{"@id":"https:\/\/bilasmidurinn.is\/vefverslun\/midstodvar\/vatnsmidstodvar\/krani-fyrir-16mm-slongu-stjornbarka\/#primaryimage"},"thumbnailUrl":"https:\/\/bilasmidurinn.is\/wp-content\/uploads\/2021\/09\/8300340500030.jpg","datePublished":"2021-09-15T22:00:59+00:00","dateModified":"2025-07-01T10:16:24+00:00","breadcrumb":{"@id":"https:\/\/bilasmidurinn.is\/vefverslun\/midstodvar\/vatnsmidstodvar\/krani-fyrir-16mm-slongu-stjornbarka\/#breadcrumb"},"inLanguage":"pl-PL","potentialAction":[{"@type":"ReadAction","target":["https:\/\/bilasmidurinn.is\/vefverslun\/midstodvar\/vatnsmidstodvar\/krani-fyrir-16mm-slongu-stjornbarka\/"]}]},{"@type":"ImageObject","inLanguage":"pl-PL","@id":"https:\/\/bilasmidurinn.is\/vefverslun\/midstodvar\/vatnsmidstodvar\/krani-fyrir-16mm-slongu-stjornbarka\/#primaryimage","url":"https:\/\/bilasmidurinn.is\/wp-content\/uploads\/2021\/09\/8300340500030.jpg","contentUrl":"https:\/\/bilasmidurinn.is\/wp-content\/uploads\/2021\/09\/8300340500030.jpg","width":510,"height":340},{"@type":"BreadcrumbList","@id":"https:\/\/bilasmidurinn.is\/vefverslun\/midstodvar\/vatnsmidstodvar\/krani-fyrir-16mm-slongu-stjornbarka\/#breadcrumb","itemListElement":[{"@type":"ListItem","position":1,"name":"Home","item":"https:\/\/bilasmidurinn.is\/"},{"@type":"ListItem","position":2,"name":"V\u00f6rur \u00ed verslun","item":"https:\/\/bilasmidurinn.is\/vefverslun\/"},{"@type":"ListItem","position":3,"name":"Krani fyrir 16mm sl\u00f6ngu stj\u00f3rnbarka"}]},{"@type":"WebSite","@id":"https:\/\/bilasmidurinn.is\/#website","url":"https:\/\/bilasmidurinn.is\/","name":"B&iacute;lasmi&eth;urinn","description":"All sem &thorn;&uacute; &thorn;arft &iacute; t&aelig;ki&eth;","potentialAction":[{"@type":"SearchAction","target":{"@type":"EntryPoint","urlTemplate":"https:\/\/bilasmidurinn.is\/?s={search_term_string}"},"query-input":{"@type":"PropertyValueSpecification","valueRequired":true,"valueName":"search_term_string"}}],"inLanguage":"pl-PL"}]}},"_links":{"self":[{"href":"https:\/\/bilasmidurinn.is\/pl\/wp-json\/wp\/v2\/product\/13479","targetHints":{"allow":["GET"]}}],"collection":[{"href":"https:\/\/bilasmidurinn.is\/pl\/wp-json\/wp\/v2\/product"}],"about":[{"href":"https:\/\/bilasmidurinn.is\/pl\/wp-json\/wp\/v2\/types\/product"}],"wp:featuredmedia":[{"embeddable":true,"href":"https:\/\/bilasmidurinn.is\/pl\/wp-json\/wp\/v2\/media\/13480"}],"wp:attachment":[{"href":"https:\/\/bilasmidurinn.is\/pl\/wp-json\/wp\/v2\/media?parent=13479"}],"wp:term":[{"taxonomy":"product_brand","embeddable":true,"href":"https:\/\/bilasmidurinn.is\/pl\/wp-json\/wp\/v2\/product_brand?post=13479"},{"taxonomy":"product_cat","embeddable":true,"href":"https:\/\/bilasmidurinn.is\/pl\/wp-json\/wp\/v2\/product_cat?post=13479"},{"taxonomy":"product_tag","embeddable":true,"href":"https:\/\/bilasmidurinn.is\/pl\/wp-json\/wp\/v2\/product_tag?post=13479"}],"curies":[{"name":"wp","href":"https:\/\/api.w.org\/{rel}","templated":true}]}}