{"id":13474,"date":"2021-09-15T21:56:19","date_gmt":"2021-09-15T21:56:19","guid":{"rendered":"https:\/\/bilasmidurinn.is\/?post_type=product&#038;p=13474"},"modified":"2022-10-03T12:53:12","modified_gmt":"2022-10-03T12:53:12","slug":"rofi-3hrada-fyrir-blasara","status":"publish","type":"product","link":"https:\/\/bilasmidurinn.is\/pl\/vefverslun\/rafmagnsvorur\/rofar\/rofi-3hrada-fyrir-blasara\/","title":{"rendered":"Prze\u0142\u0105cznik 3 pr\u0119dko\u015bci dmuchawy"},"content":{"rendered":"<p>3-biegowy standardowy prze\u0142\u0105cznik do centralnej dmuchawy lub innych element\u00f3w steruj\u0105cych<\/p>\n<p>&nbsp;<\/p>","protected":false},"excerpt":{"rendered":"<p>Prze\u0142\u0105cznik 3 pr\u0119dko\u015bci<\/p>","protected":false},"featured_media":13475,"template":"","meta":[],"product_brand":[8035],"product_cat":[7966,7967,7969,8008,8036],"product_tag":[],"class_list":{"0":"post-13474","1":"product","2":"type-product","3":"status-publish","4":"has-post-thumbnail","6":"product_brand-kalori","7":"product_cat-loftun","8":"product_cat-midstodvar","9":"product_cat-rafmagnsvorur","10":"product_cat-rofar","11":"product_cat-vatnsmidstodvar","13":"first","14":"instock","15":"shipping-taxable","16":"product-type-simple"},"yoast_head":"<!-- This site is optimized with the Yoast SEO plugin v27.4 - https:\/\/yoast.com\/product\/yoast-seo-wordpress\/ -->\n<title>Rofi 3hra\u00f0a fyrir bl\u00e1sara - B&iacute;lasmi&eth;urinn<\/title>\n<meta name=\"robots\" content=\"index, follow, max-snippet:-1, max-image-preview:large, max-video-preview:-1\" \/>\n<link rel=\"canonical\" href=\"https:\/\/bilasmidurinn.is\/pl\/vefverslun\/rafmagnsvorur\/rofar\/rofi-3hrada-fyrir-blasara\/\" \/>\n<meta property=\"og:locale\" content=\"pl_PL\" \/>\n<meta property=\"og:type\" content=\"article\" \/>\n<meta property=\"og:title\" content=\"Rofi 3hra\u00f0a fyrir bl\u00e1sara - B&iacute;lasmi&eth;urinn\" \/>\n<meta property=\"og:description\" content=\"3hra\u00f0a rofi\" \/>\n<meta property=\"og:url\" content=\"https:\/\/bilasmidurinn.is\/pl\/vefverslun\/rafmagnsvorur\/rofar\/rofi-3hrada-fyrir-blasara\/\" \/>\n<meta property=\"og:site_name\" content=\"B&iacute;lasmi&eth;urinn\" \/>\n<meta property=\"article:modified_time\" content=\"2022-10-03T12:53:12+00:00\" \/>\n<meta property=\"og:image\" content=\"https:\/\/bilasmidurinn.is\/wp-content\/uploads\/2021\/09\/8300340300610.jpg\" \/>\n\t<meta property=\"og:image:width\" content=\"510\" \/>\n\t<meta property=\"og:image:height\" content=\"340\" \/>\n\t<meta property=\"og:image:type\" content=\"image\/jpeg\" \/>\n<meta name=\"twitter:card\" content=\"summary_large_image\" \/>\n<script type=\"application\/ld+json\" class=\"yoast-schema-graph\">{\"@context\":\"https:\\\/\\\/schema.org\",\"@graph\":[{\"@type\":\"WebPage\",\"@id\":\"https:\\\/\\\/bilasmidurinn.is\\\/pl\\\/vefverslun\\\/rafmagnsvorur\\\/rofar\\\/rofi-3hrada-fyrir-blasara\\\/\",\"url\":\"https:\\\/\\\/bilasmidurinn.is\\\/pl\\\/vefverslun\\\/rafmagnsvorur\\\/rofar\\\/rofi-3hrada-fyrir-blasara\\\/\",\"name\":\"Rofi 3hra\u00f0a fyrir bl\u00e1sara - B&iacute;lasmi&eth;urinn\",\"isPartOf\":{\"@id\":\"https:\\\/\\\/bilasmidurinn.is\\\/#website\"},\"primaryImageOfPage\":{\"@id\":\"https:\\\/\\\/bilasmidurinn.is\\\/pl\\\/vefverslun\\\/rafmagnsvorur\\\/rofar\\\/rofi-3hrada-fyrir-blasara\\\/#primaryimage\"},\"image\":{\"@id\":\"https:\\\/\\\/bilasmidurinn.is\\\/pl\\\/vefverslun\\\/rafmagnsvorur\\\/rofar\\\/rofi-3hrada-fyrir-blasara\\\/#primaryimage\"},\"thumbnailUrl\":\"https:\\\/\\\/bilasmidurinn.is\\\/wp-content\\\/uploads\\\/2021\\\/09\\\/8300340300610.jpg\",\"datePublished\":\"2021-09-15T21:56:19+00:00\",\"dateModified\":\"2022-10-03T12:53:12+00:00\",\"breadcrumb\":{\"@id\":\"https:\\\/\\\/bilasmidurinn.is\\\/pl\\\/vefverslun\\\/rafmagnsvorur\\\/rofar\\\/rofi-3hrada-fyrir-blasara\\\/#breadcrumb\"},\"inLanguage\":\"pl-PL\",\"potentialAction\":[{\"@type\":\"ReadAction\",\"target\":[\"https:\\\/\\\/bilasmidurinn.is\\\/pl\\\/vefverslun\\\/rafmagnsvorur\\\/rofar\\\/rofi-3hrada-fyrir-blasara\\\/\"]}]},{\"@type\":\"ImageObject\",\"inLanguage\":\"pl-PL\",\"@id\":\"https:\\\/\\\/bilasmidurinn.is\\\/pl\\\/vefverslun\\\/rafmagnsvorur\\\/rofar\\\/rofi-3hrada-fyrir-blasara\\\/#primaryimage\",\"url\":\"https:\\\/\\\/bilasmidurinn.is\\\/wp-content\\\/uploads\\\/2021\\\/09\\\/8300340300610.jpg\",\"contentUrl\":\"https:\\\/\\\/bilasmidurinn.is\\\/wp-content\\\/uploads\\\/2021\\\/09\\\/8300340300610.jpg\",\"width\":510,\"height\":340},{\"@type\":\"BreadcrumbList\",\"@id\":\"https:\\\/\\\/bilasmidurinn.is\\\/pl\\\/vefverslun\\\/rafmagnsvorur\\\/rofar\\\/rofi-3hrada-fyrir-blasara\\\/#breadcrumb\",\"itemListElement\":[{\"@type\":\"ListItem\",\"position\":1,\"name\":\"Home\",\"item\":\"https:\\\/\\\/bilasmidurinn.is\\\/\"},{\"@type\":\"ListItem\",\"position\":2,\"name\":\"V\u00f6rur \u00ed verslun\",\"item\":\"https:\\\/\\\/bilasmidurinn.is\\\/vefverslun\\\/\"},{\"@type\":\"ListItem\",\"position\":3,\"name\":\"Rofi 3hra\u00f0a fyrir bl\u00e1sara\"}]},{\"@type\":\"WebSite\",\"@id\":\"https:\\\/\\\/bilasmidurinn.is\\\/#website\",\"url\":\"https:\\\/\\\/bilasmidurinn.is\\\/\",\"name\":\"B&iacute;lasmi&eth;urinn\",\"description\":\"All sem &thorn;&uacute; &thorn;arft &iacute; t&aelig;ki&eth;\",\"potentialAction\":[{\"@type\":\"SearchAction\",\"target\":{\"@type\":\"EntryPoint\",\"urlTemplate\":\"https:\\\/\\\/bilasmidurinn.is\\\/?s={search_term_string}\"},\"query-input\":{\"@type\":\"PropertyValueSpecification\",\"valueRequired\":true,\"valueName\":\"search_term_string\"}}],\"inLanguage\":\"pl-PL\"}]}<\/script>\n<!-- \/ Yoast SEO plugin. -->","yoast_head_json":{"title":"Rofi 3hra\u00f0a fyrir bl\u00e1sara - B&iacute;lasmi&eth;urinn","robots":{"index":"index","follow":"follow","max-snippet":"max-snippet:-1","max-image-preview":"max-image-preview:large","max-video-preview":"max-video-preview:-1"},"canonical":"https:\/\/bilasmidurinn.is\/pl\/vefverslun\/rafmagnsvorur\/rofar\/rofi-3hrada-fyrir-blasara\/","og_locale":"pl_PL","og_type":"article","og_title":"Rofi 3hra\u00f0a fyrir bl\u00e1sara - B&iacute;lasmi&eth;urinn","og_description":"3hra\u00f0a rofi","og_url":"https:\/\/bilasmidurinn.is\/pl\/vefverslun\/rafmagnsvorur\/rofar\/rofi-3hrada-fyrir-blasara\/","og_site_name":"B&iacute;lasmi&eth;urinn","article_modified_time":"2022-10-03T12:53:12+00:00","og_image":[{"width":510,"height":340,"url":"https:\/\/bilasmidurinn.is\/wp-content\/uploads\/2021\/09\/8300340300610.jpg","type":"image\/jpeg"}],"twitter_card":"summary_large_image","schema":{"@context":"https:\/\/schema.org","@graph":[{"@type":"WebPage","@id":"https:\/\/bilasmidurinn.is\/pl\/vefverslun\/rafmagnsvorur\/rofar\/rofi-3hrada-fyrir-blasara\/","url":"https:\/\/bilasmidurinn.is\/pl\/vefverslun\/rafmagnsvorur\/rofar\/rofi-3hrada-fyrir-blasara\/","name":"Rofi 3hra\u00f0a fyrir bl\u00e1sara - B&iacute;lasmi&eth;urinn","isPartOf":{"@id":"https:\/\/bilasmidurinn.is\/#website"},"primaryImageOfPage":{"@id":"https:\/\/bilasmidurinn.is\/pl\/vefverslun\/rafmagnsvorur\/rofar\/rofi-3hrada-fyrir-blasara\/#primaryimage"},"image":{"@id":"https:\/\/bilasmidurinn.is\/pl\/vefverslun\/rafmagnsvorur\/rofar\/rofi-3hrada-fyrir-blasara\/#primaryimage"},"thumbnailUrl":"https:\/\/bilasmidurinn.is\/wp-content\/uploads\/2021\/09\/8300340300610.jpg","datePublished":"2021-09-15T21:56:19+00:00","dateModified":"2022-10-03T12:53:12+00:00","breadcrumb":{"@id":"https:\/\/bilasmidurinn.is\/pl\/vefverslun\/rafmagnsvorur\/rofar\/rofi-3hrada-fyrir-blasara\/#breadcrumb"},"inLanguage":"pl-PL","potentialAction":[{"@type":"ReadAction","target":["https:\/\/bilasmidurinn.is\/pl\/vefverslun\/rafmagnsvorur\/rofar\/rofi-3hrada-fyrir-blasara\/"]}]},{"@type":"ImageObject","inLanguage":"pl-PL","@id":"https:\/\/bilasmidurinn.is\/pl\/vefverslun\/rafmagnsvorur\/rofar\/rofi-3hrada-fyrir-blasara\/#primaryimage","url":"https:\/\/bilasmidurinn.is\/wp-content\/uploads\/2021\/09\/8300340300610.jpg","contentUrl":"https:\/\/bilasmidurinn.is\/wp-content\/uploads\/2021\/09\/8300340300610.jpg","width":510,"height":340},{"@type":"BreadcrumbList","@id":"https:\/\/bilasmidurinn.is\/pl\/vefverslun\/rafmagnsvorur\/rofar\/rofi-3hrada-fyrir-blasara\/#breadcrumb","itemListElement":[{"@type":"ListItem","position":1,"name":"Home","item":"https:\/\/bilasmidurinn.is\/"},{"@type":"ListItem","position":2,"name":"V\u00f6rur \u00ed verslun","item":"https:\/\/bilasmidurinn.is\/vefverslun\/"},{"@type":"ListItem","position":3,"name":"Rofi 3hra\u00f0a fyrir bl\u00e1sara"}]},{"@type":"WebSite","@id":"https:\/\/bilasmidurinn.is\/#website","url":"https:\/\/bilasmidurinn.is\/","name":"B&iacute;lasmi&eth;urinn","description":"All sem &thorn;&uacute; &thorn;arft &iacute; t&aelig;ki&eth;","potentialAction":[{"@type":"SearchAction","target":{"@type":"EntryPoint","urlTemplate":"https:\/\/bilasmidurinn.is\/?s={search_term_string}"},"query-input":{"@type":"PropertyValueSpecification","valueRequired":true,"valueName":"search_term_string"}}],"inLanguage":"pl-PL"}]}},"_links":{"self":[{"href":"https:\/\/bilasmidurinn.is\/pl\/wp-json\/wp\/v2\/product\/13474","targetHints":{"allow":["GET"]}}],"collection":[{"href":"https:\/\/bilasmidurinn.is\/pl\/wp-json\/wp\/v2\/product"}],"about":[{"href":"https:\/\/bilasmidurinn.is\/pl\/wp-json\/wp\/v2\/types\/product"}],"wp:featuredmedia":[{"embeddable":true,"href":"https:\/\/bilasmidurinn.is\/pl\/wp-json\/wp\/v2\/media\/13475"}],"wp:attachment":[{"href":"https:\/\/bilasmidurinn.is\/pl\/wp-json\/wp\/v2\/media?parent=13474"}],"wp:term":[{"taxonomy":"product_brand","embeddable":true,"href":"https:\/\/bilasmidurinn.is\/pl\/wp-json\/wp\/v2\/product_brand?post=13474"},{"taxonomy":"product_cat","embeddable":true,"href":"https:\/\/bilasmidurinn.is\/pl\/wp-json\/wp\/v2\/product_cat?post=13474"},{"taxonomy":"product_tag","embeddable":true,"href":"https:\/\/bilasmidurinn.is\/pl\/wp-json\/wp\/v2\/product_tag?post=13474"}],"curies":[{"name":"wp","href":"https:\/\/api.w.org\/{rel}","templated":true}]}}