{"id":13329,"date":"2021-09-14T13:56:36","date_gmt":"2021-09-14T13:56:36","guid":{"rendered":"https:\/\/bilasmidurinn.is\/?post_type=product&#038;p=13329"},"modified":"2024-06-19T10:27:25","modified_gmt":"2024-06-19T10:27:25","slug":"varudarljos-gult-sigma-led-med-segli","status":"publish","type":"product","link":"https:\/\/bilasmidurinn.is\/pl\/vefverslun\/ljos\/varudarljos\/varudarljos-gult-sigma-led-med-segli\/","title":{"rendered":"\u015awiat\u0142o ostrzegawcze \u017b\u00f3\u0142ta Sigma LED z magnesem"},"content":{"rendered":"<p>Lampa ostrzegawcza LED Sigma z magnesem i kablem + z\u0142\u0105czem z podw\u00f3jnym w\u0142\u0105cznikiem. 12\/24h<\/p>\n<p>30W, 10 wzor\u00f3w<\/p>\n<p>IP69K, ECE R10\/R65<\/p>\n<p>Poliw\u0119glan<\/p>\n<p>169 x 85 mm<\/p>","protected":false},"excerpt":{"rendered":"<p>Lampa ostrzegawcza Sigma 65 12\/24V<\/p>","protected":false},"featured_media":13330,"template":"","meta":[],"product_brand":[7927],"product_cat":[8007],"product_tag":[],"class_list":{"0":"post-13329","1":"product","2":"type-product","3":"status-publish","4":"has-post-thumbnail","6":"product_brand-www-247lighting-net","7":"product_cat-varudarljos","9":"first","10":"instock","11":"shipping-taxable","12":"product-type-simple"},"yoast_head":"<!-- This site is optimized with the Yoast SEO plugin v27.4 - https:\/\/yoast.com\/product\/yoast-seo-wordpress\/ -->\n<title>Var\u00fa\u00f0arlj\u00f3s Gult Sigma LED me\u00f0 segli - B&iacute;lasmi&eth;urinn<\/title>\n<meta name=\"robots\" content=\"index, follow, max-snippet:-1, max-image-preview:large, max-video-preview:-1\" \/>\n<link rel=\"canonical\" href=\"https:\/\/bilasmidurinn.is\/pl\/vefverslun\/ljos\/varudarljos\/varudarljos-gult-sigma-led-med-segli\/\" \/>\n<meta property=\"og:locale\" content=\"pl_PL\" \/>\n<meta property=\"og:type\" content=\"article\" \/>\n<meta property=\"og:title\" content=\"Var\u00fa\u00f0arlj\u00f3s Gult Sigma LED me\u00f0 segli - B&iacute;lasmi&eth;urinn\" \/>\n<meta property=\"og:description\" content=\"Sigma 65 var\u00fa\u00f0arlj\u00f3s 12\/24V\" \/>\n<meta property=\"og:url\" content=\"https:\/\/bilasmidurinn.is\/pl\/vefverslun\/ljos\/varudarljos\/varudarljos-gult-sigma-led-med-segli\/\" \/>\n<meta property=\"og:site_name\" content=\"B&iacute;lasmi&eth;urinn\" \/>\n<meta property=\"article:modified_time\" content=\"2024-06-19T10:27:25+00:00\" \/>\n<meta property=\"og:image\" content=\"https:\/\/bilasmidurinn.is\/wp-content\/uploads\/2021\/09\/CA7050.jpg\" \/>\n\t<meta property=\"og:image:width\" content=\"500\" \/>\n\t<meta property=\"og:image:height\" content=\"500\" \/>\n\t<meta property=\"og:image:type\" content=\"image\/jpeg\" \/>\n<meta name=\"twitter:card\" content=\"summary_large_image\" \/>\n<script type=\"application\/ld+json\" class=\"yoast-schema-graph\">{\"@context\":\"https:\\\/\\\/schema.org\",\"@graph\":[{\"@type\":\"WebPage\",\"@id\":\"https:\\\/\\\/bilasmidurinn.is\\\/vefverslun\\\/ljos\\\/varudarljos\\\/varudarljos-gult-sigma-led-med-segli\\\/\",\"url\":\"https:\\\/\\\/bilasmidurinn.is\\\/vefverslun\\\/ljos\\\/varudarljos\\\/varudarljos-gult-sigma-led-med-segli\\\/\",\"name\":\"Var\u00fa\u00f0arlj\u00f3s Gult Sigma LED me\u00f0 segli - B&iacute;lasmi&eth;urinn\",\"isPartOf\":{\"@id\":\"https:\\\/\\\/bilasmidurinn.is\\\/#website\"},\"primaryImageOfPage\":{\"@id\":\"https:\\\/\\\/bilasmidurinn.is\\\/vefverslun\\\/ljos\\\/varudarljos\\\/varudarljos-gult-sigma-led-med-segli\\\/#primaryimage\"},\"image\":{\"@id\":\"https:\\\/\\\/bilasmidurinn.is\\\/vefverslun\\\/ljos\\\/varudarljos\\\/varudarljos-gult-sigma-led-med-segli\\\/#primaryimage\"},\"thumbnailUrl\":\"https:\\\/\\\/bilasmidurinn.is\\\/wp-content\\\/uploads\\\/2021\\\/09\\\/CA7050.jpg\",\"datePublished\":\"2021-09-14T13:56:36+00:00\",\"dateModified\":\"2024-06-19T10:27:25+00:00\",\"breadcrumb\":{\"@id\":\"https:\\\/\\\/bilasmidurinn.is\\\/vefverslun\\\/ljos\\\/varudarljos\\\/varudarljos-gult-sigma-led-med-segli\\\/#breadcrumb\"},\"inLanguage\":\"pl-PL\",\"potentialAction\":[{\"@type\":\"ReadAction\",\"target\":[\"https:\\\/\\\/bilasmidurinn.is\\\/vefverslun\\\/ljos\\\/varudarljos\\\/varudarljos-gult-sigma-led-med-segli\\\/\"]}]},{\"@type\":\"ImageObject\",\"inLanguage\":\"pl-PL\",\"@id\":\"https:\\\/\\\/bilasmidurinn.is\\\/vefverslun\\\/ljos\\\/varudarljos\\\/varudarljos-gult-sigma-led-med-segli\\\/#primaryimage\",\"url\":\"https:\\\/\\\/bilasmidurinn.is\\\/wp-content\\\/uploads\\\/2021\\\/09\\\/CA7050.jpg\",\"contentUrl\":\"https:\\\/\\\/bilasmidurinn.is\\\/wp-content\\\/uploads\\\/2021\\\/09\\\/CA7050.jpg\",\"width\":500,\"height\":500},{\"@type\":\"BreadcrumbList\",\"@id\":\"https:\\\/\\\/bilasmidurinn.is\\\/vefverslun\\\/ljos\\\/varudarljos\\\/varudarljos-gult-sigma-led-med-segli\\\/#breadcrumb\",\"itemListElement\":[{\"@type\":\"ListItem\",\"position\":1,\"name\":\"Home\",\"item\":\"https:\\\/\\\/bilasmidurinn.is\\\/\"},{\"@type\":\"ListItem\",\"position\":2,\"name\":\"V\u00f6rur \u00ed verslun\",\"item\":\"https:\\\/\\\/bilasmidurinn.is\\\/vefverslun\\\/\"},{\"@type\":\"ListItem\",\"position\":3,\"name\":\"Var\u00fa\u00f0arlj\u00f3s Gult Sigma LED me\u00f0 segli\"}]},{\"@type\":\"WebSite\",\"@id\":\"https:\\\/\\\/bilasmidurinn.is\\\/#website\",\"url\":\"https:\\\/\\\/bilasmidurinn.is\\\/\",\"name\":\"B&iacute;lasmi&eth;urinn\",\"description\":\"All sem &thorn;&uacute; &thorn;arft &iacute; t&aelig;ki&eth;\",\"potentialAction\":[{\"@type\":\"SearchAction\",\"target\":{\"@type\":\"EntryPoint\",\"urlTemplate\":\"https:\\\/\\\/bilasmidurinn.is\\\/?s={search_term_string}\"},\"query-input\":{\"@type\":\"PropertyValueSpecification\",\"valueRequired\":true,\"valueName\":\"search_term_string\"}}],\"inLanguage\":\"pl-PL\"}]}<\/script>\n<!-- \/ Yoast SEO plugin. -->","yoast_head_json":{"title":"Var\u00fa\u00f0arlj\u00f3s Gult Sigma LED me\u00f0 segli - B&iacute;lasmi&eth;urinn","robots":{"index":"index","follow":"follow","max-snippet":"max-snippet:-1","max-image-preview":"max-image-preview:large","max-video-preview":"max-video-preview:-1"},"canonical":"https:\/\/bilasmidurinn.is\/pl\/vefverslun\/ljos\/varudarljos\/varudarljos-gult-sigma-led-med-segli\/","og_locale":"pl_PL","og_type":"article","og_title":"Var\u00fa\u00f0arlj\u00f3s Gult Sigma LED me\u00f0 segli - B&iacute;lasmi&eth;urinn","og_description":"Sigma 65 var\u00fa\u00f0arlj\u00f3s 12\/24V","og_url":"https:\/\/bilasmidurinn.is\/pl\/vefverslun\/ljos\/varudarljos\/varudarljos-gult-sigma-led-med-segli\/","og_site_name":"B&iacute;lasmi&eth;urinn","article_modified_time":"2024-06-19T10:27:25+00:00","og_image":[{"width":500,"height":500,"url":"https:\/\/bilasmidurinn.is\/wp-content\/uploads\/2021\/09\/CA7050.jpg","type":"image\/jpeg"}],"twitter_card":"summary_large_image","schema":{"@context":"https:\/\/schema.org","@graph":[{"@type":"WebPage","@id":"https:\/\/bilasmidurinn.is\/vefverslun\/ljos\/varudarljos\/varudarljos-gult-sigma-led-med-segli\/","url":"https:\/\/bilasmidurinn.is\/vefverslun\/ljos\/varudarljos\/varudarljos-gult-sigma-led-med-segli\/","name":"Var\u00fa\u00f0arlj\u00f3s Gult Sigma LED me\u00f0 segli - B&iacute;lasmi&eth;urinn","isPartOf":{"@id":"https:\/\/bilasmidurinn.is\/#website"},"primaryImageOfPage":{"@id":"https:\/\/bilasmidurinn.is\/vefverslun\/ljos\/varudarljos\/varudarljos-gult-sigma-led-med-segli\/#primaryimage"},"image":{"@id":"https:\/\/bilasmidurinn.is\/vefverslun\/ljos\/varudarljos\/varudarljos-gult-sigma-led-med-segli\/#primaryimage"},"thumbnailUrl":"https:\/\/bilasmidurinn.is\/wp-content\/uploads\/2021\/09\/CA7050.jpg","datePublished":"2021-09-14T13:56:36+00:00","dateModified":"2024-06-19T10:27:25+00:00","breadcrumb":{"@id":"https:\/\/bilasmidurinn.is\/vefverslun\/ljos\/varudarljos\/varudarljos-gult-sigma-led-med-segli\/#breadcrumb"},"inLanguage":"pl-PL","potentialAction":[{"@type":"ReadAction","target":["https:\/\/bilasmidurinn.is\/vefverslun\/ljos\/varudarljos\/varudarljos-gult-sigma-led-med-segli\/"]}]},{"@type":"ImageObject","inLanguage":"pl-PL","@id":"https:\/\/bilasmidurinn.is\/vefverslun\/ljos\/varudarljos\/varudarljos-gult-sigma-led-med-segli\/#primaryimage","url":"https:\/\/bilasmidurinn.is\/wp-content\/uploads\/2021\/09\/CA7050.jpg","contentUrl":"https:\/\/bilasmidurinn.is\/wp-content\/uploads\/2021\/09\/CA7050.jpg","width":500,"height":500},{"@type":"BreadcrumbList","@id":"https:\/\/bilasmidurinn.is\/vefverslun\/ljos\/varudarljos\/varudarljos-gult-sigma-led-med-segli\/#breadcrumb","itemListElement":[{"@type":"ListItem","position":1,"name":"Home","item":"https:\/\/bilasmidurinn.is\/"},{"@type":"ListItem","position":2,"name":"V\u00f6rur \u00ed verslun","item":"https:\/\/bilasmidurinn.is\/vefverslun\/"},{"@type":"ListItem","position":3,"name":"Var\u00fa\u00f0arlj\u00f3s Gult Sigma LED me\u00f0 segli"}]},{"@type":"WebSite","@id":"https:\/\/bilasmidurinn.is\/#website","url":"https:\/\/bilasmidurinn.is\/","name":"B&iacute;lasmi&eth;urinn","description":"All sem &thorn;&uacute; &thorn;arft &iacute; t&aelig;ki&eth;","potentialAction":[{"@type":"SearchAction","target":{"@type":"EntryPoint","urlTemplate":"https:\/\/bilasmidurinn.is\/?s={search_term_string}"},"query-input":{"@type":"PropertyValueSpecification","valueRequired":true,"valueName":"search_term_string"}}],"inLanguage":"pl-PL"}]}},"_links":{"self":[{"href":"https:\/\/bilasmidurinn.is\/pl\/wp-json\/wp\/v2\/product\/13329","targetHints":{"allow":["GET"]}}],"collection":[{"href":"https:\/\/bilasmidurinn.is\/pl\/wp-json\/wp\/v2\/product"}],"about":[{"href":"https:\/\/bilasmidurinn.is\/pl\/wp-json\/wp\/v2\/types\/product"}],"wp:featuredmedia":[{"embeddable":true,"href":"https:\/\/bilasmidurinn.is\/pl\/wp-json\/wp\/v2\/media\/13330"}],"wp:attachment":[{"href":"https:\/\/bilasmidurinn.is\/pl\/wp-json\/wp\/v2\/media?parent=13329"}],"wp:term":[{"taxonomy":"product_brand","embeddable":true,"href":"https:\/\/bilasmidurinn.is\/pl\/wp-json\/wp\/v2\/product_brand?post=13329"},{"taxonomy":"product_cat","embeddable":true,"href":"https:\/\/bilasmidurinn.is\/pl\/wp-json\/wp\/v2\/product_cat?post=13329"},{"taxonomy":"product_tag","embeddable":true,"href":"https:\/\/bilasmidurinn.is\/pl\/wp-json\/wp\/v2\/product_tag?post=13329"}],"curies":[{"name":"wp","href":"https:\/\/api.w.org\/{rel}","templated":true}]}}