{"id":13153,"date":"2021-09-09T21:12:08","date_gmt":"2021-09-09T21:12:08","guid":{"rendered":"https:\/\/bilasmidurinn.is\/?post_type=product&#038;p=13153"},"modified":"2024-03-13T18:01:38","modified_gmt":"2024-03-13T18:01:38","slug":"threp-fyrir-skjolbord","status":"publish","type":"product","link":"https:\/\/bilasmidurinn.is\/pl\/vefverslun\/adrar-vorur\/adrar-vagnavorur\/threp-fyrir-skjolbord\/","title":{"rendered":"Stopnie do desek schronienia"},"content":{"rendered":"<p>Kroki od ocynku. \u017celazko do tablicy szkolnej<\/p>\n<p>&nbsp;<\/p>","protected":false},"excerpt":{"rendered":"<p>Stopnie do desek schronienia<\/p>","protected":false},"featured_media":13154,"template":"","meta":[],"product_brand":[7944],"product_cat":[8033,7951],"product_tag":[],"class_list":{"0":"post-13153","1":"product","2":"type-product","3":"status-publish","4":"has-post-thumbnail","6":"product_brand-pommier","7":"product_cat-adrar-vagnavorur","8":"product_cat-adrar-vorur","10":"first","11":"instock","12":"shipping-taxable","13":"product-type-simple"},"yoast_head":"<!-- This site is optimized with the Yoast SEO plugin v27.4 - https:\/\/yoast.com\/product\/yoast-seo-wordpress\/ -->\n<title>\u00derep fyrir skj\u00f3lbor\u00f0 - B&iacute;lasmi&eth;urinn<\/title>\n<meta name=\"robots\" content=\"index, follow, max-snippet:-1, max-image-preview:large, max-video-preview:-1\" \/>\n<link rel=\"canonical\" href=\"https:\/\/bilasmidurinn.is\/pl\/vefverslun\/adrar-vorur\/adrar-vagnavorur\/threp-fyrir-skjolbord\/\" \/>\n<meta property=\"og:locale\" content=\"pl_PL\" \/>\n<meta property=\"og:type\" content=\"article\" \/>\n<meta property=\"og:title\" content=\"\u00derep fyrir skj\u00f3lbor\u00f0 - B&iacute;lasmi&eth;urinn\" \/>\n<meta property=\"og:description\" content=\"\u00derep fyrir skj\u00f3lbor\u00f0\" \/>\n<meta property=\"og:url\" content=\"https:\/\/bilasmidurinn.is\/pl\/vefverslun\/adrar-vorur\/adrar-vagnavorur\/threp-fyrir-skjolbord\/\" \/>\n<meta property=\"og:site_name\" content=\"B&iacute;lasmi&eth;urinn\" \/>\n<meta property=\"article:modified_time\" content=\"2024-03-13T18:01:38+00:00\" \/>\n<meta property=\"og:image\" content=\"https:\/\/bilasmidurinn.is\/wp-content\/uploads\/2021\/09\/39.43951GA.png\" \/>\n\t<meta property=\"og:image:width\" content=\"248\" \/>\n\t<meta property=\"og:image:height\" content=\"216\" \/>\n\t<meta property=\"og:image:type\" content=\"image\/png\" \/>\n<meta name=\"twitter:card\" content=\"summary_large_image\" \/>\n<script type=\"application\/ld+json\" class=\"yoast-schema-graph\">{\"@context\":\"https:\\\/\\\/schema.org\",\"@graph\":[{\"@type\":\"WebPage\",\"@id\":\"https:\\\/\\\/bilasmidurinn.is\\\/vefverslun\\\/adrar-vorur\\\/adrar-vagnavorur\\\/threp-fyrir-skjolbord\\\/\",\"url\":\"https:\\\/\\\/bilasmidurinn.is\\\/vefverslun\\\/adrar-vorur\\\/adrar-vagnavorur\\\/threp-fyrir-skjolbord\\\/\",\"name\":\"\u00derep fyrir skj\u00f3lbor\u00f0 - B&iacute;lasmi&eth;urinn\",\"isPartOf\":{\"@id\":\"https:\\\/\\\/bilasmidurinn.is\\\/#website\"},\"primaryImageOfPage\":{\"@id\":\"https:\\\/\\\/bilasmidurinn.is\\\/vefverslun\\\/adrar-vorur\\\/adrar-vagnavorur\\\/threp-fyrir-skjolbord\\\/#primaryimage\"},\"image\":{\"@id\":\"https:\\\/\\\/bilasmidurinn.is\\\/vefverslun\\\/adrar-vorur\\\/adrar-vagnavorur\\\/threp-fyrir-skjolbord\\\/#primaryimage\"},\"thumbnailUrl\":\"https:\\\/\\\/bilasmidurinn.is\\\/wp-content\\\/uploads\\\/2021\\\/09\\\/39.43951GA.png\",\"datePublished\":\"2021-09-09T21:12:08+00:00\",\"dateModified\":\"2024-03-13T18:01:38+00:00\",\"breadcrumb\":{\"@id\":\"https:\\\/\\\/bilasmidurinn.is\\\/vefverslun\\\/adrar-vorur\\\/adrar-vagnavorur\\\/threp-fyrir-skjolbord\\\/#breadcrumb\"},\"inLanguage\":\"pl-PL\",\"potentialAction\":[{\"@type\":\"ReadAction\",\"target\":[\"https:\\\/\\\/bilasmidurinn.is\\\/vefverslun\\\/adrar-vorur\\\/adrar-vagnavorur\\\/threp-fyrir-skjolbord\\\/\"]}]},{\"@type\":\"ImageObject\",\"inLanguage\":\"pl-PL\",\"@id\":\"https:\\\/\\\/bilasmidurinn.is\\\/vefverslun\\\/adrar-vorur\\\/adrar-vagnavorur\\\/threp-fyrir-skjolbord\\\/#primaryimage\",\"url\":\"https:\\\/\\\/bilasmidurinn.is\\\/wp-content\\\/uploads\\\/2021\\\/09\\\/39.43951GA.png\",\"contentUrl\":\"https:\\\/\\\/bilasmidurinn.is\\\/wp-content\\\/uploads\\\/2021\\\/09\\\/39.43951GA.png\",\"width\":248,\"height\":216},{\"@type\":\"BreadcrumbList\",\"@id\":\"https:\\\/\\\/bilasmidurinn.is\\\/vefverslun\\\/adrar-vorur\\\/adrar-vagnavorur\\\/threp-fyrir-skjolbord\\\/#breadcrumb\",\"itemListElement\":[{\"@type\":\"ListItem\",\"position\":1,\"name\":\"Home\",\"item\":\"https:\\\/\\\/bilasmidurinn.is\\\/\"},{\"@type\":\"ListItem\",\"position\":2,\"name\":\"V\u00f6rur \u00ed verslun\",\"item\":\"https:\\\/\\\/bilasmidurinn.is\\\/vefverslun\\\/\"},{\"@type\":\"ListItem\",\"position\":3,\"name\":\"\u00derep fyrir skj\u00f3lbor\u00f0\"}]},{\"@type\":\"WebSite\",\"@id\":\"https:\\\/\\\/bilasmidurinn.is\\\/#website\",\"url\":\"https:\\\/\\\/bilasmidurinn.is\\\/\",\"name\":\"B&iacute;lasmi&eth;urinn\",\"description\":\"All sem &thorn;&uacute; &thorn;arft &iacute; t&aelig;ki&eth;\",\"potentialAction\":[{\"@type\":\"SearchAction\",\"target\":{\"@type\":\"EntryPoint\",\"urlTemplate\":\"https:\\\/\\\/bilasmidurinn.is\\\/?s={search_term_string}\"},\"query-input\":{\"@type\":\"PropertyValueSpecification\",\"valueRequired\":true,\"valueName\":\"search_term_string\"}}],\"inLanguage\":\"pl-PL\"}]}<\/script>\n<!-- \/ Yoast SEO plugin. -->","yoast_head_json":{"title":"\u00derep fyrir skj\u00f3lbor\u00f0 - B&iacute;lasmi&eth;urinn","robots":{"index":"index","follow":"follow","max-snippet":"max-snippet:-1","max-image-preview":"max-image-preview:large","max-video-preview":"max-video-preview:-1"},"canonical":"https:\/\/bilasmidurinn.is\/pl\/vefverslun\/adrar-vorur\/adrar-vagnavorur\/threp-fyrir-skjolbord\/","og_locale":"pl_PL","og_type":"article","og_title":"\u00derep fyrir skj\u00f3lbor\u00f0 - B&iacute;lasmi&eth;urinn","og_description":"\u00derep fyrir skj\u00f3lbor\u00f0","og_url":"https:\/\/bilasmidurinn.is\/pl\/vefverslun\/adrar-vorur\/adrar-vagnavorur\/threp-fyrir-skjolbord\/","og_site_name":"B&iacute;lasmi&eth;urinn","article_modified_time":"2024-03-13T18:01:38+00:00","og_image":[{"width":248,"height":216,"url":"https:\/\/bilasmidurinn.is\/wp-content\/uploads\/2021\/09\/39.43951GA.png","type":"image\/png"}],"twitter_card":"summary_large_image","schema":{"@context":"https:\/\/schema.org","@graph":[{"@type":"WebPage","@id":"https:\/\/bilasmidurinn.is\/vefverslun\/adrar-vorur\/adrar-vagnavorur\/threp-fyrir-skjolbord\/","url":"https:\/\/bilasmidurinn.is\/vefverslun\/adrar-vorur\/adrar-vagnavorur\/threp-fyrir-skjolbord\/","name":"\u00derep fyrir skj\u00f3lbor\u00f0 - B&iacute;lasmi&eth;urinn","isPartOf":{"@id":"https:\/\/bilasmidurinn.is\/#website"},"primaryImageOfPage":{"@id":"https:\/\/bilasmidurinn.is\/vefverslun\/adrar-vorur\/adrar-vagnavorur\/threp-fyrir-skjolbord\/#primaryimage"},"image":{"@id":"https:\/\/bilasmidurinn.is\/vefverslun\/adrar-vorur\/adrar-vagnavorur\/threp-fyrir-skjolbord\/#primaryimage"},"thumbnailUrl":"https:\/\/bilasmidurinn.is\/wp-content\/uploads\/2021\/09\/39.43951GA.png","datePublished":"2021-09-09T21:12:08+00:00","dateModified":"2024-03-13T18:01:38+00:00","breadcrumb":{"@id":"https:\/\/bilasmidurinn.is\/vefverslun\/adrar-vorur\/adrar-vagnavorur\/threp-fyrir-skjolbord\/#breadcrumb"},"inLanguage":"pl-PL","potentialAction":[{"@type":"ReadAction","target":["https:\/\/bilasmidurinn.is\/vefverslun\/adrar-vorur\/adrar-vagnavorur\/threp-fyrir-skjolbord\/"]}]},{"@type":"ImageObject","inLanguage":"pl-PL","@id":"https:\/\/bilasmidurinn.is\/vefverslun\/adrar-vorur\/adrar-vagnavorur\/threp-fyrir-skjolbord\/#primaryimage","url":"https:\/\/bilasmidurinn.is\/wp-content\/uploads\/2021\/09\/39.43951GA.png","contentUrl":"https:\/\/bilasmidurinn.is\/wp-content\/uploads\/2021\/09\/39.43951GA.png","width":248,"height":216},{"@type":"BreadcrumbList","@id":"https:\/\/bilasmidurinn.is\/vefverslun\/adrar-vorur\/adrar-vagnavorur\/threp-fyrir-skjolbord\/#breadcrumb","itemListElement":[{"@type":"ListItem","position":1,"name":"Home","item":"https:\/\/bilasmidurinn.is\/"},{"@type":"ListItem","position":2,"name":"V\u00f6rur \u00ed verslun","item":"https:\/\/bilasmidurinn.is\/vefverslun\/"},{"@type":"ListItem","position":3,"name":"\u00derep fyrir skj\u00f3lbor\u00f0"}]},{"@type":"WebSite","@id":"https:\/\/bilasmidurinn.is\/#website","url":"https:\/\/bilasmidurinn.is\/","name":"B&iacute;lasmi&eth;urinn","description":"All sem &thorn;&uacute; &thorn;arft &iacute; t&aelig;ki&eth;","potentialAction":[{"@type":"SearchAction","target":{"@type":"EntryPoint","urlTemplate":"https:\/\/bilasmidurinn.is\/?s={search_term_string}"},"query-input":{"@type":"PropertyValueSpecification","valueRequired":true,"valueName":"search_term_string"}}],"inLanguage":"pl-PL"}]}},"_links":{"self":[{"href":"https:\/\/bilasmidurinn.is\/pl\/wp-json\/wp\/v2\/product\/13153","targetHints":{"allow":["GET"]}}],"collection":[{"href":"https:\/\/bilasmidurinn.is\/pl\/wp-json\/wp\/v2\/product"}],"about":[{"href":"https:\/\/bilasmidurinn.is\/pl\/wp-json\/wp\/v2\/types\/product"}],"wp:featuredmedia":[{"embeddable":true,"href":"https:\/\/bilasmidurinn.is\/pl\/wp-json\/wp\/v2\/media\/13154"}],"wp:attachment":[{"href":"https:\/\/bilasmidurinn.is\/pl\/wp-json\/wp\/v2\/media?parent=13153"}],"wp:term":[{"taxonomy":"product_brand","embeddable":true,"href":"https:\/\/bilasmidurinn.is\/pl\/wp-json\/wp\/v2\/product_brand?post=13153"},{"taxonomy":"product_cat","embeddable":true,"href":"https:\/\/bilasmidurinn.is\/pl\/wp-json\/wp\/v2\/product_cat?post=13153"},{"taxonomy":"product_tag","embeddable":true,"href":"https:\/\/bilasmidurinn.is\/pl\/wp-json\/wp\/v2\/product_tag?post=13153"}],"curies":[{"name":"wp","href":"https:\/\/api.w.org\/{rel}","templated":true}]}}