{"id":13138,"date":"2021-09-09T20:35:02","date_gmt":"2021-09-09T20:35:02","guid":{"rendered":"https:\/\/bilasmidurinn.is\/?post_type=product&#038;p=13138"},"modified":"2026-03-20T14:37:56","modified_gmt":"2026-03-20T14:37:56","slug":"studgummi-56x50mm-delta-25m","status":"publish","type":"product","link":"https:\/\/bilasmidurinn.is\/pl\/vefverslun\/gummilistar\/listar-ur-gummi\/studgummi-56x50mm-delta-25m\/","title":{"rendered":"Stu\u00f0g\u00famm\u00ed 60x52mm"},"content":{"rendered":"<p>Stu\u00f0g\u00famm\u00edlisti 60x52mm 5m langur, oft nota\u00f0ur ne\u00f0an \u00e1 afturhur\u00f0ir \u00e1\u00a0 hestakerrum<\/p>\n<p>Ver\u00f0 pr. meter selst \u00ed heillri e\u00f0a h\u00e1lfri lengd.<\/p>\n<p>&nbsp;<\/p>","protected":false},"excerpt":{"rendered":"<p>Stu\u00f0listi 60x62mm Delta\u00a0 ver\u00f0 pr. meter 5m \u00e1 r\u00fallu selst \u00ed heilu e\u00f0a h\u00e1lfri lengd.<\/p>","protected":false},"featured_media":15861,"template":"","meta":[],"product_brand":[7944],"product_cat":[7960,8025,7972],"product_tag":[],"class_list":{"0":"post-13138","1":"product","2":"type-product","3":"status-publish","4":"has-post-thumbnail","6":"product_brand-pommier","7":"product_cat-gummilistar","8":"product_cat-listar-ur-gummi","9":"product_cat-studlistar","11":"first","12":"instock","13":"shipping-taxable","14":"product-type-simple"},"yoast_head":"<!-- This site is optimized with the Yoast SEO plugin v27.4 - https:\/\/yoast.com\/product\/yoast-seo-wordpress\/ -->\n<title>Stu\u00f0g\u00famm\u00ed 60x52mm - B&iacute;lasmi&eth;urinn<\/title>\n<meta name=\"robots\" content=\"index, follow, max-snippet:-1, max-image-preview:large, max-video-preview:-1\" \/>\n<link rel=\"canonical\" href=\"https:\/\/bilasmidurinn.is\/pl\/vefverslun\/gummilistar\/listar-ur-gummi\/studgummi-56x50mm-delta-25m\/\" \/>\n<meta property=\"og:locale\" content=\"pl_PL\" \/>\n<meta property=\"og:type\" content=\"article\" \/>\n<meta property=\"og:title\" content=\"Stu\u00f0g\u00famm\u00ed 60x52mm - B&iacute;lasmi&eth;urinn\" \/>\n<meta property=\"og:description\" content=\"Stu\u00f0listi 60x62mm Delta\u00a0 ver\u00f0 pr. meter 5m \u00e1 r\u00fallu selst \u00ed heilu e\u00f0a h\u00e1lfri lengd.\" \/>\n<meta property=\"og:url\" content=\"https:\/\/bilasmidurinn.is\/pl\/vefverslun\/gummilistar\/listar-ur-gummi\/studgummi-56x50mm-delta-25m\/\" \/>\n<meta property=\"og:site_name\" content=\"B&iacute;lasmi&eth;urinn\" \/>\n<meta property=\"article:modified_time\" content=\"2026-03-20T14:37:56+00:00\" \/>\n<meta property=\"og:image\" content=\"https:\/\/bilasmidurinn.is\/wp-content\/uploads\/2021\/09\/540.4139_1_400x400.jpg\" \/>\n\t<meta property=\"og:image:width\" content=\"400\" \/>\n\t<meta property=\"og:image:height\" content=\"351\" \/>\n\t<meta property=\"og:image:type\" content=\"image\/jpeg\" \/>\n<meta name=\"twitter:card\" content=\"summary_large_image\" \/>\n<meta name=\"twitter:label1\" content=\"Szacowany czas czytania\" \/>\n\t<meta name=\"twitter:data1\" content=\"1 minuta\" \/>\n<script type=\"application\/ld+json\" class=\"yoast-schema-graph\">{\"@context\":\"https:\\\/\\\/schema.org\",\"@graph\":[{\"@type\":\"WebPage\",\"@id\":\"https:\\\/\\\/bilasmidurinn.is\\\/vefverslun\\\/gummilistar\\\/listar-ur-gummi\\\/studgummi-56x50mm-delta-25m\\\/\",\"url\":\"https:\\\/\\\/bilasmidurinn.is\\\/vefverslun\\\/gummilistar\\\/listar-ur-gummi\\\/studgummi-56x50mm-delta-25m\\\/\",\"name\":\"Stu\u00f0g\u00famm\u00ed 60x52mm - B&iacute;lasmi&eth;urinn\",\"isPartOf\":{\"@id\":\"https:\\\/\\\/bilasmidurinn.is\\\/#website\"},\"primaryImageOfPage\":{\"@id\":\"https:\\\/\\\/bilasmidurinn.is\\\/vefverslun\\\/gummilistar\\\/listar-ur-gummi\\\/studgummi-56x50mm-delta-25m\\\/#primaryimage\"},\"image\":{\"@id\":\"https:\\\/\\\/bilasmidurinn.is\\\/vefverslun\\\/gummilistar\\\/listar-ur-gummi\\\/studgummi-56x50mm-delta-25m\\\/#primaryimage\"},\"thumbnailUrl\":\"https:\\\/\\\/bilasmidurinn.is\\\/wp-content\\\/uploads\\\/2021\\\/09\\\/540.4139_1_400x400.jpg\",\"datePublished\":\"2021-09-09T20:35:02+00:00\",\"dateModified\":\"2026-03-20T14:37:56+00:00\",\"breadcrumb\":{\"@id\":\"https:\\\/\\\/bilasmidurinn.is\\\/vefverslun\\\/gummilistar\\\/listar-ur-gummi\\\/studgummi-56x50mm-delta-25m\\\/#breadcrumb\"},\"inLanguage\":\"pl-PL\",\"potentialAction\":[{\"@type\":\"ReadAction\",\"target\":[\"https:\\\/\\\/bilasmidurinn.is\\\/vefverslun\\\/gummilistar\\\/listar-ur-gummi\\\/studgummi-56x50mm-delta-25m\\\/\"]}]},{\"@type\":\"ImageObject\",\"inLanguage\":\"pl-PL\",\"@id\":\"https:\\\/\\\/bilasmidurinn.is\\\/vefverslun\\\/gummilistar\\\/listar-ur-gummi\\\/studgummi-56x50mm-delta-25m\\\/#primaryimage\",\"url\":\"https:\\\/\\\/bilasmidurinn.is\\\/wp-content\\\/uploads\\\/2021\\\/09\\\/540.4139_1_400x400.jpg\",\"contentUrl\":\"https:\\\/\\\/bilasmidurinn.is\\\/wp-content\\\/uploads\\\/2021\\\/09\\\/540.4139_1_400x400.jpg\",\"width\":400,\"height\":351},{\"@type\":\"BreadcrumbList\",\"@id\":\"https:\\\/\\\/bilasmidurinn.is\\\/vefverslun\\\/gummilistar\\\/listar-ur-gummi\\\/studgummi-56x50mm-delta-25m\\\/#breadcrumb\",\"itemListElement\":[{\"@type\":\"ListItem\",\"position\":1,\"name\":\"Home\",\"item\":\"https:\\\/\\\/bilasmidurinn.is\\\/\"},{\"@type\":\"ListItem\",\"position\":2,\"name\":\"V\u00f6rur \u00ed verslun\",\"item\":\"https:\\\/\\\/bilasmidurinn.is\\\/vefverslun\\\/\"},{\"@type\":\"ListItem\",\"position\":3,\"name\":\"Stu\u00f0g\u00famm\u00ed 60x52mm\"}]},{\"@type\":\"WebSite\",\"@id\":\"https:\\\/\\\/bilasmidurinn.is\\\/#website\",\"url\":\"https:\\\/\\\/bilasmidurinn.is\\\/\",\"name\":\"B&iacute;lasmi&eth;urinn\",\"description\":\"All sem &thorn;&uacute; &thorn;arft &iacute; t&aelig;ki&eth;\",\"potentialAction\":[{\"@type\":\"SearchAction\",\"target\":{\"@type\":\"EntryPoint\",\"urlTemplate\":\"https:\\\/\\\/bilasmidurinn.is\\\/?s={search_term_string}\"},\"query-input\":{\"@type\":\"PropertyValueSpecification\",\"valueRequired\":true,\"valueName\":\"search_term_string\"}}],\"inLanguage\":\"pl-PL\"}]}<\/script>\n<!-- \/ Yoast SEO plugin. -->","yoast_head_json":{"title":"Stu\u00f0g\u00famm\u00ed 60x52mm - B&iacute;lasmi&eth;urinn","robots":{"index":"index","follow":"follow","max-snippet":"max-snippet:-1","max-image-preview":"max-image-preview:large","max-video-preview":"max-video-preview:-1"},"canonical":"https:\/\/bilasmidurinn.is\/pl\/vefverslun\/gummilistar\/listar-ur-gummi\/studgummi-56x50mm-delta-25m\/","og_locale":"pl_PL","og_type":"article","og_title":"Stu\u00f0g\u00famm\u00ed 60x52mm - B&iacute;lasmi&eth;urinn","og_description":"Stu\u00f0listi 60x62mm Delta\u00a0 ver\u00f0 pr. meter 5m \u00e1 r\u00fallu selst \u00ed heilu e\u00f0a h\u00e1lfri lengd.","og_url":"https:\/\/bilasmidurinn.is\/pl\/vefverslun\/gummilistar\/listar-ur-gummi\/studgummi-56x50mm-delta-25m\/","og_site_name":"B&iacute;lasmi&eth;urinn","article_modified_time":"2026-03-20T14:37:56+00:00","og_image":[{"width":400,"height":351,"url":"https:\/\/bilasmidurinn.is\/wp-content\/uploads\/2021\/09\/540.4139_1_400x400.jpg","type":"image\/jpeg"}],"twitter_card":"summary_large_image","twitter_misc":{"Szacowany czas czytania":"1 minuta"},"schema":{"@context":"https:\/\/schema.org","@graph":[{"@type":"WebPage","@id":"https:\/\/bilasmidurinn.is\/vefverslun\/gummilistar\/listar-ur-gummi\/studgummi-56x50mm-delta-25m\/","url":"https:\/\/bilasmidurinn.is\/vefverslun\/gummilistar\/listar-ur-gummi\/studgummi-56x50mm-delta-25m\/","name":"Stu\u00f0g\u00famm\u00ed 60x52mm - B&iacute;lasmi&eth;urinn","isPartOf":{"@id":"https:\/\/bilasmidurinn.is\/#website"},"primaryImageOfPage":{"@id":"https:\/\/bilasmidurinn.is\/vefverslun\/gummilistar\/listar-ur-gummi\/studgummi-56x50mm-delta-25m\/#primaryimage"},"image":{"@id":"https:\/\/bilasmidurinn.is\/vefverslun\/gummilistar\/listar-ur-gummi\/studgummi-56x50mm-delta-25m\/#primaryimage"},"thumbnailUrl":"https:\/\/bilasmidurinn.is\/wp-content\/uploads\/2021\/09\/540.4139_1_400x400.jpg","datePublished":"2021-09-09T20:35:02+00:00","dateModified":"2026-03-20T14:37:56+00:00","breadcrumb":{"@id":"https:\/\/bilasmidurinn.is\/vefverslun\/gummilistar\/listar-ur-gummi\/studgummi-56x50mm-delta-25m\/#breadcrumb"},"inLanguage":"pl-PL","potentialAction":[{"@type":"ReadAction","target":["https:\/\/bilasmidurinn.is\/vefverslun\/gummilistar\/listar-ur-gummi\/studgummi-56x50mm-delta-25m\/"]}]},{"@type":"ImageObject","inLanguage":"pl-PL","@id":"https:\/\/bilasmidurinn.is\/vefverslun\/gummilistar\/listar-ur-gummi\/studgummi-56x50mm-delta-25m\/#primaryimage","url":"https:\/\/bilasmidurinn.is\/wp-content\/uploads\/2021\/09\/540.4139_1_400x400.jpg","contentUrl":"https:\/\/bilasmidurinn.is\/wp-content\/uploads\/2021\/09\/540.4139_1_400x400.jpg","width":400,"height":351},{"@type":"BreadcrumbList","@id":"https:\/\/bilasmidurinn.is\/vefverslun\/gummilistar\/listar-ur-gummi\/studgummi-56x50mm-delta-25m\/#breadcrumb","itemListElement":[{"@type":"ListItem","position":1,"name":"Home","item":"https:\/\/bilasmidurinn.is\/"},{"@type":"ListItem","position":2,"name":"V\u00f6rur \u00ed verslun","item":"https:\/\/bilasmidurinn.is\/vefverslun\/"},{"@type":"ListItem","position":3,"name":"Stu\u00f0g\u00famm\u00ed 60x52mm"}]},{"@type":"WebSite","@id":"https:\/\/bilasmidurinn.is\/#website","url":"https:\/\/bilasmidurinn.is\/","name":"B&iacute;lasmi&eth;urinn","description":"All sem &thorn;&uacute; &thorn;arft &iacute; t&aelig;ki&eth;","potentialAction":[{"@type":"SearchAction","target":{"@type":"EntryPoint","urlTemplate":"https:\/\/bilasmidurinn.is\/?s={search_term_string}"},"query-input":{"@type":"PropertyValueSpecification","valueRequired":true,"valueName":"search_term_string"}}],"inLanguage":"pl-PL"}]}},"_links":{"self":[{"href":"https:\/\/bilasmidurinn.is\/pl\/wp-json\/wp\/v2\/product\/13138","targetHints":{"allow":["GET"]}}],"collection":[{"href":"https:\/\/bilasmidurinn.is\/pl\/wp-json\/wp\/v2\/product"}],"about":[{"href":"https:\/\/bilasmidurinn.is\/pl\/wp-json\/wp\/v2\/types\/product"}],"wp:featuredmedia":[{"embeddable":true,"href":"https:\/\/bilasmidurinn.is\/pl\/wp-json\/wp\/v2\/media\/15861"}],"wp:attachment":[{"href":"https:\/\/bilasmidurinn.is\/pl\/wp-json\/wp\/v2\/media?parent=13138"}],"wp:term":[{"taxonomy":"product_brand","embeddable":true,"href":"https:\/\/bilasmidurinn.is\/pl\/wp-json\/wp\/v2\/product_brand?post=13138"},{"taxonomy":"product_cat","embeddable":true,"href":"https:\/\/bilasmidurinn.is\/pl\/wp-json\/wp\/v2\/product_cat?post=13138"},{"taxonomy":"product_tag","embeddable":true,"href":"https:\/\/bilasmidurinn.is\/pl\/wp-json\/wp\/v2\/product_tag?post=13138"}],"curies":[{"name":"wp","href":"https:\/\/api.w.org\/{rel}","templated":true}]}}