{"id":13130,"date":"2021-09-09T20:25:27","date_gmt":"2021-09-09T20:25:27","guid":{"rendered":"https:\/\/bilasmidurinn.is\/?post_type=product&#038;p=13130"},"modified":"2023-07-03T11:25:40","modified_gmt":"2023-07-03T11:25:40","slug":"studgummi-20x40mm-med-limi","status":"publish","type":"product","link":"https:\/\/bilasmidurinn.is\/pl\/vefverslun\/gummilistar\/listar-ur-gummi\/studgummi-20x40mm-med-limi\/","title":{"rendered":"Odb\u00f3j gumowy 20x40mm z klejem"},"content":{"rendered":"<p>Gumowa listwa no\u015bna 20x40mm z klejem<\/p>\n<p>20m na rolce sprzedawane po metr<\/p>","protected":false},"excerpt":{"rendered":"<p>Podstawa gumowa 20x40mm<\/p>","protected":false},"featured_media":13131,"template":"","meta":[],"product_brand":[7944],"product_cat":[7960,8025],"product_tag":[],"class_list":{"0":"post-13130","1":"product","2":"type-product","3":"status-publish","4":"has-post-thumbnail","6":"product_brand-pommier","7":"product_cat-gummilistar","8":"product_cat-listar-ur-gummi","10":"first","11":"instock","12":"shipping-taxable","13":"product-type-simple"},"yoast_head":"<!-- This site is optimized with the Yoast SEO plugin v27.4 - https:\/\/yoast.com\/product\/yoast-seo-wordpress\/ -->\n<title>Stu\u00f0g\u00famm\u00ed 20x40mm me\u00f0 l\u00edmi - B&iacute;lasmi&eth;urinn<\/title>\n<meta name=\"robots\" content=\"index, follow, max-snippet:-1, max-image-preview:large, max-video-preview:-1\" \/>\n<link rel=\"canonical\" href=\"https:\/\/bilasmidurinn.is\/pl\/vefverslun\/gummilistar\/listar-ur-gummi\/studgummi-20x40mm-med-limi\/\" \/>\n<meta property=\"og:locale\" content=\"pl_PL\" \/>\n<meta property=\"og:type\" content=\"article\" \/>\n<meta property=\"og:title\" content=\"Stu\u00f0g\u00famm\u00ed 20x40mm me\u00f0 l\u00edmi - B&iacute;lasmi&eth;urinn\" \/>\n<meta property=\"og:description\" content=\"Stu\u00f0gumm\u00ed 20x40mm\" \/>\n<meta property=\"og:url\" content=\"https:\/\/bilasmidurinn.is\/pl\/vefverslun\/gummilistar\/listar-ur-gummi\/studgummi-20x40mm-med-limi\/\" \/>\n<meta property=\"og:site_name\" content=\"B&iacute;lasmi&eth;urinn\" \/>\n<meta property=\"article:modified_time\" content=\"2023-07-03T11:25:40+00:00\" \/>\n<meta property=\"og:image\" content=\"https:\/\/bilasmidurinn.is\/wp-content\/uploads\/2021\/09\/16.36742.png\" \/>\n\t<meta property=\"og:image:width\" content=\"760\" \/>\n\t<meta property=\"og:image:height\" content=\"365\" \/>\n\t<meta property=\"og:image:type\" content=\"image\/png\" \/>\n<meta name=\"twitter:card\" content=\"summary_large_image\" \/>\n<script type=\"application\/ld+json\" class=\"yoast-schema-graph\">{\"@context\":\"https:\\\/\\\/schema.org\",\"@graph\":[{\"@type\":\"WebPage\",\"@id\":\"https:\\\/\\\/bilasmidurinn.is\\\/vefverslun\\\/gummilistar\\\/listar-ur-gummi\\\/studgummi-20x40mm-med-limi\\\/\",\"url\":\"https:\\\/\\\/bilasmidurinn.is\\\/vefverslun\\\/gummilistar\\\/listar-ur-gummi\\\/studgummi-20x40mm-med-limi\\\/\",\"name\":\"Stu\u00f0g\u00famm\u00ed 20x40mm me\u00f0 l\u00edmi - B&iacute;lasmi&eth;urinn\",\"isPartOf\":{\"@id\":\"https:\\\/\\\/bilasmidurinn.is\\\/#website\"},\"primaryImageOfPage\":{\"@id\":\"https:\\\/\\\/bilasmidurinn.is\\\/vefverslun\\\/gummilistar\\\/listar-ur-gummi\\\/studgummi-20x40mm-med-limi\\\/#primaryimage\"},\"image\":{\"@id\":\"https:\\\/\\\/bilasmidurinn.is\\\/vefverslun\\\/gummilistar\\\/listar-ur-gummi\\\/studgummi-20x40mm-med-limi\\\/#primaryimage\"},\"thumbnailUrl\":\"https:\\\/\\\/bilasmidurinn.is\\\/wp-content\\\/uploads\\\/2021\\\/09\\\/16.36742.png\",\"datePublished\":\"2021-09-09T20:25:27+00:00\",\"dateModified\":\"2023-07-03T11:25:40+00:00\",\"breadcrumb\":{\"@id\":\"https:\\\/\\\/bilasmidurinn.is\\\/vefverslun\\\/gummilistar\\\/listar-ur-gummi\\\/studgummi-20x40mm-med-limi\\\/#breadcrumb\"},\"inLanguage\":\"pl-PL\",\"potentialAction\":[{\"@type\":\"ReadAction\",\"target\":[\"https:\\\/\\\/bilasmidurinn.is\\\/vefverslun\\\/gummilistar\\\/listar-ur-gummi\\\/studgummi-20x40mm-med-limi\\\/\"]}]},{\"@type\":\"ImageObject\",\"inLanguage\":\"pl-PL\",\"@id\":\"https:\\\/\\\/bilasmidurinn.is\\\/vefverslun\\\/gummilistar\\\/listar-ur-gummi\\\/studgummi-20x40mm-med-limi\\\/#primaryimage\",\"url\":\"https:\\\/\\\/bilasmidurinn.is\\\/wp-content\\\/uploads\\\/2021\\\/09\\\/16.36742.png\",\"contentUrl\":\"https:\\\/\\\/bilasmidurinn.is\\\/wp-content\\\/uploads\\\/2021\\\/09\\\/16.36742.png\",\"width\":760,\"height\":365},{\"@type\":\"BreadcrumbList\",\"@id\":\"https:\\\/\\\/bilasmidurinn.is\\\/vefverslun\\\/gummilistar\\\/listar-ur-gummi\\\/studgummi-20x40mm-med-limi\\\/#breadcrumb\",\"itemListElement\":[{\"@type\":\"ListItem\",\"position\":1,\"name\":\"Home\",\"item\":\"https:\\\/\\\/bilasmidurinn.is\\\/\"},{\"@type\":\"ListItem\",\"position\":2,\"name\":\"V\u00f6rur \u00ed verslun\",\"item\":\"https:\\\/\\\/bilasmidurinn.is\\\/vefverslun\\\/\"},{\"@type\":\"ListItem\",\"position\":3,\"name\":\"Stu\u00f0g\u00famm\u00ed 20x40mm me\u00f0 l\u00edmi\"}]},{\"@type\":\"WebSite\",\"@id\":\"https:\\\/\\\/bilasmidurinn.is\\\/#website\",\"url\":\"https:\\\/\\\/bilasmidurinn.is\\\/\",\"name\":\"B&iacute;lasmi&eth;urinn\",\"description\":\"All sem &thorn;&uacute; &thorn;arft &iacute; t&aelig;ki&eth;\",\"potentialAction\":[{\"@type\":\"SearchAction\",\"target\":{\"@type\":\"EntryPoint\",\"urlTemplate\":\"https:\\\/\\\/bilasmidurinn.is\\\/?s={search_term_string}\"},\"query-input\":{\"@type\":\"PropertyValueSpecification\",\"valueRequired\":true,\"valueName\":\"search_term_string\"}}],\"inLanguage\":\"pl-PL\"}]}<\/script>\n<!-- \/ Yoast SEO plugin. -->","yoast_head_json":{"title":"Stu\u00f0g\u00famm\u00ed 20x40mm me\u00f0 l\u00edmi - B&iacute;lasmi&eth;urinn","robots":{"index":"index","follow":"follow","max-snippet":"max-snippet:-1","max-image-preview":"max-image-preview:large","max-video-preview":"max-video-preview:-1"},"canonical":"https:\/\/bilasmidurinn.is\/pl\/vefverslun\/gummilistar\/listar-ur-gummi\/studgummi-20x40mm-med-limi\/","og_locale":"pl_PL","og_type":"article","og_title":"Stu\u00f0g\u00famm\u00ed 20x40mm me\u00f0 l\u00edmi - B&iacute;lasmi&eth;urinn","og_description":"Stu\u00f0gumm\u00ed 20x40mm","og_url":"https:\/\/bilasmidurinn.is\/pl\/vefverslun\/gummilistar\/listar-ur-gummi\/studgummi-20x40mm-med-limi\/","og_site_name":"B&iacute;lasmi&eth;urinn","article_modified_time":"2023-07-03T11:25:40+00:00","og_image":[{"width":760,"height":365,"url":"https:\/\/bilasmidurinn.is\/wp-content\/uploads\/2021\/09\/16.36742.png","type":"image\/png"}],"twitter_card":"summary_large_image","schema":{"@context":"https:\/\/schema.org","@graph":[{"@type":"WebPage","@id":"https:\/\/bilasmidurinn.is\/vefverslun\/gummilistar\/listar-ur-gummi\/studgummi-20x40mm-med-limi\/","url":"https:\/\/bilasmidurinn.is\/vefverslun\/gummilistar\/listar-ur-gummi\/studgummi-20x40mm-med-limi\/","name":"Stu\u00f0g\u00famm\u00ed 20x40mm me\u00f0 l\u00edmi - B&iacute;lasmi&eth;urinn","isPartOf":{"@id":"https:\/\/bilasmidurinn.is\/#website"},"primaryImageOfPage":{"@id":"https:\/\/bilasmidurinn.is\/vefverslun\/gummilistar\/listar-ur-gummi\/studgummi-20x40mm-med-limi\/#primaryimage"},"image":{"@id":"https:\/\/bilasmidurinn.is\/vefverslun\/gummilistar\/listar-ur-gummi\/studgummi-20x40mm-med-limi\/#primaryimage"},"thumbnailUrl":"https:\/\/bilasmidurinn.is\/wp-content\/uploads\/2021\/09\/16.36742.png","datePublished":"2021-09-09T20:25:27+00:00","dateModified":"2023-07-03T11:25:40+00:00","breadcrumb":{"@id":"https:\/\/bilasmidurinn.is\/vefverslun\/gummilistar\/listar-ur-gummi\/studgummi-20x40mm-med-limi\/#breadcrumb"},"inLanguage":"pl-PL","potentialAction":[{"@type":"ReadAction","target":["https:\/\/bilasmidurinn.is\/vefverslun\/gummilistar\/listar-ur-gummi\/studgummi-20x40mm-med-limi\/"]}]},{"@type":"ImageObject","inLanguage":"pl-PL","@id":"https:\/\/bilasmidurinn.is\/vefverslun\/gummilistar\/listar-ur-gummi\/studgummi-20x40mm-med-limi\/#primaryimage","url":"https:\/\/bilasmidurinn.is\/wp-content\/uploads\/2021\/09\/16.36742.png","contentUrl":"https:\/\/bilasmidurinn.is\/wp-content\/uploads\/2021\/09\/16.36742.png","width":760,"height":365},{"@type":"BreadcrumbList","@id":"https:\/\/bilasmidurinn.is\/vefverslun\/gummilistar\/listar-ur-gummi\/studgummi-20x40mm-med-limi\/#breadcrumb","itemListElement":[{"@type":"ListItem","position":1,"name":"Home","item":"https:\/\/bilasmidurinn.is\/"},{"@type":"ListItem","position":2,"name":"V\u00f6rur \u00ed verslun","item":"https:\/\/bilasmidurinn.is\/vefverslun\/"},{"@type":"ListItem","position":3,"name":"Stu\u00f0g\u00famm\u00ed 20x40mm me\u00f0 l\u00edmi"}]},{"@type":"WebSite","@id":"https:\/\/bilasmidurinn.is\/#website","url":"https:\/\/bilasmidurinn.is\/","name":"B&iacute;lasmi&eth;urinn","description":"All sem &thorn;&uacute; &thorn;arft &iacute; t&aelig;ki&eth;","potentialAction":[{"@type":"SearchAction","target":{"@type":"EntryPoint","urlTemplate":"https:\/\/bilasmidurinn.is\/?s={search_term_string}"},"query-input":{"@type":"PropertyValueSpecification","valueRequired":true,"valueName":"search_term_string"}}],"inLanguage":"pl-PL"}]}},"_links":{"self":[{"href":"https:\/\/bilasmidurinn.is\/pl\/wp-json\/wp\/v2\/product\/13130","targetHints":{"allow":["GET"]}}],"collection":[{"href":"https:\/\/bilasmidurinn.is\/pl\/wp-json\/wp\/v2\/product"}],"about":[{"href":"https:\/\/bilasmidurinn.is\/pl\/wp-json\/wp\/v2\/types\/product"}],"wp:featuredmedia":[{"embeddable":true,"href":"https:\/\/bilasmidurinn.is\/pl\/wp-json\/wp\/v2\/media\/13131"}],"wp:attachment":[{"href":"https:\/\/bilasmidurinn.is\/pl\/wp-json\/wp\/v2\/media?parent=13130"}],"wp:term":[{"taxonomy":"product_brand","embeddable":true,"href":"https:\/\/bilasmidurinn.is\/pl\/wp-json\/wp\/v2\/product_brand?post=13130"},{"taxonomy":"product_cat","embeddable":true,"href":"https:\/\/bilasmidurinn.is\/pl\/wp-json\/wp\/v2\/product_cat?post=13130"},{"taxonomy":"product_tag","embeddable":true,"href":"https:\/\/bilasmidurinn.is\/pl\/wp-json\/wp\/v2\/product_tag?post=13130"}],"curies":[{"name":"wp","href":"https:\/\/api.w.org\/{rel}","templated":true}]}}